{"id":2,"date":"2021-06-03T02:14:31","date_gmt":"2021-06-03T02:14:31","guid":{"rendered":"https:\/\/new-biolife.kutethemes.net\/?page_id=2"},"modified":"2021-09-24T03:11:40","modified_gmt":"2021-09-24T03:11:40","slug":"sample-page","status":"publish","type":"page","link":"https:\/\/ecovalle.pe\/en\/sample-page\/","title":{"rendered":"Sample Page"},"content":{"rendered":"<div data-elementor-type=\"wp-page\" data-elementor-id=\"2\" class=\"elementor elementor-2\">\n\t\t\t\t\t\t<div class=\"elementor-inner\">\n\t\t\t\t<div class=\"elementor-section-wrap\">\n\t\t\t\t\t\t\t\t\t<section class=\"elementor-section elementor-top-section elementor-element elementor-element-617adc35 elementor-section-boxed elementor-section-height-default elementor-section-height-default none\" data-id=\"617adc35\" data-element_type=\"section\">\n\t\t\t\t\t\t<div class=\"elementor-container elementor-column-gap-default\">\n\t\t\t\t\t\t\t<div class=\"elementor-row\">\n\t\t\t\t\t<div class=\"elementor-column elementor-col-100 elementor-top-column elementor-element elementor-element-64b06435 none\" data-id=\"64b06435\" data-element_type=\"column\">\n\t\t\t<div class=\"elementor-column-wrap elementor-element-populated\">\n\t\t\t\t\t\t\t<div class=\"elementor-widget-wrap\">\n\t\t\t\t\t\t<div class=\"elementor-element elementor-element-c55823e none elementor-widget elementor-widget-text-editor\" data-id=\"c55823e\" data-element_type=\"widget\" data-widget_type=\"text-editor.default\">\n\t\t\t\t<div class=\"elementor-widget-container\">\n\t\t\t\t\t\t\t\t<div class=\"elementor-text-editor elementor-clearfix\">\n\t\t\t\t<!-- wp:paragraph -->\r\n<p>This is an example page. It&#8217;s different from a blog post because it will stay in one place and will show up in your site navigation (in most themes). Most people start with an About page that introduces them to potential site visitors. It might say something like this:<\/p>\r\n<!-- \/wp:paragraph -->\r\n\r\n<!-- wp:quote -->\r\n<blockquote class=\"wp-block-quote\">\r\n<p>Hi there! I&#8217;m a bike messenger by day, aspiring actor by night, and this is my website. I live in Los Angeles, have a great dog named Jack, and I like pi\u00f1a coladas. (And gettin&#8217; caught in the rain.)<\/p>\r\n<\/blockquote>\r\n<!-- \/wp:quote -->\r\n\r\n<!-- wp:paragraph -->\r\n<p>&#8230;or something like this:<\/p>\r\n<!-- \/wp:paragraph -->\r\n\r\n<!-- wp:quote -->\r\n<blockquote class=\"wp-block-quote\">\r\n<p>The XYZ Doohickey Company was founded in 1971, and has been providing quality doohickeys to the public ever since. Located in Gotham City, XYZ employs over 2,000 people and does all kinds of awesome things for the Gotham community.<\/p>\r\n<\/blockquote>\r\n<!-- \/wp:quote -->\r\n\r\n<!-- wp:paragraph -->\r\n<p>As a new WordPress user, you should go to <a href=\"https:\/\/new-biolife.kutethemes.net\/wp-admin\/\">your dashboard<\/a> to delete this page and create new pages for your content. Have fun!<\/p>\r\n<!-- \/wp:paragraph -->\t\t\t\t\t<\/div>\n\t\t\t\t\t\t<\/div>\n\t\t\t\t<\/div>\n\t\t\t\t<div class=\"elementor-element elementor-element-c325888 none elementor-widget elementor-widget-heading\" data-id=\"c325888\" data-element_type=\"widget\" data-widget_type=\"heading.default\">\n\t\t\t\t<div class=\"elementor-widget-container\">\n\t\t\t<h2 class=\"elementor-heading-title elementor-size-default\">Add Your Heading Text Here<\/h2>\t\t<\/div>\n\t\t\t\t<\/div>\n\t\t\t\t\t\t<\/div>\n\t\t\t\t\t<\/div>\n\t\t<\/div>\n\t\t\t\t\t\t\t\t<\/div>\n\t\t\t\t\t<\/div>\n\t\t<\/section>\n\t\t\t\t\t\t\t\t\t<\/div>\n\t\t\t<\/div>\n\t\t\t\t\t<\/div>","protected":false},"excerpt":{"rendered":"<p>This is an example page. It&#8217;s different from a blog post because it will stay in one place and will show up in your site navigation (in most themes). Most people start with an About page that introduces them to potential site visitors. It might say something like this: Hi there! I&#8217;m a bike messenger [&hellip;]<\/p>","protected":false},"author":1,"featured_media":0,"parent":0,"menu_order":0,"comment_status":"closed","ping_status":"open","template":"","meta":{"inline_featured_image":false,"_joinchat":[],"footnotes":""},"class_list":["post-2","page","type-page","status-publish","hentry"],"yoast_head":"<!-- This site is optimized with the Yoast SEO plugin v23.9 - https:\/\/yoast.com\/wordpress\/plugins\/seo\/ -->\n<title>Sample Page - EcoValle<\/title>\n<meta name=\"robots\" content=\"index, follow, max-snippet:-1, max-image-preview:large, max-video-preview:-1\" \/>\n<link rel=\"canonical\" href=\"https:\/\/ecovalle.pe\/en\/sample-page\/\" \/>\n<meta property=\"og:locale\" content=\"en_US\" \/>\n<meta property=\"og:type\" content=\"article\" \/>\n<meta property=\"og:title\" content=\"Sample Page - EcoValle\" \/>\n<meta property=\"og:description\" content=\"This is an example page. It&#8217;s different from a blog post because it will stay in one place and will show up in your site navigation (in most themes). Most people start with an About page that introduces them to potential site visitors. It might say something like this: Hi there! I&#8217;m a bike messenger [&hellip;]\" \/>\n<meta property=\"og:url\" content=\"https:\/\/ecovalle.pe\/en\/sample-page\/\" \/>\n<meta property=\"og:site_name\" content=\"EcoValle\" \/>\n<meta property=\"article:modified_time\" content=\"2021-09-24T03:11:40+00:00\" \/>\n<meta name=\"twitter:card\" content=\"summary_large_image\" \/>\n<meta name=\"twitter:label1\" content=\"Est. reading time\" \/>\n\t<meta name=\"twitter:data1\" content=\"1 minute\" \/>\n<script type=\"application\/ld+json\" class=\"yoast-schema-graph\">{\"@context\":\"https:\/\/schema.org\",\"@graph\":[{\"@type\":\"WebPage\",\"@id\":\"https:\/\/ecovalle.pe\/sample-page\/\",\"url\":\"https:\/\/ecovalle.pe\/sample-page\/\",\"name\":\"Sample Page - EcoValle\",\"isPartOf\":{\"@id\":\"https:\/\/ecovalle.pe\/#website\"},\"datePublished\":\"2021-06-03T02:14:31+00:00\",\"dateModified\":\"2021-09-24T03:11:40+00:00\",\"breadcrumb\":{\"@id\":\"https:\/\/ecovalle.pe\/sample-page\/#breadcrumb\"},\"inLanguage\":\"en-US\",\"potentialAction\":[{\"@type\":\"ReadAction\",\"target\":[\"https:\/\/ecovalle.pe\/sample-page\/\"]}]},{\"@type\":\"BreadcrumbList\",\"@id\":\"https:\/\/ecovalle.pe\/sample-page\/#breadcrumb\",\"itemListElement\":[{\"@type\":\"ListItem\",\"position\":1,\"name\":\"Portada\",\"item\":\"https:\/\/ecovalle.pe\/\"},{\"@type\":\"ListItem\",\"position\":2,\"name\":\"Sample Page\"}]},{\"@type\":\"WebSite\",\"@id\":\"https:\/\/ecovalle.pe\/#website\",\"url\":\"https:\/\/ecovalle.pe\/\",\"name\":\"EcoValle\",\"description\":\"Somos una 1 empresa agroindustrial con m\u00e1s de 10 a\u00f1os de experiencia en el rubro de alimentos funcionales. Todos nuestros productos pasan por un estricto proceso de producci\u00f3n y control de calidad, utilizando los m\u00e1s altos est\u00e1ndares de calidad con certificaci\u00f3n internacional.\",\"potentialAction\":[{\"@type\":\"SearchAction\",\"target\":{\"@type\":\"EntryPoint\",\"urlTemplate\":\"https:\/\/ecovalle.pe\/?s={search_term_string}\"},\"query-input\":{\"@type\":\"PropertyValueSpecification\",\"valueRequired\":true,\"valueName\":\"search_term_string\"}}],\"inLanguage\":\"en-US\"}]}<\/script>\n<!-- \/ Yoast SEO plugin. -->","yoast_head_json":{"title":"Sample Page - EcoValle","robots":{"index":"index","follow":"follow","max-snippet":"max-snippet:-1","max-image-preview":"max-image-preview:large","max-video-preview":"max-video-preview:-1"},"canonical":"https:\/\/ecovalle.pe\/en\/sample-page\/","og_locale":"en_US","og_type":"article","og_title":"Sample Page - EcoValle","og_description":"This is an example page. It&#8217;s different from a blog post because it will stay in one place and will show up in your site navigation (in most themes). Most people start with an About page that introduces them to potential site visitors. It might say something like this: Hi there! I&#8217;m a bike messenger [&hellip;]","og_url":"https:\/\/ecovalle.pe\/en\/sample-page\/","og_site_name":"EcoValle","article_modified_time":"2021-09-24T03:11:40+00:00","twitter_card":"summary_large_image","twitter_misc":{"Est. reading time":"1 minute"},"schema":{"@context":"https:\/\/schema.org","@graph":[{"@type":"WebPage","@id":"https:\/\/ecovalle.pe\/sample-page\/","url":"https:\/\/ecovalle.pe\/sample-page\/","name":"Sample Page - EcoValle","isPartOf":{"@id":"https:\/\/ecovalle.pe\/#website"},"datePublished":"2021-06-03T02:14:31+00:00","dateModified":"2021-09-24T03:11:40+00:00","breadcrumb":{"@id":"https:\/\/ecovalle.pe\/sample-page\/#breadcrumb"},"inLanguage":"en-US","potentialAction":[{"@type":"ReadAction","target":["https:\/\/ecovalle.pe\/sample-page\/"]}]},{"@type":"BreadcrumbList","@id":"https:\/\/ecovalle.pe\/sample-page\/#breadcrumb","itemListElement":[{"@type":"ListItem","position":1,"name":"Portada","item":"https:\/\/ecovalle.pe\/"},{"@type":"ListItem","position":2,"name":"Sample Page"}]},{"@type":"WebSite","@id":"https:\/\/ecovalle.pe\/#website","url":"https:\/\/ecovalle.pe\/","name":"EcoValle","description":"Somos una 1 empresa agroindustrial con m\u00e1s de 10 a\u00f1os de experiencia en el rubro de alimentos funcionales. Todos nuestros productos pasan por un estricto proceso de producci\u00f3n y control de calidad, utilizando los m\u00e1s altos est\u00e1ndares de calidad con certificaci\u00f3n internacional.","potentialAction":[{"@type":"SearchAction","target":{"@type":"EntryPoint","urlTemplate":"https:\/\/ecovalle.pe\/?s={search_term_string}"},"query-input":{"@type":"PropertyValueSpecification","valueRequired":true,"valueName":"search_term_string"}}],"inLanguage":"en-US"}]}},"_links":{"self":[{"href":"https:\/\/ecovalle.pe\/en\/wp-json\/wp\/v2\/pages\/2","targetHints":{"allow":["GET"]}}],"collection":[{"href":"https:\/\/ecovalle.pe\/en\/wp-json\/wp\/v2\/pages"}],"about":[{"href":"https:\/\/ecovalle.pe\/en\/wp-json\/wp\/v2\/types\/page"}],"author":[{"embeddable":true,"href":"https:\/\/ecovalle.pe\/en\/wp-json\/wp\/v2\/users\/1"}],"replies":[{"embeddable":true,"href":"https:\/\/ecovalle.pe\/en\/wp-json\/wp\/v2\/comments?post=2"}],"version-history":[{"count":6,"href":"https:\/\/ecovalle.pe\/en\/wp-json\/wp\/v2\/pages\/2\/revisions"}],"predecessor-version":[{"id":4908,"href":"https:\/\/ecovalle.pe\/en\/wp-json\/wp\/v2\/pages\/2\/revisions\/4908"}],"wp:attachment":[{"href":"https:\/\/ecovalle.pe\/en\/wp-json\/wp\/v2\/media?parent=2"}],"curies":[{"name":"wp","href":"https:\/\/api.w.org\/{rel}","templated":true}]}}