{"id":8020,"date":"2022-08-12T17:52:15","date_gmt":"2022-08-12T22:52:15","guid":{"rendered":"https:\/\/ecovalle.pe\/?page_id=8020"},"modified":"2025-02-28T08:09:11","modified_gmt":"2025-02-28T13:09:11","slug":"puntosdeventa","status":"publish","type":"page","link":"https:\/\/ecovalle.pe\/en\/puntosdeventa\/","title":{"rendered":"Puntos de Venta"},"content":{"rendered":"<div data-elementor-type=\"wp-page\" data-elementor-id=\"8020\" class=\"elementor elementor-8020\">\n\t\t\t\t\t\t<div class=\"elementor-inner\">\n\t\t\t\t<div class=\"elementor-section-wrap\">\n\t\t\t\t\t\t\t\t\t<section class=\"elementor-section elementor-top-section elementor-element elementor-element-3e10a470 elementor-section-stretched elementor-section-content-middle elementor-section-boxed elementor-section-height-default elementor-section-height-default none\" data-id=\"3e10a470\" data-element_type=\"section\" data-settings=\"{&quot;stretch_section&quot;:&quot;section-stretched&quot;,&quot;background_background&quot;:&quot;classic&quot;}\">\n\t\t\t\t\t\t\t<div class=\"elementor-background-overlay\"><\/div>\n\t\t\t\t\t\t\t<div class=\"elementor-container elementor-column-gap-no\">\n\t\t\t\t\t\t\t<div class=\"elementor-row\">\n\t\t\t\t\t<div class=\"elementor-column elementor-col-50 elementor-top-column elementor-element elementor-element-216097b none\" data-id=\"216097b\" data-element_type=\"column\">\n\t\t\t<div class=\"elementor-column-wrap elementor-element-populated\">\n\t\t\t\t\t\t\t<div class=\"elementor-widget-wrap\">\n\t\t\t\t\t\t<div class=\"elementor-element elementor-element-25a7949d rtl-bg elementor-widget__width-auto none elementor-widget elementor-widget-image\" data-id=\"25a7949d\" data-element_type=\"widget\" data-widget_type=\"image.default\">\n\t\t\t\t<div class=\"elementor-widget-container\">\n\t\t\t\t\t\t\t\t<div class=\"elementor-image\">\n\t\t\t\t\t\t\t\t\t\t\t\t<img fetchpriority=\"high\" decoding=\"async\" width=\"1412\" height=\"1149\" src=\"https:\/\/ecovalle.pe\/wp-content\/uploads\/2022\/08\/SOCIO_Mapa.png\" class=\"elementor-animation-bob attachment-full size-full wp-image-8608 wp-post-image\" alt=\"\" srcset=\"https:\/\/ecovalle.pe\/wp-content\/uploads\/2022\/08\/SOCIO_Mapa.png 1412w, https:\/\/ecovalle.pe\/wp-content\/uploads\/2022\/08\/SOCIO_Mapa-300x244.png 300w, https:\/\/ecovalle.pe\/wp-content\/uploads\/2022\/08\/SOCIO_Mapa-1024x833.png 1024w, https:\/\/ecovalle.pe\/wp-content\/uploads\/2022\/08\/SOCIO_Mapa-768x625.png 768w, https:\/\/ecovalle.pe\/wp-content\/uploads\/2022\/08\/SOCIO_Mapa-15x12.png 15w, https:\/\/ecovalle.pe\/wp-content\/uploads\/2022\/08\/SOCIO_Mapa-189x154.png 189w, https:\/\/ecovalle.pe\/wp-content\/uploads\/2022\/08\/SOCIO_Mapa-600x488.png 600w, https:\/\/ecovalle.pe\/wp-content\/uploads\/2022\/08\/SOCIO_Mapa-76x62.png 76w, https:\/\/ecovalle.pe\/wp-content\/uploads\/2022\/08\/SOCIO_Mapa-64x52.png 64w\" sizes=\"(max-width: 1412px) 100vw, 1412px\" \/>\t\t\t\t\t\t\t\t\t\t\t\t\t\t<\/div>\n\t\t\t\t\t\t<\/div>\n\t\t\t\t<\/div>\n\t\t\t\t\t\t<\/div>\n\t\t\t\t\t<\/div>\n\t\t<\/div>\n\t\t\t\t<div class=\"elementor-column elementor-col-50 elementor-top-column elementor-element elementor-element-21a060b1 none\" data-id=\"21a060b1\" data-element_type=\"column\">\n\t\t\t<div class=\"elementor-column-wrap elementor-element-populated\">\n\t\t\t\t\t\t\t<div class=\"elementor-widget-wrap\">\n\t\t\t\t\t\t<div class=\"elementor-element elementor-element-67d3dd8d elementor-widget__width-initial elementor-widget-tablet__width-initial none elementor-widget elementor-widget-spacer\" data-id=\"67d3dd8d\" data-element_type=\"widget\" data-widget_type=\"spacer.default\">\n\t\t\t\t<div class=\"elementor-widget-container\">\n\t\t\t\t\t<div class=\"elementor-spacer\">\n\t\t\t<div class=\"elementor-spacer-inner\"><\/div>\n\t\t<\/div>\n\t\t\t\t<\/div>\n\t\t\t\t<\/div>\n\t\t\t\t<section class=\"elementor-section elementor-inner-section elementor-element elementor-element-734cab4 elementor-section-boxed elementor-section-height-default elementor-section-height-default none elementor-has-width\" data-id=\"734cab4\" data-element_type=\"section\">\n\t\t\t\t\t\t<div class=\"elementor-container elementor-column-gap-default\">\n\t\t\t\t\t\t\t<div class=\"elementor-row\">\n\t\t\t\t\t<div class=\"elementor-column elementor-col-50 elementor-inner-column elementor-element elementor-element-e1b80c6 none\" data-id=\"e1b80c6\" data-element_type=\"column\">\n\t\t\t<div class=\"elementor-column-wrap elementor-element-populated\">\n\t\t\t\t\t\t\t<div class=\"elementor-widget-wrap\">\n\t\t\t\t\t\t<div class=\"elementor-element elementor-element-8a80b0f none elementor-widget elementor-widget-text-editor\" data-id=\"8a80b0f\" data-element_type=\"widget\" data-widget_type=\"text-editor.default\">\n\t\t\t\t<div class=\"elementor-widget-container\">\n\t\t\t\t\t\t\t\t<div class=\"elementor-text-editor elementor-clearfix\">\n\t\t\t\t<ul><li>LIMA<\/li><li>TRUJILLO<\/li><li>PIURA<\/li><li>CHICLAYO<\/li><li>CHIMBOTE<\/li><li>CAJAMARCA<\/li><\/ul>\t\t\t\t\t<\/div>\n\t\t\t\t\t\t<\/div>\n\t\t\t\t<\/div>\n\t\t\t\t\t\t<\/div>\n\t\t\t\t\t<\/div>\n\t\t<\/div>\n\t\t\t\t<div class=\"elementor-column elementor-col-50 elementor-inner-column elementor-element elementor-element-fb1d9db none\" data-id=\"fb1d9db\" data-element_type=\"column\">\n\t\t\t<div class=\"elementor-column-wrap elementor-element-populated\">\n\t\t\t\t\t\t\t<div class=\"elementor-widget-wrap\">\n\t\t\t\t\t\t<div class=\"elementor-element elementor-element-5da366a none elementor-widget elementor-widget-text-editor\" data-id=\"5da366a\" data-element_type=\"widget\" data-widget_type=\"text-editor.default\">\n\t\t\t\t<div class=\"elementor-widget-container\">\n\t\t\t\t\t\t\t\t<div class=\"elementor-text-editor elementor-clearfix\">\n\t\t\t\t<ul><li>ICA<\/li><li>JA\u00c9N<\/li><li>AREQUIPA<\/li><li>ANCASH<\/li><li>TARAPOTO<\/li><li>MUCHOS M\u00c1S<\/li><\/ul>\t\t\t\t\t<\/div>\n\t\t\t\t\t\t<\/div>\n\t\t\t\t<\/div>\n\t\t\t\t\t\t<\/div>\n\t\t\t\t\t<\/div>\n\t\t<\/div>\n\t\t\t\t\t\t\t\t<\/div>\n\t\t\t\t\t<\/div>\n\t\t<\/section>\n\t\t\t\t<div class=\"elementor-element elementor-element-6f0fa932 main-special-font none elementor-widget elementor-widget-button\" data-id=\"6f0fa932\" data-element_type=\"widget\" data-widget_type=\"button.default\">\n\t\t\t\t<div class=\"elementor-widget-container\">\n\t\t\t\t\t<div class=\"elementor-button-wrapper\">\n\t\t\t<a class=\"elementor-button elementor-button-link elementor-size-sm\" href=\"https:\/\/wa.link\/o9a0qt\" target=\"_blank\">\n\t\t\t\t\t\t<span class=\"elementor-button-content-wrapper\">\n\t\t\t\t\t\t<span class=\"elementor-button-text\">M\u00c1S INFORMACI\u00d3N<\/span>\n\t\t<\/span>\n\t\t\t\t\t<\/a>\n\t\t<\/div>\n\t\t\t\t<\/div>\n\t\t\t\t<\/div>\n\t\t\t\t\t\t<\/div>\n\t\t\t\t\t<\/div>\n\t\t<\/div>\n\t\t\t\t\t\t\t\t<\/div>\n\t\t\t\t\t<\/div>\n\t\t<\/section>\n\t\t\t\t<section class=\"elementor-section elementor-top-section elementor-element elementor-element-4eb6487 elementor-section-boxed elementor-section-height-default elementor-section-height-default none\" data-id=\"4eb6487\" data-element_type=\"section\">\n\t\t\t\t\t\t<div class=\"elementor-container elementor-column-gap-default\">\n\t\t\t\t\t\t\t<div class=\"elementor-row\">\n\t\t\t\t\t<div class=\"elementor-column elementor-col-100 elementor-top-column elementor-element elementor-element-68879a6 none\" data-id=\"68879a6\" data-element_type=\"column\">\n\t\t\t<div class=\"elementor-column-wrap\">\n\t\t\t\t\t\t\t<div class=\"elementor-widget-wrap\">\n\t\t\t\t\t\t\t\t<\/div>\n\t\t\t\t\t<\/div>\n\t\t<\/div>\n\t\t\t\t\t\t\t\t<\/div>\n\t\t\t\t\t<\/div>\n\t\t<\/section>\n\t\t\t\t<section class=\"elementor-section elementor-top-section elementor-element elementor-element-6c89b35c elementor-section-content-middle elementor-section-stretched rtl-bg elementor-section-boxed elementor-section-height-default elementor-section-height-default none\" data-id=\"6c89b35c\" data-element_type=\"section\" data-settings=\"{&quot;stretch_section&quot;:&quot;section-stretched&quot;,&quot;background_background&quot;:&quot;classic&quot;}\">\n\t\t\t\t\t\t<div class=\"elementor-container elementor-column-gap-extended\">\n\t\t\t\t\t\t\t<div class=\"elementor-row\">\n\t\t\t\t\t<div class=\"elementor-column elementor-col-50 elementor-top-column elementor-element elementor-element-1c578563 rtl-bg none\" data-id=\"1c578563\" data-element_type=\"column\" data-settings=\"{&quot;background_background&quot;:&quot;classic&quot;}\">\n\t\t\t<div class=\"elementor-column-wrap elementor-element-populated\">\n\t\t\t\t\t\t\t<div class=\"elementor-widget-wrap\">\n\t\t\t\t\t\t<div class=\"elementor-element elementor-element-66341a9f main-special-font elementor-widget-tablet__width-initial none elementor-widget elementor-widget-heading\" data-id=\"66341a9f\" data-element_type=\"widget\" data-widget_type=\"heading.default\">\n\t\t\t\t<div class=\"elementor-widget-container\">\n\t\t\t<h2 class=\"elementor-heading-title elementor-size-default\"><b>Encuentra tus productos favoritos en nuestros puntos de venta a nivel nacional, cont\u00e1ctanos al whatsapp para ayudarte.<\/b><\/h2>\t\t<\/div>\n\t\t\t\t<\/div>\n\t\t\t\t\t\t<\/div>\n\t\t\t\t\t<\/div>\n\t\t<\/div>\n\t\t\t\t<div class=\"elementor-column elementor-col-50 elementor-top-column elementor-element elementor-element-42ccc849 none\" data-id=\"42ccc849\" data-element_type=\"column\">\n\t\t\t<div class=\"elementor-column-wrap elementor-element-populated\">\n\t\t\t\t\t\t\t<div class=\"elementor-widget-wrap\">\n\t\t\t\t\t\t<div class=\"elementor-element elementor-element-21fb1bba main-special-font none elementor-widget elementor-widget-heading\" data-id=\"21fb1bba\" data-element_type=\"widget\" data-widget_type=\"heading.default\">\n\t\t\t\t<div class=\"elementor-widget-container\">\n\t\t\t<h2 class=\"elementor-heading-title elementor-size-default\"><b>Llegamos a nivel nacional a trav\u00e9s de nuestros socios<\/b><\/h2>\t\t<\/div>\n\t\t\t\t<\/div>\n\t\t\t\t<section class=\"elementor-section elementor-inner-section elementor-element elementor-element-880df7d elementor-section-boxed elementor-section-height-default elementor-section-height-default none elementor-has-width\" data-id=\"880df7d\" data-element_type=\"section\">\n\t\t\t\t\t\t<div class=\"elementor-container elementor-column-gap-default\">\n\t\t\t\t\t\t\t<div class=\"elementor-row\">\n\t\t\t\t\t<div class=\"elementor-column elementor-col-33 elementor-inner-column elementor-element elementor-element-281925c none\" data-id=\"281925c\" data-element_type=\"column\">\n\t\t\t<div class=\"elementor-column-wrap elementor-element-populated\">\n\t\t\t\t\t\t\t<div class=\"elementor-widget-wrap\">\n\t\t\t\t\t\t<div class=\"elementor-element elementor-element-d31a144 none elementor-widget elementor-widget-text-editor\" data-id=\"d31a144\" data-element_type=\"widget\" data-widget_type=\"text-editor.default\">\n\t\t\t\t<div class=\"elementor-widget-container\">\n\t\t\t\t\t\t\t\t<div class=\"elementor-text-editor elementor-clearfix\">\n\t\t\t\t<ul><li>Markets Saludables<\/li><li>Casas Naturistas<\/li><li>Tiendas Org\u00e1nicas<\/li><li>Boticas y Farmacias<\/li><\/ul>\t\t\t\t\t<\/div>\n\t\t\t\t\t\t<\/div>\n\t\t\t\t<\/div>\n\t\t\t\t\t\t<\/div>\n\t\t\t\t\t<\/div>\n\t\t<\/div>\n\t\t\t\t<div class=\"elementor-column elementor-col-33 elementor-inner-column elementor-element elementor-element-b980de9 none\" data-id=\"b980de9\" data-element_type=\"column\">\n\t\t\t<div class=\"elementor-column-wrap elementor-element-populated\">\n\t\t\t\t\t\t\t<div class=\"elementor-widget-wrap\">\n\t\t\t\t\t\t<div class=\"elementor-element elementor-element-5ccc154 none elementor-widget elementor-widget-text-editor\" data-id=\"5ccc154\" data-element_type=\"widget\" data-widget_type=\"text-editor.default\">\n\t\t\t\t<div class=\"elementor-widget-container\">\n\t\t\t\t\t\t\t\t<div class=\"elementor-text-editor elementor-clearfix\">\n\t\t\t\t<p style=\"text-align: center;\"><strong><span style=\"font-size: 18pt;\">+1000<\/span><br \/><\/strong><span style=\"font-size: 18pt;\"><b>Socios<\/b><\/span><\/p>\t\t\t\t\t<\/div>\n\t\t\t\t\t\t<\/div>\n\t\t\t\t<\/div>\n\t\t\t\t\t\t<\/div>\n\t\t\t\t\t<\/div>\n\t\t<\/div>\n\t\t\t\t<div class=\"elementor-column elementor-col-33 elementor-inner-column elementor-element elementor-element-ac4364d none\" data-id=\"ac4364d\" data-element_type=\"column\">\n\t\t\t<div class=\"elementor-column-wrap elementor-element-populated\">\n\t\t\t\t\t\t\t<div class=\"elementor-widget-wrap\">\n\t\t\t\t\t\t<div class=\"elementor-element elementor-element-5621762 none elementor-widget elementor-widget-text-editor\" data-id=\"5621762\" data-element_type=\"widget\" data-widget_type=\"text-editor.default\">\n\t\t\t\t<div class=\"elementor-widget-container\">\n\t\t\t\t\t\t\t\t<div class=\"elementor-text-editor elementor-clearfix\">\n\t\t\t\t<p style=\"text-align: center;\"><span style=\"font-size: 18pt;\"><strong>1<\/strong><\/span><br \/><span style=\"font-size: 18pt;\"><strong>Solo objetivo<\/strong><\/span><br \/>Mejorar tu estilo de vida<\/p>\t\t\t\t\t<\/div>\n\t\t\t\t\t\t<\/div>\n\t\t\t\t<\/div>\n\t\t\t\t\t\t<\/div>\n\t\t\t\t\t<\/div>\n\t\t<\/div>\n\t\t\t\t\t\t\t\t<\/div>\n\t\t\t\t\t<\/div>\n\t\t<\/section>\n\t\t\t\t<div class=\"elementor-element elementor-element-4a2ea234 elementor-widget__width-initial elementor-widget-mobile__width-inherit elementor-hidden-mobile none elementor-widget elementor-widget-spacer\" data-id=\"4a2ea234\" data-element_type=\"widget\" data-widget_type=\"spacer.default\">\n\t\t\t\t<div class=\"elementor-widget-container\">\n\t\t\t\t\t<div class=\"elementor-spacer\">\n\t\t\t<div class=\"elementor-spacer-inner\"><\/div>\n\t\t<\/div>\n\t\t\t\t<\/div>\n\t\t\t\t<\/div>\n\t\t\t\t\t\t<\/div>\n\t\t\t\t\t<\/div>\n\t\t<\/div>\n\t\t\t\t\t\t\t\t<\/div>\n\t\t\t\t\t<\/div>\n\t\t<\/section>\n\t\t\t\t\t\t\t\t\t<\/div>\n\t\t\t<\/div>\n\t\t\t\t\t<\/div>","protected":false},"excerpt":{"rendered":"<p>LIMA TRUJILLO PIURA CHICLAYO CHIMBOTE CAJAMARCA ICA JA\u00c9N AREQUIPA ANCASH TARAPOTO MUCHOS M\u00c1S M\u00c1S INFORMACI\u00d3N Encuentra tus productos favoritos en nuestros puntos de venta a nivel nacional, cont\u00e1ctanos al whatsapp para ayudarte. Llegamos a nivel nacional a trav\u00e9s de nuestros socios Markets Saludables Casas Naturistas Tiendas Org\u00e1nicas Boticas y Farmacias +1000Socios 1Solo objetivoMejorar tu estilo [&hellip;]<\/p>","protected":false},"author":1,"featured_media":0,"parent":0,"menu_order":0,"comment_status":"closed","ping_status":"closed","template":"","meta":{"inline_featured_image":false,"_joinchat":[],"footnotes":""},"class_list":["post-8020","page","type-page","status-publish","hentry"],"yoast_head":"<!-- This site is optimized with the Yoast SEO plugin v23.9 - https:\/\/yoast.com\/wordpress\/plugins\/seo\/ -->\n<title>Puntos de Venta - EcoValle<\/title>\n<meta name=\"robots\" content=\"index, follow, max-snippet:-1, max-image-preview:large, max-video-preview:-1\" \/>\n<link rel=\"canonical\" href=\"https:\/\/ecovalle.pe\/en\/puntosdeventa\/\" \/>\n<meta property=\"og:locale\" content=\"en_US\" \/>\n<meta property=\"og:type\" content=\"article\" \/>\n<meta property=\"og:title\" content=\"Puntos de Venta - EcoValle\" \/>\n<meta property=\"og:description\" content=\"LIMA TRUJILLO PIURA CHICLAYO CHIMBOTE CAJAMARCA ICA JA\u00c9N AREQUIPA ANCASH TARAPOTO MUCHOS M\u00c1S M\u00c1S INFORMACI\u00d3N Encuentra tus productos favoritos en nuestros puntos de venta a nivel nacional, cont\u00e1ctanos al whatsapp para ayudarte. Llegamos a nivel nacional a trav\u00e9s de nuestros socios Markets Saludables Casas Naturistas Tiendas Org\u00e1nicas Boticas y Farmacias +1000Socios 1Solo objetivoMejorar tu estilo [&hellip;]\" \/>\n<meta property=\"og:url\" content=\"https:\/\/ecovalle.pe\/en\/puntosdeventa\/\" \/>\n<meta property=\"og:site_name\" content=\"EcoValle\" \/>\n<meta property=\"article:modified_time\" content=\"2025-02-28T13:09:11+00:00\" \/>\n<meta property=\"og:image\" content=\"https:\/\/ecovalle.pe\/wp-content\/uploads\/2022\/08\/SOCIO_Mapa.png\" \/>\n\t<meta property=\"og:image:width\" content=\"1412\" \/>\n\t<meta property=\"og:image:height\" content=\"1149\" \/>\n\t<meta property=\"og:image:type\" content=\"image\/png\" \/>\n<meta name=\"twitter:card\" content=\"summary_large_image\" \/>\n<meta name=\"twitter:label1\" content=\"Est. reading time\" \/>\n\t<meta name=\"twitter:data1\" content=\"1 minute\" \/>\n<script type=\"application\/ld+json\" class=\"yoast-schema-graph\">{\"@context\":\"https:\/\/schema.org\",\"@graph\":[{\"@type\":\"WebPage\",\"@id\":\"https:\/\/ecovalle.pe\/puntosdeventa\/\",\"url\":\"https:\/\/ecovalle.pe\/puntosdeventa\/\",\"name\":\"Puntos de Venta - EcoValle\",\"isPartOf\":{\"@id\":\"https:\/\/ecovalle.pe\/#website\"},\"primaryImageOfPage\":{\"@id\":\"https:\/\/ecovalle.pe\/puntosdeventa\/#primaryimage\"},\"image\":{\"@id\":\"https:\/\/ecovalle.pe\/puntosdeventa\/#primaryimage\"},\"thumbnailUrl\":\"https:\/\/ecovalle.pe\/wp-content\/uploads\/2022\/08\/SOCIO_Mapa.png\",\"datePublished\":\"2022-08-12T22:52:15+00:00\",\"dateModified\":\"2025-02-28T13:09:11+00:00\",\"breadcrumb\":{\"@id\":\"https:\/\/ecovalle.pe\/puntosdeventa\/#breadcrumb\"},\"inLanguage\":\"en-US\",\"potentialAction\":[{\"@type\":\"ReadAction\",\"target\":[\"https:\/\/ecovalle.pe\/puntosdeventa\/\"]}]},{\"@type\":\"ImageObject\",\"inLanguage\":\"en-US\",\"@id\":\"https:\/\/ecovalle.pe\/puntosdeventa\/#primaryimage\",\"url\":\"https:\/\/ecovalle.pe\/wp-content\/uploads\/2022\/08\/SOCIO_Mapa.png\",\"contentUrl\":\"https:\/\/ecovalle.pe\/wp-content\/uploads\/2022\/08\/SOCIO_Mapa.png\"},{\"@type\":\"BreadcrumbList\",\"@id\":\"https:\/\/ecovalle.pe\/puntosdeventa\/#breadcrumb\",\"itemListElement\":[{\"@type\":\"ListItem\",\"position\":1,\"name\":\"Portada\",\"item\":\"https:\/\/ecovalle.pe\/\"},{\"@type\":\"ListItem\",\"position\":2,\"name\":\"Puntos de Venta\"}]},{\"@type\":\"WebSite\",\"@id\":\"https:\/\/ecovalle.pe\/#website\",\"url\":\"https:\/\/ecovalle.pe\/\",\"name\":\"EcoValle\",\"description\":\"Somos una 1 empresa agroindustrial con m\u00e1s de 10 a\u00f1os de experiencia en el rubro de alimentos funcionales. Todos nuestros productos pasan por un estricto proceso de producci\u00f3n y control de calidad, utilizando los m\u00e1s altos est\u00e1ndares de calidad con certificaci\u00f3n internacional.\",\"potentialAction\":[{\"@type\":\"SearchAction\",\"target\":{\"@type\":\"EntryPoint\",\"urlTemplate\":\"https:\/\/ecovalle.pe\/?s={search_term_string}\"},\"query-input\":{\"@type\":\"PropertyValueSpecification\",\"valueRequired\":true,\"valueName\":\"search_term_string\"}}],\"inLanguage\":\"en-US\"}]}<\/script>\n<!-- \/ Yoast SEO plugin. -->","yoast_head_json":{"title":"Puntos de Venta - EcoValle","robots":{"index":"index","follow":"follow","max-snippet":"max-snippet:-1","max-image-preview":"max-image-preview:large","max-video-preview":"max-video-preview:-1"},"canonical":"https:\/\/ecovalle.pe\/en\/puntosdeventa\/","og_locale":"en_US","og_type":"article","og_title":"Puntos de Venta - EcoValle","og_description":"LIMA TRUJILLO PIURA CHICLAYO CHIMBOTE CAJAMARCA ICA JA\u00c9N AREQUIPA ANCASH TARAPOTO MUCHOS M\u00c1S M\u00c1S INFORMACI\u00d3N Encuentra tus productos favoritos en nuestros puntos de venta a nivel nacional, cont\u00e1ctanos al whatsapp para ayudarte. Llegamos a nivel nacional a trav\u00e9s de nuestros socios Markets Saludables Casas Naturistas Tiendas Org\u00e1nicas Boticas y Farmacias +1000Socios 1Solo objetivoMejorar tu estilo [&hellip;]","og_url":"https:\/\/ecovalle.pe\/en\/puntosdeventa\/","og_site_name":"EcoValle","article_modified_time":"2025-02-28T13:09:11+00:00","og_image":[{"width":1412,"height":1149,"url":"https:\/\/ecovalle.pe\/wp-content\/uploads\/2022\/08\/SOCIO_Mapa.png","type":"image\/png"}],"twitter_card":"summary_large_image","twitter_misc":{"Est. reading time":"1 minute"},"schema":{"@context":"https:\/\/schema.org","@graph":[{"@type":"WebPage","@id":"https:\/\/ecovalle.pe\/puntosdeventa\/","url":"https:\/\/ecovalle.pe\/puntosdeventa\/","name":"Puntos de Venta - EcoValle","isPartOf":{"@id":"https:\/\/ecovalle.pe\/#website"},"primaryImageOfPage":{"@id":"https:\/\/ecovalle.pe\/puntosdeventa\/#primaryimage"},"image":{"@id":"https:\/\/ecovalle.pe\/puntosdeventa\/#primaryimage"},"thumbnailUrl":"https:\/\/ecovalle.pe\/wp-content\/uploads\/2022\/08\/SOCIO_Mapa.png","datePublished":"2022-08-12T22:52:15+00:00","dateModified":"2025-02-28T13:09:11+00:00","breadcrumb":{"@id":"https:\/\/ecovalle.pe\/puntosdeventa\/#breadcrumb"},"inLanguage":"en-US","potentialAction":[{"@type":"ReadAction","target":["https:\/\/ecovalle.pe\/puntosdeventa\/"]}]},{"@type":"ImageObject","inLanguage":"en-US","@id":"https:\/\/ecovalle.pe\/puntosdeventa\/#primaryimage","url":"https:\/\/ecovalle.pe\/wp-content\/uploads\/2022\/08\/SOCIO_Mapa.png","contentUrl":"https:\/\/ecovalle.pe\/wp-content\/uploads\/2022\/08\/SOCIO_Mapa.png"},{"@type":"BreadcrumbList","@id":"https:\/\/ecovalle.pe\/puntosdeventa\/#breadcrumb","itemListElement":[{"@type":"ListItem","position":1,"name":"Portada","item":"https:\/\/ecovalle.pe\/"},{"@type":"ListItem","position":2,"name":"Puntos de Venta"}]},{"@type":"WebSite","@id":"https:\/\/ecovalle.pe\/#website","url":"https:\/\/ecovalle.pe\/","name":"EcoValle","description":"Somos una 1 empresa agroindustrial con m\u00e1s de 10 a\u00f1os de experiencia en el rubro de alimentos funcionales. Todos nuestros productos pasan por un estricto proceso de producci\u00f3n y control de calidad, utilizando los m\u00e1s altos est\u00e1ndares de calidad con certificaci\u00f3n internacional.","potentialAction":[{"@type":"SearchAction","target":{"@type":"EntryPoint","urlTemplate":"https:\/\/ecovalle.pe\/?s={search_term_string}"},"query-input":{"@type":"PropertyValueSpecification","valueRequired":true,"valueName":"search_term_string"}}],"inLanguage":"en-US"}]}},"_links":{"self":[{"href":"https:\/\/ecovalle.pe\/en\/wp-json\/wp\/v2\/pages\/8020","targetHints":{"allow":["GET"]}}],"collection":[{"href":"https:\/\/ecovalle.pe\/en\/wp-json\/wp\/v2\/pages"}],"about":[{"href":"https:\/\/ecovalle.pe\/en\/wp-json\/wp\/v2\/types\/page"}],"author":[{"embeddable":true,"href":"https:\/\/ecovalle.pe\/en\/wp-json\/wp\/v2\/users\/1"}],"replies":[{"embeddable":true,"href":"https:\/\/ecovalle.pe\/en\/wp-json\/wp\/v2\/comments?post=8020"}],"version-history":[{"count":157,"href":"https:\/\/ecovalle.pe\/en\/wp-json\/wp\/v2\/pages\/8020\/revisions"}],"predecessor-version":[{"id":14328,"href":"https:\/\/ecovalle.pe\/en\/wp-json\/wp\/v2\/pages\/8020\/revisions\/14328"}],"wp:attachment":[{"href":"https:\/\/ecovalle.pe\/en\/wp-json\/wp\/v2\/media?parent=8020"}],"curies":[{"name":"wp","href":"https:\/\/api.w.org\/{rel}","templated":true}]}}