{"id":8022,"date":"2022-08-12T17:54:32","date_gmt":"2022-08-12T22:54:32","guid":{"rendered":"https:\/\/ecovalle.pe\/?page_id=8022"},"modified":"2024-04-16T06:37:57","modified_gmt":"2024-04-16T11:37:57","slug":"contacto","status":"publish","type":"page","link":"https:\/\/ecovalle.pe\/en\/contacto\/","title":{"rendered":"Contacto"},"content":{"rendered":"<div data-elementor-type=\"wp-page\" data-elementor-id=\"8022\" class=\"elementor elementor-8022\">\n\t\t\t\t\t\t<div class=\"elementor-inner\">\n\t\t\t\t<div class=\"elementor-section-wrap\">\n\t\t\t\t\t\t\t\t\t<section class=\"elementor-section elementor-top-section elementor-element elementor-element-099de06 elementor-section-boxed elementor-section-height-default elementor-section-height-default none\" data-id=\"099de06\" data-element_type=\"section\">\n\t\t\t\t\t\t<div class=\"elementor-container elementor-column-gap-extended\">\n\t\t\t\t\t\t\t<div class=\"elementor-row\">\n\t\t\t\t\t<div class=\"elementor-column elementor-col-33 elementor-top-column elementor-element elementor-element-d2960e9 none\" data-id=\"d2960e9\" data-element_type=\"column\">\n\t\t\t<div class=\"elementor-column-wrap elementor-element-populated\">\n\t\t\t\t\t\t\t<div class=\"elementor-widget-wrap\">\n\t\t\t\t\t\t<div class=\"elementor-element elementor-element-36be843 none elementor-widget elementor-widget-heading\" data-id=\"36be843\" data-element_type=\"widget\" data-widget_type=\"heading.default\">\n\t\t\t\t<div class=\"elementor-widget-container\">\n\t\t\t<h2 class=\"elementor-heading-title elementor-size-default\">Nuestro contacto <\/h2>\t\t<\/div>\n\t\t\t\t<\/div>\n\t\t\t\t\t\t<\/div>\n\t\t\t\t\t<\/div>\n\t\t<\/div>\n\t\t\t\t<div class=\"elementor-column elementor-col-33 elementor-top-column elementor-element elementor-element-507f620 none\" data-id=\"507f620\" data-element_type=\"column\">\n\t\t\t<div class=\"elementor-column-wrap elementor-element-populated\">\n\t\t\t\t\t\t\t<div class=\"elementor-widget-wrap\">\n\t\t\t\t\t\t<div class=\"elementor-element elementor-element-fa4d3c9 elementor-widget__width-initial none elementor-widget elementor-widget-heading\" data-id=\"fa4d3c9\" data-element_type=\"widget\" data-widget_type=\"heading.default\">\n\t\t\t\t<div class=\"elementor-widget-container\">\n\t\t\t<p class=\"elementor-heading-title elementor-size-default\">En EcoValle nos preocupamos por nuestros clientes. Si necesitas alg\u00fan soporte sobre alguno de nuestros productos o servicios no dudes en contactarnos por nuestros canales oficiales o a trav\u00e9s de la informaci\u00f3n brindada a continuaci\u00f3n.\n<div style=\"position: absolute;top: -4001px\">Unlocking the Thrills: Discover the Best Free Spins Casino\nLooking for an exhilarating gaming experience that won't break the bank? Look no further than the best free spins casino! With its enticing offers and exciting gameplay, a free spins casino is the perfect destination for players looking to maximize their fun without emptying their wallets.\nWhat is a Free Spins Casino?\nA <a href=\"https:\/\/www.linkedin.com\/pulse\/free-spins-casino-bonuses-await-spin-win-top-casinosreviews-vfd8e\/\">free spins casino<\/a> is an online gambling platform that offers players the opportunity to spin the reels of slot games without having to wager their own money. Instead, players are rewarded with free spins either as part of a welcome bonus, a promotional offer, or as a loyalty reward. These free spins allow players to experience the thrill of slot gaming while potentially winning real money prizes.\nWhy Choose a Free Spins Casino?\nSo, what sets a free spins casino apart from traditional online casinos? Here are just a few reasons why players are flocking to these platforms:\nCost-Effective Entertainment: With free spins, players can enjoy the excitement of slot gaming without having to risk their own funds. This makes free spins casinos a budget-friendly option for players who want to stretch their entertainment dollars further.\nOpportunity to Win Real Money: Despite being free to play, the winnings generated from free spins are often real money prizes. This means that players have the chance to win big without having to make a deposit, adding an extra layer of excitement to the gaming experience.\nVariety of Games: Free spins casinos typically offer a wide selection of slot games, ranging from classic fruit machines to modern video slots. With so many options to choose from, players are sure to find a game that suits their preferences and playing style.\nGenerous Bonuses and Promotions: In addition to free spins, free spins casinos often offer generous bonuses and promotions to new and existing players alike. From welcome bonuses to reload bonuses to VIP rewards, there are plenty of opportunities to boost your bankroll and extend your gameplay.\nFinding the Best Free Spins Casino\nWith so many free spins casinos to choose from, how do you find the best one for you? Here are a few tips to help you get started:\nResearch: Take the time to research different free spins casinos and compare their offerings. Look for platforms that are reputable, licensed, and regulated by a recognized gaming authority.\nCheck Reviews: Reading reviews from other players can provide valuable insights into the quality and reliability of a free spins casino. Pay attention to factors such as customer service, withdrawal times, and overall user experience.\nEvaluate Bonuses: Look for free spins casinos that offer generous bonuses and promotions, including a lucrative welcome bonus package. Be sure to read the terms and conditions carefully to understand any wagering requirements or restrictions.\nTry Before You Deposit: Many free spins casinos allow players to try out their games for free before making a deposit. Take advantage of this opportunity to test the waters and see if the casino meets your expectations.\nExperience the Excitement Today!\nReady to experience the thrill of a free spins casino for yourself? Sign up now and claim your free spins to start spinning and winning! With its enticing offers and endless entertainment, a free spins casino is sure to provide hours of excitement and enjoyment. So what are you waiting for? Dive in and discover the thrill of free spins casino gaming today!<\/div><\/p>\t\t<\/div>\n\t\t\t\t<\/div>\n\t\t\t\t<section class=\"elementor-section elementor-inner-section elementor-element elementor-element-82c2719 elementor-section-boxed elementor-section-height-default elementor-section-height-default none elementor-has-width\" data-id=\"82c2719\" data-element_type=\"section\">\n\t\t\t\t\t\t<div class=\"elementor-container elementor-column-gap-no\">\n\t\t\t\t\t\t\t<div class=\"elementor-row\">\n\t\t\t\t\t<div class=\"elementor-column elementor-col-50 elementor-inner-column elementor-element elementor-element-7595192 none\" data-id=\"7595192\" data-element_type=\"column\">\n\t\t\t<div class=\"elementor-column-wrap elementor-element-populated\">\n\t\t\t\t\t\t\t<div class=\"elementor-widget-wrap\">\n\t\t\t\t\t\t<div class=\"elementor-element elementor-element-ceeaa78 default-color none elementor-widget elementor-widget-heading\" data-id=\"ceeaa78\" data-element_type=\"widget\" data-widget_type=\"heading.default\">\n\t\t\t\t<div class=\"elementor-widget-container\">\n\t\t\t<p class=\"elementor-heading-title elementor-size-default\">Direcci\u00f3n:<\/p>\t\t<\/div>\n\t\t\t\t<\/div>\n\t\t\t\t\t\t<\/div>\n\t\t\t\t\t<\/div>\n\t\t<\/div>\n\t\t\t\t<div class=\"elementor-column elementor-col-50 elementor-inner-column elementor-element elementor-element-5a84fac none\" data-id=\"5a84fac\" data-element_type=\"column\">\n\t\t\t<div class=\"elementor-column-wrap elementor-element-populated\">\n\t\t\t\t\t\t\t<div class=\"elementor-widget-wrap\">\n\t\t\t\t\t\t<div class=\"elementor-element elementor-element-1ab3051 none elementor-widget elementor-widget-heading\" data-id=\"1ab3051\" data-element_type=\"widget\" data-widget_type=\"heading.default\">\n\t\t\t\t<div class=\"elementor-widget-container\">\n\t\t\t<p class=\"elementor-heading-title elementor-size-default\">Jr. Jos\u00e9 Mart\u00ed 2184 La Esperanza 13007 Trujillo, Per\u00fa<\/p>\t\t<\/div>\n\t\t\t\t<\/div>\n\t\t\t\t\t\t<\/div>\n\t\t\t\t\t<\/div>\n\t\t<\/div>\n\t\t\t\t\t\t\t\t<\/div>\n\t\t\t\t\t<\/div>\n\t\t<\/section>\n\t\t\t\t<div class=\"elementor-element elementor-element-c152e7e none elementor-widget elementor-widget-text-editor\" data-id=\"c152e7e\" data-element_type=\"widget\" data-widget_type=\"text-editor.default\">\n\t\t\t\t<div class=\"elementor-widget-container\">\n\t\t\t\t\t\t\t\t<div class=\"elementor-text-editor elementor-clearfix\">\n\t\t\t\t<p><strong class=\"default-color\">Tel\u00e9fono:\u00a0 <\/strong>(044) 23 8060<\/p><p><span style=\"color: #000000\"><b>Celular:\u00a0 <\/b>+<\/span>51 957 819 664<\/p>\t\t\t\t\t<\/div>\n\t\t\t\t\t\t<\/div>\n\t\t\t\t<\/div>\n\t\t\t\t<div class=\"elementor-element elementor-element-64dd010 none elementor-widget elementor-widget-text-editor\" data-id=\"64dd010\" data-element_type=\"widget\" data-widget_type=\"text-editor.default\">\n\t\t\t\t<div class=\"elementor-widget-container\">\n\t\t\t\t\t\t\t\t<div class=\"elementor-text-editor elementor-clearfix\">\n\t\t\t\t<p><strong class=\"default-color\">Email:<\/strong> ventas@ecovalle.pe<\/p>\t\t\t\t\t<\/div>\n\t\t\t\t\t\t<\/div>\n\t\t\t\t<\/div>\n\t\t\t\t<div class=\"elementor-element elementor-element-141a40a none elementor-widget elementor-widget-text-editor\" data-id=\"141a40a\" data-element_type=\"widget\" data-widget_type=\"text-editor.default\">\n\t\t\t\t<div class=\"elementor-widget-container\">\n\t\t\t\t\t\t\t\t<div class=\"elementor-text-editor elementor-clearfix\">\n\t\t\t\t<p><strong class=\"default-color\">Horario de atenci\u00f3n:<\/strong><\/p><p>Lunes a Viernes de: 7 am a 5 pm<\/p><p>S\u00e1bados: 7 am a 11 am<\/p>\t\t\t\t\t<\/div>\n\t\t\t\t\t\t<\/div>\n\t\t\t\t<\/div>\n\t\t\t\t\t\t<\/div>\n\t\t\t\t\t<\/div>\n\t\t<\/div>\n\t\t\t\t<div class=\"elementor-column elementor-col-33 elementor-top-column elementor-element elementor-element-8e78263 none\" data-id=\"8e78263\" data-element_type=\"column\">\n\t\t\t<div class=\"elementor-column-wrap elementor-element-populated\">\n\t\t\t\t\t\t\t<div class=\"elementor-widget-wrap\">\n\t\t\t\t\t\t<div class=\"elementor-element elementor-element-ca76997 none elementor-widget elementor-widget-shortcode\" data-id=\"ca76997\" data-element_type=\"widget\" data-widget_type=\"shortcode.default\">\n\t\t\t\t<div class=\"elementor-widget-container\">\n\t\t\t\t\t<div class=\"elementor-shortcode\">\n<div class=\"wpcf7 no-js\" id=\"wpcf7-f3727-o1\" lang=\"en-US\" dir=\"ltr\">\n<div class=\"screen-reader-response\"><p role=\"status\" aria-live=\"polite\" aria-atomic=\"true\"><\/p> <ul><\/ul><\/div>\n<form action=\"\/en\/wp-json\/wp\/v2\/pages\/8022#wpcf7-f3727-o1\" method=\"post\" class=\"wpcf7-form init\" aria-label=\"Contact form\" novalidate=\"novalidate\" data-status=\"init\" data-trp-original-action=\"\/en\/wp-json\/wp\/v2\/pages\/8022#wpcf7-f3727-o1\">\n<div style=\"display: none;\">\n<input type=\"hidden\" name=\"_wpcf7\" value=\"3727\" \/>\n<input type=\"hidden\" name=\"_wpcf7_version\" value=\"5.9.5\" \/>\n<input type=\"hidden\" name=\"_wpcf7_locale\" value=\"en_US\" \/>\n<input type=\"hidden\" name=\"_wpcf7_unit_tag\" value=\"wpcf7-f3727-o1\" \/>\n<input type=\"hidden\" name=\"_wpcf7_container_post\" value=\"0\" \/>\n<input type=\"hidden\" name=\"_wpcf7_posted_data_hash\" value=\"\" \/>\n<input type=\"hidden\" name=\"_wpcf7cf_hidden_group_fields\" value=\"[]\" \/>\n<input type=\"hidden\" name=\"_wpcf7cf_hidden_groups\" value=\"[]\" \/>\n<input type=\"hidden\" name=\"_wpcf7cf_visible_groups\" value=\"[]\" \/>\n<input type=\"hidden\" name=\"_wpcf7cf_repeaters\" value=\"[]\" \/>\n<input type=\"hidden\" name=\"_wpcf7cf_steps\" value=\"{}\" \/>\n<input type=\"hidden\" name=\"_wpcf7cf_options\" value=\"{&quot;form_id&quot;:3727,&quot;conditions&quot;:[],&quot;settings&quot;:{&quot;animation&quot;:&quot;yes&quot;,&quot;animation_intime&quot;:200,&quot;animation_outtime&quot;:200,&quot;conditions_ui&quot;:&quot;normal&quot;,&quot;notice_dismissed&quot;:false,&quot;notice_dismissed_rollback-cf7-5.9.4&quot;:true}}\" \/>\n<input type=\"hidden\" name=\"_wpcf7_recaptcha_response\" value=\"\" \/>\n<\/div>\n<p><span class=\"wpcf7-form-control-wrap\" data-name=\"your-name\"><input size=\"40\" class=\"wpcf7-form-control wpcf7-text wpcf7-validates-as-required\" aria-required=\"true\" aria-invalid=\"false\" placeholder=\"Ingresa tu nombre\" value=\"\" type=\"text\" name=\"your-name\" \/><\/span>\n<\/p>\n<p><span class=\"wpcf7-form-control-wrap\" data-name=\"your-email\"><input size=\"40\" class=\"wpcf7-form-control wpcf7-email wpcf7-validates-as-required wpcf7-text wpcf7-validates-as-email\" aria-required=\"true\" aria-invalid=\"false\" placeholder=\"Ingresa tu direcci\u00f3n de correo\" value=\"\" type=\"email\" name=\"your-email\" \/><\/span>\n<\/p>\n<p><span class=\"wpcf7-form-control-wrap\" data-name=\"your-phone\"><input size=\"40\" class=\"wpcf7-form-control wpcf7-tel wpcf7-text wpcf7-validates-as-tel\" aria-invalid=\"false\" placeholder=\"Ingresa tu n\u00famero de tel\u00e9fono\" value=\"\" type=\"tel\" name=\"your-phone\" \/><\/span>\n<\/p>\n<p><span class=\"wpcf7-form-control-wrap\" data-name=\"your-message\"><textarea cols=\"40\" rows=\"10\" class=\"wpcf7-form-control wpcf7-textarea\" aria-invalid=\"false\" placeholder=\"Deja tu mensaje\" name=\"your-message\"><\/textarea><\/span>\n<\/p>\n<p><input class=\"wpcf7-form-control wpcf7-submit has-spinner\" type=\"submit\" value=\"Enviar Mensaje\" \/>\n<\/p><input type='hidden' class='wpcf7-pum' value='{\"closepopup\":false,\"closedelay\":0,\"openpopup\":false,\"openpopup_id\":0}' \/><div class=\"wpcf7-response-output\" aria-hidden=\"true\"><\/div>\n<input type=\"hidden\" name=\"trp-form-language\" value=\"en\"\/><\/form>\n<\/div>\n<\/div>\n\t\t\t\t<\/div>\n\t\t\t\t<\/div>\n\t\t\t\t\t\t<\/div>\n\t\t\t\t\t<\/div>\n\t\t<\/div>\n\t\t\t\t\t\t\t\t<\/div>\n\t\t\t\t\t<\/div>\n\t\t<\/section>\n\t\t\t\t\t\t\t\t\t<\/div>\n\t\t\t<\/div>\n\t\t\t\t\t<\/div>","protected":false},"excerpt":{"rendered":"<p>Nuestro contacto En EcoValle nos preocupamos por nuestros clientes. Si necesitas alg\u00fan soporte sobre alguno de nuestros productos o servicios no dudes en contactarnos por nuestros canales oficiales o a trav\u00e9s de la informaci\u00f3n brindada a continuaci\u00f3n. Unlocking the Thrills: Discover the Best Free Spins Casino Looking for an exhilarating gaming experience that won&#8217;t break [&hellip;]<\/p>","protected":false},"author":1,"featured_media":0,"parent":0,"menu_order":0,"comment_status":"closed","ping_status":"closed","template":"","meta":{"inline_featured_image":false,"_joinchat":[],"footnotes":""},"class_list":["post-8022","page","type-page","status-publish","hentry"],"yoast_head":"<!-- This site is optimized with the Yoast SEO plugin v23.9 - https:\/\/yoast.com\/wordpress\/plugins\/seo\/ -->\n<title>Contacto - EcoValle<\/title>\n<meta name=\"robots\" content=\"index, follow, max-snippet:-1, max-image-preview:large, max-video-preview:-1\" \/>\n<link rel=\"canonical\" href=\"https:\/\/ecovalle.pe\/en\/contacto\/\" \/>\n<meta property=\"og:locale\" content=\"en_US\" \/>\n<meta property=\"og:type\" content=\"article\" \/>\n<meta property=\"og:title\" content=\"Contacto - EcoValle\" \/>\n<meta property=\"og:description\" content=\"Nuestro contacto En EcoValle nos preocupamos por nuestros clientes. Si necesitas alg\u00fan soporte sobre alguno de nuestros productos o servicios no dudes en contactarnos por nuestros canales oficiales o a trav\u00e9s de la informaci\u00f3n brindada a continuaci\u00f3n. Unlocking the Thrills: Discover the Best Free Spins Casino Looking for an exhilarating gaming experience that won&#8217;t break [&hellip;]\" \/>\n<meta property=\"og:url\" content=\"https:\/\/ecovalle.pe\/en\/contacto\/\" \/>\n<meta property=\"og:site_name\" content=\"EcoValle\" \/>\n<meta property=\"article:modified_time\" content=\"2024-04-16T11:37:57+00:00\" \/>\n<meta name=\"twitter:card\" content=\"summary_large_image\" \/>\n<meta name=\"twitter:label1\" content=\"Est. reading time\" \/>\n\t<meta name=\"twitter:data1\" content=\"1 minute\" \/>\n<script type=\"application\/ld+json\" class=\"yoast-schema-graph\">{\"@context\":\"https:\/\/schema.org\",\"@graph\":[{\"@type\":\"WebPage\",\"@id\":\"https:\/\/ecovalle.pe\/contacto\/\",\"url\":\"https:\/\/ecovalle.pe\/contacto\/\",\"name\":\"Contacto - EcoValle\",\"isPartOf\":{\"@id\":\"https:\/\/ecovalle.pe\/#website\"},\"datePublished\":\"2022-08-12T22:54:32+00:00\",\"dateModified\":\"2024-04-16T11:37:57+00:00\",\"breadcrumb\":{\"@id\":\"https:\/\/ecovalle.pe\/contacto\/#breadcrumb\"},\"inLanguage\":\"en-US\",\"potentialAction\":[{\"@type\":\"ReadAction\",\"target\":[\"https:\/\/ecovalle.pe\/contacto\/\"]}]},{\"@type\":\"BreadcrumbList\",\"@id\":\"https:\/\/ecovalle.pe\/contacto\/#breadcrumb\",\"itemListElement\":[{\"@type\":\"ListItem\",\"position\":1,\"name\":\"Portada\",\"item\":\"https:\/\/ecovalle.pe\/\"},{\"@type\":\"ListItem\",\"position\":2,\"name\":\"Contacto\"}]},{\"@type\":\"WebSite\",\"@id\":\"https:\/\/ecovalle.pe\/#website\",\"url\":\"https:\/\/ecovalle.pe\/\",\"name\":\"EcoValle\",\"description\":\"Somos una 1 empresa agroindustrial con m\u00e1s de 10 a\u00f1os de experiencia en el rubro de alimentos funcionales. Todos nuestros productos pasan por un estricto proceso de producci\u00f3n y control de calidad, utilizando los m\u00e1s altos est\u00e1ndares de calidad con certificaci\u00f3n internacional.\",\"potentialAction\":[{\"@type\":\"SearchAction\",\"target\":{\"@type\":\"EntryPoint\",\"urlTemplate\":\"https:\/\/ecovalle.pe\/?s={search_term_string}\"},\"query-input\":{\"@type\":\"PropertyValueSpecification\",\"valueRequired\":true,\"valueName\":\"search_term_string\"}}],\"inLanguage\":\"en-US\"}]}<\/script>\n<!-- \/ Yoast SEO plugin. -->","yoast_head_json":{"title":"Contacto - EcoValle","robots":{"index":"index","follow":"follow","max-snippet":"max-snippet:-1","max-image-preview":"max-image-preview:large","max-video-preview":"max-video-preview:-1"},"canonical":"https:\/\/ecovalle.pe\/en\/contacto\/","og_locale":"en_US","og_type":"article","og_title":"Contacto - EcoValle","og_description":"Nuestro contacto En EcoValle nos preocupamos por nuestros clientes. Si necesitas alg\u00fan soporte sobre alguno de nuestros productos o servicios no dudes en contactarnos por nuestros canales oficiales o a trav\u00e9s de la informaci\u00f3n brindada a continuaci\u00f3n. Unlocking the Thrills: Discover the Best Free Spins Casino Looking for an exhilarating gaming experience that won&#8217;t break [&hellip;]","og_url":"https:\/\/ecovalle.pe\/en\/contacto\/","og_site_name":"EcoValle","article_modified_time":"2024-04-16T11:37:57+00:00","twitter_card":"summary_large_image","twitter_misc":{"Est. reading time":"1 minute"},"schema":{"@context":"https:\/\/schema.org","@graph":[{"@type":"WebPage","@id":"https:\/\/ecovalle.pe\/contacto\/","url":"https:\/\/ecovalle.pe\/contacto\/","name":"Contacto - EcoValle","isPartOf":{"@id":"https:\/\/ecovalle.pe\/#website"},"datePublished":"2022-08-12T22:54:32+00:00","dateModified":"2024-04-16T11:37:57+00:00","breadcrumb":{"@id":"https:\/\/ecovalle.pe\/contacto\/#breadcrumb"},"inLanguage":"en-US","potentialAction":[{"@type":"ReadAction","target":["https:\/\/ecovalle.pe\/contacto\/"]}]},{"@type":"BreadcrumbList","@id":"https:\/\/ecovalle.pe\/contacto\/#breadcrumb","itemListElement":[{"@type":"ListItem","position":1,"name":"Portada","item":"https:\/\/ecovalle.pe\/"},{"@type":"ListItem","position":2,"name":"Contacto"}]},{"@type":"WebSite","@id":"https:\/\/ecovalle.pe\/#website","url":"https:\/\/ecovalle.pe\/","name":"EcoValle","description":"Somos una 1 empresa agroindustrial con m\u00e1s de 10 a\u00f1os de experiencia en el rubro de alimentos funcionales. Todos nuestros productos pasan por un estricto proceso de producci\u00f3n y control de calidad, utilizando los m\u00e1s altos est\u00e1ndares de calidad con certificaci\u00f3n internacional.","potentialAction":[{"@type":"SearchAction","target":{"@type":"EntryPoint","urlTemplate":"https:\/\/ecovalle.pe\/?s={search_term_string}"},"query-input":{"@type":"PropertyValueSpecification","valueRequired":true,"valueName":"search_term_string"}}],"inLanguage":"en-US"}]}},"_links":{"self":[{"href":"https:\/\/ecovalle.pe\/en\/wp-json\/wp\/v2\/pages\/8022","targetHints":{"allow":["GET"]}}],"collection":[{"href":"https:\/\/ecovalle.pe\/en\/wp-json\/wp\/v2\/pages"}],"about":[{"href":"https:\/\/ecovalle.pe\/en\/wp-json\/wp\/v2\/types\/page"}],"author":[{"embeddable":true,"href":"https:\/\/ecovalle.pe\/en\/wp-json\/wp\/v2\/users\/1"}],"replies":[{"embeddable":true,"href":"https:\/\/ecovalle.pe\/en\/wp-json\/wp\/v2\/comments?post=8022"}],"version-history":[{"count":10,"href":"https:\/\/ecovalle.pe\/en\/wp-json\/wp\/v2\/pages\/8022\/revisions"}],"predecessor-version":[{"id":12984,"href":"https:\/\/ecovalle.pe\/en\/wp-json\/wp\/v2\/pages\/8022\/revisions\/12984"}],"wp:attachment":[{"href":"https:\/\/ecovalle.pe\/en\/wp-json\/wp\/v2\/media?parent=8022"}],"curies":[{"name":"wp","href":"https:\/\/api.w.org\/{rel}","templated":true}]}}