{"id":8391,"date":"2022-08-18T16:22:56","date_gmt":"2022-08-18T21:22:56","guid":{"rendered":"https:\/\/ecovalle.pe\/?page_id=8391"},"modified":"2023-11-23T14:53:08","modified_gmt":"2023-11-23T19:53:08","slug":"terminos-y-condiciones","status":"publish","type":"page","link":"https:\/\/ecovalle.pe\/en\/terminos-y-condiciones\/","title":{"rendered":"T\u00e9rminos y Condiciones"},"content":{"rendered":"<div data-elementor-type=\"wp-page\" data-elementor-id=\"8391\" class=\"elementor elementor-8391\">\n\t\t\t\t\t\t<div class=\"elementor-inner\">\n\t\t\t\t<div class=\"elementor-section-wrap\">\n\t\t\t\t\t\t\t\t\t<section class=\"elementor-section elementor-top-section elementor-element elementor-element-67026d07 elementor-section-boxed elementor-section-height-default elementor-section-height-default none\" data-id=\"67026d07\" data-element_type=\"section\">\n\t\t\t\t\t\t<div class=\"elementor-container elementor-column-gap-default\">\n\t\t\t\t\t\t\t<div class=\"elementor-row\">\n\t\t\t\t\t<div class=\"elementor-column elementor-col-100 elementor-top-column elementor-element elementor-element-535d6da5 none\" data-id=\"535d6da5\" data-element_type=\"column\">\n\t\t\t<div class=\"elementor-column-wrap elementor-element-populated\">\n\t\t\t\t\t\t\t<div class=\"elementor-widget-wrap\">\n\t\t\t\t\t\t<div class=\"elementor-element elementor-element-60db1b70 none elementor-widget elementor-widget-text-editor\" data-id=\"60db1b70\" data-element_type=\"widget\" data-widget_type=\"text-editor.default\">\n\t\t\t\t<div class=\"elementor-widget-container\">\n\t\t\t\t\t\t\t\t<div class=\"elementor-text-editor elementor-clearfix\">\n\t\t\t\t<p style=\"text-align: justify;\">El acceso y uso de este sitio web se rige por los \u201cT\u00e9rminos y Condiciones\u201d que ser\u00e1n descritos a continuaci\u00f3n; as\u00ed como por la legislaci\u00f3n que se aplique en la Rep\u00fablica de Per\u00fa. En consecuencia, todas las visitas a este sitio, contratos y transacciones que se realicen en el mismo; al igual que sus efectos jur\u00eddicos, quedar\u00e1n regidos bajo estas reglas y legislaci\u00f3n.<\/p><p style=\"text-align: justify;\">Para poder realizar una compra en nuestra Tienda Virtual www.ecovalle.pe perteneciente a AGROENSANCHA S.R.L. es necesario la aceptaci\u00f3n de los T\u00e9rminos y Condiciones que ser\u00e1n descritos a continuaci\u00f3n.<\/p><p style=\"text-align: justify;\">AGROENSANCHA S.R.L., en adelante ECOVALLE, se reserva el derecho de actualizar y\/o modificar los T\u00e9rminos y Condiciones detallados a continuaci\u00f3n, en cualquier momento, sin previo aviso. Realizaremos nuestro mejor esfuerzo para asegurar la disponibilidad de los servicios y\/o productos de nuestra p\u00e1gina web; as\u00ed como, en la ausencia de errores en cualquier transmisi\u00f3n de informaci\u00f3n que pudiera suceder.<\/p><p style=\"text-align: justify;\"><span style=\"font-size: 18pt;\"><strong>REGISTRO DEL USUARIO Y PROTECCI\u00d3N DE DATOS PERSONALES<\/strong><\/span><\/p><p style=\"text-align: justify;\">El usuario que se suscriba a nuestro bolet\u00edn, estar\u00e1 autorizando de forma libre e inequ\u00edvoca el uso y tratamiento de sus datos personales en el banco de datos personales de la Tienda Virtual de EcoValle; siendo utilizados para fines publicitarios, promocionales, de comunicaci\u00f3n e informaci\u00f3n sobre despacho de productos, consultas acerca de productos y\/o servicios; as\u00ed como del env\u00edo de encuestas, historial de compras, historial de h\u00e1bitos y preferencias de consumo, invitaciones sobre actividades realizadas por ECOVALLE; todo lo antes mencionado es con fines puramente estad\u00edsticos con el objetivo de brindarle una mejor experiencia de compra a nuestros clientes.<\/p><p style=\"text-align: justify;\">AGROENSANCHA S.R.L. con R.U.C. 20482089594, con direcci\u00f3n en Jr. Jos\u00e9 Mart\u00ed Nro. 2184 La Esperanza, Trujillo \u2013 Per\u00fa; es el titular del banco de datos personales. La informaci\u00f3n recibida ser\u00e1 manejada con absoluta confidencialidad y conforme a lo dispuesto por la legislaci\u00f3n vigente en el Per\u00fa.<\/p><p style=\"text-align: justify;\">Si el usuario no desea recibir publicidad, promociones, invitaciones a actividades y encuestas, podr\u00e1 ejercer los derechos de revocaci\u00f3n reconocidos en la Ley 29733 \u2013 Ley de Protecci\u00f3n de Datos Personales; enviando una solicitud a informes@ecovalle.pe o llamando al (044) 238060.<\/p><p style=\"text-align: justify;\">En caso de no registrar los datos personales en nuestra Tienda Virtual, el usuario se encontrar\u00e1 impedido de adquirir nuestros productos a trav\u00e9s, pues el registro y tratamiento de los datos personales son necesarios para el proceso de compra y atenci\u00f3n del mismo.<\/p><p style=\"text-align: justify;\">De ser necesario, ECOVALLE podr\u00e1 suministrar los Datos Personales a terceros, con los cuales tenga relaci\u00f3n contractual para el cumplimiento del objeto contratado. Por ejemplo, ECOVALLE puede utilizar terceros para que le ayuden con la entrega de promoci\u00f3n de productos, recaudar sus pagos, enviar productos u operar nuestros sistemas de servicio al cliente.<\/p><p style=\"text-align: justify;\">ECOVALLE podr\u00e1 desarrollar acciones comerciales o servicios post venta, de car\u00e1cter general o dirigidas personalmente al Titular, con la finalidad de mejorar la experiencia del cliente a trav\u00e9s de los canales de comunicaci\u00f3n.<\/p><p style=\"text-align: justify;\">Los datos brindados se utilizar\u00e1n para mantener informado, a trav\u00e9s de los canales de comunicaci\u00f3n, al Titular de Datos Personales sobre el proceso de entrega y estado de los pedidos realizados.<\/p><p style=\"text-align: justify;\">El tratamiento de datos personales para las anteriores finalidades, y para cualquier otra finalidad l\u00edcita distinta a las antes mencionadas es debidamente informado a los Titulares de datos personales, requiri\u00e9ndoles una autorizaci\u00f3n espec\u00edfica seg\u00fan el p\u00fablico de inter\u00e9s que corresponda, en cumplimiento del principio de consentimiento, con las excepciones previstas en la Normativa de Protecci\u00f3n de Datos Personales.<\/p><p style=\"text-align: justify;\"><span style=\"font-size: 18pt;\"><strong>DERECHOS DEL USUARIO DE ESTE SITIO<\/strong><\/span><\/p><p style=\"text-align: justify;\">El usuario gozar\u00e1 de todos los derechos vigentes en el territorio peruano, en particular los establecidos en el C\u00f3digo Civil y la norma aplicable de Protecci\u00f3n al Consumidor, as\u00ed como los otorgados adicionalmente en los t\u00e9rminos y condiciones.<\/p><p style=\"text-align: justify;\">El usuario dispondr\u00e1 en todo momento de los derechos de informaci\u00f3n, rectificaci\u00f3n, cancelaci\u00f3n y\/u otros de sus datos personales conforme a la Ley N\u00b029733 Ley de Protecci\u00f3n de Datos Personales.<\/p><p style=\"text-align: justify;\"><span style=\"font-size: 18pt;\"><strong>PROCEDIMIENTO PARA HACER USO DE ESTE SITIO<\/strong><\/span><\/p><p style=\"text-align: justify;\">En los contratos ofrecidos a trav\u00e9s de este sitio \/ por este medio, ECOVALLE tendr\u00e1 informaci\u00f3n clara y de f\u00e1cil acceso, denominados en conjunto como Procedimiento de Compra. Asimismo, la empresa indicar\u00e1 su direcci\u00f3n de correo electr\u00f3nico y los medios necesarios, a disposici\u00f3n del consumidor, para identificar y corregir los posibles errores en el env\u00edo y\/o en sus datos brindados.<\/p><p style=\"text-align: justify;\"><span style=\"font-size: 18pt;\"><strong>PAGOS EN L\u00cdNEA:<\/strong> <strong>UTILIZANDO TARJETAS DE CR\u00c9DITO Y\/O D\u00c9BITO.<\/strong><\/span><\/p><p style=\"text-align: justify;\">Las tarjetas que este sitio permite son las siguientes: Tarjetas de Cr\u00e9dito y\/o D\u00e9bito VISA, MasterCard, American Express y Diners Club. El pago con tarjeta bancaria de d\u00e9bito est\u00e1 sujeto a los t\u00e9rminos y condiciones establecidos por la entidad bancaria emisora de la tarjeta a usar.<\/p><p style=\"text-align: justify;\">Trat\u00e1ndose de las tarjetas bancarias aceptadas en este sitio, los aspectos relativos a \u00e9stas, tales como la fecha de emisi\u00f3n, caducidad, cupo, bloqueos, clave secreta etc., se regir\u00e1n por el respectivo Contrato de Apertura y Reglamento de Uso; de tal forma que la Tienda Virtual no tendr\u00e1 responsabilidad en cualquiera de los aspectos antes mencionados.<\/p><p style=\"text-align: justify;\">Cuando el cliente elige como forma de pago la tarjeta de cr\u00e9dito Visa, emitida fuera del Per\u00fa por un banco afiliado al servicio Verified by Visa, deber\u00e1 revisar las condiciones en el apartado Verified by Visa, formaci\u00f3n del consentimiento en los contratos celebrados a trav\u00e9s de este sitio.<\/p><p style=\"text-align: justify;\"><span style=\"font-size: 18pt;\"><strong>DESPACHO (FLETE)<\/strong><\/span><\/p><p style=\"text-align: justify;\">Los productos adquiridos a trav\u00e9s del sitio se sujetar\u00e1n a las condiciones de despacho y entrega a trav\u00e9s del servicio de delivery. Ser\u00e1n atendidos dentro de las 24 horas de procesado el pedido y de acuerdo a las zonas de distribuci\u00f3n.<\/p><p style=\"text-align: justify;\">*En el posible caso que se presente demora en el despacho de pedidos, www.ecovalle.pe se comunicar\u00e1 al n\u00famero registrado de nuestros clientes para indicar el tiempo y motivo de la demora.<\/p><p style=\"text-align: justify;\">Despacho a domicilio: La informaci\u00f3n del lugar de env\u00edo y la persona que lo reciba en el mismo, es de exclusiva responsabilidad del cliente. Salvo manifestaci\u00f3n distinta de \u00e9ste, la empresa interpretar\u00e1 que la persona que atienda y\/o reciba el (los) producto(s) es la autorizada por el cliente para recibir la compra.<\/p><p style=\"text-align: justify;\">En caso de que no se encuentre el domicilio indicado, procederemos a comunicarnos con el cliente al tel\u00e9fono antes brindado en la hoja de datos. En caso de no poder comunicarnos, el pedido regresar\u00e1 a ECOVALLE, haci\u00e9ndose responsable el cliente de su recojo, o en caso de solicitar el despacho nuevamente, deber\u00e1 abonar el costo de env\u00edo de acuerdo a la zona solicitada.<\/p><p style=\"text-align: justify;\">*Si la persona que recoge o recibe el pedido no es el titular de la compra, deber\u00e1 haber sido especificado en la hoja de datos para coordinar el env\u00edo, indicando el nombre, apellidos y DNI de quien recibir\u00e1 el pedido, adicionalmente esta persona deber\u00e1 presentar sus documentos al momento de solicitar la entrega.<\/p><p style=\"text-align: justify;\">Una vez entregado el pedido se sugiere revisar los productos, ya que al finalizar se solicitar\u00e1 la conformidad de la atenci\u00f3n y estado de los productos. Luego de que \u00e9sta sea otorgada por parte del cliente, no habr\u00e1 derecho a reclamo. Posteriormente, se entregar\u00e1 el comprobante de pago y se solicitar\u00e1 la confirmaci\u00f3n de dicha recepci\u00f3n v\u00eda correo electr\u00f3nico a ventas@ecovalle.pe, por WhatsApp al n\u00famero 957 819 664 o al tel\u00e9fono (044) 238060 de ECOVALLE. Cabe mencionar que, para la modalidad de despacho online, no existe pago contra entrega.<\/p><p style=\"text-align: justify;\">No se realizar\u00e1n despachos los d\u00edas domingos ni feriados. En caso el cliente tenga alg\u00fan inconveniente deber\u00e1 comunicarse con al n\u00famero (044) 238060 al instante de ingresar su pedido, para reprogramar la entrega en acuerdo mutuo.<\/p><p style=\"text-align: justify;\"><span style=\"font-size: 18pt;\"><strong>IMPORTANTE<\/strong><\/span><\/p><p style=\"text-align: justify;\">El proceso de validaci\u00f3n se lleva a cabo con el \u00fanico fin de proteger a nuestros clientes, evitando el mal uso de sus datos y fraudes. Asimismo, en tanto el banco no nos comunique su aprobaci\u00f3n no se atender\u00e1 el pedido.<\/p><p style=\"text-align: justify;\"><span style=\"font-size: 18pt;\"><strong>CRITERIOS DE SUSTITUCI\u00d3N<\/strong><\/span><\/p><p style=\"text-align: justify;\">Reemplazar previa validaci\u00f3n telef\u00f3nica: Esta opci\u00f3n le permite a ECOVALLE comunicarse con el cliente para indicar las opciones del producto sustituto informando precios, marca u otras caracter\u00edsticas relevantes e incluirlo en el pedido.<\/p><p style=\"text-align: justify;\"><span style=\"font-size: 18pt;\"><strong>COBRO DEL SERVICIO<\/strong><\/span><\/p><p style=\"text-align: justify;\">El c\u00e1lculo del flete a cobrar por el servicio de entrega de los productos se realiza en funci\u00f3n a la distancia en que se encuentra el domicilio registrado por el cliente y la tienda desde la cual se despacharan los productos. En la actualidad, ECOVALLE despacha sus productos desde su planta en La Esperanza, Trujillo.<\/p><p style=\"text-align: justify;\"><span style=\"font-size: 18pt;\"><strong>DEVOLUCIONES<\/strong><\/span><\/p><p style=\"text-align: justify;\">El usuario s\u00f3lo podr\u00e1 solicitar la anulaci\u00f3n de la compra y posterior devoluci\u00f3n si es que hay alg\u00fan problema con su producto o pedido. Y solo si cumple los siguientes requisitos:<\/p><ul style=\"text-align: justify;\"><li>El producto no muestra evidencia de uso.<\/li><li>Presentando la boleta \/ factura de compra<\/li><\/ul><p style=\"text-align: justify;\">Siempre y cuando los productos se encuentren en buen estado (bolsas sin abrir, con etiqueta, sellados, empaques no maltratados, etc.).<\/p><p style=\"text-align: justify;\">Todas las devoluciones de dinero se har\u00e1n a trav\u00e9s del mismo medio de pago que el cliente utiliz\u00f3 para la compra, seg\u00fan las condiciones del banco emisor de la tarjeta. El cliente declara que ha sido expresamente informado de los alcances de esta condici\u00f3n, acept\u00e1ndolas sin restricci\u00f3n alguna y bajo su entera responsabilidad.<\/p><p style=\"text-align: justify;\"><span style=\"font-size: 18pt;\"><strong>MODIFICACIONES EN EL PEDIDO<\/strong><\/span><\/p><p style=\"text-align: justify;\">El cliente podr\u00e1 modificar: direcci\u00f3n de despacho, horario de despacho (rangos establecidos en la web), d\u00eda de despacho (seg\u00fan disponibilidad), agregar y\/o retirar productos y unir \u00f3rdenes de compras (seg\u00fan disponibilidad).<\/p><p style=\"text-align: justify;\">Si el cliente solicita la entrega en un distrito diferente, al cual inicialmente solicit\u00f3 el pedido, se efectuar\u00e1 el cambio del flete dependiendo del nuevo domicilio o distrito de entrega, siendo responsabilidad del cliente el costo adicional por dicha modificaci\u00f3n.<\/p><p style=\"text-align: justify;\"><span style=\"font-size: 18pt;\"><strong>SERVICIO PARA USUARIOS FINALES<\/strong><\/span><\/p><p style=\"text-align: justify;\">Diariamente el cliente podr\u00e1 adquirir la cantidad de productos publicados en la web, pero el proveedor podr\u00e1 rechazar la orden de compra en caso que no alcance el monto m\u00ednimo de compra.\u00a0 Siendo \u00e9ste de S\/ 55.00.<\/p><p style=\"text-align: justify;\"><span style=\"font-size: 18pt;\"><strong>IMPORTANTE<\/strong><\/span><\/p><p style=\"text-align: justify;\">Los productos y servicios publicados en este sitio son v\u00e1lidos exclusivamente para consumo y uso personal y\/o familiar. Las promociones que se ofrezcan en este sitio Web no son necesariamente las mismas que se ofrezcan en otros canales de venta utilizados por ECOVALLE, tales como tiendas f\u00edsicas, al menos que se se\u00f1ale expresamente en este sitio o en publicidades que realice ECOVALLE para cada promoci\u00f3n.<\/p><p style=\"text-align: justify;\"><span style=\"font-size: 18pt;\"><strong>OTROS SITIOS WEB<\/strong><\/span><\/p><p style=\"text-align: justify;\">ECOVALLE no se hace responsable por la informaci\u00f3n que se obtenga desde otros sitios Webs, a los que se acceda desde nuestra p\u00e1gina mediante links, banners, enlaces por hipertextos o cualquier otro tipo de v\u00ednculo.<\/p><p style=\"text-align: justify;\"><span style=\"font-size: 18pt;\"><strong>PROPIEDAD INTELECTUAL<\/strong><\/span><\/p><p style=\"text-align: justify;\">Todas las marcas comerciales utilizadas en este sitio, incluyendo el dise\u00f1o y gr\u00e1fica de esta p\u00e1gina, son de propiedad de ECOVALLE o pertenecen al propietario registrado de tales marcas, por lo que se reservan expresamente todos los derechos de propiedad intelectual de acuerdo a lo estipulado en la legislaci\u00f3n peruana.<\/p><p style=\"text-align: justify;\"><span style=\"font-size: 18pt;\"><strong>REPRESENTANTES<\/strong><\/span><\/p><p style=\"text-align: justify;\">Toda queja o reclamo relacionado con actos o contratos ejecutados o celebrados a trav\u00e9s de este sitio, deber\u00e1 ser presentada a Servicio al Cliente de EcoValle o al n\u00famero telef\u00f3nico (044) 238060.<\/p><p style=\"text-align: justify;\">Los servicios de ECOVALLE est\u00e1n disponibles s\u00f3lo para aquellos individuos que tengan capacidad legal para contratar nuestros servicios, seg\u00fan lo dispuesto por la legislaci\u00f3n vigente. De comprobarse que el usuario carece de capacidad legal para usar los servicios ofrecidos en el sitio o haya brindado informaci\u00f3n que sea falsa, inexacta o fraudulenta, ECOVALLE cortar\u00e1 todos los lazos con dicho usuario, clausurando su cuenta y posibilidad de realizar m\u00e1s compras.<\/p><p style=\"text-align: justify;\"><span style=\"font-size: 18pt;\"><strong>DELIMITACI\u00d3N DE RESPONSABILIDAD<\/strong><\/span><\/p><p style=\"text-align: justify;\">ECOVALLE no se responsabiliza frente a los usuarios o terceros por los da\u00f1os y perjuicios que sean consecuencia directa o indirecta de la interrupci\u00f3n, suspensi\u00f3n o finalizaci\u00f3n de los servicios ofrecidos por el sitio.<\/p><p style=\"text-align: justify;\"><span style=\"font-size: 18pt;\"><strong>MATERIAL FOTOGR\u00c1FICO<\/strong><\/span><\/p><p style=\"text-align: justify;\">Siempre intentamos brindarle una mejor experiencia de realismo y cercan\u00eda entre cliente y producto, sin embargo, algunas de las fotos de productos publicitados en el sitio son referenciales debido a impedimentos gr\u00e1ficos que no permiten transmitir un mensaje creativo e inspirador a nuestros usuarios como se desea, estas fotos referenciales tienen por finalidad brindar una idea del producto a los clientes, m\u00e1s no necesariamente caracter\u00edsticas sobre el producto mismo.<\/p><p style=\"text-align: justify;\"><span style=\"font-size: 18pt;\"><strong>PRECIOS APLICADOS EN PROMOCI\u00d3N<\/strong><\/span><\/p><p style=\"text-align: justify;\">Las ofertas publicadas por la Tienda virtual de EcoValle, en nuestro Sitio Web, ser\u00e1n cumplidas por EcoValle, estos pueden tener diferentes tipos de comunicaci\u00f3n con la finalidad de mantener a los usuarios informados de todas las maneras posibles. Los precios consignados incluyen IGV y son expresados en nuevos soles.<\/p><p style=\"text-align: justify;\">Las promociones, campa\u00f1as y\/o descuentos est\u00e1n sujetos a las actualizaciones de precios sin previo aviso. Estas actualizaciones de precios rigen directamente a la respuesta del consumidor (final o intermediario) sobre los precios de introducci\u00f3n, posicionamiento y continuidad del mercado, durante la vigencia de las mismas.<\/p><p style=\"text-align: justify;\"><span style=\"font-size: 18pt;\"><strong>FACTURACI\u00d3N<\/strong><\/span><\/p><p style=\"text-align: justify;\">Las boletas y facturas se enviar\u00e1n al cliente de manera electr\u00f3nica al email que ingresaron en los datos del pedido durante el proceso de la compra. Asimismo, un cliente solo podr\u00e1 solicitar el cambio de informaci\u00f3n (raz\u00f3n social, nombre, n\u00famero de identificaci\u00f3n, RUC o direcci\u00f3n) dentro de las 72 horas de haberse realizado el env\u00edo del documento electr\u00f3nico.<\/p>\t\t\t\t\t<\/div>\n\t\t\t\t\t\t<\/div>\n\t\t\t\t<\/div>\n\t\t\t\t\t\t<\/div>\n\t\t\t\t\t<\/div>\n\t\t<\/div>\n\t\t\t\t\t\t\t\t<\/div>\n\t\t\t\t\t<\/div>\n\t\t<\/section>\n\t\t\t\t\t\t\t\t\t<\/div>\n\t\t\t<\/div>\n\t\t\t\t\t<\/div>","protected":false},"excerpt":{"rendered":"<p>El acceso y uso de este sitio web se rige por los \u201cT\u00e9rminos y Condiciones\u201d que ser\u00e1n descritos a continuaci\u00f3n; as\u00ed como por la legislaci\u00f3n que se aplique en la Rep\u00fablica de Per\u00fa. En consecuencia, todas las visitas a este sitio, contratos y transacciones que se realicen en el mismo; al igual que sus efectos [&hellip;]<\/p>","protected":false},"author":1,"featured_media":0,"parent":0,"menu_order":0,"comment_status":"closed","ping_status":"closed","template":"","meta":{"inline_featured_image":false,"_joinchat":[],"footnotes":""},"class_list":["post-8391","page","type-page","status-publish","hentry"],"yoast_head":"<!-- This site is optimized with the Yoast SEO plugin v23.9 - https:\/\/yoast.com\/wordpress\/plugins\/seo\/ -->\n<title>T\u00e9rminos y Condiciones - EcoValle<\/title>\n<meta name=\"robots\" content=\"index, follow, max-snippet:-1, max-image-preview:large, max-video-preview:-1\" \/>\n<link rel=\"canonical\" href=\"https:\/\/ecovalle.pe\/en\/terminos-y-condiciones\/\" \/>\n<meta property=\"og:locale\" content=\"en_US\" \/>\n<meta property=\"og:type\" content=\"article\" \/>\n<meta property=\"og:title\" content=\"T\u00e9rminos y Condiciones - EcoValle\" \/>\n<meta property=\"og:description\" content=\"El acceso y uso de este sitio web se rige por los \u201cT\u00e9rminos y Condiciones\u201d que ser\u00e1n descritos a continuaci\u00f3n; as\u00ed como por la legislaci\u00f3n que se aplique en la Rep\u00fablica de Per\u00fa. En consecuencia, todas las visitas a este sitio, contratos y transacciones que se realicen en el mismo; al igual que sus efectos [&hellip;]\" \/>\n<meta property=\"og:url\" content=\"https:\/\/ecovalle.pe\/en\/terminos-y-condiciones\/\" \/>\n<meta property=\"og:site_name\" content=\"EcoValle\" \/>\n<meta property=\"article:modified_time\" content=\"2023-11-23T19:53:08+00:00\" \/>\n<meta name=\"twitter:card\" content=\"summary_large_image\" \/>\n<meta name=\"twitter:label1\" content=\"Est. reading time\" \/>\n\t<meta name=\"twitter:data1\" content=\"10 minutes\" \/>\n<script type=\"application\/ld+json\" class=\"yoast-schema-graph\">{\"@context\":\"https:\/\/schema.org\",\"@graph\":[{\"@type\":\"WebPage\",\"@id\":\"https:\/\/ecovalle.pe\/terminos-y-condiciones\/\",\"url\":\"https:\/\/ecovalle.pe\/terminos-y-condiciones\/\",\"name\":\"T\u00e9rminos y Condiciones - EcoValle\",\"isPartOf\":{\"@id\":\"https:\/\/ecovalle.pe\/#website\"},\"datePublished\":\"2022-08-18T21:22:56+00:00\",\"dateModified\":\"2023-11-23T19:53:08+00:00\",\"breadcrumb\":{\"@id\":\"https:\/\/ecovalle.pe\/terminos-y-condiciones\/#breadcrumb\"},\"inLanguage\":\"en-US\",\"potentialAction\":[{\"@type\":\"ReadAction\",\"target\":[\"https:\/\/ecovalle.pe\/terminos-y-condiciones\/\"]}]},{\"@type\":\"BreadcrumbList\",\"@id\":\"https:\/\/ecovalle.pe\/terminos-y-condiciones\/#breadcrumb\",\"itemListElement\":[{\"@type\":\"ListItem\",\"position\":1,\"name\":\"Portada\",\"item\":\"https:\/\/ecovalle.pe\/\"},{\"@type\":\"ListItem\",\"position\":2,\"name\":\"T\u00e9rminos y Condiciones\"}]},{\"@type\":\"WebSite\",\"@id\":\"https:\/\/ecovalle.pe\/#website\",\"url\":\"https:\/\/ecovalle.pe\/\",\"name\":\"EcoValle\",\"description\":\"Somos una 1 empresa agroindustrial con m\u00e1s de 10 a\u00f1os de experiencia en el rubro de alimentos funcionales. Todos nuestros productos pasan por un estricto proceso de producci\u00f3n y control de calidad, utilizando los m\u00e1s altos est\u00e1ndares de calidad con certificaci\u00f3n internacional.\",\"potentialAction\":[{\"@type\":\"SearchAction\",\"target\":{\"@type\":\"EntryPoint\",\"urlTemplate\":\"https:\/\/ecovalle.pe\/?s={search_term_string}\"},\"query-input\":{\"@type\":\"PropertyValueSpecification\",\"valueRequired\":true,\"valueName\":\"search_term_string\"}}],\"inLanguage\":\"en-US\"}]}<\/script>\n<!-- \/ Yoast SEO plugin. -->","yoast_head_json":{"title":"T\u00e9rminos y Condiciones - EcoValle","robots":{"index":"index","follow":"follow","max-snippet":"max-snippet:-1","max-image-preview":"max-image-preview:large","max-video-preview":"max-video-preview:-1"},"canonical":"https:\/\/ecovalle.pe\/en\/terminos-y-condiciones\/","og_locale":"en_US","og_type":"article","og_title":"T\u00e9rminos y Condiciones - EcoValle","og_description":"El acceso y uso de este sitio web se rige por los \u201cT\u00e9rminos y Condiciones\u201d que ser\u00e1n descritos a continuaci\u00f3n; as\u00ed como por la legislaci\u00f3n que se aplique en la Rep\u00fablica de Per\u00fa. En consecuencia, todas las visitas a este sitio, contratos y transacciones que se realicen en el mismo; al igual que sus efectos [&hellip;]","og_url":"https:\/\/ecovalle.pe\/en\/terminos-y-condiciones\/","og_site_name":"EcoValle","article_modified_time":"2023-11-23T19:53:08+00:00","twitter_card":"summary_large_image","twitter_misc":{"Est. reading time":"10 minutes"},"schema":{"@context":"https:\/\/schema.org","@graph":[{"@type":"WebPage","@id":"https:\/\/ecovalle.pe\/terminos-y-condiciones\/","url":"https:\/\/ecovalle.pe\/terminos-y-condiciones\/","name":"T\u00e9rminos y Condiciones - EcoValle","isPartOf":{"@id":"https:\/\/ecovalle.pe\/#website"},"datePublished":"2022-08-18T21:22:56+00:00","dateModified":"2023-11-23T19:53:08+00:00","breadcrumb":{"@id":"https:\/\/ecovalle.pe\/terminos-y-condiciones\/#breadcrumb"},"inLanguage":"en-US","potentialAction":[{"@type":"ReadAction","target":["https:\/\/ecovalle.pe\/terminos-y-condiciones\/"]}]},{"@type":"BreadcrumbList","@id":"https:\/\/ecovalle.pe\/terminos-y-condiciones\/#breadcrumb","itemListElement":[{"@type":"ListItem","position":1,"name":"Portada","item":"https:\/\/ecovalle.pe\/"},{"@type":"ListItem","position":2,"name":"T\u00e9rminos y Condiciones"}]},{"@type":"WebSite","@id":"https:\/\/ecovalle.pe\/#website","url":"https:\/\/ecovalle.pe\/","name":"EcoValle","description":"Somos una 1 empresa agroindustrial con m\u00e1s de 10 a\u00f1os de experiencia en el rubro de alimentos funcionales. Todos nuestros productos pasan por un estricto proceso de producci\u00f3n y control de calidad, utilizando los m\u00e1s altos est\u00e1ndares de calidad con certificaci\u00f3n internacional.","potentialAction":[{"@type":"SearchAction","target":{"@type":"EntryPoint","urlTemplate":"https:\/\/ecovalle.pe\/?s={search_term_string}"},"query-input":{"@type":"PropertyValueSpecification","valueRequired":true,"valueName":"search_term_string"}}],"inLanguage":"en-US"}]}},"_links":{"self":[{"href":"https:\/\/ecovalle.pe\/en\/wp-json\/wp\/v2\/pages\/8391","targetHints":{"allow":["GET"]}}],"collection":[{"href":"https:\/\/ecovalle.pe\/en\/wp-json\/wp\/v2\/pages"}],"about":[{"href":"https:\/\/ecovalle.pe\/en\/wp-json\/wp\/v2\/types\/page"}],"author":[{"embeddable":true,"href":"https:\/\/ecovalle.pe\/en\/wp-json\/wp\/v2\/users\/1"}],"replies":[{"embeddable":true,"href":"https:\/\/ecovalle.pe\/en\/wp-json\/wp\/v2\/comments?post=8391"}],"version-history":[{"count":16,"href":"https:\/\/ecovalle.pe\/en\/wp-json\/wp\/v2\/pages\/8391\/revisions"}],"predecessor-version":[{"id":12426,"href":"https:\/\/ecovalle.pe\/en\/wp-json\/wp\/v2\/pages\/8391\/revisions\/12426"}],"wp:attachment":[{"href":"https:\/\/ecovalle.pe\/en\/wp-json\/wp\/v2\/media?parent=8391"}],"curies":[{"name":"wp","href":"https:\/\/api.w.org\/{rel}","templated":true}]}}