{"id":8500,"date":"2022-08-19T05:27:55","date_gmt":"2022-08-19T10:27:55","guid":{"rendered":"https:\/\/ecovalle.pe\/?page_id=8500"},"modified":"2022-09-12T05:52:00","modified_gmt":"2022-09-12T10:52:00","slug":"libro-de-reclamaciones","status":"publish","type":"page","link":"https:\/\/ecovalle.pe\/en\/libro-de-reclamaciones\/","title":{"rendered":"Libro de Reclamaciones"},"content":{"rendered":"<div data-elementor-type=\"wp-page\" data-elementor-id=\"8500\" class=\"elementor elementor-8500\">\n\t\t\t\t\t\t<div class=\"elementor-inner\">\n\t\t\t\t<div class=\"elementor-section-wrap\">\n\t\t\t\t\t\t\t\t\t<section class=\"elementor-section elementor-top-section elementor-element elementor-element-9d89185 elementor-section-height-min-height elementor-section-stretched elementor-section-boxed elementor-section-height-default elementor-section-items-middle none\" data-id=\"9d89185\" data-element_type=\"section\" data-settings=\"{&quot;stretch_section&quot;:&quot;section-stretched&quot;,&quot;background_background&quot;:&quot;classic&quot;}\">\n\t\t\t\t\t\t<div class=\"elementor-container elementor-column-gap-default\">\n\t\t\t\t\t\t\t<div class=\"elementor-row\">\n\t\t\t\t\t<div class=\"elementor-column elementor-col-100 elementor-top-column elementor-element elementor-element-2257ddc none\" data-id=\"2257ddc\" data-element_type=\"column\">\n\t\t\t<div class=\"elementor-column-wrap\">\n\t\t\t\t\t\t\t<div class=\"elementor-widget-wrap\">\n\t\t\t\t\t\t\t\t<\/div>\n\t\t\t\t\t<\/div>\n\t\t<\/div>\n\t\t\t\t\t\t\t\t<\/div>\n\t\t\t\t\t<\/div>\n\t\t<\/section>\n\t\t\t\t<section class=\"elementor-section elementor-top-section elementor-element elementor-element-f4a8469 elementor-section-boxed elementor-section-height-default elementor-section-height-default none\" data-id=\"f4a8469\" data-element_type=\"section\">\n\t\t\t\t\t\t<div class=\"elementor-container elementor-column-gap-default\">\n\t\t\t\t\t\t\t<div class=\"elementor-row\">\n\t\t\t\t\t<div class=\"elementor-column elementor-col-100 elementor-top-column elementor-element elementor-element-35da33c none\" data-id=\"35da33c\" data-element_type=\"column\">\n\t\t\t<div class=\"elementor-column-wrap elementor-element-populated\">\n\t\t\t\t\t\t\t<div class=\"elementor-widget-wrap\">\n\t\t\t\t\t\t<div class=\"elementor-element elementor-element-8f441d9 none elementor-widget elementor-widget-spacer\" data-id=\"8f441d9\" data-element_type=\"widget\" data-widget_type=\"spacer.default\">\n\t\t\t\t<div class=\"elementor-widget-container\">\n\t\t\t\t\t<div class=\"elementor-spacer\">\n\t\t\t<div class=\"elementor-spacer-inner\"><\/div>\n\t\t<\/div>\n\t\t\t\t<\/div>\n\t\t\t\t<\/div>\n\t\t\t\t<div class=\"elementor-element elementor-element-8963199 none elementor-widget elementor-widget-heading\" data-id=\"8963199\" data-element_type=\"widget\" data-widget_type=\"heading.default\">\n\t\t\t\t<div class=\"elementor-widget-container\">\n\t\t\t<h2 class=\"elementor-heading-title elementor-size-default\">Libro de Reclamaciones P\u00fablico<\/h2>\t\t<\/div>\n\t\t\t\t<\/div>\n\t\t\t\t<div class=\"elementor-element elementor-element-4cac68f none elementor-widget elementor-widget-text-editor\" data-id=\"4cac68f\" data-element_type=\"widget\" data-widget_type=\"text-editor.default\">\n\t\t\t\t<div class=\"elementor-widget-container\">\n\t\t\t\t\t\t\t\t<div class=\"elementor-text-editor elementor-clearfix\">\n\t\t\t\t<p>De acuerdo a lo establecido en el c\u00f3digo de Protecci\u00f3n y Defensa del consumidor contamos con un Libro de Reclamaciones a tu disposici\u00f3n. Selecciona el establecimiento donde ocurri\u00f3 el evento y escriba su queja o reclamo especificando el producto que le afect\u00f3 y el motivo del mismo.<\/p><p><strong>Raz\u00f3n Social:<\/strong> AGROENSANCHA S.R.L.<br \/><strong>RUC:<\/strong> 20482089594<br \/><strong>Direcci\u00f3n Fiscal:<\/strong> Calle Jos\u00e9 Mart\u00ed 2184, La Esperanza, Trujillo La Libertad &#8211; Per\u00fa<\/p>\t\t\t\t\t<\/div>\n\t\t\t\t\t\t<\/div>\n\t\t\t\t<\/div>\n\t\t\t\t\t\t<\/div>\n\t\t\t\t\t<\/div>\n\t\t<\/div>\n\t\t\t\t\t\t\t\t<\/div>\n\t\t\t\t\t<\/div>\n\t\t<\/section>\n\t\t\t\t<section class=\"elementor-section elementor-top-section elementor-element elementor-element-fcafbbc elementor-section-boxed elementor-section-height-default elementor-section-height-default none\" data-id=\"fcafbbc\" data-element_type=\"section\">\n\t\t\t\t\t\t<div class=\"elementor-container elementor-column-gap-default\">\n\t\t\t\t\t\t\t<div class=\"elementor-row\">\n\t\t\t\t\t<div class=\"elementor-column elementor-col-100 elementor-top-column elementor-element elementor-element-a3c58a7 none\" data-id=\"a3c58a7\" data-element_type=\"column\">\n\t\t\t<div class=\"elementor-column-wrap elementor-element-populated\">\n\t\t\t\t\t\t\t<div class=\"elementor-widget-wrap\">\n\t\t\t\t\t\t<div class=\"elementor-element elementor-element-bbebae8 none elementor-widget elementor-widget-spacer\" data-id=\"bbebae8\" data-element_type=\"widget\" data-widget_type=\"spacer.default\">\n\t\t\t\t<div class=\"elementor-widget-container\">\n\t\t\t\t\t<div class=\"elementor-spacer\">\n\t\t\t<div class=\"elementor-spacer-inner\"><\/div>\n\t\t<\/div>\n\t\t\t\t<\/div>\n\t\t\t\t<\/div>\n\t\t\t\t\t\t<\/div>\n\t\t\t\t\t<\/div>\n\t\t<\/div>\n\t\t\t\t\t\t\t\t<\/div>\n\t\t\t\t\t<\/div>\n\t\t<\/section>\n\t\t\t\t<section class=\"elementor-section elementor-top-section elementor-element elementor-element-4a93177 elementor-section-boxed elementor-section-height-default elementor-section-height-default none\" data-id=\"4a93177\" data-element_type=\"section\">\n\t\t\t\t\t\t<div class=\"elementor-container elementor-column-gap-default\">\n\t\t\t\t\t\t\t<div class=\"elementor-row\">\n\t\t\t\t\t<div class=\"elementor-column elementor-col-100 elementor-top-column elementor-element elementor-element-2dcec8c none\" data-id=\"2dcec8c\" data-element_type=\"column\">\n\t\t\t<div class=\"elementor-column-wrap elementor-element-populated\">\n\t\t\t\t\t\t\t<div class=\"elementor-widget-wrap\">\n\t\t\t\t\t\t<div class=\"elementor-element elementor-element-761f5b9 none elementor-widget elementor-widget-shortcode\" data-id=\"761f5b9\" data-element_type=\"widget\" data-widget_type=\"shortcode.default\">\n\t\t\t\t<div class=\"elementor-widget-container\">\n\t\t\t\t\t<div class=\"elementor-shortcode\">\n        <div class=\"wrapper claim-wong center\">\n            <div class=\"content\">\n        <section class = \"libro-content\"><form id=\"rt_form_libro\" action=\"\" method=\"post\" data-trp-original-action=\"\">\n        <div id=\"responsive-form\" class=\"clearfix\">\n            <div class=\"form-row-libro\">\n                <div class=\"column-full\"><h2 class=\"title\">Complaining Consumer Identification \n                <b class=\"alert\" style=\"font-size: 10px\">* Required data<\/b><\/h2> <\/div>\n            <\/div>\n            <div class=\"form-row-libro\">\n                <div class=\"column-half\">Name <b class=\"alert\">*<\/b>\n                    <input type=\"text\" name=\"nombres\" value=\"\" size=\"40\" class=\"required\" placeholder=\"Name\" >\n                <\/div>\n                <div class=\"column-half\">First Lastname <b class=\"alert\">*<\/b>\n                    <input type=\"text\" name=\"paterno\" value=\"\" size=\"40\" class=\"required\" placeholder=\"First Lastname\" >\n                <\/div>\n                <div class=\"column-half\">Second Lastname <b class=\"alert\">*<\/b>\n                    <input type=\"text\" name=\"materno\" value=\"\" size=\"40\" class=\"required\" placeholder=\"Second Lastname\" >\n                <\/div>\n            <\/div>\n            <div class=\"form-row-libro\">\n                <div class=\"column-half\">Type of documentation <b class=\"alert\">*<\/b>\n                    <select id=\"tipo_doc\" name=\"tipo_doc\" tabindex=\"-1\" aria-hidden=\"true\" class=\"required\" >\n                        <option value=\"\">Select of documentation<\/option>\n                        <option value=\"1\">DNI<\/option>\n                        <option value=\"2\">CE<\/option>\n                        <option value=\"3\">Passport<\/option>\n                        <option value=\"4\">RUC<\/option>\n                    <\/select>\n                <\/div>\n                <div class=\"column-half\">Documentation number <b class=\"alert\">*<\/b>\n                    <input type=\"text\" name=\"nro_doc\" value=\"\" size=\"40\" placeholder=\"Documentation number \" class=\"required\" >\n                <\/div>\n                <div class=\"column-half\">Celphone <b class=\"alert\">*<\/b>\n                    <input type=\"text\" name=\"cel\" value=\"\" size=\"40\" placeholder=\"Documentation number\" class=\"required\" >\n                <\/div>\n            <\/div>\n            <div class=\"form-row-libro\">\n                <div class=\"column-half\">Department <b class=\"alert\">*<\/b>\n                    <select id=\"dep\" name=\"dep\" tabindex=\"-1\" aria-hidden=\"true\" class=\"required\" >\n                        <option value=\"\">Select of department<\/option><option value=\"1\">AMAZONAS<\/option><option value=\"2\">ANCASH<\/option><option value=\"3\">APURIMAC<\/option><option value=\"4\">AREQUIPA<\/option><option value=\"5\">AYACUCHO<\/option><option value=\"6\">CAJAMARCA<\/option><option value=\"7\">CALLAO<\/option><option value=\"8\">CUSCO<\/option><option value=\"9\">HUANCAVELICA<\/option><option value=\"10\">HUANUCO<\/option><option value=\"11\">ICA<\/option><option value=\"12\">JUNIN<\/option><option value=\"13\">LA LIBERTAD<\/option><option value=\"14\">LAMBAYEQUE<\/option><option value=\"15\">LIMA<\/option><option value=\"16\">LORETO<\/option><option value=\"17\">MADRE DE DIOS<\/option><option value=\"18\">MOQUEGUA<\/option><option value=\"19\">PASCO<\/option><option value=\"20\">PIURA<\/option><option value=\"21\">PUNO<\/option><option value=\"22\">SAN MARTIN<\/option><option value=\"23\">TACNA<\/option><option value=\"24\">TUMBES<\/option><option value=\"25\">UCAYALI<\/option> <\/select>\n                <\/div>\n                <div class=\"column-half\">Province <b class=\"alert\">*<\/b>\n                    <select id=\"prov\" name=\"prov\" tabindex=\"-1\" aria-hidden=\"true\" class=\"required\">\n                        <option value=\"\">Select of province<\/option>\n                    <\/select>\n                <\/div>\n                <div class=\"column-half\"> District <b class=\"alert\">*<\/b>\n                    <select id=\"dist\" name=\"dist\" tabindex=\"-1\" aria-hidden=\"true\" class=\"required\" >\n                        <option value=\"\">Select of district<\/option>\n                    <\/select>\n                <\/div>\n            <\/div>\n            <div class=\"form-row-libro\">\n                <div class=\"column-half\">Address <b class=\"alert\">*<\/b>\n                    <input type=\"text\" name=\"direccion\" value=\"\" size=\"40\" placeholder=\"Address\" class=\"required\" >\n                <\/div>\n                 <div class=\"column-half\">Reference\n                    <input type=\"text\" name=\"referencia\" value=\"\" size=\"40\" id=\"referencia\" placeholder=\"Reference\" >\n                <\/div>\n                 <div class=\"column-half\">Email <b class=\"alert\">*<\/b>\n                    <input type=\"text\" name=\"correo\" value=\"\" size=\"40\" placeholder=\"Email\"  class=\"required\">\n                <\/div>\n            <\/div>\n            <div class=\"form-row-libro\">\n            <div class=\"column-full\" style=\"text-align: center;\"><br><\/div>\n            <\/div>\n            <div class=\"form-row-libro\">\n                <div class=\"column-half\"> Are you a minor?\n                <\/div>\n                <div class=\"column-half\">Yes\n                    <input type=\"radio\" id=\"si\" class=\"edad\" name=\"flag_menor\"  value=\"1\">\n                <\/div>\n                <div class=\"column-half\">No\n                    <input type=\"radio\" id=\"no\" class=\"edad\" name=\"flag_menor\" value=\"0\">\n                <\/div>\n            <\/div>\n            <div class=\"form-row-libro\" id=\"title_tutor\" style=\"display: none;\" >\n                <div class=\"column-full\" style=\"text-align: center;\"><h2 class=\"title\">Father \/ Mother \/ Tutor<\/h2> <\/div>\n            <\/div>\n            <div class=\"form-row-libro\" id=\"datos_tutor\" style=\"display: none;\" >\n                <div class=\"column-two\">Name \n                    <input type=\"text\" name=\"nombre_tutor\" value=\"\" size=\"40\" placeholder=\"Name \" >\n                <\/div>\n                <div class=\"column-two\">Email \n                    <input type=\"text\" name=\"correo_tutor\" value=\"\" size=\"40\" placeholder=\"Email \" >\n                <\/div>\n            <\/div>\n            <div class=\"form-row-libro\" id=\"doc_tutor\" style=\"display: none;\" >\n                <div class=\"column-two\">Type of documentation \n                    <select id=\"tipo_doc_tutor\" name=\"tipo_doc_tutor\" tabindex=\"-1\" aria-hidden=\"true\" >\n                        <option value=\"\">Select of documetation<\/option>\n                        <option value=\"1\">DNI<\/option>\n                        <option value=\"2\">CE<\/option>\n                        <option value=\"3\">Passport<\/option>\n                        <option value=\"4\">RUC<\/option>\n                    <\/select>\n                <\/div>\n                <div class=\"column-two\">Number of document \n                    <input type=\"text\" name=\"nro_doc_tutor\" value=\"\" size=\"40\" placeholder=\"Number of document\" >\n                <\/div>\n            <\/div>\n            <div class=\"form-row-libro\">\n            <div class=\"column-full\" style=\"text-align: center;\"><br><\/div>\n            <\/div>\n            <div class=\"form-row-libro\">\n                <div class=\"column-full\"><h2 class=\"title\"> Detail of the Claim and Consumer Order <b class=\"alert\" style=\"font-size: 9px\">* Required data <\/b><\/h2><\/div>\n            <\/div>\n            <div class=\"form-row-libro\">\n                <div class=\"column-half\">Claim Type <b class=\"alert\">*<\/b>\n                    <select id=\"tipo_reclamo\" name=\"tipo_reclamo\" tabindex=\"-1\" aria-hidden=\"true\" class=\"required\">\n                        <option value=\"\">Claim Type<\/option>\n                        <option value=\"1\">Claim (1)<\/option>\n                        <option value=\"2\">Complain(2)<\/option>\n                    <\/select>\n                <\/div>\n                <div class=\"column-half\">Type of consumption <b class=\"alert\">*<\/b>\n                    <select id=\"tipo_consumo\" name=\"tipo_consumo\" tabindex=\"-1\" aria-hidden=\"true\" class=\"required\">\n                        <option value=\"\">Type of consumption<\/option>\n                        <option value=\"1\">Product<\/option>\n                        <option value=\"2\">Service<\/option>\n                    <\/select>\n                <\/div>\n                <div class=\"column-half\">Order No. <b class=\"alert\">*<\/b>\n                    <input type=\"text\" name=\"nro_pedido\" value=\"\" size=\"40\" placeholder=\"N\u00ba Pedido\" class=\"required\">\n                <\/div>\n            <\/div>\n            <div class=\"form-row-libro\">\n                <div class=\"column-half\">Claim \/ complaint date\n                    <input type=\"text\" name=\"fch_reclamo\" value=\"16\/04\/2026\" size=\"40\" readonly>\n                <\/div>\n                <div class=\"column-half\">Provider\n                    <input type=\"text\" name=\"proveedor\" value=\"\" size=\"40\" placeholder=\"Provider\" >\n                <\/div>\n                <div class=\"column-half\">Reclaimed amount (S\/.) \n                    <input type=\"text\" name=\"monto_reclamado\" value=\"\" size=\"40\" placeholder=\"Reclaimed amount\" >\n                <\/div>\n            <\/div>\n            <div class=\"form-row-libro\">\n                <div class=\"column-full\" style=\"text-align: center;\">\n                    Description of the product or service <b class=\"alert\">*<\/b>\n                    <textarea name=\"descripcion\" class=\"required\"><\/textarea>\n                <\/div>\n            <\/div>\n            <div class=\"form-row-libro\">\n                <div class=\"column-half\">Date of purchase\n                    <input type=\"date\" name=\"fch_compra\" value=\"\" size=\"40\" placeholder=\"00\/00\/0000\" >\n                <\/div>\n                <div class=\"column-half\">Date of Consumption\n                    <input type=\"date\" name=\"fch_consumo\" value=\"\" size=\"40\" placeholder=\"00\/00\/0000\" >\n                <\/div>\n                <div class=\"column-half\">Expiration date\n                    <input type=\"date\" name=\"fch_vencimiento\" value=\"\" size=\"40\" placeholder=\"00\/00\/0000\" >\n                <\/div>\n            <\/div>\n            <div class=\"form-row-libro\">\n                <div class=\"column-full\" style=\"text-align: center;\">\n                   Detail of the Claim \/ Complaint, as indicated by the client: <b class=\"alert\">*<\/b>\n                    <textarea name=\"detalle_reclamo\" class=\"required\" ><\/textarea>\n                <\/div>\n            <\/div>\n            <div class=\"form-row-libro\">\n                <div class=\"column-full\" style=\"text-align: center;\">\n                    Client order: <b class=\"alert\">*<\/b>\n                    <textarea name=\"pedido_cliente\"  class=\"required\"><\/textarea>\n                <\/div>\n            <\/div>\n            <div class=\"form-row-libro\">\n                <div class=\"column-full\" style=\"\">\n                   <b class=\"alert\">(1)<\/b>  <strong style=\"color:#333333\">Claim:<strong><i style=\"color:#7d7d7d\"> Disagreement related to products and \/ or services.<\/i><br>\n                   <b class=\"alert\">(2)<\/b>  <strong style=\"color:#333333\">Complain:<strong><i style=\"color:#7d7d7d\">Disagreement not related to products and \/ or services; or, discomfort or dissatisfaction with the attention to the public. <\/i><br>\n                <\/div>\n            <\/div>\n            <div class=\"form-row-libro\">\n                <div class=\"column-full\">\n                <input type=\"checkbox\" name=\"acepto\" value=\"1\">\n                    I declare that I am the owner of the service and I accept the content of this form by stating under an Affidavit the veracity of the facts described.\n                <\/div>\n                \n            <\/div>\n            <div class=\"form-row-libro\">\n                <div class=\"column-full\">\n                    <input type=\"checkbox\" name=\"politica\" value=\"1\">\n                    <a href=\"https:\/\/ecovalle.pe\/en\/terminos-y-condiciones\/\" target=\"_black\">I have read and accept the Privacy and Security Policy and the Cookies Policy.<\/a>\n                <\/div>\n            <\/div>\n\t\t\t<div id=\"leyendalibro\" class=\"form-row-libro\"> \n\t\t\t\t<div class=\"column-full\"> \n \t \t\t\t\t<ul> \n\t\t\t\t\t\t<li>The formulation of the claim does not preclude resorting to other means of dispute resolution nor is it a prerequisite for filing a complaint with Indecopi.<\/li> \n\t\t\t\t\t\t<li>The provider must respond to the claim within a period of no more than thirty (30) calendar days, being able to extend the period up to thirty days.<\/li> \n\t\t\t\t\t\t<li>By signing this document, the client authorizes to be contacted after the claim has been dealt with in order to evaluate the quality and satisfaction with the claims service process.<\/li> \n \t \t\t\t\t<\/ul> \n\t\t\t\t<\/div> \n\t\t\t<\/div>\n            <div class=\"form-row-libro\">\n                <div class=\"column-full\" style=\"text-align: center;\">\n                    <input type=\"submit\" id=\"guardar_libro_reclamacion\" name=\"guardar_libro_reclamacion\" value=\"Send\">\n                <\/div>\n            <\/div>\n        <\/div>\n    <input type=\"hidden\" name=\"trp-form-language\" value=\"en\"\/><\/form><\/section><\/div><\/div><\/div>\n\t\t\t\t<\/div>\n\t\t\t\t<\/div>\n\t\t\t\t\t\t<\/div>\n\t\t\t\t\t<\/div>\n\t\t<\/div>\n\t\t\t\t\t\t\t\t<\/div>\n\t\t\t\t\t<\/div>\n\t\t<\/section>\n\t\t\t\t\t\t\t\t\t<\/div>\n\t\t\t<\/div>\n\t\t\t\t\t<\/div>","protected":false},"excerpt":{"rendered":"<p>Libro de Reclamaciones P\u00fablico De acuerdo a lo establecido en el c\u00f3digo de Protecci\u00f3n y Defensa del consumidor contamos con un Libro de Reclamaciones a tu disposici\u00f3n. Selecciona el establecimiento donde ocurri\u00f3 el evento y escriba su queja o reclamo especificando el producto que le afect\u00f3 y el motivo del mismo. Raz\u00f3n Social: AGROENSANCHA S.R.L.RUC: [&hellip;]<\/p>","protected":false},"author":1,"featured_media":0,"parent":0,"menu_order":0,"comment_status":"closed","ping_status":"closed","template":"elementor_header_footer","meta":{"inline_featured_image":false,"_joinchat":[],"footnotes":""},"class_list":["post-8500","page","type-page","status-publish","hentry"],"yoast_head":"<!-- This site is optimized with the Yoast SEO plugin v23.9 - https:\/\/yoast.com\/wordpress\/plugins\/seo\/ -->\n<title>Libro de Reclamaciones - EcoValle<\/title>\n<meta name=\"robots\" content=\"index, follow, max-snippet:-1, max-image-preview:large, max-video-preview:-1\" \/>\n<link rel=\"canonical\" href=\"https:\/\/ecovalle.pe\/en\/libro-de-reclamaciones\/\" \/>\n<meta property=\"og:locale\" content=\"en_US\" \/>\n<meta property=\"og:type\" content=\"article\" \/>\n<meta property=\"og:title\" content=\"Libro de Reclamaciones - EcoValle\" \/>\n<meta property=\"og:description\" content=\"Libro de Reclamaciones P\u00fablico De acuerdo a lo establecido en el c\u00f3digo de Protecci\u00f3n y Defensa del consumidor contamos con un Libro de Reclamaciones a tu disposici\u00f3n. Selecciona el establecimiento donde ocurri\u00f3 el evento y escriba su queja o reclamo especificando el producto que le afect\u00f3 y el motivo del mismo. Raz\u00f3n Social: AGROENSANCHA S.R.L.RUC: [&hellip;]\" \/>\n<meta property=\"og:url\" content=\"https:\/\/ecovalle.pe\/en\/libro-de-reclamaciones\/\" \/>\n<meta property=\"og:site_name\" content=\"EcoValle\" \/>\n<meta property=\"article:modified_time\" content=\"2022-09-12T10:52:00+00:00\" \/>\n<meta name=\"twitter:card\" content=\"summary_large_image\" \/>\n<meta name=\"twitter:label1\" content=\"Est. reading time\" \/>\n\t<meta name=\"twitter:data1\" content=\"1 minute\" \/>\n<script type=\"application\/ld+json\" class=\"yoast-schema-graph\">{\"@context\":\"https:\/\/schema.org\",\"@graph\":[{\"@type\":\"WebPage\",\"@id\":\"https:\/\/ecovalle.pe\/libro-de-reclamaciones\/\",\"url\":\"https:\/\/ecovalle.pe\/libro-de-reclamaciones\/\",\"name\":\"Libro de Reclamaciones - EcoValle\",\"isPartOf\":{\"@id\":\"https:\/\/ecovalle.pe\/#website\"},\"datePublished\":\"2022-08-19T10:27:55+00:00\",\"dateModified\":\"2022-09-12T10:52:00+00:00\",\"breadcrumb\":{\"@id\":\"https:\/\/ecovalle.pe\/libro-de-reclamaciones\/#breadcrumb\"},\"inLanguage\":\"en-US\",\"potentialAction\":[{\"@type\":\"ReadAction\",\"target\":[\"https:\/\/ecovalle.pe\/libro-de-reclamaciones\/\"]}]},{\"@type\":\"BreadcrumbList\",\"@id\":\"https:\/\/ecovalle.pe\/libro-de-reclamaciones\/#breadcrumb\",\"itemListElement\":[{\"@type\":\"ListItem\",\"position\":1,\"name\":\"Portada\",\"item\":\"https:\/\/ecovalle.pe\/\"},{\"@type\":\"ListItem\",\"position\":2,\"name\":\"Libro de Reclamaciones\"}]},{\"@type\":\"WebSite\",\"@id\":\"https:\/\/ecovalle.pe\/#website\",\"url\":\"https:\/\/ecovalle.pe\/\",\"name\":\"EcoValle\",\"description\":\"Somos una 1 empresa agroindustrial con m\u00e1s de 10 a\u00f1os de experiencia en el rubro de alimentos funcionales. Todos nuestros productos pasan por un estricto proceso de producci\u00f3n y control de calidad, utilizando los m\u00e1s altos est\u00e1ndares de calidad con certificaci\u00f3n internacional.\",\"potentialAction\":[{\"@type\":\"SearchAction\",\"target\":{\"@type\":\"EntryPoint\",\"urlTemplate\":\"https:\/\/ecovalle.pe\/?s={search_term_string}\"},\"query-input\":{\"@type\":\"PropertyValueSpecification\",\"valueRequired\":true,\"valueName\":\"search_term_string\"}}],\"inLanguage\":\"en-US\"}]}<\/script>\n<!-- \/ Yoast SEO plugin. -->","yoast_head_json":{"title":"Libro de Reclamaciones - EcoValle","robots":{"index":"index","follow":"follow","max-snippet":"max-snippet:-1","max-image-preview":"max-image-preview:large","max-video-preview":"max-video-preview:-1"},"canonical":"https:\/\/ecovalle.pe\/en\/libro-de-reclamaciones\/","og_locale":"en_US","og_type":"article","og_title":"Libro de Reclamaciones - EcoValle","og_description":"Libro de Reclamaciones P\u00fablico De acuerdo a lo establecido en el c\u00f3digo de Protecci\u00f3n y Defensa del consumidor contamos con un Libro de Reclamaciones a tu disposici\u00f3n. Selecciona el establecimiento donde ocurri\u00f3 el evento y escriba su queja o reclamo especificando el producto que le afect\u00f3 y el motivo del mismo. Raz\u00f3n Social: AGROENSANCHA S.R.L.RUC: [&hellip;]","og_url":"https:\/\/ecovalle.pe\/en\/libro-de-reclamaciones\/","og_site_name":"EcoValle","article_modified_time":"2022-09-12T10:52:00+00:00","twitter_card":"summary_large_image","twitter_misc":{"Est. reading time":"1 minute"},"schema":{"@context":"https:\/\/schema.org","@graph":[{"@type":"WebPage","@id":"https:\/\/ecovalle.pe\/libro-de-reclamaciones\/","url":"https:\/\/ecovalle.pe\/libro-de-reclamaciones\/","name":"Libro de Reclamaciones - EcoValle","isPartOf":{"@id":"https:\/\/ecovalle.pe\/#website"},"datePublished":"2022-08-19T10:27:55+00:00","dateModified":"2022-09-12T10:52:00+00:00","breadcrumb":{"@id":"https:\/\/ecovalle.pe\/libro-de-reclamaciones\/#breadcrumb"},"inLanguage":"en-US","potentialAction":[{"@type":"ReadAction","target":["https:\/\/ecovalle.pe\/libro-de-reclamaciones\/"]}]},{"@type":"BreadcrumbList","@id":"https:\/\/ecovalle.pe\/libro-de-reclamaciones\/#breadcrumb","itemListElement":[{"@type":"ListItem","position":1,"name":"Portada","item":"https:\/\/ecovalle.pe\/"},{"@type":"ListItem","position":2,"name":"Libro de Reclamaciones"}]},{"@type":"WebSite","@id":"https:\/\/ecovalle.pe\/#website","url":"https:\/\/ecovalle.pe\/","name":"EcoValle","description":"Somos una 1 empresa agroindustrial con m\u00e1s de 10 a\u00f1os de experiencia en el rubro de alimentos funcionales. Todos nuestros productos pasan por un estricto proceso de producci\u00f3n y control de calidad, utilizando los m\u00e1s altos est\u00e1ndares de calidad con certificaci\u00f3n internacional.","potentialAction":[{"@type":"SearchAction","target":{"@type":"EntryPoint","urlTemplate":"https:\/\/ecovalle.pe\/?s={search_term_string}"},"query-input":{"@type":"PropertyValueSpecification","valueRequired":true,"valueName":"search_term_string"}}],"inLanguage":"en-US"}]}},"_links":{"self":[{"href":"https:\/\/ecovalle.pe\/en\/wp-json\/wp\/v2\/pages\/8500","targetHints":{"allow":["GET"]}}],"collection":[{"href":"https:\/\/ecovalle.pe\/en\/wp-json\/wp\/v2\/pages"}],"about":[{"href":"https:\/\/ecovalle.pe\/en\/wp-json\/wp\/v2\/types\/page"}],"author":[{"embeddable":true,"href":"https:\/\/ecovalle.pe\/en\/wp-json\/wp\/v2\/users\/1"}],"replies":[{"embeddable":true,"href":"https:\/\/ecovalle.pe\/en\/wp-json\/wp\/v2\/comments?post=8500"}],"version-history":[{"count":51,"href":"https:\/\/ecovalle.pe\/en\/wp-json\/wp\/v2\/pages\/8500\/revisions"}],"predecessor-version":[{"id":10698,"href":"https:\/\/ecovalle.pe\/en\/wp-json\/wp\/v2\/pages\/8500\/revisions\/10698"}],"wp:attachment":[{"href":"https:\/\/ecovalle.pe\/en\/wp-json\/wp\/v2\/media?parent=8500"}],"curies":[{"name":"wp","href":"https:\/\/api.w.org\/{rel}","templated":true}]}}