{"id":11066,"date":"2022-10-21T14:37:23","date_gmt":"2022-10-21T19:37:23","guid":{"rendered":"https:\/\/ecovalle.pe\/?post_type=product&#038;p=11066"},"modified":"2025-05-29T00:00:03","modified_gmt":"2025-05-29T05:00:03","slug":"vinagre-sidra-de-manzana-c-cultivo-madre-x-500ml","status":"publish","type":"product","link":"https:\/\/ecovalle.pe\/en\/product\/vinagre-sidra-de-manzana-c-cultivo-madre-x-500ml\/","title":{"rendered":"Vinagre sidra de Manzana c\/cultivo madre x 500mL"},"content":{"rendered":"<p style=\"font-weight: 400;\"><span style=\"font-weight: 400;\">El vinagre de sidra de manzana EcoValle, es obtenido de frutos seleccionados y debidamente procesados. Es recomendado para personas con niveles de triglic\u00e9ridos y glucosa elevados, adem\u00e1s, disminuye grasas ayudando a la reducci\u00f3n de peso.<\/span><\/p>\n<p style=\"font-weight: 400;\"><span style=\"color: #02793c;\"><b><strong>COMPOSICI\u00d3N<\/strong><\/b><\/span><\/p>\n<ul style=\"font-weight: 400;\">\n<li><strong>Nombre com\u00fan:<\/strong> Manzana<\/li>\n<li><strong>Nombre cient\u00edfico: <b><i>Malus domestica<\/i><\/b><b> Borkh.<\/b><\/strong><\/li>\n<li><strong>Parte utilizada:<\/strong> <span style=\"font-weight: 400;\">Fruto<\/span><\/li>\n<\/ul>\n<p style=\"font-weight: 400;\"><span style=\"color: #02793c;\"><b><strong>BENEFICIOS<\/strong><\/b><\/span><\/p>\n<ul style=\"font-weight: 400;\">\n<li style=\"font-weight: 400;\" aria-level=\"1\"><span style=\"font-weight: 400;\">Contribuye a la p\u00e9rdida de peso.<\/span><\/li>\n<li style=\"font-weight: 400;\" aria-level=\"1\"><span style=\"font-weight: 400;\">Regula el colesterol y triglic\u00e9ridos en sangre.<\/span><\/li>\n<li style=\"font-weight: 400;\" aria-level=\"1\"><span style=\"font-weight: 400;\">Disminuye los niveles de glucosa.<\/span><\/li>\n<li style=\"font-weight: 400;\" aria-level=\"1\"><span style=\"font-weight: 400;\">Ayuda a disminuir la absorci\u00f3n de grasas.<\/span><\/li>\n<li style=\"font-weight: 400;\" aria-level=\"1\"><span style=\"font-weight: 400;\">Mejora la digesti\u00f3n.<\/span><\/li>\n<li style=\"font-weight: 400;\" aria-level=\"1\"><span style=\"font-weight: 400;\">Mejora el tr\u00e1nsito intestinal. <\/span><\/li>\n<\/ul>\n<p style=\"font-weight: 400;\"><b><strong><span style=\"color: #02793c;\">\u00bfSAB\u00cdAS QU\u00c9?<\/span><br \/>\n<\/strong><\/b><span style=\"font-weight: 400;\">\u00a0El vinagre de manzana da sensaci\u00f3n de saciedad, ayudando en la p\u00e9rdida de peso saludablemente.<\/span><\/p>","protected":false},"excerpt":{"rendered":"<ul>\n<li style=\"font-weight: 400;\" aria-level=\"1\"><span style=\"font-weight: 400;\">100% sidra de manzana.<\/span><\/li>\n<li style=\"font-weight: 400;\" aria-level=\"1\"><span style=\"font-weight: 400;\">Regulador de pH.<\/span><\/li>\n<li>Con cultivo Madre<\/li>\n<\/ul>","protected":false},"featured_media":11083,"comment_status":"open","ping_status":"closed","template":"","meta":{"inline_featured_image":false,"_joinchat":[]},"product_cat":[164],"product_tag":[255,253,254],"class_list":{"0":"post-11066","1":"product","2":"type-product","3":"status-publish","4":"has-post-thumbnail","6":"product_cat-control-peso","7":"product_tag-adelgazante","8":"product_tag-control-de-grasas","9":"product_tag-regulador-de-glucosa","11":"first","12":"instock","13":"shipping-taxable","14":"purchasable","15":"product-type-simple"},"yoast_head":"<!-- This site is optimized with the Yoast SEO plugin v23.9 - https:\/\/yoast.com\/wordpress\/plugins\/seo\/ -->\n<title>Vinagre sidra de Manzana c\/cultivo madre x 500mL - EcoValle<\/title>\n<meta name=\"robots\" content=\"index, follow, max-snippet:-1, max-image-preview:large, max-video-preview:-1\" \/>\n<link rel=\"canonical\" href=\"https:\/\/ecovalle.pe\/en\/product\/vinagre-sidra-de-manzana-c-cultivo-madre-x-500ml\/\" \/>\n<meta property=\"og:locale\" content=\"en_US\" \/>\n<meta property=\"og:type\" content=\"article\" \/>\n<meta property=\"og:title\" content=\"Vinagre sidra de Manzana c\/cultivo madre x 500mL - EcoValle\" \/>\n<meta property=\"og:description\" content=\"100% sidra de manzana.  Regulador de pH.  Con cultivo Madre\" \/>\n<meta property=\"og:url\" content=\"https:\/\/ecovalle.pe\/en\/product\/vinagre-sidra-de-manzana-c-cultivo-madre-x-500ml\/\" \/>\n<meta property=\"og:site_name\" content=\"EcoValle\" \/>\n<meta property=\"article:modified_time\" content=\"2025-05-29T05:00:03+00:00\" \/>\n<meta property=\"og:image\" content=\"https:\/\/ecovalle.pe\/wp-content\/uploads\/2022\/10\/VINAGRE-DE-SIDRA-DE-MANZANA-500-ML_02-1.jpg\" \/>\n\t<meta property=\"og:image:width\" content=\"800\" \/>\n\t<meta property=\"og:image:height\" content=\"800\" \/>\n\t<meta property=\"og:image:type\" content=\"image\/jpeg\" \/>\n<meta name=\"twitter:card\" content=\"summary_large_image\" \/>\n<meta name=\"twitter:label1\" content=\"Est. reading time\" \/>\n\t<meta name=\"twitter:data1\" content=\"1 minute\" \/>\n<script type=\"application\/ld+json\" class=\"yoast-schema-graph\">{\"@context\":\"https:\/\/schema.org\",\"@graph\":[{\"@type\":\"WebPage\",\"@id\":\"https:\/\/ecovalle.pe\/product\/vinagre-sidra-de-manzana-c-cultivo-madre-x-500ml\/\",\"url\":\"https:\/\/ecovalle.pe\/product\/vinagre-sidra-de-manzana-c-cultivo-madre-x-500ml\/\",\"name\":\"Vinagre sidra de Manzana c\/cultivo madre x 500mL - EcoValle\",\"isPartOf\":{\"@id\":\"https:\/\/ecovalle.pe\/#website\"},\"primaryImageOfPage\":{\"@id\":\"https:\/\/ecovalle.pe\/product\/vinagre-sidra-de-manzana-c-cultivo-madre-x-500ml\/#primaryimage\"},\"image\":{\"@id\":\"https:\/\/ecovalle.pe\/product\/vinagre-sidra-de-manzana-c-cultivo-madre-x-500ml\/#primaryimage\"},\"thumbnailUrl\":\"https:\/\/ecovalle.pe\/wp-content\/uploads\/2022\/10\/VINAGRE-DE-SIDRA-DE-MANZANA-500-ML_02-1.jpg\",\"datePublished\":\"2022-10-21T19:37:23+00:00\",\"dateModified\":\"2025-05-29T05:00:03+00:00\",\"breadcrumb\":{\"@id\":\"https:\/\/ecovalle.pe\/product\/vinagre-sidra-de-manzana-c-cultivo-madre-x-500ml\/#breadcrumb\"},\"inLanguage\":\"en-US\",\"potentialAction\":[{\"@type\":\"ReadAction\",\"target\":[\"https:\/\/ecovalle.pe\/product\/vinagre-sidra-de-manzana-c-cultivo-madre-x-500ml\/\"]}]},{\"@type\":\"ImageObject\",\"inLanguage\":\"en-US\",\"@id\":\"https:\/\/ecovalle.pe\/product\/vinagre-sidra-de-manzana-c-cultivo-madre-x-500ml\/#primaryimage\",\"url\":\"https:\/\/ecovalle.pe\/wp-content\/uploads\/2022\/10\/VINAGRE-DE-SIDRA-DE-MANZANA-500-ML_02-1.jpg\",\"contentUrl\":\"https:\/\/ecovalle.pe\/wp-content\/uploads\/2022\/10\/VINAGRE-DE-SIDRA-DE-MANZANA-500-ML_02-1.jpg\",\"width\":800,\"height\":800},{\"@type\":\"BreadcrumbList\",\"@id\":\"https:\/\/ecovalle.pe\/product\/vinagre-sidra-de-manzana-c-cultivo-madre-x-500ml\/#breadcrumb\",\"itemListElement\":[{\"@type\":\"ListItem\",\"position\":1,\"name\":\"Portada\",\"item\":\"https:\/\/ecovalle.pe\/\"},{\"@type\":\"ListItem\",\"position\":2,\"name\":\"Tienda\",\"item\":\"https:\/\/ecovalle.pe\/shop\/\"},{\"@type\":\"ListItem\",\"position\":3,\"name\":\"Vinagre sidra de Manzana c\/cultivo madre x 500mL\"}]},{\"@type\":\"WebSite\",\"@id\":\"https:\/\/ecovalle.pe\/#website\",\"url\":\"https:\/\/ecovalle.pe\/\",\"name\":\"EcoValle\",\"description\":\"Somos una 1 empresa agroindustrial con m\u00e1s de 10 a\u00f1os de experiencia en el rubro de alimentos funcionales. Todos nuestros productos pasan por un estricto proceso de producci\u00f3n y control de calidad, utilizando los m\u00e1s altos est\u00e1ndares de calidad con certificaci\u00f3n internacional.\",\"potentialAction\":[{\"@type\":\"SearchAction\",\"target\":{\"@type\":\"EntryPoint\",\"urlTemplate\":\"https:\/\/ecovalle.pe\/?s={search_term_string}\"},\"query-input\":{\"@type\":\"PropertyValueSpecification\",\"valueRequired\":true,\"valueName\":\"search_term_string\"}}],\"inLanguage\":\"en-US\"}]}<\/script>\n<!-- \/ Yoast SEO plugin. -->","yoast_head_json":{"title":"Vinagre sidra de Manzana c\/cultivo madre x 500mL - EcoValle","robots":{"index":"index","follow":"follow","max-snippet":"max-snippet:-1","max-image-preview":"max-image-preview:large","max-video-preview":"max-video-preview:-1"},"canonical":"https:\/\/ecovalle.pe\/en\/product\/vinagre-sidra-de-manzana-c-cultivo-madre-x-500ml\/","og_locale":"en_US","og_type":"article","og_title":"Vinagre sidra de Manzana c\/cultivo madre x 500mL - EcoValle","og_description":"100% sidra de manzana.  Regulador de pH.  Con cultivo Madre","og_url":"https:\/\/ecovalle.pe\/en\/product\/vinagre-sidra-de-manzana-c-cultivo-madre-x-500ml\/","og_site_name":"EcoValle","article_modified_time":"2025-05-29T05:00:03+00:00","og_image":[{"width":800,"height":800,"url":"https:\/\/ecovalle.pe\/wp-content\/uploads\/2022\/10\/VINAGRE-DE-SIDRA-DE-MANZANA-500-ML_02-1.jpg","type":"image\/jpeg"}],"twitter_card":"summary_large_image","twitter_misc":{"Est. reading time":"1 minute"},"schema":{"@context":"https:\/\/schema.org","@graph":[{"@type":"WebPage","@id":"https:\/\/ecovalle.pe\/product\/vinagre-sidra-de-manzana-c-cultivo-madre-x-500ml\/","url":"https:\/\/ecovalle.pe\/product\/vinagre-sidra-de-manzana-c-cultivo-madre-x-500ml\/","name":"Vinagre sidra de Manzana c\/cultivo madre x 500mL - EcoValle","isPartOf":{"@id":"https:\/\/ecovalle.pe\/#website"},"primaryImageOfPage":{"@id":"https:\/\/ecovalle.pe\/product\/vinagre-sidra-de-manzana-c-cultivo-madre-x-500ml\/#primaryimage"},"image":{"@id":"https:\/\/ecovalle.pe\/product\/vinagre-sidra-de-manzana-c-cultivo-madre-x-500ml\/#primaryimage"},"thumbnailUrl":"https:\/\/ecovalle.pe\/wp-content\/uploads\/2022\/10\/VINAGRE-DE-SIDRA-DE-MANZANA-500-ML_02-1.jpg","datePublished":"2022-10-21T19:37:23+00:00","dateModified":"2025-05-29T05:00:03+00:00","breadcrumb":{"@id":"https:\/\/ecovalle.pe\/product\/vinagre-sidra-de-manzana-c-cultivo-madre-x-500ml\/#breadcrumb"},"inLanguage":"en-US","potentialAction":[{"@type":"ReadAction","target":["https:\/\/ecovalle.pe\/product\/vinagre-sidra-de-manzana-c-cultivo-madre-x-500ml\/"]}]},{"@type":"ImageObject","inLanguage":"en-US","@id":"https:\/\/ecovalle.pe\/product\/vinagre-sidra-de-manzana-c-cultivo-madre-x-500ml\/#primaryimage","url":"https:\/\/ecovalle.pe\/wp-content\/uploads\/2022\/10\/VINAGRE-DE-SIDRA-DE-MANZANA-500-ML_02-1.jpg","contentUrl":"https:\/\/ecovalle.pe\/wp-content\/uploads\/2022\/10\/VINAGRE-DE-SIDRA-DE-MANZANA-500-ML_02-1.jpg","width":800,"height":800},{"@type":"BreadcrumbList","@id":"https:\/\/ecovalle.pe\/product\/vinagre-sidra-de-manzana-c-cultivo-madre-x-500ml\/#breadcrumb","itemListElement":[{"@type":"ListItem","position":1,"name":"Portada","item":"https:\/\/ecovalle.pe\/"},{"@type":"ListItem","position":2,"name":"Tienda","item":"https:\/\/ecovalle.pe\/shop\/"},{"@type":"ListItem","position":3,"name":"Vinagre sidra de Manzana c\/cultivo madre x 500mL"}]},{"@type":"WebSite","@id":"https:\/\/ecovalle.pe\/#website","url":"https:\/\/ecovalle.pe\/","name":"EcoValle","description":"Somos una 1 empresa agroindustrial con m\u00e1s de 10 a\u00f1os de experiencia en el rubro de alimentos funcionales. Todos nuestros productos pasan por un estricto proceso de producci\u00f3n y control de calidad, utilizando los m\u00e1s altos est\u00e1ndares de calidad con certificaci\u00f3n internacional.","potentialAction":[{"@type":"SearchAction","target":{"@type":"EntryPoint","urlTemplate":"https:\/\/ecovalle.pe\/?s={search_term_string}"},"query-input":{"@type":"PropertyValueSpecification","valueRequired":true,"valueName":"search_term_string"}}],"inLanguage":"en-US"}]}},"_links":{"self":[{"href":"https:\/\/ecovalle.pe\/en\/wp-json\/wp\/v2\/product\/11066","targetHints":{"allow":["GET"]}}],"collection":[{"href":"https:\/\/ecovalle.pe\/en\/wp-json\/wp\/v2\/product"}],"about":[{"href":"https:\/\/ecovalle.pe\/en\/wp-json\/wp\/v2\/types\/product"}],"replies":[{"embeddable":true,"href":"https:\/\/ecovalle.pe\/en\/wp-json\/wp\/v2\/comments?post=11066"}],"version-history":[{"count":2,"href":"https:\/\/ecovalle.pe\/en\/wp-json\/wp\/v2\/product\/11066\/revisions"}],"predecessor-version":[{"id":12029,"href":"https:\/\/ecovalle.pe\/en\/wp-json\/wp\/v2\/product\/11066\/revisions\/12029"}],"wp:featuredmedia":[{"embeddable":true,"href":"https:\/\/ecovalle.pe\/en\/wp-json\/wp\/v2\/media\/11083"}],"wp:attachment":[{"href":"https:\/\/ecovalle.pe\/en\/wp-json\/wp\/v2\/media?parent=11066"}],"wp:term":[{"taxonomy":"product_cat","embeddable":true,"href":"https:\/\/ecovalle.pe\/en\/wp-json\/wp\/v2\/product_cat?post=11066"},{"taxonomy":"product_tag","embeddable":true,"href":"https:\/\/ecovalle.pe\/en\/wp-json\/wp\/v2\/product_tag?post=11066"}],"curies":[{"name":"wp","href":"https:\/\/api.w.org\/{rel}","templated":true}]}}