{"id":11113,"date":"2022-11-04T11:17:27","date_gmt":"2022-11-04T16:17:27","guid":{"rendered":"https:\/\/ecovalle.pe\/?post_type=product&#038;p=11113"},"modified":"2026-01-06T15:05:16","modified_gmt":"2026-01-06T20:05:16","slug":"corazon-de-alcachofa-capsulas-x-500mg-100caps","status":"publish","type":"product","link":"https:\/\/ecovalle.pe\/en\/product\/corazon-de-alcachofa-capsulas-x-500mg-100caps\/","title":{"rendered":"Coraz\u00f3n de Alcachofa de 500mg x 100caps"},"content":{"rendered":"<p>La alcachofa contiene una mol\u00e9cula principal llamada cinarina, que ayuda a la producci\u00f3n de bilis, favoreciendo la digesti\u00f3n de las grasas.<\/p>\n<p><strong><span style=\"color: #02793c;\">COMPOSICI\u00d3N<\/span><\/strong><\/p>\n<ul>\n<li><strong>Nombre com\u00fan:<\/strong> Alcachofa<\/li>\n<li><strong>Nombre cient\u00edfico:<\/strong> Cynara scolymus L.<\/li>\n<li><strong>Parte utilizada:<\/strong> br\u00e1cteas y recept\u00e1culo carnoso del cap\u00edtulo floral inmaduro<\/li>\n<\/ul>\n<p><strong><span style=\"color: #02793c;\">BENEFICIOS<\/span><\/strong><\/p>\n<ul>\n<li>Favorece la digesti\u00f3n de las grasas.<\/li>\n<li>Reduce los niveles de colesterol malo y los triglic\u00e9ridos en sangre.<\/li>\n<li>Ayuda a la eliminaci\u00f3n de toxinas.<\/li>\n<\/ul>\n<p><strong><span style=\"color: #02793c;\">\u00bfSAB\u00cdAS QU\u00c9?<\/span><\/strong><br \/>\nLa parte comestible de la alcachofa es el capullo de la flor.<\/p>","protected":false},"excerpt":{"rendered":"<ul>\n<li style=\"text-align: left;\">Digestivo<\/li>\n<li style=\"text-align: left;\">Antioxidante<\/li>\n<li style=\"text-align: left;\">Aumenta la producci\u00f3n y liberaci\u00f3n de la bilis<\/li>\n<li style=\"text-align: left;\">Combate las toxinas del organismo<\/li>\n<\/ul>","protected":false},"featured_media":14887,"comment_status":"open","ping_status":"closed","template":"","meta":{"inline_featured_image":false,"_joinchat":[]},"product_cat":[161],"product_tag":[181],"class_list":{"0":"post-11113","1":"product","2":"type-product","3":"status-publish","4":"has-post-thumbnail","6":"product_cat-sistema-digestivo","7":"product_tag-sistema-digestivo","9":"first","10":"instock","11":"shipping-taxable","12":"purchasable","13":"product-type-simple"},"yoast_head":"<!-- This site is optimized with the Yoast SEO plugin v23.9 - https:\/\/yoast.com\/wordpress\/plugins\/seo\/ -->\n<title>Coraz\u00f3n de Alcachofa de 500mg x 100caps - EcoValle<\/title>\n<meta name=\"robots\" content=\"index, follow, max-snippet:-1, max-image-preview:large, max-video-preview:-1\" \/>\n<link rel=\"canonical\" href=\"https:\/\/ecovalle.pe\/en\/product\/corazon-de-alcachofa-capsulas-x-500mg-100caps\/\" \/>\n<meta property=\"og:locale\" content=\"en_US\" \/>\n<meta property=\"og:type\" content=\"article\" \/>\n<meta property=\"og:title\" content=\"Coraz\u00f3n de Alcachofa de 500mg x 100caps - EcoValle\" \/>\n<meta property=\"og:description\" content=\"Digestivo  Antioxidante  Aumenta la producci\u00f3n y liberaci\u00f3n de la bilis  Combate las toxinas del organismo\" \/>\n<meta property=\"og:url\" content=\"https:\/\/ecovalle.pe\/en\/product\/corazon-de-alcachofa-capsulas-x-500mg-100caps\/\" \/>\n<meta property=\"og:site_name\" content=\"EcoValle\" \/>\n<meta property=\"article:modified_time\" content=\"2026-01-06T20:05:16+00:00\" \/>\n<meta property=\"og:image\" content=\"https:\/\/ecovalle.pe\/wp-content\/uploads\/2022\/11\/CORAZON_ALCACHOFA_CAPS01.jpg\" \/>\n\t<meta property=\"og:image:width\" content=\"800\" \/>\n\t<meta property=\"og:image:height\" content=\"800\" \/>\n\t<meta property=\"og:image:type\" content=\"image\/jpeg\" \/>\n<meta name=\"twitter:card\" content=\"summary_large_image\" \/>\n<meta name=\"twitter:label1\" content=\"Est. reading time\" \/>\n\t<meta name=\"twitter:data1\" content=\"1 minute\" \/>\n<script type=\"application\/ld+json\" class=\"yoast-schema-graph\">{\"@context\":\"https:\/\/schema.org\",\"@graph\":[{\"@type\":\"WebPage\",\"@id\":\"https:\/\/ecovalle.pe\/product\/corazon-de-alcachofa-capsulas-x-500mg-100caps\/\",\"url\":\"https:\/\/ecovalle.pe\/product\/corazon-de-alcachofa-capsulas-x-500mg-100caps\/\",\"name\":\"Coraz\u00f3n de Alcachofa de 500mg x 100caps - EcoValle\",\"isPartOf\":{\"@id\":\"https:\/\/ecovalle.pe\/#website\"},\"primaryImageOfPage\":{\"@id\":\"https:\/\/ecovalle.pe\/product\/corazon-de-alcachofa-capsulas-x-500mg-100caps\/#primaryimage\"},\"image\":{\"@id\":\"https:\/\/ecovalle.pe\/product\/corazon-de-alcachofa-capsulas-x-500mg-100caps\/#primaryimage\"},\"thumbnailUrl\":\"https:\/\/ecovalle.pe\/wp-content\/uploads\/2022\/11\/CORAZON_ALCACHOFA_CAPS01.jpg\",\"datePublished\":\"2022-11-04T16:17:27+00:00\",\"dateModified\":\"2026-01-06T20:05:16+00:00\",\"breadcrumb\":{\"@id\":\"https:\/\/ecovalle.pe\/product\/corazon-de-alcachofa-capsulas-x-500mg-100caps\/#breadcrumb\"},\"inLanguage\":\"en-US\",\"potentialAction\":[{\"@type\":\"ReadAction\",\"target\":[\"https:\/\/ecovalle.pe\/product\/corazon-de-alcachofa-capsulas-x-500mg-100caps\/\"]}]},{\"@type\":\"ImageObject\",\"inLanguage\":\"en-US\",\"@id\":\"https:\/\/ecovalle.pe\/product\/corazon-de-alcachofa-capsulas-x-500mg-100caps\/#primaryimage\",\"url\":\"https:\/\/ecovalle.pe\/wp-content\/uploads\/2022\/11\/CORAZON_ALCACHOFA_CAPS01.jpg\",\"contentUrl\":\"https:\/\/ecovalle.pe\/wp-content\/uploads\/2022\/11\/CORAZON_ALCACHOFA_CAPS01.jpg\",\"width\":800,\"height\":800},{\"@type\":\"BreadcrumbList\",\"@id\":\"https:\/\/ecovalle.pe\/product\/corazon-de-alcachofa-capsulas-x-500mg-100caps\/#breadcrumb\",\"itemListElement\":[{\"@type\":\"ListItem\",\"position\":1,\"name\":\"Portada\",\"item\":\"https:\/\/ecovalle.pe\/\"},{\"@type\":\"ListItem\",\"position\":2,\"name\":\"Tienda\",\"item\":\"https:\/\/ecovalle.pe\/shop\/\"},{\"@type\":\"ListItem\",\"position\":3,\"name\":\"Coraz\u00f3n de Alcachofa de 500mg x 100caps\"}]},{\"@type\":\"WebSite\",\"@id\":\"https:\/\/ecovalle.pe\/#website\",\"url\":\"https:\/\/ecovalle.pe\/\",\"name\":\"EcoValle\",\"description\":\"Somos una 1 empresa agroindustrial con m\u00e1s de 10 a\u00f1os de experiencia en el rubro de alimentos funcionales. Todos nuestros productos pasan por un estricto proceso de producci\u00f3n y control de calidad, utilizando los m\u00e1s altos est\u00e1ndares de calidad con certificaci\u00f3n internacional.\",\"potentialAction\":[{\"@type\":\"SearchAction\",\"target\":{\"@type\":\"EntryPoint\",\"urlTemplate\":\"https:\/\/ecovalle.pe\/?s={search_term_string}\"},\"query-input\":{\"@type\":\"PropertyValueSpecification\",\"valueRequired\":true,\"valueName\":\"search_term_string\"}}],\"inLanguage\":\"en-US\"}]}<\/script>\n<!-- \/ Yoast SEO plugin. -->","yoast_head_json":{"title":"Coraz\u00f3n de Alcachofa de 500mg x 100caps - EcoValle","robots":{"index":"index","follow":"follow","max-snippet":"max-snippet:-1","max-image-preview":"max-image-preview:large","max-video-preview":"max-video-preview:-1"},"canonical":"https:\/\/ecovalle.pe\/en\/product\/corazon-de-alcachofa-capsulas-x-500mg-100caps\/","og_locale":"en_US","og_type":"article","og_title":"Coraz\u00f3n de Alcachofa de 500mg x 100caps - EcoValle","og_description":"Digestivo  Antioxidante  Aumenta la producci\u00f3n y liberaci\u00f3n de la bilis  Combate las toxinas del organismo","og_url":"https:\/\/ecovalle.pe\/en\/product\/corazon-de-alcachofa-capsulas-x-500mg-100caps\/","og_site_name":"EcoValle","article_modified_time":"2026-01-06T20:05:16+00:00","og_image":[{"width":800,"height":800,"url":"https:\/\/ecovalle.pe\/wp-content\/uploads\/2022\/11\/CORAZON_ALCACHOFA_CAPS01.jpg","type":"image\/jpeg"}],"twitter_card":"summary_large_image","twitter_misc":{"Est. reading time":"1 minute"},"schema":{"@context":"https:\/\/schema.org","@graph":[{"@type":"WebPage","@id":"https:\/\/ecovalle.pe\/product\/corazon-de-alcachofa-capsulas-x-500mg-100caps\/","url":"https:\/\/ecovalle.pe\/product\/corazon-de-alcachofa-capsulas-x-500mg-100caps\/","name":"Coraz\u00f3n de Alcachofa de 500mg x 100caps - EcoValle","isPartOf":{"@id":"https:\/\/ecovalle.pe\/#website"},"primaryImageOfPage":{"@id":"https:\/\/ecovalle.pe\/product\/corazon-de-alcachofa-capsulas-x-500mg-100caps\/#primaryimage"},"image":{"@id":"https:\/\/ecovalle.pe\/product\/corazon-de-alcachofa-capsulas-x-500mg-100caps\/#primaryimage"},"thumbnailUrl":"https:\/\/ecovalle.pe\/wp-content\/uploads\/2022\/11\/CORAZON_ALCACHOFA_CAPS01.jpg","datePublished":"2022-11-04T16:17:27+00:00","dateModified":"2026-01-06T20:05:16+00:00","breadcrumb":{"@id":"https:\/\/ecovalle.pe\/product\/corazon-de-alcachofa-capsulas-x-500mg-100caps\/#breadcrumb"},"inLanguage":"en-US","potentialAction":[{"@type":"ReadAction","target":["https:\/\/ecovalle.pe\/product\/corazon-de-alcachofa-capsulas-x-500mg-100caps\/"]}]},{"@type":"ImageObject","inLanguage":"en-US","@id":"https:\/\/ecovalle.pe\/product\/corazon-de-alcachofa-capsulas-x-500mg-100caps\/#primaryimage","url":"https:\/\/ecovalle.pe\/wp-content\/uploads\/2022\/11\/CORAZON_ALCACHOFA_CAPS01.jpg","contentUrl":"https:\/\/ecovalle.pe\/wp-content\/uploads\/2022\/11\/CORAZON_ALCACHOFA_CAPS01.jpg","width":800,"height":800},{"@type":"BreadcrumbList","@id":"https:\/\/ecovalle.pe\/product\/corazon-de-alcachofa-capsulas-x-500mg-100caps\/#breadcrumb","itemListElement":[{"@type":"ListItem","position":1,"name":"Portada","item":"https:\/\/ecovalle.pe\/"},{"@type":"ListItem","position":2,"name":"Tienda","item":"https:\/\/ecovalle.pe\/shop\/"},{"@type":"ListItem","position":3,"name":"Coraz\u00f3n de Alcachofa de 500mg x 100caps"}]},{"@type":"WebSite","@id":"https:\/\/ecovalle.pe\/#website","url":"https:\/\/ecovalle.pe\/","name":"EcoValle","description":"Somos una 1 empresa agroindustrial con m\u00e1s de 10 a\u00f1os de experiencia en el rubro de alimentos funcionales. Todos nuestros productos pasan por un estricto proceso de producci\u00f3n y control de calidad, utilizando los m\u00e1s altos est\u00e1ndares de calidad con certificaci\u00f3n internacional.","potentialAction":[{"@type":"SearchAction","target":{"@type":"EntryPoint","urlTemplate":"https:\/\/ecovalle.pe\/?s={search_term_string}"},"query-input":{"@type":"PropertyValueSpecification","valueRequired":true,"valueName":"search_term_string"}}],"inLanguage":"en-US"}]}},"_links":{"self":[{"href":"https:\/\/ecovalle.pe\/en\/wp-json\/wp\/v2\/product\/11113","targetHints":{"allow":["GET"]}}],"collection":[{"href":"https:\/\/ecovalle.pe\/en\/wp-json\/wp\/v2\/product"}],"about":[{"href":"https:\/\/ecovalle.pe\/en\/wp-json\/wp\/v2\/types\/product"}],"replies":[{"embeddable":true,"href":"https:\/\/ecovalle.pe\/en\/wp-json\/wp\/v2\/comments?post=11113"}],"version-history":[{"count":6,"href":"https:\/\/ecovalle.pe\/en\/wp-json\/wp\/v2\/product\/11113\/revisions"}],"predecessor-version":[{"id":14904,"href":"https:\/\/ecovalle.pe\/en\/wp-json\/wp\/v2\/product\/11113\/revisions\/14904"}],"wp:featuredmedia":[{"embeddable":true,"href":"https:\/\/ecovalle.pe\/en\/wp-json\/wp\/v2\/media\/14887"}],"wp:attachment":[{"href":"https:\/\/ecovalle.pe\/en\/wp-json\/wp\/v2\/media?parent=11113"}],"wp:term":[{"taxonomy":"product_cat","embeddable":true,"href":"https:\/\/ecovalle.pe\/en\/wp-json\/wp\/v2\/product_cat?post=11113"},{"taxonomy":"product_tag","embeddable":true,"href":"https:\/\/ecovalle.pe\/en\/wp-json\/wp\/v2\/product_tag?post=11113"}],"curies":[{"name":"wp","href":"https:\/\/api.w.org\/{rel}","templated":true}]}}