{"id":11642,"date":"2023-05-06T11:23:57","date_gmt":"2023-05-06T16:23:57","guid":{"rendered":"https:\/\/ecovalle.pe\/?post_type=product&#038;p=11642"},"modified":"2025-05-29T00:00:10","modified_gmt":"2025-05-29T05:00:10","slug":"stevia-con-yacon-x-50g","status":"publish","type":"product","link":"https:\/\/ecovalle.pe\/en\/product\/stevia-con-yacon-x-50g\/","title":{"rendered":"Stevia con Yac\u00f3n x 50g"},"content":{"rendered":"<p><span style=\"font-weight: 400;\">Nuestro producto Stevia, es un endulzante elaborado a base de harina de yac\u00f3n y extracto de las hojas de stevia, brindando un dulzor natural, sin aporte de calor\u00edas. Es un producto ideal para personas diab\u00e9ti<\/span><span style=\"font-weight: 400;\">cas o aquellas que buscan un reemplazo saludable del az\u00facar.<\/span><\/p>\n<p><strong><span style=\"color: #02793c;\">COMPOSICI\u00d3N<\/span><\/strong><br \/>\nNombre com\u00fan: Stevia<br \/>\nNombre cient\u00edfico: <b><i>Stevia rebaudiana<\/i><\/b><b> (Bertoni) Bertoni.<\/b><br \/>\nParte utilizada: <span style=\"font-weight: 400;\">Hojas<\/span><\/p>\n<p>Nombre com\u00fan: Yac\u00f3n<br \/>\nNombre cient\u00edfico: <b><i>Smallanthus sonchifolius<\/i><\/b><b> (Poepp.) H.Rob.<\/b><br \/>\nParte utilizada: <span style=\"font-weight: 400;\">Tub\u00e9rculo<\/span><\/p>\n<p><strong><span style=\"color: #02793c;\">BENEFICIOS<\/span><\/strong><\/p>\n<ul>\n<li style=\"font-weight: 400;\" aria-level=\"1\"><span style=\"font-weight: 400;\">Controla los niveles de glucosa en sangre.<\/span><\/li>\n<li style=\"font-weight: 400;\" aria-level=\"1\"><span style=\"font-weight: 400;\">Aporta fibra natural<\/span><\/li>\n<li style=\"font-weight: 400;\" aria-level=\"1\"><span style=\"font-weight: 400;\">Favorece el crecimiento de la flora intestinal.<\/span><\/li>\n<li style=\"font-weight: 400;\" aria-level=\"1\"><span style=\"font-weight: 400;\">Mejora el tr\u00e1nsito intestinal.<\/span><\/li>\n<\/ul>\n<p><strong><span style=\"color: #02793c;\">\u00bfSAB\u00cdAS QU\u00c9?<\/span><\/strong><br \/>\n<span style=\"font-weight: 400;\">La stevia es 300 veces m\u00e1s dulce que el az\u00facar com\u00fan.<\/span><\/p>","protected":false},"excerpt":{"rendered":"<ul>\n<li style=\"font-weight: 400;\" aria-level=\"1\"><span style=\"font-weight: 400;\">Endulzante natural y no cambia el sabor.\u00a0<\/span><\/li>\n<li style=\"font-weight: 400;\" aria-level=\"1\"><span style=\"font-weight: 400;\">M\u00e1s dulce que el az\u00facar, sin amargor.<\/span><\/li>\n<li style=\"font-weight: 400;\" aria-level=\"1\"><span style=\"font-weight: 400;\">Control de glucosa en sangre.<\/span><\/li>\n<li style=\"font-weight: 400;\" aria-level=\"1\"><span style=\"font-weight: 400;\">No se endurece.<\/span><\/li>\n<li style=\"font-weight: 400;\" aria-level=\"1\"><span style=\"font-weight: 400;\">Sin aditivos artificiales.<\/span><\/li>\n<\/ul>","protected":false},"featured_media":11639,"comment_status":"open","ping_status":"closed","template":"","meta":{"inline_featured_image":false,"_joinchat":[]},"product_cat":[166],"product_tag":[261,260,256],"class_list":{"0":"post-11642","1":"product","2":"type-product","3":"status-publish","4":"has-post-thumbnail","6":"product_cat-nutricion","7":"product_tag-cero-calorias","8":"product_tag-endulzante","9":"product_tag-prebiotico","11":"first","12":"instock","13":"shipping-taxable","14":"purchasable","15":"product-type-simple"},"yoast_head":"<!-- This site is optimized with the Yoast SEO plugin v23.9 - https:\/\/yoast.com\/wordpress\/plugins\/seo\/ -->\n<title>Stevia con Yac\u00f3n x 50g - EcoValle<\/title>\n<meta name=\"robots\" content=\"index, follow, max-snippet:-1, max-image-preview:large, max-video-preview:-1\" \/>\n<link rel=\"canonical\" href=\"https:\/\/ecovalle.pe\/en\/product\/stevia-con-yacon-x-50g\/\" \/>\n<meta property=\"og:locale\" content=\"en_US\" \/>\n<meta property=\"og:type\" content=\"article\" \/>\n<meta property=\"og:title\" content=\"Stevia con Yac\u00f3n x 50g - EcoValle\" \/>\n<meta property=\"og:description\" content=\"Endulzante natural y no cambia el sabor.\u00a0  M\u00e1s dulce que el az\u00facar, sin amargor.  Control de glucosa en sangre.  No se endurece.  Sin aditivos artificiales.\" \/>\n<meta property=\"og:url\" content=\"https:\/\/ecovalle.pe\/en\/product\/stevia-con-yacon-x-50g\/\" \/>\n<meta property=\"og:site_name\" content=\"EcoValle\" \/>\n<meta property=\"article:modified_time\" content=\"2025-05-29T05:00:10+00:00\" \/>\n<meta property=\"og:image\" content=\"https:\/\/ecovalle.pe\/wp-content\/uploads\/2023\/05\/STEVIACONYACON_50G.jpg\" \/>\n\t<meta property=\"og:image:width\" content=\"800\" \/>\n\t<meta property=\"og:image:height\" content=\"800\" \/>\n\t<meta property=\"og:image:type\" content=\"image\/jpeg\" \/>\n<meta name=\"twitter:card\" content=\"summary_large_image\" \/>\n<meta name=\"twitter:label1\" content=\"Est. reading time\" \/>\n\t<meta name=\"twitter:data1\" content=\"1 minute\" \/>\n<script type=\"application\/ld+json\" class=\"yoast-schema-graph\">{\"@context\":\"https:\/\/schema.org\",\"@graph\":[{\"@type\":\"WebPage\",\"@id\":\"https:\/\/ecovalle.pe\/product\/stevia-con-yacon-x-50g\/\",\"url\":\"https:\/\/ecovalle.pe\/product\/stevia-con-yacon-x-50g\/\",\"name\":\"Stevia con Yac\u00f3n x 50g - EcoValle\",\"isPartOf\":{\"@id\":\"https:\/\/ecovalle.pe\/#website\"},\"primaryImageOfPage\":{\"@id\":\"https:\/\/ecovalle.pe\/product\/stevia-con-yacon-x-50g\/#primaryimage\"},\"image\":{\"@id\":\"https:\/\/ecovalle.pe\/product\/stevia-con-yacon-x-50g\/#primaryimage\"},\"thumbnailUrl\":\"https:\/\/ecovalle.pe\/wp-content\/uploads\/2023\/05\/STEVIACONYACON_50G.jpg\",\"datePublished\":\"2023-05-06T16:23:57+00:00\",\"dateModified\":\"2025-05-29T05:00:10+00:00\",\"breadcrumb\":{\"@id\":\"https:\/\/ecovalle.pe\/product\/stevia-con-yacon-x-50g\/#breadcrumb\"},\"inLanguage\":\"en-US\",\"potentialAction\":[{\"@type\":\"ReadAction\",\"target\":[\"https:\/\/ecovalle.pe\/product\/stevia-con-yacon-x-50g\/\"]}]},{\"@type\":\"ImageObject\",\"inLanguage\":\"en-US\",\"@id\":\"https:\/\/ecovalle.pe\/product\/stevia-con-yacon-x-50g\/#primaryimage\",\"url\":\"https:\/\/ecovalle.pe\/wp-content\/uploads\/2023\/05\/STEVIACONYACON_50G.jpg\",\"contentUrl\":\"https:\/\/ecovalle.pe\/wp-content\/uploads\/2023\/05\/STEVIACONYACON_50G.jpg\",\"width\":800,\"height\":800},{\"@type\":\"BreadcrumbList\",\"@id\":\"https:\/\/ecovalle.pe\/product\/stevia-con-yacon-x-50g\/#breadcrumb\",\"itemListElement\":[{\"@type\":\"ListItem\",\"position\":1,\"name\":\"Portada\",\"item\":\"https:\/\/ecovalle.pe\/\"},{\"@type\":\"ListItem\",\"position\":2,\"name\":\"Tienda\",\"item\":\"https:\/\/ecovalle.pe\/shop\/\"},{\"@type\":\"ListItem\",\"position\":3,\"name\":\"Stevia con Yac\u00f3n x 50g\"}]},{\"@type\":\"WebSite\",\"@id\":\"https:\/\/ecovalle.pe\/#website\",\"url\":\"https:\/\/ecovalle.pe\/\",\"name\":\"EcoValle\",\"description\":\"Somos una 1 empresa agroindustrial con m\u00e1s de 10 a\u00f1os de experiencia en el rubro de alimentos funcionales. Todos nuestros productos pasan por un estricto proceso de producci\u00f3n y control de calidad, utilizando los m\u00e1s altos est\u00e1ndares de calidad con certificaci\u00f3n internacional.\",\"potentialAction\":[{\"@type\":\"SearchAction\",\"target\":{\"@type\":\"EntryPoint\",\"urlTemplate\":\"https:\/\/ecovalle.pe\/?s={search_term_string}\"},\"query-input\":{\"@type\":\"PropertyValueSpecification\",\"valueRequired\":true,\"valueName\":\"search_term_string\"}}],\"inLanguage\":\"en-US\"}]}<\/script>\n<!-- \/ Yoast SEO plugin. -->","yoast_head_json":{"title":"Stevia con Yac\u00f3n x 50g - EcoValle","robots":{"index":"index","follow":"follow","max-snippet":"max-snippet:-1","max-image-preview":"max-image-preview:large","max-video-preview":"max-video-preview:-1"},"canonical":"https:\/\/ecovalle.pe\/en\/product\/stevia-con-yacon-x-50g\/","og_locale":"en_US","og_type":"article","og_title":"Stevia con Yac\u00f3n x 50g - EcoValle","og_description":"Endulzante natural y no cambia el sabor.\u00a0  M\u00e1s dulce que el az\u00facar, sin amargor.  Control de glucosa en sangre.  No se endurece.  Sin aditivos artificiales.","og_url":"https:\/\/ecovalle.pe\/en\/product\/stevia-con-yacon-x-50g\/","og_site_name":"EcoValle","article_modified_time":"2025-05-29T05:00:10+00:00","og_image":[{"width":800,"height":800,"url":"https:\/\/ecovalle.pe\/wp-content\/uploads\/2023\/05\/STEVIACONYACON_50G.jpg","type":"image\/jpeg"}],"twitter_card":"summary_large_image","twitter_misc":{"Est. reading time":"1 minute"},"schema":{"@context":"https:\/\/schema.org","@graph":[{"@type":"WebPage","@id":"https:\/\/ecovalle.pe\/product\/stevia-con-yacon-x-50g\/","url":"https:\/\/ecovalle.pe\/product\/stevia-con-yacon-x-50g\/","name":"Stevia con Yac\u00f3n x 50g - EcoValle","isPartOf":{"@id":"https:\/\/ecovalle.pe\/#website"},"primaryImageOfPage":{"@id":"https:\/\/ecovalle.pe\/product\/stevia-con-yacon-x-50g\/#primaryimage"},"image":{"@id":"https:\/\/ecovalle.pe\/product\/stevia-con-yacon-x-50g\/#primaryimage"},"thumbnailUrl":"https:\/\/ecovalle.pe\/wp-content\/uploads\/2023\/05\/STEVIACONYACON_50G.jpg","datePublished":"2023-05-06T16:23:57+00:00","dateModified":"2025-05-29T05:00:10+00:00","breadcrumb":{"@id":"https:\/\/ecovalle.pe\/product\/stevia-con-yacon-x-50g\/#breadcrumb"},"inLanguage":"en-US","potentialAction":[{"@type":"ReadAction","target":["https:\/\/ecovalle.pe\/product\/stevia-con-yacon-x-50g\/"]}]},{"@type":"ImageObject","inLanguage":"en-US","@id":"https:\/\/ecovalle.pe\/product\/stevia-con-yacon-x-50g\/#primaryimage","url":"https:\/\/ecovalle.pe\/wp-content\/uploads\/2023\/05\/STEVIACONYACON_50G.jpg","contentUrl":"https:\/\/ecovalle.pe\/wp-content\/uploads\/2023\/05\/STEVIACONYACON_50G.jpg","width":800,"height":800},{"@type":"BreadcrumbList","@id":"https:\/\/ecovalle.pe\/product\/stevia-con-yacon-x-50g\/#breadcrumb","itemListElement":[{"@type":"ListItem","position":1,"name":"Portada","item":"https:\/\/ecovalle.pe\/"},{"@type":"ListItem","position":2,"name":"Tienda","item":"https:\/\/ecovalle.pe\/shop\/"},{"@type":"ListItem","position":3,"name":"Stevia con Yac\u00f3n x 50g"}]},{"@type":"WebSite","@id":"https:\/\/ecovalle.pe\/#website","url":"https:\/\/ecovalle.pe\/","name":"EcoValle","description":"Somos una 1 empresa agroindustrial con m\u00e1s de 10 a\u00f1os de experiencia en el rubro de alimentos funcionales. Todos nuestros productos pasan por un estricto proceso de producci\u00f3n y control de calidad, utilizando los m\u00e1s altos est\u00e1ndares de calidad con certificaci\u00f3n internacional.","potentialAction":[{"@type":"SearchAction","target":{"@type":"EntryPoint","urlTemplate":"https:\/\/ecovalle.pe\/?s={search_term_string}"},"query-input":{"@type":"PropertyValueSpecification","valueRequired":true,"valueName":"search_term_string"}}],"inLanguage":"en-US"}]}},"_links":{"self":[{"href":"https:\/\/ecovalle.pe\/en\/wp-json\/wp\/v2\/product\/11642","targetHints":{"allow":["GET"]}}],"collection":[{"href":"https:\/\/ecovalle.pe\/en\/wp-json\/wp\/v2\/product"}],"about":[{"href":"https:\/\/ecovalle.pe\/en\/wp-json\/wp\/v2\/types\/product"}],"replies":[{"embeddable":true,"href":"https:\/\/ecovalle.pe\/en\/wp-json\/wp\/v2\/comments?post=11642"}],"version-history":[{"count":2,"href":"https:\/\/ecovalle.pe\/en\/wp-json\/wp\/v2\/product\/11642\/revisions"}],"predecessor-version":[{"id":11644,"href":"https:\/\/ecovalle.pe\/en\/wp-json\/wp\/v2\/product\/11642\/revisions\/11644"}],"wp:featuredmedia":[{"embeddable":true,"href":"https:\/\/ecovalle.pe\/en\/wp-json\/wp\/v2\/media\/11639"}],"wp:attachment":[{"href":"https:\/\/ecovalle.pe\/en\/wp-json\/wp\/v2\/media?parent=11642"}],"wp:term":[{"taxonomy":"product_cat","embeddable":true,"href":"https:\/\/ecovalle.pe\/en\/wp-json\/wp\/v2\/product_cat?post=11642"},{"taxonomy":"product_tag","embeddable":true,"href":"https:\/\/ecovalle.pe\/en\/wp-json\/wp\/v2\/product_tag?post=11642"}],"curies":[{"name":"wp","href":"https:\/\/api.w.org\/{rel}","templated":true}]}}