{"id":12046,"date":"2023-09-27T07:38:53","date_gmt":"2023-09-27T12:38:53","guid":{"rendered":"https:\/\/ecovalle.pe\/?post_type=product&#038;p=12046"},"modified":"2024-08-13T09:32:32","modified_gmt":"2024-08-13T14:32:32","slug":"granada-fresh-bebida-x300ml","status":"publish","type":"product","link":"https:\/\/ecovalle.pe\/en\/product\/granada-fresh-bebida-x300ml\/","title":{"rendered":"Granada Fresh bebida x 300mL"},"content":{"rendered":"<p><span style=\"font-weight: 400;\">Granada Fresh es 100% zumo de granada, contiene una gran cantidad y calidad de antioxidantes que promueven el buen funcionamiento del organismo.<\/span><\/p>\n<p><strong><span style=\"color: #02793c;\">COMPOSICI\u00d3N<\/span><\/strong><\/p>\n<ul>\n<li><strong>Nombre com\u00fan:<\/strong> Granada<\/li>\n<li><strong>Nombre cient\u00edfico:<\/strong> <strong><em>Punica granatum<\/em> L.<\/strong><\/li>\n<li><strong>Parte utilizada:<\/strong> Arilos<\/li>\n<\/ul>\n<p><strong><span style=\"color: #02793c;\">BENEFICIOS<\/span><\/strong><\/p>\n<ul>\n<li style=\"font-weight: 400;\" aria-level=\"1\"><span style=\"font-weight: 400;\">Promueve un buen funcionamiento de la salud cardiovascular.<\/span><\/li>\n<li style=\"font-weight: 400;\" aria-level=\"1\"><span style=\"font-weight: 400;\">Ayuda a reducir molestias en las v\u00edas urinarias.<\/span><\/li>\n<li style=\"font-weight: 400;\" aria-level=\"1\"><span style=\"font-weight: 400;\">Mantiene la presi\u00f3n arterial en valores normales.<\/span><\/li>\n<li style=\"font-weight: 400;\" aria-level=\"1\"><span style=\"font-weight: 400;\">Previene la oxidaci\u00f3n prematura de las c\u00e9lulas.<\/span><\/li>\n<\/ul>\n<p style=\"font-weight: 400;\"><strong><span style=\"color: #02793c;\">\u00bfSAB\u00cdAS QU\u00c9?<br \/>\n<\/span><\/strong><span style=\"font-weight: 400;\">La sustancia responsable de los efectos antiinflamatorio, antis\u00e9pticas y antioxidante de la granada son las punicalaginas.<\/span><\/p>","protected":false},"excerpt":{"rendered":"<ul>\n<li style=\"font-weight: 400;\" aria-level=\"1\"><span style=\"font-weight: 400;\">Reductor de triglic\u00e9ridos y colesterol en sangre.<\/span><\/li>\n<li style=\"font-weight: 400;\" aria-level=\"1\"><span style=\"font-weight: 400;\">Contiene vitaminas C y B.<\/span><\/li>\n<\/ul>","protected":false},"featured_media":12047,"comment_status":"open","ping_status":"closed","template":"","meta":{"inline_featured_image":false,"_joinchat":[]},"product_cat":[167,163],"product_tag":[],"class_list":{"0":"post-12046","1":"product","2":"type-product","3":"status-publish","4":"has-post-thumbnail","6":"product_cat-sistema-circulatorio","7":"product_cat-sistema-urinario","9":"first","10":"outofstock","11":"shipping-taxable","12":"purchasable","13":"product-type-simple"},"yoast_head":"<!-- This site is optimized with the Yoast SEO plugin v23.9 - https:\/\/yoast.com\/wordpress\/plugins\/seo\/ -->\n<title>Granada Fresh bebida x 300mL - EcoValle<\/title>\n<meta name=\"robots\" content=\"index, follow, max-snippet:-1, max-image-preview:large, max-video-preview:-1\" \/>\n<link rel=\"canonical\" href=\"https:\/\/ecovalle.pe\/en\/product\/granada-fresh-bebida-x300ml\/\" \/>\n<meta property=\"og:locale\" content=\"en_US\" \/>\n<meta property=\"og:type\" content=\"article\" \/>\n<meta property=\"og:title\" content=\"Granada Fresh bebida x 300mL - EcoValle\" \/>\n<meta property=\"og:description\" content=\"Reductor de triglic\u00e9ridos y colesterol en sangre.  Contiene vitaminas C y B.\" \/>\n<meta property=\"og:url\" content=\"https:\/\/ecovalle.pe\/en\/product\/granada-fresh-bebida-x300ml\/\" \/>\n<meta property=\"og:site_name\" content=\"EcoValle\" \/>\n<meta property=\"article:modified_time\" content=\"2024-08-13T14:32:32+00:00\" \/>\n<meta property=\"og:image\" content=\"https:\/\/ecovalle.pe\/wp-content\/uploads\/2023\/09\/GRANADA-FRESH-300-ML.jpg\" \/>\n\t<meta property=\"og:image:width\" content=\"800\" \/>\n\t<meta property=\"og:image:height\" content=\"800\" \/>\n\t<meta property=\"og:image:type\" content=\"image\/jpeg\" \/>\n<meta name=\"twitter:card\" content=\"summary_large_image\" \/>\n<meta name=\"twitter:label1\" content=\"Est. reading time\" \/>\n\t<meta name=\"twitter:data1\" content=\"1 minute\" \/>\n<script type=\"application\/ld+json\" class=\"yoast-schema-graph\">{\"@context\":\"https:\/\/schema.org\",\"@graph\":[{\"@type\":\"WebPage\",\"@id\":\"https:\/\/ecovalle.pe\/product\/granada-fresh-bebida-x300ml\/\",\"url\":\"https:\/\/ecovalle.pe\/product\/granada-fresh-bebida-x300ml\/\",\"name\":\"Granada Fresh bebida x 300mL - EcoValle\",\"isPartOf\":{\"@id\":\"https:\/\/ecovalle.pe\/#website\"},\"primaryImageOfPage\":{\"@id\":\"https:\/\/ecovalle.pe\/product\/granada-fresh-bebida-x300ml\/#primaryimage\"},\"image\":{\"@id\":\"https:\/\/ecovalle.pe\/product\/granada-fresh-bebida-x300ml\/#primaryimage\"},\"thumbnailUrl\":\"https:\/\/ecovalle.pe\/wp-content\/uploads\/2023\/09\/GRANADA-FRESH-300-ML.jpg\",\"datePublished\":\"2023-09-27T12:38:53+00:00\",\"dateModified\":\"2024-08-13T14:32:32+00:00\",\"breadcrumb\":{\"@id\":\"https:\/\/ecovalle.pe\/product\/granada-fresh-bebida-x300ml\/#breadcrumb\"},\"inLanguage\":\"en-US\",\"potentialAction\":[{\"@type\":\"ReadAction\",\"target\":[\"https:\/\/ecovalle.pe\/product\/granada-fresh-bebida-x300ml\/\"]}]},{\"@type\":\"ImageObject\",\"inLanguage\":\"en-US\",\"@id\":\"https:\/\/ecovalle.pe\/product\/granada-fresh-bebida-x300ml\/#primaryimage\",\"url\":\"https:\/\/ecovalle.pe\/wp-content\/uploads\/2023\/09\/GRANADA-FRESH-300-ML.jpg\",\"contentUrl\":\"https:\/\/ecovalle.pe\/wp-content\/uploads\/2023\/09\/GRANADA-FRESH-300-ML.jpg\",\"width\":800,\"height\":800},{\"@type\":\"BreadcrumbList\",\"@id\":\"https:\/\/ecovalle.pe\/product\/granada-fresh-bebida-x300ml\/#breadcrumb\",\"itemListElement\":[{\"@type\":\"ListItem\",\"position\":1,\"name\":\"Portada\",\"item\":\"https:\/\/ecovalle.pe\/\"},{\"@type\":\"ListItem\",\"position\":2,\"name\":\"Tienda\",\"item\":\"https:\/\/ecovalle.pe\/shop\/\"},{\"@type\":\"ListItem\",\"position\":3,\"name\":\"Granada Fresh bebida x 300mL\"}]},{\"@type\":\"WebSite\",\"@id\":\"https:\/\/ecovalle.pe\/#website\",\"url\":\"https:\/\/ecovalle.pe\/\",\"name\":\"EcoValle\",\"description\":\"Somos una 1 empresa agroindustrial con m\u00e1s de 10 a\u00f1os de experiencia en el rubro de alimentos funcionales. Todos nuestros productos pasan por un estricto proceso de producci\u00f3n y control de calidad, utilizando los m\u00e1s altos est\u00e1ndares de calidad con certificaci\u00f3n internacional.\",\"potentialAction\":[{\"@type\":\"SearchAction\",\"target\":{\"@type\":\"EntryPoint\",\"urlTemplate\":\"https:\/\/ecovalle.pe\/?s={search_term_string}\"},\"query-input\":{\"@type\":\"PropertyValueSpecification\",\"valueRequired\":true,\"valueName\":\"search_term_string\"}}],\"inLanguage\":\"en-US\"}]}<\/script>\n<!-- \/ Yoast SEO plugin. -->","yoast_head_json":{"title":"Granada Fresh bebida x 300mL - EcoValle","robots":{"index":"index","follow":"follow","max-snippet":"max-snippet:-1","max-image-preview":"max-image-preview:large","max-video-preview":"max-video-preview:-1"},"canonical":"https:\/\/ecovalle.pe\/en\/product\/granada-fresh-bebida-x300ml\/","og_locale":"en_US","og_type":"article","og_title":"Granada Fresh bebida x 300mL - EcoValle","og_description":"Reductor de triglic\u00e9ridos y colesterol en sangre.  Contiene vitaminas C y B.","og_url":"https:\/\/ecovalle.pe\/en\/product\/granada-fresh-bebida-x300ml\/","og_site_name":"EcoValle","article_modified_time":"2024-08-13T14:32:32+00:00","og_image":[{"width":800,"height":800,"url":"https:\/\/ecovalle.pe\/wp-content\/uploads\/2023\/09\/GRANADA-FRESH-300-ML.jpg","type":"image\/jpeg"}],"twitter_card":"summary_large_image","twitter_misc":{"Est. reading time":"1 minute"},"schema":{"@context":"https:\/\/schema.org","@graph":[{"@type":"WebPage","@id":"https:\/\/ecovalle.pe\/product\/granada-fresh-bebida-x300ml\/","url":"https:\/\/ecovalle.pe\/product\/granada-fresh-bebida-x300ml\/","name":"Granada Fresh bebida x 300mL - EcoValle","isPartOf":{"@id":"https:\/\/ecovalle.pe\/#website"},"primaryImageOfPage":{"@id":"https:\/\/ecovalle.pe\/product\/granada-fresh-bebida-x300ml\/#primaryimage"},"image":{"@id":"https:\/\/ecovalle.pe\/product\/granada-fresh-bebida-x300ml\/#primaryimage"},"thumbnailUrl":"https:\/\/ecovalle.pe\/wp-content\/uploads\/2023\/09\/GRANADA-FRESH-300-ML.jpg","datePublished":"2023-09-27T12:38:53+00:00","dateModified":"2024-08-13T14:32:32+00:00","breadcrumb":{"@id":"https:\/\/ecovalle.pe\/product\/granada-fresh-bebida-x300ml\/#breadcrumb"},"inLanguage":"en-US","potentialAction":[{"@type":"ReadAction","target":["https:\/\/ecovalle.pe\/product\/granada-fresh-bebida-x300ml\/"]}]},{"@type":"ImageObject","inLanguage":"en-US","@id":"https:\/\/ecovalle.pe\/product\/granada-fresh-bebida-x300ml\/#primaryimage","url":"https:\/\/ecovalle.pe\/wp-content\/uploads\/2023\/09\/GRANADA-FRESH-300-ML.jpg","contentUrl":"https:\/\/ecovalle.pe\/wp-content\/uploads\/2023\/09\/GRANADA-FRESH-300-ML.jpg","width":800,"height":800},{"@type":"BreadcrumbList","@id":"https:\/\/ecovalle.pe\/product\/granada-fresh-bebida-x300ml\/#breadcrumb","itemListElement":[{"@type":"ListItem","position":1,"name":"Portada","item":"https:\/\/ecovalle.pe\/"},{"@type":"ListItem","position":2,"name":"Tienda","item":"https:\/\/ecovalle.pe\/shop\/"},{"@type":"ListItem","position":3,"name":"Granada Fresh bebida x 300mL"}]},{"@type":"WebSite","@id":"https:\/\/ecovalle.pe\/#website","url":"https:\/\/ecovalle.pe\/","name":"EcoValle","description":"Somos una 1 empresa agroindustrial con m\u00e1s de 10 a\u00f1os de experiencia en el rubro de alimentos funcionales. Todos nuestros productos pasan por un estricto proceso de producci\u00f3n y control de calidad, utilizando los m\u00e1s altos est\u00e1ndares de calidad con certificaci\u00f3n internacional.","potentialAction":[{"@type":"SearchAction","target":{"@type":"EntryPoint","urlTemplate":"https:\/\/ecovalle.pe\/?s={search_term_string}"},"query-input":{"@type":"PropertyValueSpecification","valueRequired":true,"valueName":"search_term_string"}}],"inLanguage":"en-US"}]}},"_links":{"self":[{"href":"https:\/\/ecovalle.pe\/en\/wp-json\/wp\/v2\/product\/12046","targetHints":{"allow":["GET"]}}],"collection":[{"href":"https:\/\/ecovalle.pe\/en\/wp-json\/wp\/v2\/product"}],"about":[{"href":"https:\/\/ecovalle.pe\/en\/wp-json\/wp\/v2\/types\/product"}],"replies":[{"embeddable":true,"href":"https:\/\/ecovalle.pe\/en\/wp-json\/wp\/v2\/comments?post=12046"}],"version-history":[{"count":1,"href":"https:\/\/ecovalle.pe\/en\/wp-json\/wp\/v2\/product\/12046\/revisions"}],"predecessor-version":[{"id":12048,"href":"https:\/\/ecovalle.pe\/en\/wp-json\/wp\/v2\/product\/12046\/revisions\/12048"}],"wp:featuredmedia":[{"embeddable":true,"href":"https:\/\/ecovalle.pe\/en\/wp-json\/wp\/v2\/media\/12047"}],"wp:attachment":[{"href":"https:\/\/ecovalle.pe\/en\/wp-json\/wp\/v2\/media?parent=12046"}],"wp:term":[{"taxonomy":"product_cat","embeddable":true,"href":"https:\/\/ecovalle.pe\/en\/wp-json\/wp\/v2\/product_cat?post=12046"},{"taxonomy":"product_tag","embeddable":true,"href":"https:\/\/ecovalle.pe\/en\/wp-json\/wp\/v2\/product_tag?post=12046"}],"curies":[{"name":"wp","href":"https:\/\/api.w.org\/{rel}","templated":true}]}}