{"id":12051,"date":"2023-09-27T08:13:37","date_gmt":"2023-09-27T13:13:37","guid":{"rendered":"https:\/\/ecovalle.pe\/?post_type=product&#038;p=12051"},"modified":"2025-05-29T00:00:04","modified_gmt":"2025-05-29T05:00:04","slug":"jamaica-fresh-bebida-x-300ml","status":"publish","type":"product","link":"https:\/\/ecovalle.pe\/en\/product\/jamaica-fresh-bebida-x-300ml\/","title":{"rendered":"Jamaica Fresh bebida x 300mL"},"content":{"rendered":"<p><span style=\"font-weight: 400;\">La flor de Jamaica es una rica fuente de antioxidantes naturales y minerales como el potasio\u00a0 y calcio. Adem\u00e1s, presenta efecto diur\u00e9tico y disminuye el colesterol, ayudando a preservar la\u00a0 salud cardiovascular.<\/span><\/p>\n<p><strong><span style=\"color: #02793c;\">COMPOSICI\u00d3N<\/span><\/strong><\/p>\n<ul>\n<li>Nombre com\u00fan: Flor de Jamaica<\/li>\n<li>Nombre cient\u00edfico: Hibiscus sabdariffa L.<\/li>\n<li>Parte utilizada: Flores deshidratadas<\/li>\n<\/ul>\n<p><strong><span style=\"color: #02793c;\">BENEFICIOS<\/span><\/strong><\/p>\n<ul>\n<li style=\"font-weight: 400;\" aria-level=\"1\"><span style=\"font-weight: 400;\">Disminuye la presi\u00f3n arterial.<\/span><\/li>\n<li style=\"font-weight: 400;\" aria-level=\"1\"><span style=\"font-weight: 400;\">Disminuye el colesterol malo en sangre.<\/span><\/li>\n<li style=\"font-weight: 400;\" aria-level=\"1\"><span style=\"font-weight: 400;\">Favorece a la salud cardiovascular.<\/span><\/li>\n<li style=\"font-weight: 400;\" aria-level=\"1\"><span style=\"font-weight: 400;\">Ayuda en el control de edemas.<\/span><\/li>\n<li style=\"font-weight: 400;\" aria-level=\"1\"><span style=\"font-weight: 400;\">Neutraliza radicales libres.<\/span><\/li>\n<\/ul>\n<p><span style=\"color: #008000;\"><b>\u00bfSAB\u00cdAS QU\u00c9?<br \/>\n<\/b><\/span><span style=\"font-weight: 400;\">La flor de Jamaica presenta un color rojo intenso gracias a la presencia de antioxidantes naturales como las antocianinas.<\/span><\/p>","protected":false},"excerpt":{"rendered":"<ul>\n<li style=\"font-weight: 400;\" aria-level=\"1\"><span style=\"font-weight: 400;\">Rica fuente de minerales como potasio y calcio.<\/span><\/li>\n<li style=\"font-weight: 400;\" aria-level=\"1\"><span style=\"font-weight: 400;\">Fuente de antioxidantes<\/span><\/li>\n<li style=\"font-weight: 400;\" aria-level=\"1\"><span style=\"font-weight: 400;\">Regulador de la presi\u00f3n arterial<\/span><\/li>\n<li style=\"font-weight: 400;\" aria-level=\"1\"><span style=\"font-weight: 400;\">Tiene efecto diur\u00e9tico<\/span><\/li>\n<\/ul>","protected":false},"featured_media":14364,"comment_status":"open","ping_status":"closed","template":"","meta":{"inline_featured_image":false,"_joinchat":[]},"product_cat":[167],"product_tag":[189],"class_list":{"0":"post-12051","1":"product","2":"type-product","3":"status-publish","4":"has-post-thumbnail","6":"product_cat-sistema-circulatorio","7":"product_tag-sistema-circulatorio","9":"first","10":"instock","11":"shipping-taxable","12":"purchasable","13":"product-type-simple"},"yoast_head":"<!-- This site is optimized with the Yoast SEO plugin v23.9 - https:\/\/yoast.com\/wordpress\/plugins\/seo\/ -->\n<title>Jamaica Fresh bebida x 300mL - EcoValle<\/title>\n<meta name=\"robots\" content=\"index, follow, max-snippet:-1, max-image-preview:large, max-video-preview:-1\" \/>\n<link rel=\"canonical\" href=\"https:\/\/ecovalle.pe\/en\/product\/jamaica-fresh-bebida-x-300ml\/\" \/>\n<meta property=\"og:locale\" content=\"en_US\" \/>\n<meta property=\"og:type\" content=\"article\" \/>\n<meta property=\"og:title\" content=\"Jamaica Fresh bebida x 300mL - EcoValle\" \/>\n<meta property=\"og:description\" content=\"Rica fuente de minerales como potasio y calcio.  Fuente de antioxidantes  Regulador de la presi\u00f3n arterial  Tiene efecto diur\u00e9tico\" \/>\n<meta property=\"og:url\" content=\"https:\/\/ecovalle.pe\/en\/product\/jamaica-fresh-bebida-x-300ml\/\" \/>\n<meta property=\"og:site_name\" content=\"EcoValle\" \/>\n<meta property=\"article:modified_time\" content=\"2025-05-29T05:00:04+00:00\" \/>\n<meta property=\"og:image\" content=\"https:\/\/ecovalle.pe\/wp-content\/uploads\/2023\/09\/JAMAICA_FRESH_300-ML_new.jpg\" \/>\n\t<meta property=\"og:image:width\" content=\"800\" \/>\n\t<meta property=\"og:image:height\" content=\"800\" \/>\n\t<meta property=\"og:image:type\" content=\"image\/jpeg\" \/>\n<meta name=\"twitter:card\" content=\"summary_large_image\" \/>\n<meta name=\"twitter:label1\" content=\"Est. reading time\" \/>\n\t<meta name=\"twitter:data1\" content=\"1 minute\" \/>\n<script type=\"application\/ld+json\" class=\"yoast-schema-graph\">{\"@context\":\"https:\/\/schema.org\",\"@graph\":[{\"@type\":\"WebPage\",\"@id\":\"https:\/\/ecovalle.pe\/product\/jamaica-fresh-bebida-x-300ml\/\",\"url\":\"https:\/\/ecovalle.pe\/product\/jamaica-fresh-bebida-x-300ml\/\",\"name\":\"Jamaica Fresh bebida x 300mL - EcoValle\",\"isPartOf\":{\"@id\":\"https:\/\/ecovalle.pe\/#website\"},\"primaryImageOfPage\":{\"@id\":\"https:\/\/ecovalle.pe\/product\/jamaica-fresh-bebida-x-300ml\/#primaryimage\"},\"image\":{\"@id\":\"https:\/\/ecovalle.pe\/product\/jamaica-fresh-bebida-x-300ml\/#primaryimage\"},\"thumbnailUrl\":\"https:\/\/ecovalle.pe\/wp-content\/uploads\/2023\/09\/JAMAICA_FRESH_300-ML_new.jpg\",\"datePublished\":\"2023-09-27T13:13:37+00:00\",\"dateModified\":\"2025-05-29T05:00:04+00:00\",\"breadcrumb\":{\"@id\":\"https:\/\/ecovalle.pe\/product\/jamaica-fresh-bebida-x-300ml\/#breadcrumb\"},\"inLanguage\":\"en-US\",\"potentialAction\":[{\"@type\":\"ReadAction\",\"target\":[\"https:\/\/ecovalle.pe\/product\/jamaica-fresh-bebida-x-300ml\/\"]}]},{\"@type\":\"ImageObject\",\"inLanguage\":\"en-US\",\"@id\":\"https:\/\/ecovalle.pe\/product\/jamaica-fresh-bebida-x-300ml\/#primaryimage\",\"url\":\"https:\/\/ecovalle.pe\/wp-content\/uploads\/2023\/09\/JAMAICA_FRESH_300-ML_new.jpg\",\"contentUrl\":\"https:\/\/ecovalle.pe\/wp-content\/uploads\/2023\/09\/JAMAICA_FRESH_300-ML_new.jpg\",\"width\":800,\"height\":800},{\"@type\":\"BreadcrumbList\",\"@id\":\"https:\/\/ecovalle.pe\/product\/jamaica-fresh-bebida-x-300ml\/#breadcrumb\",\"itemListElement\":[{\"@type\":\"ListItem\",\"position\":1,\"name\":\"Portada\",\"item\":\"https:\/\/ecovalle.pe\/\"},{\"@type\":\"ListItem\",\"position\":2,\"name\":\"Tienda\",\"item\":\"https:\/\/ecovalle.pe\/shop\/\"},{\"@type\":\"ListItem\",\"position\":3,\"name\":\"Jamaica Fresh bebida x 300mL\"}]},{\"@type\":\"WebSite\",\"@id\":\"https:\/\/ecovalle.pe\/#website\",\"url\":\"https:\/\/ecovalle.pe\/\",\"name\":\"EcoValle\",\"description\":\"Somos una 1 empresa agroindustrial con m\u00e1s de 10 a\u00f1os de experiencia en el rubro de alimentos funcionales. Todos nuestros productos pasan por un estricto proceso de producci\u00f3n y control de calidad, utilizando los m\u00e1s altos est\u00e1ndares de calidad con certificaci\u00f3n internacional.\",\"potentialAction\":[{\"@type\":\"SearchAction\",\"target\":{\"@type\":\"EntryPoint\",\"urlTemplate\":\"https:\/\/ecovalle.pe\/?s={search_term_string}\"},\"query-input\":{\"@type\":\"PropertyValueSpecification\",\"valueRequired\":true,\"valueName\":\"search_term_string\"}}],\"inLanguage\":\"en-US\"}]}<\/script>\n<!-- \/ Yoast SEO plugin. -->","yoast_head_json":{"title":"Jamaica Fresh bebida x 300mL - EcoValle","robots":{"index":"index","follow":"follow","max-snippet":"max-snippet:-1","max-image-preview":"max-image-preview:large","max-video-preview":"max-video-preview:-1"},"canonical":"https:\/\/ecovalle.pe\/en\/product\/jamaica-fresh-bebida-x-300ml\/","og_locale":"en_US","og_type":"article","og_title":"Jamaica Fresh bebida x 300mL - EcoValle","og_description":"Rica fuente de minerales como potasio y calcio.  Fuente de antioxidantes  Regulador de la presi\u00f3n arterial  Tiene efecto diur\u00e9tico","og_url":"https:\/\/ecovalle.pe\/en\/product\/jamaica-fresh-bebida-x-300ml\/","og_site_name":"EcoValle","article_modified_time":"2025-05-29T05:00:04+00:00","og_image":[{"width":800,"height":800,"url":"https:\/\/ecovalle.pe\/wp-content\/uploads\/2023\/09\/JAMAICA_FRESH_300-ML_new.jpg","type":"image\/jpeg"}],"twitter_card":"summary_large_image","twitter_misc":{"Est. reading time":"1 minute"},"schema":{"@context":"https:\/\/schema.org","@graph":[{"@type":"WebPage","@id":"https:\/\/ecovalle.pe\/product\/jamaica-fresh-bebida-x-300ml\/","url":"https:\/\/ecovalle.pe\/product\/jamaica-fresh-bebida-x-300ml\/","name":"Jamaica Fresh bebida x 300mL - EcoValle","isPartOf":{"@id":"https:\/\/ecovalle.pe\/#website"},"primaryImageOfPage":{"@id":"https:\/\/ecovalle.pe\/product\/jamaica-fresh-bebida-x-300ml\/#primaryimage"},"image":{"@id":"https:\/\/ecovalle.pe\/product\/jamaica-fresh-bebida-x-300ml\/#primaryimage"},"thumbnailUrl":"https:\/\/ecovalle.pe\/wp-content\/uploads\/2023\/09\/JAMAICA_FRESH_300-ML_new.jpg","datePublished":"2023-09-27T13:13:37+00:00","dateModified":"2025-05-29T05:00:04+00:00","breadcrumb":{"@id":"https:\/\/ecovalle.pe\/product\/jamaica-fresh-bebida-x-300ml\/#breadcrumb"},"inLanguage":"en-US","potentialAction":[{"@type":"ReadAction","target":["https:\/\/ecovalle.pe\/product\/jamaica-fresh-bebida-x-300ml\/"]}]},{"@type":"ImageObject","inLanguage":"en-US","@id":"https:\/\/ecovalle.pe\/product\/jamaica-fresh-bebida-x-300ml\/#primaryimage","url":"https:\/\/ecovalle.pe\/wp-content\/uploads\/2023\/09\/JAMAICA_FRESH_300-ML_new.jpg","contentUrl":"https:\/\/ecovalle.pe\/wp-content\/uploads\/2023\/09\/JAMAICA_FRESH_300-ML_new.jpg","width":800,"height":800},{"@type":"BreadcrumbList","@id":"https:\/\/ecovalle.pe\/product\/jamaica-fresh-bebida-x-300ml\/#breadcrumb","itemListElement":[{"@type":"ListItem","position":1,"name":"Portada","item":"https:\/\/ecovalle.pe\/"},{"@type":"ListItem","position":2,"name":"Tienda","item":"https:\/\/ecovalle.pe\/shop\/"},{"@type":"ListItem","position":3,"name":"Jamaica Fresh bebida x 300mL"}]},{"@type":"WebSite","@id":"https:\/\/ecovalle.pe\/#website","url":"https:\/\/ecovalle.pe\/","name":"EcoValle","description":"Somos una 1 empresa agroindustrial con m\u00e1s de 10 a\u00f1os de experiencia en el rubro de alimentos funcionales. Todos nuestros productos pasan por un estricto proceso de producci\u00f3n y control de calidad, utilizando los m\u00e1s altos est\u00e1ndares de calidad con certificaci\u00f3n internacional.","potentialAction":[{"@type":"SearchAction","target":{"@type":"EntryPoint","urlTemplate":"https:\/\/ecovalle.pe\/?s={search_term_string}"},"query-input":{"@type":"PropertyValueSpecification","valueRequired":true,"valueName":"search_term_string"}}],"inLanguage":"en-US"}]}},"_links":{"self":[{"href":"https:\/\/ecovalle.pe\/en\/wp-json\/wp\/v2\/product\/12051","targetHints":{"allow":["GET"]}}],"collection":[{"href":"https:\/\/ecovalle.pe\/en\/wp-json\/wp\/v2\/product"}],"about":[{"href":"https:\/\/ecovalle.pe\/en\/wp-json\/wp\/v2\/types\/product"}],"replies":[{"embeddable":true,"href":"https:\/\/ecovalle.pe\/en\/wp-json\/wp\/v2\/comments?post=12051"}],"version-history":[{"count":3,"href":"https:\/\/ecovalle.pe\/en\/wp-json\/wp\/v2\/product\/12051\/revisions"}],"predecessor-version":[{"id":14525,"href":"https:\/\/ecovalle.pe\/en\/wp-json\/wp\/v2\/product\/12051\/revisions\/14525"}],"wp:featuredmedia":[{"embeddable":true,"href":"https:\/\/ecovalle.pe\/en\/wp-json\/wp\/v2\/media\/14364"}],"wp:attachment":[{"href":"https:\/\/ecovalle.pe\/en\/wp-json\/wp\/v2\/media?parent=12051"}],"wp:term":[{"taxonomy":"product_cat","embeddable":true,"href":"https:\/\/ecovalle.pe\/en\/wp-json\/wp\/v2\/product_cat?post=12051"},{"taxonomy":"product_tag","embeddable":true,"href":"https:\/\/ecovalle.pe\/en\/wp-json\/wp\/v2\/product_tag?post=12051"}],"curies":[{"name":"wp","href":"https:\/\/api.w.org\/{rel}","templated":true}]}}