{"id":12733,"date":"2024-03-11T11:24:26","date_gmt":"2024-03-11T16:24:26","guid":{"rendered":"https:\/\/ecovalle.pe\/?post_type=product&#038;p=12733"},"modified":"2025-11-22T07:55:31","modified_gmt":"2025-11-22T12:55:31","slug":"alcachofa-vital-bebida-x-600ml","status":"publish","type":"product","link":"https:\/\/ecovalle.pe\/en\/product\/alcachofa-vital-bebida-x-600ml\/","title":{"rendered":"Alcachofa Vital bebida concentrada x 600mL"},"content":{"rendered":"<p><span style=\"font-weight: 400;\">Nuestra f\u00f3rmula especial concentrada de Alcachofa reforzada con boldo y diente de le\u00f3n, es un excelente alimento que ayuda a prevenir la formaci\u00f3n de c\u00e1lculos biliares, reduciendo el da\u00f1o hep\u00e1tico y mejorando las funciones del h\u00edgado. Regula los niveles de colesterol y triglic\u00e9ridos en la sangre<\/span>.<\/p>\n<p><strong><span style=\"color: #02793c;\">COMPOSICI\u00d3N<\/span><\/strong><\/p>\n<ul>\n<li>Nombre com\u00fan: Alcachofa<\/li>\n<li>Nombre cient\u00edfico: <strong><em>Cynara scolymus<\/em> L.<\/strong><\/li>\n<li>Parte utilizada: br\u00e1cteas y corazpo<\/li>\n<\/ul>\n<ul>\n<li>Nombre com\u00fan: Boldo<\/li>\n<li>Nombre cient\u00edfico: <b><i>Peumus boldus Molina<\/i><\/b><\/li>\n<li>Parte utilizada: hojas<\/li>\n<\/ul>\n<ul>\n<li>Nombre com\u00fan: Diente de le\u00f3n<\/li>\n<li>Nombre cient\u00edfico: <b><i>Taraxacum officinale <\/i><\/b><b>L.<\/b><\/li>\n<li>Parte utilizada: ra\u00edz<\/li>\n<\/ul>\n<p>&nbsp;<\/p>\n<p><strong><span style=\"color: #02793c;\">BENEFICIOS<\/span><\/strong><\/p>\n<ul>\n<li style=\"font-weight: 400;\" aria-level=\"1\"><span style=\"font-weight: 400;\">Reduce el da\u00f1o hep\u00e1tico, mejorando la funci\u00f3n del h\u00edgado.<\/span><\/li>\n<li style=\"font-weight: 400;\" aria-level=\"1\"><span style=\"font-weight: 400;\">Ayuda a la reducci\u00f3n de colesterol y triglic\u00e9ridos.<\/span><\/li>\n<li style=\"font-weight: 400;\" aria-level=\"1\"><span style=\"font-weight: 400;\">Previene la formaci\u00f3n de c\u00e1lculos biliares en la ves\u00edcula<\/span><\/li>\n<li style=\"font-weight: 400;\" aria-level=\"1\"><span style=\"font-weight: 400;\">Presenta una importante acci\u00f3n reguladora de la secreci\u00f3n biliar.<\/span><\/li>\n<li style=\"font-weight: 400;\" aria-level=\"1\"><span style=\"font-weight: 400;\">Favorece la digesti\u00f3n de las grasas.<\/span><\/li>\n<\/ul>\n<p><strong><span style=\"color: #02793c;\">\u00bfSAB\u00cdAS QUE?<\/span><\/strong><br \/>\n<span style=\"font-weight: 400;\">La palabra alcachofa procede del \u00e1rabe \u201cal-kharsh\u00fbf\u201d que significa \u201cPalo de espinas\u201d.<\/span><\/p>","protected":false},"excerpt":{"rendered":"<ul>\n<li aria-level=\"1\"><span style=\"font-weight: 400;\">Protector del h\u00edgado.<\/span><\/li>\n<li aria-level=\"1\"><span style=\"font-weight: 400;\">Alta concentraci\u00f3n de principios activos.<\/span><\/li>\n<li aria-level=\"1\"><span style=\"font-weight: 400;\">Efecto coler\u00e9tico y colagogo<\/span><\/li>\n<\/ul>\n<p>&nbsp;<\/p>","protected":false},"featured_media":12734,"comment_status":"open","ping_status":"closed","template":"","meta":{"inline_featured_image":false,"_joinchat":[]},"product_cat":[161],"product_tag":[224,257,270],"class_list":{"0":"post-12733","1":"product","2":"type-product","3":"status-publish","4":"has-post-thumbnail","6":"product_cat-sistema-digestivo","7":"product_tag-antioxidante","8":"product_tag-digestivo","9":"product_tag-hepatoprotector","11":"first","12":"instock","13":"shipping-taxable","14":"purchasable","15":"product-type-simple"},"yoast_head":"<!-- This site is optimized with the Yoast SEO plugin v23.9 - https:\/\/yoast.com\/wordpress\/plugins\/seo\/ -->\n<title>Alcachofa Vital bebida concentrada x 600mL - EcoValle<\/title>\n<meta name=\"robots\" content=\"index, follow, max-snippet:-1, max-image-preview:large, max-video-preview:-1\" \/>\n<link rel=\"canonical\" href=\"https:\/\/ecovalle.pe\/en\/product\/alcachofa-vital-bebida-x-600ml\/\" \/>\n<meta property=\"og:locale\" content=\"en_US\" \/>\n<meta property=\"og:type\" content=\"article\" \/>\n<meta property=\"og:title\" content=\"Alcachofa Vital bebida concentrada x 600mL - EcoValle\" \/>\n<meta property=\"og:description\" content=\"Protector del h\u00edgado.  Alta concentraci\u00f3n de principios activos.  Efecto coler\u00e9tico y colagogo  &nbsp;\" \/>\n<meta property=\"og:url\" content=\"https:\/\/ecovalle.pe\/en\/product\/alcachofa-vital-bebida-x-600ml\/\" \/>\n<meta property=\"og:site_name\" content=\"EcoValle\" \/>\n<meta property=\"article:modified_time\" content=\"2025-11-22T12:55:31+00:00\" \/>\n<meta property=\"og:image\" content=\"https:\/\/ecovalle.pe\/wp-content\/uploads\/2024\/03\/B.C.ALCACHOFA_600ML.jpg\" \/>\n\t<meta property=\"og:image:width\" content=\"800\" \/>\n\t<meta property=\"og:image:height\" content=\"800\" \/>\n\t<meta property=\"og:image:type\" content=\"image\/jpeg\" \/>\n<meta name=\"twitter:card\" content=\"summary_large_image\" \/>\n<meta name=\"twitter:label1\" content=\"Est. reading time\" \/>\n\t<meta name=\"twitter:data1\" content=\"1 minute\" \/>\n<script type=\"application\/ld+json\" class=\"yoast-schema-graph\">{\"@context\":\"https:\/\/schema.org\",\"@graph\":[{\"@type\":\"WebPage\",\"@id\":\"https:\/\/ecovalle.pe\/product\/alcachofa-vital-bebida-x-600ml\/\",\"url\":\"https:\/\/ecovalle.pe\/product\/alcachofa-vital-bebida-x-600ml\/\",\"name\":\"Alcachofa Vital bebida concentrada x 600mL - EcoValle\",\"isPartOf\":{\"@id\":\"https:\/\/ecovalle.pe\/#website\"},\"primaryImageOfPage\":{\"@id\":\"https:\/\/ecovalle.pe\/product\/alcachofa-vital-bebida-x-600ml\/#primaryimage\"},\"image\":{\"@id\":\"https:\/\/ecovalle.pe\/product\/alcachofa-vital-bebida-x-600ml\/#primaryimage\"},\"thumbnailUrl\":\"https:\/\/ecovalle.pe\/wp-content\/uploads\/2024\/03\/B.C.ALCACHOFA_600ML.jpg\",\"datePublished\":\"2024-03-11T16:24:26+00:00\",\"dateModified\":\"2025-11-22T12:55:31+00:00\",\"breadcrumb\":{\"@id\":\"https:\/\/ecovalle.pe\/product\/alcachofa-vital-bebida-x-600ml\/#breadcrumb\"},\"inLanguage\":\"en-US\",\"potentialAction\":[{\"@type\":\"ReadAction\",\"target\":[\"https:\/\/ecovalle.pe\/product\/alcachofa-vital-bebida-x-600ml\/\"]}]},{\"@type\":\"ImageObject\",\"inLanguage\":\"en-US\",\"@id\":\"https:\/\/ecovalle.pe\/product\/alcachofa-vital-bebida-x-600ml\/#primaryimage\",\"url\":\"https:\/\/ecovalle.pe\/wp-content\/uploads\/2024\/03\/B.C.ALCACHOFA_600ML.jpg\",\"contentUrl\":\"https:\/\/ecovalle.pe\/wp-content\/uploads\/2024\/03\/B.C.ALCACHOFA_600ML.jpg\",\"width\":800,\"height\":800},{\"@type\":\"BreadcrumbList\",\"@id\":\"https:\/\/ecovalle.pe\/product\/alcachofa-vital-bebida-x-600ml\/#breadcrumb\",\"itemListElement\":[{\"@type\":\"ListItem\",\"position\":1,\"name\":\"Portada\",\"item\":\"https:\/\/ecovalle.pe\/\"},{\"@type\":\"ListItem\",\"position\":2,\"name\":\"Tienda\",\"item\":\"https:\/\/ecovalle.pe\/shop\/\"},{\"@type\":\"ListItem\",\"position\":3,\"name\":\"Alcachofa Vital bebida concentrada x 600mL\"}]},{\"@type\":\"WebSite\",\"@id\":\"https:\/\/ecovalle.pe\/#website\",\"url\":\"https:\/\/ecovalle.pe\/\",\"name\":\"EcoValle\",\"description\":\"Somos una 1 empresa agroindustrial con m\u00e1s de 10 a\u00f1os de experiencia en el rubro de alimentos funcionales. Todos nuestros productos pasan por un estricto proceso de producci\u00f3n y control de calidad, utilizando los m\u00e1s altos est\u00e1ndares de calidad con certificaci\u00f3n internacional.\",\"potentialAction\":[{\"@type\":\"SearchAction\",\"target\":{\"@type\":\"EntryPoint\",\"urlTemplate\":\"https:\/\/ecovalle.pe\/?s={search_term_string}\"},\"query-input\":{\"@type\":\"PropertyValueSpecification\",\"valueRequired\":true,\"valueName\":\"search_term_string\"}}],\"inLanguage\":\"en-US\"}]}<\/script>\n<!-- \/ Yoast SEO plugin. -->","yoast_head_json":{"title":"Alcachofa Vital bebida concentrada x 600mL - EcoValle","robots":{"index":"index","follow":"follow","max-snippet":"max-snippet:-1","max-image-preview":"max-image-preview:large","max-video-preview":"max-video-preview:-1"},"canonical":"https:\/\/ecovalle.pe\/en\/product\/alcachofa-vital-bebida-x-600ml\/","og_locale":"en_US","og_type":"article","og_title":"Alcachofa Vital bebida concentrada x 600mL - EcoValle","og_description":"Protector del h\u00edgado.  Alta concentraci\u00f3n de principios activos.  Efecto coler\u00e9tico y colagogo  &nbsp;","og_url":"https:\/\/ecovalle.pe\/en\/product\/alcachofa-vital-bebida-x-600ml\/","og_site_name":"EcoValle","article_modified_time":"2025-11-22T12:55:31+00:00","og_image":[{"width":800,"height":800,"url":"https:\/\/ecovalle.pe\/wp-content\/uploads\/2024\/03\/B.C.ALCACHOFA_600ML.jpg","type":"image\/jpeg"}],"twitter_card":"summary_large_image","twitter_misc":{"Est. reading time":"1 minute"},"schema":{"@context":"https:\/\/schema.org","@graph":[{"@type":"WebPage","@id":"https:\/\/ecovalle.pe\/product\/alcachofa-vital-bebida-x-600ml\/","url":"https:\/\/ecovalle.pe\/product\/alcachofa-vital-bebida-x-600ml\/","name":"Alcachofa Vital bebida concentrada x 600mL - EcoValle","isPartOf":{"@id":"https:\/\/ecovalle.pe\/#website"},"primaryImageOfPage":{"@id":"https:\/\/ecovalle.pe\/product\/alcachofa-vital-bebida-x-600ml\/#primaryimage"},"image":{"@id":"https:\/\/ecovalle.pe\/product\/alcachofa-vital-bebida-x-600ml\/#primaryimage"},"thumbnailUrl":"https:\/\/ecovalle.pe\/wp-content\/uploads\/2024\/03\/B.C.ALCACHOFA_600ML.jpg","datePublished":"2024-03-11T16:24:26+00:00","dateModified":"2025-11-22T12:55:31+00:00","breadcrumb":{"@id":"https:\/\/ecovalle.pe\/product\/alcachofa-vital-bebida-x-600ml\/#breadcrumb"},"inLanguage":"en-US","potentialAction":[{"@type":"ReadAction","target":["https:\/\/ecovalle.pe\/product\/alcachofa-vital-bebida-x-600ml\/"]}]},{"@type":"ImageObject","inLanguage":"en-US","@id":"https:\/\/ecovalle.pe\/product\/alcachofa-vital-bebida-x-600ml\/#primaryimage","url":"https:\/\/ecovalle.pe\/wp-content\/uploads\/2024\/03\/B.C.ALCACHOFA_600ML.jpg","contentUrl":"https:\/\/ecovalle.pe\/wp-content\/uploads\/2024\/03\/B.C.ALCACHOFA_600ML.jpg","width":800,"height":800},{"@type":"BreadcrumbList","@id":"https:\/\/ecovalle.pe\/product\/alcachofa-vital-bebida-x-600ml\/#breadcrumb","itemListElement":[{"@type":"ListItem","position":1,"name":"Portada","item":"https:\/\/ecovalle.pe\/"},{"@type":"ListItem","position":2,"name":"Tienda","item":"https:\/\/ecovalle.pe\/shop\/"},{"@type":"ListItem","position":3,"name":"Alcachofa Vital bebida concentrada x 600mL"}]},{"@type":"WebSite","@id":"https:\/\/ecovalle.pe\/#website","url":"https:\/\/ecovalle.pe\/","name":"EcoValle","description":"Somos una 1 empresa agroindustrial con m\u00e1s de 10 a\u00f1os de experiencia en el rubro de alimentos funcionales. Todos nuestros productos pasan por un estricto proceso de producci\u00f3n y control de calidad, utilizando los m\u00e1s altos est\u00e1ndares de calidad con certificaci\u00f3n internacional.","potentialAction":[{"@type":"SearchAction","target":{"@type":"EntryPoint","urlTemplate":"https:\/\/ecovalle.pe\/?s={search_term_string}"},"query-input":{"@type":"PropertyValueSpecification","valueRequired":true,"valueName":"search_term_string"}}],"inLanguage":"en-US"}]}},"_links":{"self":[{"href":"https:\/\/ecovalle.pe\/en\/wp-json\/wp\/v2\/product\/12733","targetHints":{"allow":["GET"]}}],"collection":[{"href":"https:\/\/ecovalle.pe\/en\/wp-json\/wp\/v2\/product"}],"about":[{"href":"https:\/\/ecovalle.pe\/en\/wp-json\/wp\/v2\/types\/product"}],"replies":[{"embeddable":true,"href":"https:\/\/ecovalle.pe\/en\/wp-json\/wp\/v2\/comments?post=12733"}],"version-history":[{"count":2,"href":"https:\/\/ecovalle.pe\/en\/wp-json\/wp\/v2\/product\/12733\/revisions"}],"predecessor-version":[{"id":12738,"href":"https:\/\/ecovalle.pe\/en\/wp-json\/wp\/v2\/product\/12733\/revisions\/12738"}],"wp:featuredmedia":[{"embeddable":true,"href":"https:\/\/ecovalle.pe\/en\/wp-json\/wp\/v2\/media\/12734"}],"wp:attachment":[{"href":"https:\/\/ecovalle.pe\/en\/wp-json\/wp\/v2\/media?parent=12733"}],"wp:term":[{"taxonomy":"product_cat","embeddable":true,"href":"https:\/\/ecovalle.pe\/en\/wp-json\/wp\/v2\/product_cat?post=12733"},{"taxonomy":"product_tag","embeddable":true,"href":"https:\/\/ecovalle.pe\/en\/wp-json\/wp\/v2\/product_tag?post=12733"}],"curies":[{"name":"wp","href":"https:\/\/api.w.org\/{rel}","templated":true}]}}