{"id":12739,"date":"2024-03-11T11:46:28","date_gmt":"2024-03-11T16:46:28","guid":{"rendered":"https:\/\/ecovalle.pe\/?post_type=product&#038;p=12739"},"modified":"2025-11-04T11:46:15","modified_gmt":"2025-11-04T16:46:15","slug":"clorofila-vital-bebida-concentrada-x-600ml-copia","status":"publish","type":"product","link":"https:\/\/ecovalle.pe\/en\/product\/clorofila-vital-bebida-concentrada-x-600ml-copia\/","title":{"rendered":"Clorofila Vital bebida concentrada x 600mL"},"content":{"rendered":"<p><span style=\"font-weight: 400\">Nuestra bebida concentrada de alfalfa, hierba buena, menta, lim\u00f3n y clorofila, refrescante y purificador del organismo. Rica en magnesio, con m\u00faltiples beneficios para tu salud, efectiva en depurar el h\u00edgado y ri\u00f1ones repotenciando el sistema inmune.<\/span><\/p>\n<p><strong><span style=\"color: #02793c\">COMPOSICI\u00d3N<\/span><\/strong><\/p>\n<ul>\n<li>Nombre com\u00fan: Alfalfa<\/li>\n<li>Nombre cient\u00edfico: <b><i>Medicago sativa <\/i><\/b><b>L.<\/b><\/li>\n<li>Parte utilizada: hojas<\/li>\n<\/ul>\n<ul>\n<li>Nombre com\u00fan: Hierba buena<\/li>\n<li>Nombre cient\u00edfico: <b><i>Mentha spicata <\/i><\/b><b>L.<\/b><\/li>\n<li>Parte utilizada: hojas<\/li>\n<\/ul>\n<ul>\n<li>Nombre com\u00fan: Menta<\/li>\n<li>Nombre cient\u00edfico: <b><i>Mentha \u00d7 piperita <\/i><\/b><b>L.<\/b><\/li>\n<li>Parte utilizada: aceite esencial<\/li>\n<\/ul>\n<ul>\n<li>Nombre com\u00fan: Lim\u00f3n<\/li>\n<li>Nombre cient\u00edfico: <b><i>Citrus limon <\/i><\/b><b>(L.) Osbeck<\/b><\/li>\n<li>Parte utilizada: aceite esencial<\/li>\n<\/ul>\n<ul>\n<li>Nombre com\u00fan: Clorofila c\u00faprica<\/li>\n<li>Nombre cient\u00edfico: <b>E-141<\/b><\/li>\n<li>Parte utilizada: extracto<\/li>\n<\/ul>\n<p>&nbsp;<\/p>\n<p><strong><span style=\"color: #02793c\">BENEFICIOS<\/span><\/strong><\/p>\n<ul>\n<li style=\"font-weight: 400\"><span style=\"font-weight: 400\">Efecto d\u00e9tox.<\/span><\/li>\n<li style=\"font-weight: 400\"><span style=\"font-weight: 400\">Eleva el sistema inmune.<\/span><\/li>\n<li style=\"font-weight: 400\"><span style=\"font-weight: 400\">Limpia el col\u00f3n.<\/span><\/li>\n<li style=\"font-weight: 400\"><span style=\"font-weight: 400\">Combate los radicales libres.<\/span><\/li>\n<li style=\"font-weight: 400\"><span style=\"font-weight: 400\">Reduce malos olores corporales y el mal aliento.<br \/>\n<\/span><\/li>\n<\/ul>\n<p><strong><span style=\"color: #02793c\">\u00bfSAB\u00cdAS QU\u00c9?<\/span><\/strong><br \/>\n<span style=\"font-weight: 400\">Adem\u00e1s de la clorofila A, que es la m\u00e1s com\u00fan, existen otros tipos como la clorofila B, C y F, cada una con funciones espec\u00edficas en la absorci\u00f3n de luz.<\/span><\/p>","protected":false},"excerpt":{"rendered":"<ul>\n<li><span style=\"font-weight: 400\">Contiene 25 mg de clorofila por cada 10 mL.<\/span><\/li>\n<li><span style=\"font-weight: 400\">Gran fuente de antioxidantes.<\/span><\/li>\n<li><span style=\"font-weight: 400\">Renovador celular.<\/span><\/li>\n<li><span style=\"font-weight: 400\">Efecto refrescante.<\/span><\/li>\n<\/ul>\n<p>&nbsp;<\/p>","protected":false},"featured_media":12740,"comment_status":"open","ping_status":"closed","template":"","meta":{"inline_featured_image":false,"_joinchat":[]},"product_cat":[162],"product_tag":[224,229,190],"class_list":{"0":"post-12739","1":"product","2":"type-product","3":"status-publish","4":"has-post-thumbnail","6":"product_cat-sistema-inmunologico","7":"product_tag-antioxidante","8":"product_tag-desintoxicante","9":"product_tag-sistema-inmunologico","11":"first","12":"instock","13":"shipping-taxable","14":"purchasable","15":"product-type-simple"},"yoast_head":"<!-- This site is optimized with the Yoast SEO plugin v23.9 - https:\/\/yoast.com\/wordpress\/plugins\/seo\/ -->\n<title>Clorofila Vital bebida concentrada x 600mL - EcoValle<\/title>\n<meta name=\"robots\" content=\"index, follow, max-snippet:-1, max-image-preview:large, max-video-preview:-1\" \/>\n<link rel=\"canonical\" href=\"https:\/\/ecovalle.pe\/en\/product\/clorofila-vital-bebida-concentrada-x-600ml-copia\/\" \/>\n<meta property=\"og:locale\" content=\"en_US\" \/>\n<meta property=\"og:type\" content=\"article\" \/>\n<meta property=\"og:title\" content=\"Clorofila Vital bebida concentrada x 600mL - EcoValle\" \/>\n<meta property=\"og:description\" content=\"Contiene 25 mg de clorofila por cada 10 mL.  Gran fuente de antioxidantes.  Renovador celular.  Efecto refrescante.  &nbsp;\" \/>\n<meta property=\"og:url\" content=\"https:\/\/ecovalle.pe\/en\/product\/clorofila-vital-bebida-concentrada-x-600ml-copia\/\" \/>\n<meta property=\"og:site_name\" content=\"EcoValle\" \/>\n<meta property=\"article:modified_time\" content=\"2025-11-04T16:46:15+00:00\" \/>\n<meta property=\"og:image\" content=\"https:\/\/ecovalle.pe\/wp-content\/uploads\/2024\/03\/B.C.CLOROFILA_600ML.jpg\" \/>\n\t<meta property=\"og:image:width\" content=\"800\" \/>\n\t<meta property=\"og:image:height\" content=\"800\" \/>\n\t<meta property=\"og:image:type\" content=\"image\/jpeg\" \/>\n<meta name=\"twitter:card\" content=\"summary_large_image\" \/>\n<meta name=\"twitter:label1\" content=\"Est. reading time\" \/>\n\t<meta name=\"twitter:data1\" content=\"1 minute\" \/>\n<script type=\"application\/ld+json\" class=\"yoast-schema-graph\">{\"@context\":\"https:\/\/schema.org\",\"@graph\":[{\"@type\":\"WebPage\",\"@id\":\"https:\/\/ecovalle.pe\/product\/clorofila-vital-bebida-concentrada-x-600ml-copia\/\",\"url\":\"https:\/\/ecovalle.pe\/product\/clorofila-vital-bebida-concentrada-x-600ml-copia\/\",\"name\":\"Clorofila Vital bebida concentrada x 600mL - EcoValle\",\"isPartOf\":{\"@id\":\"https:\/\/ecovalle.pe\/#website\"},\"primaryImageOfPage\":{\"@id\":\"https:\/\/ecovalle.pe\/product\/clorofila-vital-bebida-concentrada-x-600ml-copia\/#primaryimage\"},\"image\":{\"@id\":\"https:\/\/ecovalle.pe\/product\/clorofila-vital-bebida-concentrada-x-600ml-copia\/#primaryimage\"},\"thumbnailUrl\":\"https:\/\/ecovalle.pe\/wp-content\/uploads\/2024\/03\/B.C.CLOROFILA_600ML.jpg\",\"datePublished\":\"2024-03-11T16:46:28+00:00\",\"dateModified\":\"2025-11-04T16:46:15+00:00\",\"breadcrumb\":{\"@id\":\"https:\/\/ecovalle.pe\/product\/clorofila-vital-bebida-concentrada-x-600ml-copia\/#breadcrumb\"},\"inLanguage\":\"en-US\",\"potentialAction\":[{\"@type\":\"ReadAction\",\"target\":[\"https:\/\/ecovalle.pe\/product\/clorofila-vital-bebida-concentrada-x-600ml-copia\/\"]}]},{\"@type\":\"ImageObject\",\"inLanguage\":\"en-US\",\"@id\":\"https:\/\/ecovalle.pe\/product\/clorofila-vital-bebida-concentrada-x-600ml-copia\/#primaryimage\",\"url\":\"https:\/\/ecovalle.pe\/wp-content\/uploads\/2024\/03\/B.C.CLOROFILA_600ML.jpg\",\"contentUrl\":\"https:\/\/ecovalle.pe\/wp-content\/uploads\/2024\/03\/B.C.CLOROFILA_600ML.jpg\",\"width\":800,\"height\":800},{\"@type\":\"BreadcrumbList\",\"@id\":\"https:\/\/ecovalle.pe\/product\/clorofila-vital-bebida-concentrada-x-600ml-copia\/#breadcrumb\",\"itemListElement\":[{\"@type\":\"ListItem\",\"position\":1,\"name\":\"Portada\",\"item\":\"https:\/\/ecovalle.pe\/\"},{\"@type\":\"ListItem\",\"position\":2,\"name\":\"Tienda\",\"item\":\"https:\/\/ecovalle.pe\/shop\/\"},{\"@type\":\"ListItem\",\"position\":3,\"name\":\"Clorofila Vital bebida concentrada x 600mL\"}]},{\"@type\":\"WebSite\",\"@id\":\"https:\/\/ecovalle.pe\/#website\",\"url\":\"https:\/\/ecovalle.pe\/\",\"name\":\"EcoValle\",\"description\":\"Somos una 1 empresa agroindustrial con m\u00e1s de 10 a\u00f1os de experiencia en el rubro de alimentos funcionales. Todos nuestros productos pasan por un estricto proceso de producci\u00f3n y control de calidad, utilizando los m\u00e1s altos est\u00e1ndares de calidad con certificaci\u00f3n internacional.\",\"potentialAction\":[{\"@type\":\"SearchAction\",\"target\":{\"@type\":\"EntryPoint\",\"urlTemplate\":\"https:\/\/ecovalle.pe\/?s={search_term_string}\"},\"query-input\":{\"@type\":\"PropertyValueSpecification\",\"valueRequired\":true,\"valueName\":\"search_term_string\"}}],\"inLanguage\":\"en-US\"}]}<\/script>\n<!-- \/ Yoast SEO plugin. -->","yoast_head_json":{"title":"Clorofila Vital bebida concentrada x 600mL - EcoValle","robots":{"index":"index","follow":"follow","max-snippet":"max-snippet:-1","max-image-preview":"max-image-preview:large","max-video-preview":"max-video-preview:-1"},"canonical":"https:\/\/ecovalle.pe\/en\/product\/clorofila-vital-bebida-concentrada-x-600ml-copia\/","og_locale":"en_US","og_type":"article","og_title":"Clorofila Vital bebida concentrada x 600mL - EcoValle","og_description":"Contiene 25 mg de clorofila por cada 10 mL.  Gran fuente de antioxidantes.  Renovador celular.  Efecto refrescante.  &nbsp;","og_url":"https:\/\/ecovalle.pe\/en\/product\/clorofila-vital-bebida-concentrada-x-600ml-copia\/","og_site_name":"EcoValle","article_modified_time":"2025-11-04T16:46:15+00:00","og_image":[{"width":800,"height":800,"url":"https:\/\/ecovalle.pe\/wp-content\/uploads\/2024\/03\/B.C.CLOROFILA_600ML.jpg","type":"image\/jpeg"}],"twitter_card":"summary_large_image","twitter_misc":{"Est. reading time":"1 minute"},"schema":{"@context":"https:\/\/schema.org","@graph":[{"@type":"WebPage","@id":"https:\/\/ecovalle.pe\/product\/clorofila-vital-bebida-concentrada-x-600ml-copia\/","url":"https:\/\/ecovalle.pe\/product\/clorofila-vital-bebida-concentrada-x-600ml-copia\/","name":"Clorofila Vital bebida concentrada x 600mL - EcoValle","isPartOf":{"@id":"https:\/\/ecovalle.pe\/#website"},"primaryImageOfPage":{"@id":"https:\/\/ecovalle.pe\/product\/clorofila-vital-bebida-concentrada-x-600ml-copia\/#primaryimage"},"image":{"@id":"https:\/\/ecovalle.pe\/product\/clorofila-vital-bebida-concentrada-x-600ml-copia\/#primaryimage"},"thumbnailUrl":"https:\/\/ecovalle.pe\/wp-content\/uploads\/2024\/03\/B.C.CLOROFILA_600ML.jpg","datePublished":"2024-03-11T16:46:28+00:00","dateModified":"2025-11-04T16:46:15+00:00","breadcrumb":{"@id":"https:\/\/ecovalle.pe\/product\/clorofila-vital-bebida-concentrada-x-600ml-copia\/#breadcrumb"},"inLanguage":"en-US","potentialAction":[{"@type":"ReadAction","target":["https:\/\/ecovalle.pe\/product\/clorofila-vital-bebida-concentrada-x-600ml-copia\/"]}]},{"@type":"ImageObject","inLanguage":"en-US","@id":"https:\/\/ecovalle.pe\/product\/clorofila-vital-bebida-concentrada-x-600ml-copia\/#primaryimage","url":"https:\/\/ecovalle.pe\/wp-content\/uploads\/2024\/03\/B.C.CLOROFILA_600ML.jpg","contentUrl":"https:\/\/ecovalle.pe\/wp-content\/uploads\/2024\/03\/B.C.CLOROFILA_600ML.jpg","width":800,"height":800},{"@type":"BreadcrumbList","@id":"https:\/\/ecovalle.pe\/product\/clorofila-vital-bebida-concentrada-x-600ml-copia\/#breadcrumb","itemListElement":[{"@type":"ListItem","position":1,"name":"Portada","item":"https:\/\/ecovalle.pe\/"},{"@type":"ListItem","position":2,"name":"Tienda","item":"https:\/\/ecovalle.pe\/shop\/"},{"@type":"ListItem","position":3,"name":"Clorofila Vital bebida concentrada x 600mL"}]},{"@type":"WebSite","@id":"https:\/\/ecovalle.pe\/#website","url":"https:\/\/ecovalle.pe\/","name":"EcoValle","description":"Somos una 1 empresa agroindustrial con m\u00e1s de 10 a\u00f1os de experiencia en el rubro de alimentos funcionales. Todos nuestros productos pasan por un estricto proceso de producci\u00f3n y control de calidad, utilizando los m\u00e1s altos est\u00e1ndares de calidad con certificaci\u00f3n internacional.","potentialAction":[{"@type":"SearchAction","target":{"@type":"EntryPoint","urlTemplate":"https:\/\/ecovalle.pe\/?s={search_term_string}"},"query-input":{"@type":"PropertyValueSpecification","valueRequired":true,"valueName":"search_term_string"}}],"inLanguage":"en-US"}]}},"_links":{"self":[{"href":"https:\/\/ecovalle.pe\/en\/wp-json\/wp\/v2\/product\/12739","targetHints":{"allow":["GET"]}}],"collection":[{"href":"https:\/\/ecovalle.pe\/en\/wp-json\/wp\/v2\/product"}],"about":[{"href":"https:\/\/ecovalle.pe\/en\/wp-json\/wp\/v2\/types\/product"}],"replies":[{"embeddable":true,"href":"https:\/\/ecovalle.pe\/en\/wp-json\/wp\/v2\/comments?post=12739"}],"version-history":[{"count":4,"href":"https:\/\/ecovalle.pe\/en\/wp-json\/wp\/v2\/product\/12739\/revisions"}],"predecessor-version":[{"id":14788,"href":"https:\/\/ecovalle.pe\/en\/wp-json\/wp\/v2\/product\/12739\/revisions\/14788"}],"wp:featuredmedia":[{"embeddable":true,"href":"https:\/\/ecovalle.pe\/en\/wp-json\/wp\/v2\/media\/12740"}],"wp:attachment":[{"href":"https:\/\/ecovalle.pe\/en\/wp-json\/wp\/v2\/media?parent=12739"}],"wp:term":[{"taxonomy":"product_cat","embeddable":true,"href":"https:\/\/ecovalle.pe\/en\/wp-json\/wp\/v2\/product_cat?post=12739"},{"taxonomy":"product_tag","embeddable":true,"href":"https:\/\/ecovalle.pe\/en\/wp-json\/wp\/v2\/product_tag?post=12739"}],"curies":[{"name":"wp","href":"https:\/\/api.w.org\/{rel}","templated":true}]}}