{"id":14306,"date":"2025-02-28T07:23:46","date_gmt":"2025-02-28T12:23:46","guid":{"rendered":"https:\/\/ecovalle.pe\/?post_type=product&#038;p=14306"},"modified":"2025-05-29T00:00:09","modified_gmt":"2025-05-29T05:00:09","slug":"piedra-de-alumbre-x-120g","status":"publish","type":"product","link":"https:\/\/ecovalle.pe\/en\/product\/piedra-de-alumbre-x-120g\/","title":{"rendered":"Desodorante Piedra de Alumbre x 120g"},"content":{"rendered":"<p><span style=\"font-weight: 400;\">La Piedra de Alumbre, es un mineral volc\u00e1nico con propiedades antimicrobianas y astringentes que inhibe el crecimiento de bacterias causantes del mal olor sin bloquear los poros. A diferencia de los desodorantes convencionales, regula la microbiota cut\u00e1nea, previene irritaciones y oscurecimiento de la piel. Es 100% natural, libre de qu\u00edmicos y una alternativa segura y sostenible para el cuidado personal.<\/span><\/p>\n<p><strong><span style=\"color: #02793c;\">COMPOSICI\u00d3N<\/span><\/strong><\/p>\n<ul>\n<li>Nombre com\u00fan: <span style=\"font-weight: 400;\">Piedra de alumbre<\/span><\/li>\n<li>Nombre cient\u00edfico: <b><i>Alumbre de Potasio<\/i><\/b><\/li>\n<li>Parte utilizada: <span style=\"font-weight: 400;\">Mineral<\/span><\/li>\n<\/ul>\n<p><strong><span style=\"color: #02793c;\">BENEFICIOS<\/span><\/strong><\/p>\n<ul>\n<li style=\"font-weight: 400;\" aria-level=\"1\"><span style=\"font-weight: 400;\">No obstruye los poros.<\/span><\/li>\n<li style=\"font-weight: 400;\" aria-level=\"1\"><span style=\"font-weight: 400;\">Evita el oscurecimiento de axilas.<\/span><\/li>\n<li style=\"font-weight: 400;\" aria-level=\"1\"><span style=\"font-weight: 400;\">Previene infecciones e irritaciones.<\/span><\/li>\n<li style=\"font-weight: 400;\" aria-level=\"1\"><span style=\"font-weight: 400;\">Mantiene el cuerpo sin malos olores.<\/span><\/li>\n<li style=\"font-weight: 400;\" aria-level=\"1\"><span style=\"font-weight: 400;\">Ayuda a regular la transpiraci\u00f3n.<\/span><\/li>\n<li style=\"font-weight: 400;\" aria-level=\"1\"><span style=\"font-weight: 400;\">Elimina los microorganismos causantes del mal olor.<\/span><\/li>\n<\/ul>\n<p><strong><span style=\"color: #02793c;\">\u00bfSAB\u00cdAS QU\u00c9?<\/span><\/strong><br \/>\n<span style=\"font-weight: 400;\">La piedra de alumbre crea una barrera invisible que impide la formaci\u00f3n de bacterias que causan el mal olor sin bloquear tus poros.<\/span><\/p>","protected":false},"excerpt":{"rendered":"<ul>\n<li style=\"font-weight: 400;\" aria-level=\"1\"><span style=\"font-weight: 400;\">Sin sales antitranspirantes.\u00a0<\/span><\/li>\n<li style=\"font-weight: 400;\" aria-level=\"1\"><span style=\"font-weight: 400;\">Sin clorhidrato de aluminio.<\/span><\/li>\n<li style=\"font-weight: 400;\" aria-level=\"1\"><span style=\"font-weight: 400;\">De f\u00e1cil uso y transporte.<\/span><\/li>\n<\/ul>\n<p>&nbsp;<\/p>","protected":false},"featured_media":14307,"comment_status":"open","ping_status":"closed","template":"","meta":{"inline_featured_image":false,"_joinchat":[]},"product_cat":[165],"product_tag":[301,303,302],"class_list":{"0":"post-14306","1":"product","2":"type-product","3":"status-publish","4":"has-post-thumbnail","6":"product_cat-cometic-natural","7":"product_tag-elimina-olores","8":"product_tag-no-mancha","9":"product_tag-origen-natural","11":"first","12":"instock","13":"shipping-taxable","14":"purchasable","15":"product-type-simple"},"yoast_head":"<!-- This site is optimized with the Yoast SEO plugin v23.9 - https:\/\/yoast.com\/wordpress\/plugins\/seo\/ -->\n<title>Desodorante Piedra de Alumbre x 120g - EcoValle<\/title>\n<meta name=\"robots\" content=\"index, follow, max-snippet:-1, max-image-preview:large, max-video-preview:-1\" \/>\n<link rel=\"canonical\" href=\"https:\/\/ecovalle.pe\/en\/product\/piedra-de-alumbre-x-120g\/\" \/>\n<meta property=\"og:locale\" content=\"en_US\" \/>\n<meta property=\"og:type\" content=\"article\" \/>\n<meta property=\"og:title\" content=\"Desodorante Piedra de Alumbre x 120g - EcoValle\" \/>\n<meta property=\"og:description\" content=\"Sin sales antitranspirantes.\u00a0  Sin clorhidrato de aluminio.  De f\u00e1cil uso y transporte.  &nbsp;\" \/>\n<meta property=\"og:url\" content=\"https:\/\/ecovalle.pe\/en\/product\/piedra-de-alumbre-x-120g\/\" \/>\n<meta property=\"og:site_name\" content=\"EcoValle\" \/>\n<meta property=\"article:modified_time\" content=\"2025-05-29T05:00:09+00:00\" \/>\n<meta property=\"og:image\" content=\"https:\/\/ecovalle.pe\/wp-content\/uploads\/2025\/02\/PIEDRA-DE-ALUMBRE-120G.jpg\" \/>\n\t<meta property=\"og:image:width\" content=\"800\" \/>\n\t<meta property=\"og:image:height\" content=\"800\" \/>\n\t<meta property=\"og:image:type\" content=\"image\/jpeg\" \/>\n<meta name=\"twitter:card\" content=\"summary_large_image\" \/>\n<meta name=\"twitter:label1\" content=\"Est. reading time\" \/>\n\t<meta name=\"twitter:data1\" content=\"1 minute\" \/>\n<script type=\"application\/ld+json\" class=\"yoast-schema-graph\">{\"@context\":\"https:\/\/schema.org\",\"@graph\":[{\"@type\":\"WebPage\",\"@id\":\"https:\/\/ecovalle.pe\/product\/piedra-de-alumbre-x-120g\/\",\"url\":\"https:\/\/ecovalle.pe\/product\/piedra-de-alumbre-x-120g\/\",\"name\":\"Desodorante Piedra de Alumbre x 120g - EcoValle\",\"isPartOf\":{\"@id\":\"https:\/\/ecovalle.pe\/#website\"},\"primaryImageOfPage\":{\"@id\":\"https:\/\/ecovalle.pe\/product\/piedra-de-alumbre-x-120g\/#primaryimage\"},\"image\":{\"@id\":\"https:\/\/ecovalle.pe\/product\/piedra-de-alumbre-x-120g\/#primaryimage\"},\"thumbnailUrl\":\"https:\/\/ecovalle.pe\/wp-content\/uploads\/2025\/02\/PIEDRA-DE-ALUMBRE-120G.jpg\",\"datePublished\":\"2025-02-28T12:23:46+00:00\",\"dateModified\":\"2025-05-29T05:00:09+00:00\",\"breadcrumb\":{\"@id\":\"https:\/\/ecovalle.pe\/product\/piedra-de-alumbre-x-120g\/#breadcrumb\"},\"inLanguage\":\"en-US\",\"potentialAction\":[{\"@type\":\"ReadAction\",\"target\":[\"https:\/\/ecovalle.pe\/product\/piedra-de-alumbre-x-120g\/\"]}]},{\"@type\":\"ImageObject\",\"inLanguage\":\"en-US\",\"@id\":\"https:\/\/ecovalle.pe\/product\/piedra-de-alumbre-x-120g\/#primaryimage\",\"url\":\"https:\/\/ecovalle.pe\/wp-content\/uploads\/2025\/02\/PIEDRA-DE-ALUMBRE-120G.jpg\",\"contentUrl\":\"https:\/\/ecovalle.pe\/wp-content\/uploads\/2025\/02\/PIEDRA-DE-ALUMBRE-120G.jpg\",\"width\":800,\"height\":800},{\"@type\":\"BreadcrumbList\",\"@id\":\"https:\/\/ecovalle.pe\/product\/piedra-de-alumbre-x-120g\/#breadcrumb\",\"itemListElement\":[{\"@type\":\"ListItem\",\"position\":1,\"name\":\"Portada\",\"item\":\"https:\/\/ecovalle.pe\/\"},{\"@type\":\"ListItem\",\"position\":2,\"name\":\"Tienda\",\"item\":\"https:\/\/ecovalle.pe\/shop\/\"},{\"@type\":\"ListItem\",\"position\":3,\"name\":\"Desodorante Piedra de Alumbre x 120g\"}]},{\"@type\":\"WebSite\",\"@id\":\"https:\/\/ecovalle.pe\/#website\",\"url\":\"https:\/\/ecovalle.pe\/\",\"name\":\"EcoValle\",\"description\":\"Somos una 1 empresa agroindustrial con m\u00e1s de 10 a\u00f1os de experiencia en el rubro de alimentos funcionales. Todos nuestros productos pasan por un estricto proceso de producci\u00f3n y control de calidad, utilizando los m\u00e1s altos est\u00e1ndares de calidad con certificaci\u00f3n internacional.\",\"potentialAction\":[{\"@type\":\"SearchAction\",\"target\":{\"@type\":\"EntryPoint\",\"urlTemplate\":\"https:\/\/ecovalle.pe\/?s={search_term_string}\"},\"query-input\":{\"@type\":\"PropertyValueSpecification\",\"valueRequired\":true,\"valueName\":\"search_term_string\"}}],\"inLanguage\":\"en-US\"}]}<\/script>\n<!-- \/ Yoast SEO plugin. -->","yoast_head_json":{"title":"Desodorante Piedra de Alumbre x 120g - EcoValle","robots":{"index":"index","follow":"follow","max-snippet":"max-snippet:-1","max-image-preview":"max-image-preview:large","max-video-preview":"max-video-preview:-1"},"canonical":"https:\/\/ecovalle.pe\/en\/product\/piedra-de-alumbre-x-120g\/","og_locale":"en_US","og_type":"article","og_title":"Desodorante Piedra de Alumbre x 120g - EcoValle","og_description":"Sin sales antitranspirantes.\u00a0  Sin clorhidrato de aluminio.  De f\u00e1cil uso y transporte.  &nbsp;","og_url":"https:\/\/ecovalle.pe\/en\/product\/piedra-de-alumbre-x-120g\/","og_site_name":"EcoValle","article_modified_time":"2025-05-29T05:00:09+00:00","og_image":[{"width":800,"height":800,"url":"https:\/\/ecovalle.pe\/wp-content\/uploads\/2025\/02\/PIEDRA-DE-ALUMBRE-120G.jpg","type":"image\/jpeg"}],"twitter_card":"summary_large_image","twitter_misc":{"Est. reading time":"1 minute"},"schema":{"@context":"https:\/\/schema.org","@graph":[{"@type":"WebPage","@id":"https:\/\/ecovalle.pe\/product\/piedra-de-alumbre-x-120g\/","url":"https:\/\/ecovalle.pe\/product\/piedra-de-alumbre-x-120g\/","name":"Desodorante Piedra de Alumbre x 120g - EcoValle","isPartOf":{"@id":"https:\/\/ecovalle.pe\/#website"},"primaryImageOfPage":{"@id":"https:\/\/ecovalle.pe\/product\/piedra-de-alumbre-x-120g\/#primaryimage"},"image":{"@id":"https:\/\/ecovalle.pe\/product\/piedra-de-alumbre-x-120g\/#primaryimage"},"thumbnailUrl":"https:\/\/ecovalle.pe\/wp-content\/uploads\/2025\/02\/PIEDRA-DE-ALUMBRE-120G.jpg","datePublished":"2025-02-28T12:23:46+00:00","dateModified":"2025-05-29T05:00:09+00:00","breadcrumb":{"@id":"https:\/\/ecovalle.pe\/product\/piedra-de-alumbre-x-120g\/#breadcrumb"},"inLanguage":"en-US","potentialAction":[{"@type":"ReadAction","target":["https:\/\/ecovalle.pe\/product\/piedra-de-alumbre-x-120g\/"]}]},{"@type":"ImageObject","inLanguage":"en-US","@id":"https:\/\/ecovalle.pe\/product\/piedra-de-alumbre-x-120g\/#primaryimage","url":"https:\/\/ecovalle.pe\/wp-content\/uploads\/2025\/02\/PIEDRA-DE-ALUMBRE-120G.jpg","contentUrl":"https:\/\/ecovalle.pe\/wp-content\/uploads\/2025\/02\/PIEDRA-DE-ALUMBRE-120G.jpg","width":800,"height":800},{"@type":"BreadcrumbList","@id":"https:\/\/ecovalle.pe\/product\/piedra-de-alumbre-x-120g\/#breadcrumb","itemListElement":[{"@type":"ListItem","position":1,"name":"Portada","item":"https:\/\/ecovalle.pe\/"},{"@type":"ListItem","position":2,"name":"Tienda","item":"https:\/\/ecovalle.pe\/shop\/"},{"@type":"ListItem","position":3,"name":"Desodorante Piedra de Alumbre x 120g"}]},{"@type":"WebSite","@id":"https:\/\/ecovalle.pe\/#website","url":"https:\/\/ecovalle.pe\/","name":"EcoValle","description":"Somos una 1 empresa agroindustrial con m\u00e1s de 10 a\u00f1os de experiencia en el rubro de alimentos funcionales. Todos nuestros productos pasan por un estricto proceso de producci\u00f3n y control de calidad, utilizando los m\u00e1s altos est\u00e1ndares de calidad con certificaci\u00f3n internacional.","potentialAction":[{"@type":"SearchAction","target":{"@type":"EntryPoint","urlTemplate":"https:\/\/ecovalle.pe\/?s={search_term_string}"},"query-input":{"@type":"PropertyValueSpecification","valueRequired":true,"valueName":"search_term_string"}}],"inLanguage":"en-US"}]}},"_links":{"self":[{"href":"https:\/\/ecovalle.pe\/en\/wp-json\/wp\/v2\/product\/14306","targetHints":{"allow":["GET"]}}],"collection":[{"href":"https:\/\/ecovalle.pe\/en\/wp-json\/wp\/v2\/product"}],"about":[{"href":"https:\/\/ecovalle.pe\/en\/wp-json\/wp\/v2\/types\/product"}],"replies":[{"embeddable":true,"href":"https:\/\/ecovalle.pe\/en\/wp-json\/wp\/v2\/comments?post=14306"}],"version-history":[{"count":4,"href":"https:\/\/ecovalle.pe\/en\/wp-json\/wp\/v2\/product\/14306\/revisions"}],"predecessor-version":[{"id":14518,"href":"https:\/\/ecovalle.pe\/en\/wp-json\/wp\/v2\/product\/14306\/revisions\/14518"}],"wp:featuredmedia":[{"embeddable":true,"href":"https:\/\/ecovalle.pe\/en\/wp-json\/wp\/v2\/media\/14307"}],"wp:attachment":[{"href":"https:\/\/ecovalle.pe\/en\/wp-json\/wp\/v2\/media?parent=14306"}],"wp:term":[{"taxonomy":"product_cat","embeddable":true,"href":"https:\/\/ecovalle.pe\/en\/wp-json\/wp\/v2\/product_cat?post=14306"},{"taxonomy":"product_tag","embeddable":true,"href":"https:\/\/ecovalle.pe\/en\/wp-json\/wp\/v2\/product_tag?post=14306"}],"curies":[{"name":"wp","href":"https:\/\/api.w.org\/{rel}","templated":true}]}}