{"id":14611,"date":"2025-07-14T14:18:26","date_gmt":"2025-07-14T19:18:26","guid":{"rendered":"https:\/\/ecovalle.pe\/?post_type=product&#038;p=14611"},"modified":"2026-01-06T15:15:58","modified_gmt":"2026-01-06T20:15:58","slug":"nad-resveratrol-biotina","status":"publish","type":"product","link":"https:\/\/ecovalle.pe\/en\/product\/nad-resveratrol-biotina\/","title":{"rendered":"Nad+ Resveratrol y Biotina de 500mg c\/u x 100c\u00e1ps."},"content":{"rendered":"<p><span style=\"font-weight: 400;\">Nuestro suplemento combina NAD+ (Nicotinamida), una coenzima esencial para el metabolismo celular, con resveratrol, un antioxidante vegano de nivel avanzado, crean una sinergia para combatir el da\u00f1o a nivel celular y ayudar a su rejuvenecimiento.<\/span><\/p>\n<p><strong><span style=\"color: #02793c;\">COMPOSICI\u00d3N<\/span><\/strong><\/p>\n<ul>\n<li><strong>Nombre com\u00fan:<\/strong> <span style=\"font-weight: 400;\">Knotweed japon\u00e9s<\/span><\/li>\n<li><strong>Nombre cient\u00edfico:<\/strong> <b><i>Polygonum Cuspidatum<\/i><\/b><\/li>\n<li><strong>Parte utilizada:<\/strong> <span style=\"font-weight: 400;\">Extracto de ra\u00edz<\/span><\/li>\n<\/ul>\n<ul>\n<li><strong>Nombre com\u00fan:<\/strong> <span style=\"font-weight: 400;\">NAD+<\/span><\/li>\n<li><strong>Nombre cient\u00edfico:<\/strong> <b>Nicotinamida<\/b><\/li>\n<li><strong>Parte utilizada:<\/strong> <span style=\"font-weight: 400;\">Mol\u00e9cula<\/span><\/li>\n<\/ul>\n<ul>\n<li><strong>Nombre com\u00fan:<\/strong> <span style=\"font-weight: 400;\">B7<\/span><\/li>\n<li><strong>Nombre cient\u00edfico:<\/strong> <b>Biotina<\/b><\/li>\n<li><strong>Parte utilizada:<\/strong> <span style=\"font-weight: 400;\">Vitamina<\/span><\/li>\n<\/ul>\n<p><strong><span style=\"color: #02793c;\">BENEFICIOS<\/span><\/strong><\/p>\n<ul>\n<li style=\"font-weight: 400;\" aria-level=\"1\"><span style=\"font-weight: 400;\">Ayuda al rejuvenecimiento celular.<\/span><\/li>\n<li style=\"font-weight: 400;\" aria-level=\"1\"><span style=\"font-weight: 400;\">Aumenta la producci\u00f3n de energ\u00eda celular.<\/span><\/li>\n<li style=\"font-weight: 400;\" aria-level=\"1\"><span style=\"font-weight: 400;\">Mejora la apariencia de piel, cabello y u\u00f1as.<\/span><\/li>\n<li style=\"font-weight: 400;\" aria-level=\"1\"><span style=\"font-weight: 400;\">Brinda efectos antioxidantes avanzados.<\/span><\/li>\n<li style=\"font-weight: 400;\" aria-level=\"1\"><span style=\"font-weight: 400;\">Disminuye inflamaciones.<\/span><\/li>\n<\/ul>\n<p><strong><span style=\"color: #02793c;\">\u00bfSAB\u00cdAS QU\u00c9?<\/span><\/strong><br \/>\n<span style=\"font-weight: 400;\">Los niveles de NAD+ del organismo disminuyen con la edad, lo que contribuye al envejecimiento y a la p\u00e9rdida de energ\u00eda.<\/span><\/p>","protected":false},"excerpt":{"rendered":"<ul>\n<li style=\"font-weight: 400;\" aria-level=\"1\"><span style=\"font-weight: 400;\">Complejo rejuvenecedor avanzado.<\/span><\/li>\n<li style=\"font-weight: 400;\" aria-level=\"1\"><span style=\"font-weight: 400;\">Con trans-resveratrol.<\/span><\/li>\n<li style=\"font-weight: 400;\" aria-level=\"1\"><span style=\"font-weight: 400;\">Reparador gen\u00e9tico.<\/span><\/li>\n<li style=\"font-weight: 400;\" aria-level=\"1\"><span style=\"font-weight: 400;\">Potente antioxidante.<\/span><\/li>\n<\/ul>","protected":false},"featured_media":14612,"comment_status":"open","ping_status":"closed","template":"","meta":{"inline_featured_image":false,"_joinchat":[]},"product_cat":[165],"product_tag":[306,212,307],"class_list":{"0":"post-14611","1":"product","2":"type-product","3":"status-publish","4":"has-post-thumbnail","6":"product_cat-cometic-natural","7":"product_tag-longevidad","8":"product_tag-rejuvenecedor","9":"product_tag-reparador-genetico","11":"first","12":"instock","13":"sale","14":"shipping-taxable","15":"purchasable","16":"product-type-simple"},"yoast_head":"<!-- This site is optimized with the Yoast SEO plugin v23.9 - https:\/\/yoast.com\/wordpress\/plugins\/seo\/ -->\n<title>Nad+ Resveratrol y Biotina de 500mg c\/u x 100c\u00e1ps. - EcoValle<\/title>\n<meta name=\"robots\" content=\"index, follow, max-snippet:-1, max-image-preview:large, max-video-preview:-1\" \/>\n<link rel=\"canonical\" href=\"https:\/\/ecovalle.pe\/en\/product\/nad-resveratrol-biotina\/\" \/>\n<meta property=\"og:locale\" content=\"en_US\" \/>\n<meta property=\"og:type\" content=\"article\" \/>\n<meta property=\"og:title\" content=\"Nad+ Resveratrol y Biotina de 500mg c\/u x 100c\u00e1ps. - EcoValle\" \/>\n<meta property=\"og:description\" content=\"Complejo rejuvenecedor avanzado.  Con trans-resveratrol.  Reparador gen\u00e9tico.  Potente antioxidante.\" \/>\n<meta property=\"og:url\" content=\"https:\/\/ecovalle.pe\/en\/product\/nad-resveratrol-biotina\/\" \/>\n<meta property=\"og:site_name\" content=\"EcoValle\" \/>\n<meta property=\"article:modified_time\" content=\"2026-01-06T20:15:58+00:00\" \/>\n<meta property=\"og:image\" content=\"https:\/\/ecovalle.pe\/wp-content\/uploads\/2025\/07\/NADRESVERATROL-100-CAPS.jpg\" \/>\n\t<meta property=\"og:image:width\" content=\"800\" \/>\n\t<meta property=\"og:image:height\" content=\"800\" \/>\n\t<meta property=\"og:image:type\" content=\"image\/jpeg\" \/>\n<meta name=\"twitter:card\" content=\"summary_large_image\" \/>\n<meta name=\"twitter:label1\" content=\"Est. reading time\" \/>\n\t<meta name=\"twitter:data1\" content=\"1 minute\" \/>\n<script type=\"application\/ld+json\" class=\"yoast-schema-graph\">{\"@context\":\"https:\/\/schema.org\",\"@graph\":[{\"@type\":\"WebPage\",\"@id\":\"https:\/\/ecovalle.pe\/product\/nad-resveratrol-biotina\/\",\"url\":\"https:\/\/ecovalle.pe\/product\/nad-resveratrol-biotina\/\",\"name\":\"Nad+ Resveratrol y Biotina de 500mg c\/u x 100c\u00e1ps. - EcoValle\",\"isPartOf\":{\"@id\":\"https:\/\/ecovalle.pe\/#website\"},\"primaryImageOfPage\":{\"@id\":\"https:\/\/ecovalle.pe\/product\/nad-resveratrol-biotina\/#primaryimage\"},\"image\":{\"@id\":\"https:\/\/ecovalle.pe\/product\/nad-resveratrol-biotina\/#primaryimage\"},\"thumbnailUrl\":\"https:\/\/ecovalle.pe\/wp-content\/uploads\/2025\/07\/NADRESVERATROL-100-CAPS.jpg\",\"datePublished\":\"2025-07-14T19:18:26+00:00\",\"dateModified\":\"2026-01-06T20:15:58+00:00\",\"breadcrumb\":{\"@id\":\"https:\/\/ecovalle.pe\/product\/nad-resveratrol-biotina\/#breadcrumb\"},\"inLanguage\":\"en-US\",\"potentialAction\":[{\"@type\":\"ReadAction\",\"target\":[\"https:\/\/ecovalle.pe\/product\/nad-resveratrol-biotina\/\"]}]},{\"@type\":\"ImageObject\",\"inLanguage\":\"en-US\",\"@id\":\"https:\/\/ecovalle.pe\/product\/nad-resveratrol-biotina\/#primaryimage\",\"url\":\"https:\/\/ecovalle.pe\/wp-content\/uploads\/2025\/07\/NADRESVERATROL-100-CAPS.jpg\",\"contentUrl\":\"https:\/\/ecovalle.pe\/wp-content\/uploads\/2025\/07\/NADRESVERATROL-100-CAPS.jpg\",\"width\":800,\"height\":800},{\"@type\":\"BreadcrumbList\",\"@id\":\"https:\/\/ecovalle.pe\/product\/nad-resveratrol-biotina\/#breadcrumb\",\"itemListElement\":[{\"@type\":\"ListItem\",\"position\":1,\"name\":\"Portada\",\"item\":\"https:\/\/ecovalle.pe\/\"},{\"@type\":\"ListItem\",\"position\":2,\"name\":\"Tienda\",\"item\":\"https:\/\/ecovalle.pe\/shop\/\"},{\"@type\":\"ListItem\",\"position\":3,\"name\":\"Nad+ Resveratrol y Biotina de 500mg c\/u x 100c\u00e1ps.\"}]},{\"@type\":\"WebSite\",\"@id\":\"https:\/\/ecovalle.pe\/#website\",\"url\":\"https:\/\/ecovalle.pe\/\",\"name\":\"EcoValle\",\"description\":\"Somos una 1 empresa agroindustrial con m\u00e1s de 10 a\u00f1os de experiencia en el rubro de alimentos funcionales. Todos nuestros productos pasan por un estricto proceso de producci\u00f3n y control de calidad, utilizando los m\u00e1s altos est\u00e1ndares de calidad con certificaci\u00f3n internacional.\",\"potentialAction\":[{\"@type\":\"SearchAction\",\"target\":{\"@type\":\"EntryPoint\",\"urlTemplate\":\"https:\/\/ecovalle.pe\/?s={search_term_string}\"},\"query-input\":{\"@type\":\"PropertyValueSpecification\",\"valueRequired\":true,\"valueName\":\"search_term_string\"}}],\"inLanguage\":\"en-US\"}]}<\/script>\n<!-- \/ Yoast SEO plugin. -->","yoast_head_json":{"title":"Nad+ Resveratrol y Biotina de 500mg c\/u x 100c\u00e1ps. - EcoValle","robots":{"index":"index","follow":"follow","max-snippet":"max-snippet:-1","max-image-preview":"max-image-preview:large","max-video-preview":"max-video-preview:-1"},"canonical":"https:\/\/ecovalle.pe\/en\/product\/nad-resveratrol-biotina\/","og_locale":"en_US","og_type":"article","og_title":"Nad+ Resveratrol y Biotina de 500mg c\/u x 100c\u00e1ps. - EcoValle","og_description":"Complejo rejuvenecedor avanzado.  Con trans-resveratrol.  Reparador gen\u00e9tico.  Potente antioxidante.","og_url":"https:\/\/ecovalle.pe\/en\/product\/nad-resveratrol-biotina\/","og_site_name":"EcoValle","article_modified_time":"2026-01-06T20:15:58+00:00","og_image":[{"width":800,"height":800,"url":"https:\/\/ecovalle.pe\/wp-content\/uploads\/2025\/07\/NADRESVERATROL-100-CAPS.jpg","type":"image\/jpeg"}],"twitter_card":"summary_large_image","twitter_misc":{"Est. reading time":"1 minute"},"schema":{"@context":"https:\/\/schema.org","@graph":[{"@type":"WebPage","@id":"https:\/\/ecovalle.pe\/product\/nad-resveratrol-biotina\/","url":"https:\/\/ecovalle.pe\/product\/nad-resveratrol-biotina\/","name":"Nad+ Resveratrol y Biotina de 500mg c\/u x 100c\u00e1ps. - EcoValle","isPartOf":{"@id":"https:\/\/ecovalle.pe\/#website"},"primaryImageOfPage":{"@id":"https:\/\/ecovalle.pe\/product\/nad-resveratrol-biotina\/#primaryimage"},"image":{"@id":"https:\/\/ecovalle.pe\/product\/nad-resveratrol-biotina\/#primaryimage"},"thumbnailUrl":"https:\/\/ecovalle.pe\/wp-content\/uploads\/2025\/07\/NADRESVERATROL-100-CAPS.jpg","datePublished":"2025-07-14T19:18:26+00:00","dateModified":"2026-01-06T20:15:58+00:00","breadcrumb":{"@id":"https:\/\/ecovalle.pe\/product\/nad-resveratrol-biotina\/#breadcrumb"},"inLanguage":"en-US","potentialAction":[{"@type":"ReadAction","target":["https:\/\/ecovalle.pe\/product\/nad-resveratrol-biotina\/"]}]},{"@type":"ImageObject","inLanguage":"en-US","@id":"https:\/\/ecovalle.pe\/product\/nad-resveratrol-biotina\/#primaryimage","url":"https:\/\/ecovalle.pe\/wp-content\/uploads\/2025\/07\/NADRESVERATROL-100-CAPS.jpg","contentUrl":"https:\/\/ecovalle.pe\/wp-content\/uploads\/2025\/07\/NADRESVERATROL-100-CAPS.jpg","width":800,"height":800},{"@type":"BreadcrumbList","@id":"https:\/\/ecovalle.pe\/product\/nad-resveratrol-biotina\/#breadcrumb","itemListElement":[{"@type":"ListItem","position":1,"name":"Portada","item":"https:\/\/ecovalle.pe\/"},{"@type":"ListItem","position":2,"name":"Tienda","item":"https:\/\/ecovalle.pe\/shop\/"},{"@type":"ListItem","position":3,"name":"Nad+ Resveratrol y Biotina de 500mg c\/u x 100c\u00e1ps."}]},{"@type":"WebSite","@id":"https:\/\/ecovalle.pe\/#website","url":"https:\/\/ecovalle.pe\/","name":"EcoValle","description":"Somos una 1 empresa agroindustrial con m\u00e1s de 10 a\u00f1os de experiencia en el rubro de alimentos funcionales. Todos nuestros productos pasan por un estricto proceso de producci\u00f3n y control de calidad, utilizando los m\u00e1s altos est\u00e1ndares de calidad con certificaci\u00f3n internacional.","potentialAction":[{"@type":"SearchAction","target":{"@type":"EntryPoint","urlTemplate":"https:\/\/ecovalle.pe\/?s={search_term_string}"},"query-input":{"@type":"PropertyValueSpecification","valueRequired":true,"valueName":"search_term_string"}}],"inLanguage":"en-US"}]}},"_links":{"self":[{"href":"https:\/\/ecovalle.pe\/en\/wp-json\/wp\/v2\/product\/14611","targetHints":{"allow":["GET"]}}],"collection":[{"href":"https:\/\/ecovalle.pe\/en\/wp-json\/wp\/v2\/product"}],"about":[{"href":"https:\/\/ecovalle.pe\/en\/wp-json\/wp\/v2\/types\/product"}],"replies":[{"embeddable":true,"href":"https:\/\/ecovalle.pe\/en\/wp-json\/wp\/v2\/comments?post=14611"}],"version-history":[{"count":3,"href":"https:\/\/ecovalle.pe\/en\/wp-json\/wp\/v2\/product\/14611\/revisions"}],"predecessor-version":[{"id":14916,"href":"https:\/\/ecovalle.pe\/en\/wp-json\/wp\/v2\/product\/14611\/revisions\/14916"}],"wp:featuredmedia":[{"embeddable":true,"href":"https:\/\/ecovalle.pe\/en\/wp-json\/wp\/v2\/media\/14612"}],"wp:attachment":[{"href":"https:\/\/ecovalle.pe\/en\/wp-json\/wp\/v2\/media?parent=14611"}],"wp:term":[{"taxonomy":"product_cat","embeddable":true,"href":"https:\/\/ecovalle.pe\/en\/wp-json\/wp\/v2\/product_cat?post=14611"},{"taxonomy":"product_tag","embeddable":true,"href":"https:\/\/ecovalle.pe\/en\/wp-json\/wp\/v2\/product_tag?post=14611"}],"curies":[{"name":"wp","href":"https:\/\/api.w.org\/{rel}","templated":true}]}}