{"id":6650,"date":"2022-06-14T15:20:35","date_gmt":"2022-06-14T20:20:35","guid":{"rendered":"https:\/\/ecovalle.pe\/?post_type=product&#038;p=6650"},"modified":"2026-01-06T15:19:01","modified_gmt":"2026-01-06T20:19:01","slug":"sili-hepat-capsulas-500mg-100caps","status":"publish","type":"product","link":"https:\/\/ecovalle.pe\/en\/product\/sili-hepat-capsulas-500mg-100caps\/","title":{"rendered":"Sili Hepat de 500mg c\/u x 100c\u00e1ps."},"content":{"rendered":"<p>Sili Hepat es un alimento natural a base de extracto de las semillas de cardo mariano, harina de hojas de boldo y alcachofa, capaz de aliviar los malestares hep\u00e1ticos. Cuida la salud de tu h\u00edgado ayudando a eliminar sustancias t\u00f3xicas. El extracto de cardo mariano contiene a la silimarina un potente antioxidante que, junto al efecto colagogo de la alcachofa y el boldo, ayuda a mantener un h\u00edgado sano.<\/p>\n<p><strong><span style=\"color: #02793c;\">CADA CAPSULA APORTA:<\/span><\/strong><\/p>\n<table style=\"height: 10px; width: 100%; border-collapse: collapse; background-color: #f2f2f2;\">\n<tbody>\n<tr>\n<td style=\"width: 480.445px;\">Cardo mariano <b><strong>(<em>Silybum marianum<\/em> (L.) Gaertn.)\u00a0<\/strong><\/b>Extracto de cardo mariano. (Garantiza 126 mg de Silimarina por c\u00e1psula)<\/td>\n<td style=\"text-align: center; width: 108.555px;\">275 mg.<\/td>\n<\/tr>\n<tr>\n<td style=\"width: 480.445px;\">Alcachofa <b>(<i>Cynara scolymus<\/i> L.) <\/b>en polvoAlcachofa <b>(<i>Cynara scolymus<\/i> L.) <\/b>en polvo<\/td>\n<td style=\"text-align: center; width: 108.555px;\">200 mg.<\/td>\n<\/tr>\n<tr>\n<td style=\"width: 480.445px; height: 24px;\">Boldo<b> (<i>Peumus boldus<\/i> Molina) <\/b>en polvo<\/td>\n<td style=\"width: 108.555px; text-align: center; height: 24px;\">25 mg.<\/td>\n<\/tr>\n<\/tbody>\n<\/table>\n<p><strong><span style=\"color: #02793c;\">BENEFICIOS<\/span><\/strong><\/p>\n<ul>\n<li>Depura las toxinas del h\u00edgado.<\/li>\n<li>Restaura las funciones normales del h\u00edgado.<\/li>\n<li>Previene la diabetes e h\u00edgado graso.<\/li>\n<li>Ayuda a regular el colesterol y los triglic\u00e9ridos.<\/li>\n<li>Favorece la circulaci\u00f3n hep\u00e1tica.<\/li>\n<li>Protege, mejora y ayuda al sistema digestivo.<\/li>\n<\/ul>\n<p><strong><span style=\"color: #02793c;\">\u00bfSAB\u00cdAS QUE?<\/span><\/strong><br \/>\nEl cardo mariano es una planta cuyas semillas contienen a la silimarina, un excelente hepatoprotector.<\/p>","protected":false},"excerpt":{"rendered":"<ul>\n<li style=\"text-align: left;\">Hepatoprotector<\/li>\n<li style=\"text-align: left;\">Regenerador<\/li>\n<li style=\"text-align: left;\">Antioxidante<\/li>\n<li style=\"text-align: left;\">EAN: 7754531000246<\/li>\n<\/ul>","protected":false},"featured_media":14920,"comment_status":"open","ping_status":"closed","template":"","meta":{"inline_featured_image":false,"_joinchat":[]},"product_cat":[161],"product_tag":[181],"class_list":{"0":"post-6650","1":"product","2":"type-product","3":"status-publish","4":"has-post-thumbnail","6":"product_cat-sistema-digestivo","7":"product_tag-sistema-digestivo","9":"first","10":"instock","11":"shipping-taxable","12":"purchasable","13":"product-type-simple"},"yoast_head":"<!-- This site is optimized with the Yoast SEO plugin v23.9 - https:\/\/yoast.com\/wordpress\/plugins\/seo\/ -->\n<title>Sili Hepat de 500mg c\/u x 100c\u00e1ps. - EcoValle<\/title>\n<meta name=\"robots\" content=\"index, follow, max-snippet:-1, max-image-preview:large, max-video-preview:-1\" \/>\n<link rel=\"canonical\" href=\"https:\/\/ecovalle.pe\/en\/product\/sili-hepat-capsulas-500mg-100caps\/\" \/>\n<meta property=\"og:locale\" content=\"en_US\" \/>\n<meta property=\"og:type\" content=\"article\" \/>\n<meta property=\"og:title\" content=\"Sili Hepat de 500mg c\/u x 100c\u00e1ps. - EcoValle\" \/>\n<meta property=\"og:description\" content=\"Hepatoprotector  Regenerador  Antioxidante  EAN: 7754531000246\" \/>\n<meta property=\"og:url\" content=\"https:\/\/ecovalle.pe\/en\/product\/sili-hepat-capsulas-500mg-100caps\/\" \/>\n<meta property=\"og:site_name\" content=\"EcoValle\" \/>\n<meta property=\"article:modified_time\" content=\"2026-01-06T20:19:01+00:00\" \/>\n<meta property=\"og:image\" content=\"https:\/\/ecovalle.pe\/wp-content\/uploads\/2022\/06\/SILIMARINA_CAPS01.jpg\" \/>\n\t<meta property=\"og:image:width\" content=\"800\" \/>\n\t<meta property=\"og:image:height\" content=\"800\" \/>\n\t<meta property=\"og:image:type\" content=\"image\/jpeg\" \/>\n<meta name=\"twitter:card\" content=\"summary_large_image\" \/>\n<meta name=\"twitter:label1\" content=\"Est. reading time\" \/>\n\t<meta name=\"twitter:data1\" content=\"1 minute\" \/>\n<script type=\"application\/ld+json\" class=\"yoast-schema-graph\">{\"@context\":\"https:\/\/schema.org\",\"@graph\":[{\"@type\":\"WebPage\",\"@id\":\"https:\/\/ecovalle.pe\/product\/sili-hepat-capsulas-500mg-100caps\/\",\"url\":\"https:\/\/ecovalle.pe\/product\/sili-hepat-capsulas-500mg-100caps\/\",\"name\":\"Sili Hepat de 500mg c\/u x 100c\u00e1ps. - EcoValle\",\"isPartOf\":{\"@id\":\"https:\/\/ecovalle.pe\/#website\"},\"primaryImageOfPage\":{\"@id\":\"https:\/\/ecovalle.pe\/product\/sili-hepat-capsulas-500mg-100caps\/#primaryimage\"},\"image\":{\"@id\":\"https:\/\/ecovalle.pe\/product\/sili-hepat-capsulas-500mg-100caps\/#primaryimage\"},\"thumbnailUrl\":\"https:\/\/ecovalle.pe\/wp-content\/uploads\/2022\/06\/SILIMARINA_CAPS01.jpg\",\"datePublished\":\"2022-06-14T20:20:35+00:00\",\"dateModified\":\"2026-01-06T20:19:01+00:00\",\"breadcrumb\":{\"@id\":\"https:\/\/ecovalle.pe\/product\/sili-hepat-capsulas-500mg-100caps\/#breadcrumb\"},\"inLanguage\":\"en-US\",\"potentialAction\":[{\"@type\":\"ReadAction\",\"target\":[\"https:\/\/ecovalle.pe\/product\/sili-hepat-capsulas-500mg-100caps\/\"]}]},{\"@type\":\"ImageObject\",\"inLanguage\":\"en-US\",\"@id\":\"https:\/\/ecovalle.pe\/product\/sili-hepat-capsulas-500mg-100caps\/#primaryimage\",\"url\":\"https:\/\/ecovalle.pe\/wp-content\/uploads\/2022\/06\/SILIMARINA_CAPS01.jpg\",\"contentUrl\":\"https:\/\/ecovalle.pe\/wp-content\/uploads\/2022\/06\/SILIMARINA_CAPS01.jpg\",\"width\":800,\"height\":800},{\"@type\":\"BreadcrumbList\",\"@id\":\"https:\/\/ecovalle.pe\/product\/sili-hepat-capsulas-500mg-100caps\/#breadcrumb\",\"itemListElement\":[{\"@type\":\"ListItem\",\"position\":1,\"name\":\"Portada\",\"item\":\"https:\/\/ecovalle.pe\/\"},{\"@type\":\"ListItem\",\"position\":2,\"name\":\"Tienda\",\"item\":\"https:\/\/ecovalle.pe\/shop\/\"},{\"@type\":\"ListItem\",\"position\":3,\"name\":\"Sili Hepat de 500mg c\/u x 100c\u00e1ps.\"}]},{\"@type\":\"WebSite\",\"@id\":\"https:\/\/ecovalle.pe\/#website\",\"url\":\"https:\/\/ecovalle.pe\/\",\"name\":\"EcoValle\",\"description\":\"Somos una 1 empresa agroindustrial con m\u00e1s de 10 a\u00f1os de experiencia en el rubro de alimentos funcionales. Todos nuestros productos pasan por un estricto proceso de producci\u00f3n y control de calidad, utilizando los m\u00e1s altos est\u00e1ndares de calidad con certificaci\u00f3n internacional.\",\"potentialAction\":[{\"@type\":\"SearchAction\",\"target\":{\"@type\":\"EntryPoint\",\"urlTemplate\":\"https:\/\/ecovalle.pe\/?s={search_term_string}\"},\"query-input\":{\"@type\":\"PropertyValueSpecification\",\"valueRequired\":true,\"valueName\":\"search_term_string\"}}],\"inLanguage\":\"en-US\"}]}<\/script>\n<!-- \/ Yoast SEO plugin. -->","yoast_head_json":{"title":"Sili Hepat de 500mg c\/u x 100c\u00e1ps. - EcoValle","robots":{"index":"index","follow":"follow","max-snippet":"max-snippet:-1","max-image-preview":"max-image-preview:large","max-video-preview":"max-video-preview:-1"},"canonical":"https:\/\/ecovalle.pe\/en\/product\/sili-hepat-capsulas-500mg-100caps\/","og_locale":"en_US","og_type":"article","og_title":"Sili Hepat de 500mg c\/u x 100c\u00e1ps. - EcoValle","og_description":"Hepatoprotector  Regenerador  Antioxidante  EAN: 7754531000246","og_url":"https:\/\/ecovalle.pe\/en\/product\/sili-hepat-capsulas-500mg-100caps\/","og_site_name":"EcoValle","article_modified_time":"2026-01-06T20:19:01+00:00","og_image":[{"width":800,"height":800,"url":"https:\/\/ecovalle.pe\/wp-content\/uploads\/2022\/06\/SILIMARINA_CAPS01.jpg","type":"image\/jpeg"}],"twitter_card":"summary_large_image","twitter_misc":{"Est. reading time":"1 minute"},"schema":{"@context":"https:\/\/schema.org","@graph":[{"@type":"WebPage","@id":"https:\/\/ecovalle.pe\/product\/sili-hepat-capsulas-500mg-100caps\/","url":"https:\/\/ecovalle.pe\/product\/sili-hepat-capsulas-500mg-100caps\/","name":"Sili Hepat de 500mg c\/u x 100c\u00e1ps. - EcoValle","isPartOf":{"@id":"https:\/\/ecovalle.pe\/#website"},"primaryImageOfPage":{"@id":"https:\/\/ecovalle.pe\/product\/sili-hepat-capsulas-500mg-100caps\/#primaryimage"},"image":{"@id":"https:\/\/ecovalle.pe\/product\/sili-hepat-capsulas-500mg-100caps\/#primaryimage"},"thumbnailUrl":"https:\/\/ecovalle.pe\/wp-content\/uploads\/2022\/06\/SILIMARINA_CAPS01.jpg","datePublished":"2022-06-14T20:20:35+00:00","dateModified":"2026-01-06T20:19:01+00:00","breadcrumb":{"@id":"https:\/\/ecovalle.pe\/product\/sili-hepat-capsulas-500mg-100caps\/#breadcrumb"},"inLanguage":"en-US","potentialAction":[{"@type":"ReadAction","target":["https:\/\/ecovalle.pe\/product\/sili-hepat-capsulas-500mg-100caps\/"]}]},{"@type":"ImageObject","inLanguage":"en-US","@id":"https:\/\/ecovalle.pe\/product\/sili-hepat-capsulas-500mg-100caps\/#primaryimage","url":"https:\/\/ecovalle.pe\/wp-content\/uploads\/2022\/06\/SILIMARINA_CAPS01.jpg","contentUrl":"https:\/\/ecovalle.pe\/wp-content\/uploads\/2022\/06\/SILIMARINA_CAPS01.jpg","width":800,"height":800},{"@type":"BreadcrumbList","@id":"https:\/\/ecovalle.pe\/product\/sili-hepat-capsulas-500mg-100caps\/#breadcrumb","itemListElement":[{"@type":"ListItem","position":1,"name":"Portada","item":"https:\/\/ecovalle.pe\/"},{"@type":"ListItem","position":2,"name":"Tienda","item":"https:\/\/ecovalle.pe\/shop\/"},{"@type":"ListItem","position":3,"name":"Sili Hepat de 500mg c\/u x 100c\u00e1ps."}]},{"@type":"WebSite","@id":"https:\/\/ecovalle.pe\/#website","url":"https:\/\/ecovalle.pe\/","name":"EcoValle","description":"Somos una 1 empresa agroindustrial con m\u00e1s de 10 a\u00f1os de experiencia en el rubro de alimentos funcionales. Todos nuestros productos pasan por un estricto proceso de producci\u00f3n y control de calidad, utilizando los m\u00e1s altos est\u00e1ndares de calidad con certificaci\u00f3n internacional.","potentialAction":[{"@type":"SearchAction","target":{"@type":"EntryPoint","urlTemplate":"https:\/\/ecovalle.pe\/?s={search_term_string}"},"query-input":{"@type":"PropertyValueSpecification","valueRequired":true,"valueName":"search_term_string"}}],"inLanguage":"en-US"}]}},"_links":{"self":[{"href":"https:\/\/ecovalle.pe\/en\/wp-json\/wp\/v2\/product\/6650","targetHints":{"allow":["GET"]}}],"collection":[{"href":"https:\/\/ecovalle.pe\/en\/wp-json\/wp\/v2\/product"}],"about":[{"href":"https:\/\/ecovalle.pe\/en\/wp-json\/wp\/v2\/types\/product"}],"replies":[{"embeddable":true,"href":"https:\/\/ecovalle.pe\/en\/wp-json\/wp\/v2\/comments?post=6650"}],"version-history":[{"count":60,"href":"https:\/\/ecovalle.pe\/en\/wp-json\/wp\/v2\/product\/6650\/revisions"}],"predecessor-version":[{"id":9125,"href":"https:\/\/ecovalle.pe\/en\/wp-json\/wp\/v2\/product\/6650\/revisions\/9125"}],"wp:featuredmedia":[{"embeddable":true,"href":"https:\/\/ecovalle.pe\/en\/wp-json\/wp\/v2\/media\/14920"}],"wp:attachment":[{"href":"https:\/\/ecovalle.pe\/en\/wp-json\/wp\/v2\/media?parent=6650"}],"wp:term":[{"taxonomy":"product_cat","embeddable":true,"href":"https:\/\/ecovalle.pe\/en\/wp-json\/wp\/v2\/product_cat?post=6650"},{"taxonomy":"product_tag","embeddable":true,"href":"https:\/\/ecovalle.pe\/en\/wp-json\/wp\/v2\/product_tag?post=6650"}],"curies":[{"name":"wp","href":"https:\/\/api.w.org\/{rel}","templated":true}]}}