{"id":7272,"date":"2022-07-26T14:57:29","date_gmt":"2022-07-26T19:57:29","guid":{"rendered":"https:\/\/ecovalle.pe\/?post_type=product&#038;p=7272"},"modified":"2025-05-29T00:00:03","modified_gmt":"2025-05-29T05:00:03","slug":"aceite-de-coco-100ml","status":"publish","type":"product","link":"https:\/\/ecovalle.pe\/en\/product\/aceite-de-coco-100ml\/","title":{"rendered":"Aceite de Coco frasco x 100mL"},"content":{"rendered":"<p>El aceite de coco es un producto virtuoso para la belleza de la piel y cabello; act\u00faa hidrat\u00e1ndola y brind\u00e1ndole luminosidad.<\/p>\n<p><span style=\"color: #02793c;\"><b><strong>COMPOSICI\u00d3N<\/strong><\/b><\/span><\/p>\n<ul>\n<li><strong>Nombre com\u00fan:<\/strong> Coco<\/li>\n<li><strong>Nombre cient\u00edfico: <em>Cocos nunifera<\/em> L.<\/strong><\/li>\n<li><strong>Parte utilizada:<\/strong> Aceite obtenida de la pulpa<\/li>\n<\/ul>\n<p><span style=\"color: #02793c;\"><b><strong>BENEFICIOS<\/strong><\/b><\/span><\/p>\n<ul>\n<li>Mejora la hidrataci\u00f3n de la piel.<\/li>\n<li>Ayuda a mantener la piel sana.<\/li>\n<li>Nutre el cabello desde la ra\u00edz hasta las puntas.<\/li>\n<li>Mantiene el cabello sedoso.<\/li>\n<\/ul>\n<p><b><strong><span style=\"color: #02793c;\">\u00bfSAB\u00cdAS QU\u00c9?<\/span><br \/>\n<\/strong><\/b>El aceite de coco puede desinflamar y aliviar la pscoriasis (un tipo de dermatitis de la piel).<\/p>","protected":false},"excerpt":{"rendered":"<ul>\n<li>Hidratante<\/li>\n<li>Anti-frizz<\/li>\n<li>Antibacteriano<\/li>\n<li>Forma una capa protectora en la piel y en la cut\u00edcula del pelo<\/li>\n<li>EAN: 7754531000123<\/li>\n<\/ul>","protected":false},"featured_media":7273,"comment_status":"open","ping_status":"closed","template":"","meta":{"inline_featured_image":false,"_joinchat":[]},"product_cat":[165],"product_tag":[182],"class_list":{"0":"post-7272","1":"product","2":"type-product","3":"status-publish","4":"has-post-thumbnail","6":"product_cat-cometic-natural","7":"product_tag-cosmetica-natutal","9":"first","10":"instock","11":"shipping-taxable","12":"purchasable","13":"product-type-simple"},"yoast_head":"<!-- This site is optimized with the Yoast SEO plugin v23.9 - https:\/\/yoast.com\/wordpress\/plugins\/seo\/ -->\n<title>Aceite de Coco frasco x 100mL - EcoValle<\/title>\n<meta name=\"robots\" content=\"index, follow, max-snippet:-1, max-image-preview:large, max-video-preview:-1\" \/>\n<link rel=\"canonical\" href=\"https:\/\/ecovalle.pe\/en\/product\/aceite-de-coco-100ml\/\" \/>\n<meta property=\"og:locale\" content=\"en_US\" \/>\n<meta property=\"og:type\" content=\"article\" \/>\n<meta property=\"og:title\" content=\"Aceite de Coco frasco x 100mL - EcoValle\" \/>\n<meta property=\"og:description\" content=\"Hidratante  Anti-frizz  Antibacteriano  Forma una capa protectora en la piel y en la cut\u00edcula del pelo  EAN: 7754531000123\" \/>\n<meta property=\"og:url\" content=\"https:\/\/ecovalle.pe\/en\/product\/aceite-de-coco-100ml\/\" \/>\n<meta property=\"og:site_name\" content=\"EcoValle\" \/>\n<meta property=\"article:modified_time\" content=\"2025-05-29T05:00:03+00:00\" \/>\n<meta property=\"og:image\" content=\"https:\/\/ecovalle.pe\/wp-content\/uploads\/2022\/07\/aceite-de-coco-100ml.jpg\" \/>\n\t<meta property=\"og:image:width\" content=\"800\" \/>\n\t<meta property=\"og:image:height\" content=\"800\" \/>\n\t<meta property=\"og:image:type\" content=\"image\/jpeg\" \/>\n<meta name=\"twitter:card\" content=\"summary_large_image\" \/>\n<meta name=\"twitter:label1\" content=\"Est. reading time\" \/>\n\t<meta name=\"twitter:data1\" content=\"1 minute\" \/>\n<script type=\"application\/ld+json\" class=\"yoast-schema-graph\">{\"@context\":\"https:\/\/schema.org\",\"@graph\":[{\"@type\":\"WebPage\",\"@id\":\"https:\/\/ecovalle.pe\/product\/aceite-de-coco-100ml\/\",\"url\":\"https:\/\/ecovalle.pe\/product\/aceite-de-coco-100ml\/\",\"name\":\"Aceite de Coco frasco x 100mL - EcoValle\",\"isPartOf\":{\"@id\":\"https:\/\/ecovalle.pe\/#website\"},\"primaryImageOfPage\":{\"@id\":\"https:\/\/ecovalle.pe\/product\/aceite-de-coco-100ml\/#primaryimage\"},\"image\":{\"@id\":\"https:\/\/ecovalle.pe\/product\/aceite-de-coco-100ml\/#primaryimage\"},\"thumbnailUrl\":\"https:\/\/ecovalle.pe\/wp-content\/uploads\/2022\/07\/aceite-de-coco-100ml.jpg\",\"datePublished\":\"2022-07-26T19:57:29+00:00\",\"dateModified\":\"2025-05-29T05:00:03+00:00\",\"breadcrumb\":{\"@id\":\"https:\/\/ecovalle.pe\/product\/aceite-de-coco-100ml\/#breadcrumb\"},\"inLanguage\":\"en-US\",\"potentialAction\":[{\"@type\":\"ReadAction\",\"target\":[\"https:\/\/ecovalle.pe\/product\/aceite-de-coco-100ml\/\"]}]},{\"@type\":\"ImageObject\",\"inLanguage\":\"en-US\",\"@id\":\"https:\/\/ecovalle.pe\/product\/aceite-de-coco-100ml\/#primaryimage\",\"url\":\"https:\/\/ecovalle.pe\/wp-content\/uploads\/2022\/07\/aceite-de-coco-100ml.jpg\",\"contentUrl\":\"https:\/\/ecovalle.pe\/wp-content\/uploads\/2022\/07\/aceite-de-coco-100ml.jpg\",\"width\":800,\"height\":800},{\"@type\":\"BreadcrumbList\",\"@id\":\"https:\/\/ecovalle.pe\/product\/aceite-de-coco-100ml\/#breadcrumb\",\"itemListElement\":[{\"@type\":\"ListItem\",\"position\":1,\"name\":\"Portada\",\"item\":\"https:\/\/ecovalle.pe\/\"},{\"@type\":\"ListItem\",\"position\":2,\"name\":\"Tienda\",\"item\":\"https:\/\/ecovalle.pe\/shop\/\"},{\"@type\":\"ListItem\",\"position\":3,\"name\":\"Aceite de Coco frasco x 100mL\"}]},{\"@type\":\"WebSite\",\"@id\":\"https:\/\/ecovalle.pe\/#website\",\"url\":\"https:\/\/ecovalle.pe\/\",\"name\":\"EcoValle\",\"description\":\"Somos una 1 empresa agroindustrial con m\u00e1s de 10 a\u00f1os de experiencia en el rubro de alimentos funcionales. Todos nuestros productos pasan por un estricto proceso de producci\u00f3n y control de calidad, utilizando los m\u00e1s altos est\u00e1ndares de calidad con certificaci\u00f3n internacional.\",\"potentialAction\":[{\"@type\":\"SearchAction\",\"target\":{\"@type\":\"EntryPoint\",\"urlTemplate\":\"https:\/\/ecovalle.pe\/?s={search_term_string}\"},\"query-input\":{\"@type\":\"PropertyValueSpecification\",\"valueRequired\":true,\"valueName\":\"search_term_string\"}}],\"inLanguage\":\"en-US\"}]}<\/script>\n<!-- \/ Yoast SEO plugin. -->","yoast_head_json":{"title":"Aceite de Coco frasco x 100mL - EcoValle","robots":{"index":"index","follow":"follow","max-snippet":"max-snippet:-1","max-image-preview":"max-image-preview:large","max-video-preview":"max-video-preview:-1"},"canonical":"https:\/\/ecovalle.pe\/en\/product\/aceite-de-coco-100ml\/","og_locale":"en_US","og_type":"article","og_title":"Aceite de Coco frasco x 100mL - EcoValle","og_description":"Hidratante  Anti-frizz  Antibacteriano  Forma una capa protectora en la piel y en la cut\u00edcula del pelo  EAN: 7754531000123","og_url":"https:\/\/ecovalle.pe\/en\/product\/aceite-de-coco-100ml\/","og_site_name":"EcoValle","article_modified_time":"2025-05-29T05:00:03+00:00","og_image":[{"width":800,"height":800,"url":"https:\/\/ecovalle.pe\/wp-content\/uploads\/2022\/07\/aceite-de-coco-100ml.jpg","type":"image\/jpeg"}],"twitter_card":"summary_large_image","twitter_misc":{"Est. reading time":"1 minute"},"schema":{"@context":"https:\/\/schema.org","@graph":[{"@type":"WebPage","@id":"https:\/\/ecovalle.pe\/product\/aceite-de-coco-100ml\/","url":"https:\/\/ecovalle.pe\/product\/aceite-de-coco-100ml\/","name":"Aceite de Coco frasco x 100mL - EcoValle","isPartOf":{"@id":"https:\/\/ecovalle.pe\/#website"},"primaryImageOfPage":{"@id":"https:\/\/ecovalle.pe\/product\/aceite-de-coco-100ml\/#primaryimage"},"image":{"@id":"https:\/\/ecovalle.pe\/product\/aceite-de-coco-100ml\/#primaryimage"},"thumbnailUrl":"https:\/\/ecovalle.pe\/wp-content\/uploads\/2022\/07\/aceite-de-coco-100ml.jpg","datePublished":"2022-07-26T19:57:29+00:00","dateModified":"2025-05-29T05:00:03+00:00","breadcrumb":{"@id":"https:\/\/ecovalle.pe\/product\/aceite-de-coco-100ml\/#breadcrumb"},"inLanguage":"en-US","potentialAction":[{"@type":"ReadAction","target":["https:\/\/ecovalle.pe\/product\/aceite-de-coco-100ml\/"]}]},{"@type":"ImageObject","inLanguage":"en-US","@id":"https:\/\/ecovalle.pe\/product\/aceite-de-coco-100ml\/#primaryimage","url":"https:\/\/ecovalle.pe\/wp-content\/uploads\/2022\/07\/aceite-de-coco-100ml.jpg","contentUrl":"https:\/\/ecovalle.pe\/wp-content\/uploads\/2022\/07\/aceite-de-coco-100ml.jpg","width":800,"height":800},{"@type":"BreadcrumbList","@id":"https:\/\/ecovalle.pe\/product\/aceite-de-coco-100ml\/#breadcrumb","itemListElement":[{"@type":"ListItem","position":1,"name":"Portada","item":"https:\/\/ecovalle.pe\/"},{"@type":"ListItem","position":2,"name":"Tienda","item":"https:\/\/ecovalle.pe\/shop\/"},{"@type":"ListItem","position":3,"name":"Aceite de Coco frasco x 100mL"}]},{"@type":"WebSite","@id":"https:\/\/ecovalle.pe\/#website","url":"https:\/\/ecovalle.pe\/","name":"EcoValle","description":"Somos una 1 empresa agroindustrial con m\u00e1s de 10 a\u00f1os de experiencia en el rubro de alimentos funcionales. Todos nuestros productos pasan por un estricto proceso de producci\u00f3n y control de calidad, utilizando los m\u00e1s altos est\u00e1ndares de calidad con certificaci\u00f3n internacional.","potentialAction":[{"@type":"SearchAction","target":{"@type":"EntryPoint","urlTemplate":"https:\/\/ecovalle.pe\/?s={search_term_string}"},"query-input":{"@type":"PropertyValueSpecification","valueRequired":true,"valueName":"search_term_string"}}],"inLanguage":"en-US"}]}},"_links":{"self":[{"href":"https:\/\/ecovalle.pe\/en\/wp-json\/wp\/v2\/product\/7272","targetHints":{"allow":["GET"]}}],"collection":[{"href":"https:\/\/ecovalle.pe\/en\/wp-json\/wp\/v2\/product"}],"about":[{"href":"https:\/\/ecovalle.pe\/en\/wp-json\/wp\/v2\/types\/product"}],"replies":[{"embeddable":true,"href":"https:\/\/ecovalle.pe\/en\/wp-json\/wp\/v2\/comments?post=7272"}],"version-history":[{"count":6,"href":"https:\/\/ecovalle.pe\/en\/wp-json\/wp\/v2\/product\/7272\/revisions"}],"predecessor-version":[{"id":10804,"href":"https:\/\/ecovalle.pe\/en\/wp-json\/wp\/v2\/product\/7272\/revisions\/10804"}],"wp:featuredmedia":[{"embeddable":true,"href":"https:\/\/ecovalle.pe\/en\/wp-json\/wp\/v2\/media\/7273"}],"wp:attachment":[{"href":"https:\/\/ecovalle.pe\/en\/wp-json\/wp\/v2\/media?parent=7272"}],"wp:term":[{"taxonomy":"product_cat","embeddable":true,"href":"https:\/\/ecovalle.pe\/en\/wp-json\/wp\/v2\/product_cat?post=7272"},{"taxonomy":"product_tag","embeddable":true,"href":"https:\/\/ecovalle.pe\/en\/wp-json\/wp\/v2\/product_tag?post=7272"}],"curies":[{"name":"wp","href":"https:\/\/api.w.org\/{rel}","templated":true}]}}