{"id":7285,"date":"2022-07-26T15:23:15","date_gmt":"2022-07-26T20:23:15","guid":{"rendered":"https:\/\/ecovalle.pe\/?post_type=product&#038;p=7285"},"modified":"2025-05-29T00:00:10","modified_gmt":"2025-05-29T05:00:10","slug":"resina-de-sangre-de-grado-33-ml","status":"publish","type":"product","link":"https:\/\/ecovalle.pe\/en\/product\/resina-de-sangre-de-grado-33-ml\/","title":{"rendered":"Resina de Sangre de Grado base x 33 mL"},"content":{"rendered":"<p>La Sangre de Grado es un poderoso cicatrizante de heridas externas y \u00falceras gastrointestinales; originaria de nuestra ancestral selva amaz\u00f3nica.<\/p>\n<p><span style=\"color: #02793c;\"><b><strong>COMPOSICI\u00d3N<\/strong><\/b><\/span><\/p>\n<ul>\n<li>Nombre com\u00fan: Sangre de Grado<\/li>\n<li>Nombre cient\u00edfico: Croton lechleri M\u00fcll.Arg.<\/li>\n<li>Parte utilizada: resina de la corteza<\/li>\n<\/ul>\n<p><span style=\"color: #02793c;\"><b><strong>BENEFICIOS<\/strong><\/b><\/span><\/p>\n<ul>\n<li>Cicatrizante de heridas internas y externas.<\/li>\n<li>Calma el dolor abdominal producido por las \u00falceras<\/li>\n<li>Previene la infecci\u00f3n de las heridas.<\/li>\n<\/ul>\n<p><span style=\"color: #02793c;\"><b><strong>\u00bfSAB\u00cdAS QU\u00c9?<\/strong><\/b><\/span><\/p>\n<p>La resina de Sangre de Grado es tambi\u00e9n conocida en las Islas Canarias como sangre de drag\u00f3n; ya que al momento de extraerlo posee un color rojo sangre ocre.<\/p>","protected":false},"excerpt":{"rendered":"<ul>\n<li>Cicatrizante<\/li>\n<li>Antiinflamatorio<\/li>\n<li>Antibacteriano<\/li>\n<li>Induce a la regeneraci\u00f3n de nuevas c\u00e9lulas en caso de heridas.<\/li>\n<li>Facilita la curaci\u00f3n de \u00falceras g\u00e1stricas.<\/li>\n<li>Elimina bacterias que perjudiquen a las heridas.<\/li>\n<li>EAN: 7754531000244<\/li>\n<\/ul>","protected":false},"featured_media":13600,"comment_status":"open","ping_status":"closed","template":"","meta":{"inline_featured_image":false,"_joinchat":[]},"product_cat":[165],"product_tag":[182],"class_list":{"0":"post-7285","1":"product","2":"type-product","3":"status-publish","4":"has-post-thumbnail","6":"product_cat-cometic-natural","7":"product_tag-cosmetica-natutal","9":"first","10":"instock","11":"shipping-taxable","12":"purchasable","13":"product-type-simple"},"yoast_head":"<!-- This site is optimized with the Yoast SEO plugin v23.9 - https:\/\/yoast.com\/wordpress\/plugins\/seo\/ -->\n<title>Resina de Sangre de Grado base x 33 mL - EcoValle<\/title>\n<meta name=\"robots\" content=\"index, follow, max-snippet:-1, max-image-preview:large, max-video-preview:-1\" \/>\n<link rel=\"canonical\" href=\"https:\/\/ecovalle.pe\/en\/product\/resina-de-sangre-de-grado-33-ml\/\" \/>\n<meta property=\"og:locale\" content=\"en_US\" \/>\n<meta property=\"og:type\" content=\"article\" \/>\n<meta property=\"og:title\" content=\"Resina de Sangre de Grado base x 33 mL - EcoValle\" \/>\n<meta property=\"og:description\" content=\"Cicatrizante  Antiinflamatorio  Antibacteriano  Induce a la regeneraci\u00f3n de nuevas c\u00e9lulas en caso de heridas.  Facilita la curaci\u00f3n de \u00falceras g\u00e1stricas.  Elimina bacterias que perjudiquen a las heridas.  EAN: 7754531000244\" \/>\n<meta property=\"og:url\" content=\"https:\/\/ecovalle.pe\/en\/product\/resina-de-sangre-de-grado-33-ml\/\" \/>\n<meta property=\"og:site_name\" content=\"EcoValle\" \/>\n<meta property=\"article:modified_time\" content=\"2025-05-29T05:00:10+00:00\" \/>\n<meta property=\"og:image\" content=\"https:\/\/ecovalle.pe\/wp-content\/uploads\/2022\/07\/SANGRE-DE-GRADO-30-ML_01.jpg\" \/>\n\t<meta property=\"og:image:width\" content=\"800\" \/>\n\t<meta property=\"og:image:height\" content=\"800\" \/>\n\t<meta property=\"og:image:type\" content=\"image\/jpeg\" \/>\n<meta name=\"twitter:card\" content=\"summary_large_image\" \/>\n<meta name=\"twitter:label1\" content=\"Est. reading time\" \/>\n\t<meta name=\"twitter:data1\" content=\"1 minute\" \/>\n<script type=\"application\/ld+json\" class=\"yoast-schema-graph\">{\"@context\":\"https:\/\/schema.org\",\"@graph\":[{\"@type\":\"WebPage\",\"@id\":\"https:\/\/ecovalle.pe\/product\/resina-de-sangre-de-grado-33-ml\/\",\"url\":\"https:\/\/ecovalle.pe\/product\/resina-de-sangre-de-grado-33-ml\/\",\"name\":\"Resina de Sangre de Grado base x 33 mL - EcoValle\",\"isPartOf\":{\"@id\":\"https:\/\/ecovalle.pe\/#website\"},\"primaryImageOfPage\":{\"@id\":\"https:\/\/ecovalle.pe\/product\/resina-de-sangre-de-grado-33-ml\/#primaryimage\"},\"image\":{\"@id\":\"https:\/\/ecovalle.pe\/product\/resina-de-sangre-de-grado-33-ml\/#primaryimage\"},\"thumbnailUrl\":\"https:\/\/ecovalle.pe\/wp-content\/uploads\/2022\/07\/SANGRE-DE-GRADO-30-ML_01.jpg\",\"datePublished\":\"2022-07-26T20:23:15+00:00\",\"dateModified\":\"2025-05-29T05:00:10+00:00\",\"breadcrumb\":{\"@id\":\"https:\/\/ecovalle.pe\/product\/resina-de-sangre-de-grado-33-ml\/#breadcrumb\"},\"inLanguage\":\"en-US\",\"potentialAction\":[{\"@type\":\"ReadAction\",\"target\":[\"https:\/\/ecovalle.pe\/product\/resina-de-sangre-de-grado-33-ml\/\"]}]},{\"@type\":\"ImageObject\",\"inLanguage\":\"en-US\",\"@id\":\"https:\/\/ecovalle.pe\/product\/resina-de-sangre-de-grado-33-ml\/#primaryimage\",\"url\":\"https:\/\/ecovalle.pe\/wp-content\/uploads\/2022\/07\/SANGRE-DE-GRADO-30-ML_01.jpg\",\"contentUrl\":\"https:\/\/ecovalle.pe\/wp-content\/uploads\/2022\/07\/SANGRE-DE-GRADO-30-ML_01.jpg\",\"width\":800,\"height\":800},{\"@type\":\"BreadcrumbList\",\"@id\":\"https:\/\/ecovalle.pe\/product\/resina-de-sangre-de-grado-33-ml\/#breadcrumb\",\"itemListElement\":[{\"@type\":\"ListItem\",\"position\":1,\"name\":\"Portada\",\"item\":\"https:\/\/ecovalle.pe\/\"},{\"@type\":\"ListItem\",\"position\":2,\"name\":\"Tienda\",\"item\":\"https:\/\/ecovalle.pe\/shop\/\"},{\"@type\":\"ListItem\",\"position\":3,\"name\":\"Resina de Sangre de Grado base x 33 mL\"}]},{\"@type\":\"WebSite\",\"@id\":\"https:\/\/ecovalle.pe\/#website\",\"url\":\"https:\/\/ecovalle.pe\/\",\"name\":\"EcoValle\",\"description\":\"Somos una 1 empresa agroindustrial con m\u00e1s de 10 a\u00f1os de experiencia en el rubro de alimentos funcionales. Todos nuestros productos pasan por un estricto proceso de producci\u00f3n y control de calidad, utilizando los m\u00e1s altos est\u00e1ndares de calidad con certificaci\u00f3n internacional.\",\"potentialAction\":[{\"@type\":\"SearchAction\",\"target\":{\"@type\":\"EntryPoint\",\"urlTemplate\":\"https:\/\/ecovalle.pe\/?s={search_term_string}\"},\"query-input\":{\"@type\":\"PropertyValueSpecification\",\"valueRequired\":true,\"valueName\":\"search_term_string\"}}],\"inLanguage\":\"en-US\"}]}<\/script>\n<!-- \/ Yoast SEO plugin. -->","yoast_head_json":{"title":"Resina de Sangre de Grado base x 33 mL - EcoValle","robots":{"index":"index","follow":"follow","max-snippet":"max-snippet:-1","max-image-preview":"max-image-preview:large","max-video-preview":"max-video-preview:-1"},"canonical":"https:\/\/ecovalle.pe\/en\/product\/resina-de-sangre-de-grado-33-ml\/","og_locale":"en_US","og_type":"article","og_title":"Resina de Sangre de Grado base x 33 mL - EcoValle","og_description":"Cicatrizante  Antiinflamatorio  Antibacteriano  Induce a la regeneraci\u00f3n de nuevas c\u00e9lulas en caso de heridas.  Facilita la curaci\u00f3n de \u00falceras g\u00e1stricas.  Elimina bacterias que perjudiquen a las heridas.  EAN: 7754531000244","og_url":"https:\/\/ecovalle.pe\/en\/product\/resina-de-sangre-de-grado-33-ml\/","og_site_name":"EcoValle","article_modified_time":"2025-05-29T05:00:10+00:00","og_image":[{"width":800,"height":800,"url":"https:\/\/ecovalle.pe\/wp-content\/uploads\/2022\/07\/SANGRE-DE-GRADO-30-ML_01.jpg","type":"image\/jpeg"}],"twitter_card":"summary_large_image","twitter_misc":{"Est. reading time":"1 minute"},"schema":{"@context":"https:\/\/schema.org","@graph":[{"@type":"WebPage","@id":"https:\/\/ecovalle.pe\/product\/resina-de-sangre-de-grado-33-ml\/","url":"https:\/\/ecovalle.pe\/product\/resina-de-sangre-de-grado-33-ml\/","name":"Resina de Sangre de Grado base x 33 mL - EcoValle","isPartOf":{"@id":"https:\/\/ecovalle.pe\/#website"},"primaryImageOfPage":{"@id":"https:\/\/ecovalle.pe\/product\/resina-de-sangre-de-grado-33-ml\/#primaryimage"},"image":{"@id":"https:\/\/ecovalle.pe\/product\/resina-de-sangre-de-grado-33-ml\/#primaryimage"},"thumbnailUrl":"https:\/\/ecovalle.pe\/wp-content\/uploads\/2022\/07\/SANGRE-DE-GRADO-30-ML_01.jpg","datePublished":"2022-07-26T20:23:15+00:00","dateModified":"2025-05-29T05:00:10+00:00","breadcrumb":{"@id":"https:\/\/ecovalle.pe\/product\/resina-de-sangre-de-grado-33-ml\/#breadcrumb"},"inLanguage":"en-US","potentialAction":[{"@type":"ReadAction","target":["https:\/\/ecovalle.pe\/product\/resina-de-sangre-de-grado-33-ml\/"]}]},{"@type":"ImageObject","inLanguage":"en-US","@id":"https:\/\/ecovalle.pe\/product\/resina-de-sangre-de-grado-33-ml\/#primaryimage","url":"https:\/\/ecovalle.pe\/wp-content\/uploads\/2022\/07\/SANGRE-DE-GRADO-30-ML_01.jpg","contentUrl":"https:\/\/ecovalle.pe\/wp-content\/uploads\/2022\/07\/SANGRE-DE-GRADO-30-ML_01.jpg","width":800,"height":800},{"@type":"BreadcrumbList","@id":"https:\/\/ecovalle.pe\/product\/resina-de-sangre-de-grado-33-ml\/#breadcrumb","itemListElement":[{"@type":"ListItem","position":1,"name":"Portada","item":"https:\/\/ecovalle.pe\/"},{"@type":"ListItem","position":2,"name":"Tienda","item":"https:\/\/ecovalle.pe\/shop\/"},{"@type":"ListItem","position":3,"name":"Resina de Sangre de Grado base x 33 mL"}]},{"@type":"WebSite","@id":"https:\/\/ecovalle.pe\/#website","url":"https:\/\/ecovalle.pe\/","name":"EcoValle","description":"Somos una 1 empresa agroindustrial con m\u00e1s de 10 a\u00f1os de experiencia en el rubro de alimentos funcionales. Todos nuestros productos pasan por un estricto proceso de producci\u00f3n y control de calidad, utilizando los m\u00e1s altos est\u00e1ndares de calidad con certificaci\u00f3n internacional.","potentialAction":[{"@type":"SearchAction","target":{"@type":"EntryPoint","urlTemplate":"https:\/\/ecovalle.pe\/?s={search_term_string}"},"query-input":{"@type":"PropertyValueSpecification","valueRequired":true,"valueName":"search_term_string"}}],"inLanguage":"en-US"}]}},"_links":{"self":[{"href":"https:\/\/ecovalle.pe\/en\/wp-json\/wp\/v2\/product\/7285","targetHints":{"allow":["GET"]}}],"collection":[{"href":"https:\/\/ecovalle.pe\/en\/wp-json\/wp\/v2\/product"}],"about":[{"href":"https:\/\/ecovalle.pe\/en\/wp-json\/wp\/v2\/types\/product"}],"replies":[{"embeddable":true,"href":"https:\/\/ecovalle.pe\/en\/wp-json\/wp\/v2\/comments?post=7285"}],"version-history":[{"count":5,"href":"https:\/\/ecovalle.pe\/en\/wp-json\/wp\/v2\/product\/7285\/revisions"}],"predecessor-version":[{"id":14468,"href":"https:\/\/ecovalle.pe\/en\/wp-json\/wp\/v2\/product\/7285\/revisions\/14468"}],"wp:featuredmedia":[{"embeddable":true,"href":"https:\/\/ecovalle.pe\/en\/wp-json\/wp\/v2\/media\/13600"}],"wp:attachment":[{"href":"https:\/\/ecovalle.pe\/en\/wp-json\/wp\/v2\/media?parent=7285"}],"wp:term":[{"taxonomy":"product_cat","embeddable":true,"href":"https:\/\/ecovalle.pe\/en\/wp-json\/wp\/v2\/product_cat?post=7285"},{"taxonomy":"product_tag","embeddable":true,"href":"https:\/\/ecovalle.pe\/en\/wp-json\/wp\/v2\/product_tag?post=7285"}],"curies":[{"name":"wp","href":"https:\/\/api.w.org\/{rel}","templated":true}]}}