{"id":7879,"date":"2022-08-11T14:29:14","date_gmt":"2022-08-11T19:29:14","guid":{"rendered":"https:\/\/ecovalle.pe\/?post_type=product&#038;p=7879"},"modified":"2025-05-29T00:00:05","modified_gmt":"2025-05-29T05:00:05","slug":"aceite-de-aguaje-x-33ml","status":"publish","type":"product","link":"https:\/\/ecovalle.pe\/en\/product\/aceite-de-aguaje-x-33ml\/","title":{"rendered":"Aceite de Aguaje base x 33mL"},"content":{"rendered":"<p style=\"font-weight: 400;\">Extra\u00eddo de las pulpas m\u00e1s puras del Aguaje, originario del coraz\u00f3n de nuestra selva amaz\u00f3nica peruana, el aceite de Aguaje contiene Vitamina A en equivalente al Retinol, componente que ayuda a mejorar el ciclo de regeneraci\u00f3n natural de la piel, dejando un tono uniforme y de apariencia juvenil.<\/p>\n<p style=\"font-weight: 400;\"><span style=\"color: #02793c;\"><b><strong>COMPOSICI\u00d3N<\/strong><\/b><\/span><\/p>\n<ul style=\"font-weight: 400;\">\n<li>Nombre com\u00fan: Aguaje<\/li>\n<li>Nombre cient\u00edfico: Mauritia flexuosa L.f.<\/li>\n<li>Parte utilizada: aceite del fruto<\/li>\n<\/ul>\n<p style=\"font-weight: 400;\"><span style=\"color: #02793c;\"><b><strong>BENEFICIOS<\/strong><\/b><\/span><\/p>\n<ul style=\"font-weight: 400;\">\n<li>Disminuye las arrugas y l\u00edneas de expresi\u00f3n.<\/li>\n<li>Mejora la textura y el aspecto de la piel.<\/li>\n<li>Aten\u00faa las manchas provocadas por el paso del tiempo.<\/li>\n<\/ul>\n<p style=\"font-weight: 400;\"><span style=\"color: #02793c;\"><b><strong>\u00bfSAB\u00cdAS QU\u00c9?<\/strong><\/b><\/span><\/p>\n<p style=\"font-weight: 400;\">La etnia YAGUA de la regi\u00f3n Loreto, considera al Aguaje como el \u00e1rbol del elixir de la juventud.<\/p>","protected":false},"excerpt":{"rendered":"<ul>\n<li>Antiarrugas<\/li>\n<li>Antioxidante<\/li>\n<li>Ayuda a la regeneraci\u00f3n de una piel nueva<\/li>\n<li>Neutraliza los radicales libres de la piel<\/li>\n<li>EAN: 7754531000240<\/li>\n<\/ul>","protected":false},"featured_media":7880,"comment_status":"open","ping_status":"closed","template":"","meta":{"inline_featured_image":false,"_joinchat":[]},"product_cat":[165],"product_tag":[182],"class_list":{"0":"post-7879","1":"product","2":"type-product","3":"status-publish","4":"has-post-thumbnail","6":"product_cat-cometic-natural","7":"product_tag-cosmetica-natutal","9":"first","10":"instock","11":"shipping-taxable","12":"purchasable","13":"product-type-simple"},"yoast_head":"<!-- This site is optimized with the Yoast SEO plugin v23.9 - https:\/\/yoast.com\/wordpress\/plugins\/seo\/ -->\n<title>Aceite de Aguaje base x 33mL - EcoValle<\/title>\n<meta name=\"robots\" content=\"index, follow, max-snippet:-1, max-image-preview:large, max-video-preview:-1\" \/>\n<link rel=\"canonical\" href=\"https:\/\/ecovalle.pe\/en\/product\/aceite-de-aguaje-x-33ml\/\" \/>\n<meta property=\"og:locale\" content=\"en_US\" \/>\n<meta property=\"og:type\" content=\"article\" \/>\n<meta property=\"og:title\" content=\"Aceite de Aguaje base x 33mL - EcoValle\" \/>\n<meta property=\"og:description\" content=\"Antiarrugas  Antioxidante  Ayuda a la regeneraci\u00f3n de una piel nueva  Neutraliza los radicales libres de la piel  EAN: 7754531000240\" \/>\n<meta property=\"og:url\" content=\"https:\/\/ecovalle.pe\/en\/product\/aceite-de-aguaje-x-33ml\/\" \/>\n<meta property=\"og:site_name\" content=\"EcoValle\" \/>\n<meta property=\"article:modified_time\" content=\"2025-05-29T05:00:05+00:00\" \/>\n<meta property=\"og:image\" content=\"https:\/\/ecovalle.pe\/wp-content\/uploads\/2022\/08\/AGUAJE-30-ML.jpg\" \/>\n\t<meta property=\"og:image:width\" content=\"800\" \/>\n\t<meta property=\"og:image:height\" content=\"800\" \/>\n\t<meta property=\"og:image:type\" content=\"image\/jpeg\" \/>\n<meta name=\"twitter:card\" content=\"summary_large_image\" \/>\n<meta name=\"twitter:label1\" content=\"Est. reading time\" \/>\n\t<meta name=\"twitter:data1\" content=\"1 minute\" \/>\n<script type=\"application\/ld+json\" class=\"yoast-schema-graph\">{\"@context\":\"https:\/\/schema.org\",\"@graph\":[{\"@type\":\"WebPage\",\"@id\":\"https:\/\/ecovalle.pe\/product\/aceite-de-aguaje-x-33ml\/\",\"url\":\"https:\/\/ecovalle.pe\/product\/aceite-de-aguaje-x-33ml\/\",\"name\":\"Aceite de Aguaje base x 33mL - EcoValle\",\"isPartOf\":{\"@id\":\"https:\/\/ecovalle.pe\/#website\"},\"primaryImageOfPage\":{\"@id\":\"https:\/\/ecovalle.pe\/product\/aceite-de-aguaje-x-33ml\/#primaryimage\"},\"image\":{\"@id\":\"https:\/\/ecovalle.pe\/product\/aceite-de-aguaje-x-33ml\/#primaryimage\"},\"thumbnailUrl\":\"https:\/\/ecovalle.pe\/wp-content\/uploads\/2022\/08\/AGUAJE-30-ML.jpg\",\"datePublished\":\"2022-08-11T19:29:14+00:00\",\"dateModified\":\"2025-05-29T05:00:05+00:00\",\"breadcrumb\":{\"@id\":\"https:\/\/ecovalle.pe\/product\/aceite-de-aguaje-x-33ml\/#breadcrumb\"},\"inLanguage\":\"en-US\",\"potentialAction\":[{\"@type\":\"ReadAction\",\"target\":[\"https:\/\/ecovalle.pe\/product\/aceite-de-aguaje-x-33ml\/\"]}]},{\"@type\":\"ImageObject\",\"inLanguage\":\"en-US\",\"@id\":\"https:\/\/ecovalle.pe\/product\/aceite-de-aguaje-x-33ml\/#primaryimage\",\"url\":\"https:\/\/ecovalle.pe\/wp-content\/uploads\/2022\/08\/AGUAJE-30-ML.jpg\",\"contentUrl\":\"https:\/\/ecovalle.pe\/wp-content\/uploads\/2022\/08\/AGUAJE-30-ML.jpg\",\"width\":800,\"height\":800},{\"@type\":\"BreadcrumbList\",\"@id\":\"https:\/\/ecovalle.pe\/product\/aceite-de-aguaje-x-33ml\/#breadcrumb\",\"itemListElement\":[{\"@type\":\"ListItem\",\"position\":1,\"name\":\"Portada\",\"item\":\"https:\/\/ecovalle.pe\/\"},{\"@type\":\"ListItem\",\"position\":2,\"name\":\"Tienda\",\"item\":\"https:\/\/ecovalle.pe\/shop\/\"},{\"@type\":\"ListItem\",\"position\":3,\"name\":\"Aceite de Aguaje base x 33mL\"}]},{\"@type\":\"WebSite\",\"@id\":\"https:\/\/ecovalle.pe\/#website\",\"url\":\"https:\/\/ecovalle.pe\/\",\"name\":\"EcoValle\",\"description\":\"Somos una 1 empresa agroindustrial con m\u00e1s de 10 a\u00f1os de experiencia en el rubro de alimentos funcionales. Todos nuestros productos pasan por un estricto proceso de producci\u00f3n y control de calidad, utilizando los m\u00e1s altos est\u00e1ndares de calidad con certificaci\u00f3n internacional.\",\"potentialAction\":[{\"@type\":\"SearchAction\",\"target\":{\"@type\":\"EntryPoint\",\"urlTemplate\":\"https:\/\/ecovalle.pe\/?s={search_term_string}\"},\"query-input\":{\"@type\":\"PropertyValueSpecification\",\"valueRequired\":true,\"valueName\":\"search_term_string\"}}],\"inLanguage\":\"en-US\"}]}<\/script>\n<!-- \/ Yoast SEO plugin. -->","yoast_head_json":{"title":"Aceite de Aguaje base x 33mL - EcoValle","robots":{"index":"index","follow":"follow","max-snippet":"max-snippet:-1","max-image-preview":"max-image-preview:large","max-video-preview":"max-video-preview:-1"},"canonical":"https:\/\/ecovalle.pe\/en\/product\/aceite-de-aguaje-x-33ml\/","og_locale":"en_US","og_type":"article","og_title":"Aceite de Aguaje base x 33mL - EcoValle","og_description":"Antiarrugas  Antioxidante  Ayuda a la regeneraci\u00f3n de una piel nueva  Neutraliza los radicales libres de la piel  EAN: 7754531000240","og_url":"https:\/\/ecovalle.pe\/en\/product\/aceite-de-aguaje-x-33ml\/","og_site_name":"EcoValle","article_modified_time":"2025-05-29T05:00:05+00:00","og_image":[{"width":800,"height":800,"url":"https:\/\/ecovalle.pe\/wp-content\/uploads\/2022\/08\/AGUAJE-30-ML.jpg","type":"image\/jpeg"}],"twitter_card":"summary_large_image","twitter_misc":{"Est. reading time":"1 minute"},"schema":{"@context":"https:\/\/schema.org","@graph":[{"@type":"WebPage","@id":"https:\/\/ecovalle.pe\/product\/aceite-de-aguaje-x-33ml\/","url":"https:\/\/ecovalle.pe\/product\/aceite-de-aguaje-x-33ml\/","name":"Aceite de Aguaje base x 33mL - EcoValle","isPartOf":{"@id":"https:\/\/ecovalle.pe\/#website"},"primaryImageOfPage":{"@id":"https:\/\/ecovalle.pe\/product\/aceite-de-aguaje-x-33ml\/#primaryimage"},"image":{"@id":"https:\/\/ecovalle.pe\/product\/aceite-de-aguaje-x-33ml\/#primaryimage"},"thumbnailUrl":"https:\/\/ecovalle.pe\/wp-content\/uploads\/2022\/08\/AGUAJE-30-ML.jpg","datePublished":"2022-08-11T19:29:14+00:00","dateModified":"2025-05-29T05:00:05+00:00","breadcrumb":{"@id":"https:\/\/ecovalle.pe\/product\/aceite-de-aguaje-x-33ml\/#breadcrumb"},"inLanguage":"en-US","potentialAction":[{"@type":"ReadAction","target":["https:\/\/ecovalle.pe\/product\/aceite-de-aguaje-x-33ml\/"]}]},{"@type":"ImageObject","inLanguage":"en-US","@id":"https:\/\/ecovalle.pe\/product\/aceite-de-aguaje-x-33ml\/#primaryimage","url":"https:\/\/ecovalle.pe\/wp-content\/uploads\/2022\/08\/AGUAJE-30-ML.jpg","contentUrl":"https:\/\/ecovalle.pe\/wp-content\/uploads\/2022\/08\/AGUAJE-30-ML.jpg","width":800,"height":800},{"@type":"BreadcrumbList","@id":"https:\/\/ecovalle.pe\/product\/aceite-de-aguaje-x-33ml\/#breadcrumb","itemListElement":[{"@type":"ListItem","position":1,"name":"Portada","item":"https:\/\/ecovalle.pe\/"},{"@type":"ListItem","position":2,"name":"Tienda","item":"https:\/\/ecovalle.pe\/shop\/"},{"@type":"ListItem","position":3,"name":"Aceite de Aguaje base x 33mL"}]},{"@type":"WebSite","@id":"https:\/\/ecovalle.pe\/#website","url":"https:\/\/ecovalle.pe\/","name":"EcoValle","description":"Somos una 1 empresa agroindustrial con m\u00e1s de 10 a\u00f1os de experiencia en el rubro de alimentos funcionales. Todos nuestros productos pasan por un estricto proceso de producci\u00f3n y control de calidad, utilizando los m\u00e1s altos est\u00e1ndares de calidad con certificaci\u00f3n internacional.","potentialAction":[{"@type":"SearchAction","target":{"@type":"EntryPoint","urlTemplate":"https:\/\/ecovalle.pe\/?s={search_term_string}"},"query-input":{"@type":"PropertyValueSpecification","valueRequired":true,"valueName":"search_term_string"}}],"inLanguage":"en-US"}]}},"_links":{"self":[{"href":"https:\/\/ecovalle.pe\/en\/wp-json\/wp\/v2\/product\/7879","targetHints":{"allow":["GET"]}}],"collection":[{"href":"https:\/\/ecovalle.pe\/en\/wp-json\/wp\/v2\/product"}],"about":[{"href":"https:\/\/ecovalle.pe\/en\/wp-json\/wp\/v2\/types\/product"}],"replies":[{"embeddable":true,"href":"https:\/\/ecovalle.pe\/en\/wp-json\/wp\/v2\/comments?post=7879"}],"version-history":[{"count":4,"href":"https:\/\/ecovalle.pe\/en\/wp-json\/wp\/v2\/product\/7879\/revisions"}],"predecessor-version":[{"id":14466,"href":"https:\/\/ecovalle.pe\/en\/wp-json\/wp\/v2\/product\/7879\/revisions\/14466"}],"wp:featuredmedia":[{"embeddable":true,"href":"https:\/\/ecovalle.pe\/en\/wp-json\/wp\/v2\/media\/7880"}],"wp:attachment":[{"href":"https:\/\/ecovalle.pe\/en\/wp-json\/wp\/v2\/media?parent=7879"}],"wp:term":[{"taxonomy":"product_cat","embeddable":true,"href":"https:\/\/ecovalle.pe\/en\/wp-json\/wp\/v2\/product_cat?post=7879"},{"taxonomy":"product_tag","embeddable":true,"href":"https:\/\/ecovalle.pe\/en\/wp-json\/wp\/v2\/product_tag?post=7879"}],"curies":[{"name":"wp","href":"https:\/\/api.w.org\/{rel}","templated":true}]}}