{"id":7894,"date":"2022-08-11T14:52:05","date_gmt":"2022-08-11T19:52:05","guid":{"rendered":"https:\/\/ecovalle.pe\/?post_type=product&#038;p=7894"},"modified":"2025-05-29T00:00:09","modified_gmt":"2025-05-29T05:00:09","slug":"aceite-de-jojoba-x-33ml","status":"publish","type":"product","link":"https:\/\/ecovalle.pe\/en\/product\/aceite-de-jojoba-x-33ml\/","title":{"rendered":"Aceite de Jojoba base x 33mL"},"content":{"rendered":"<p style=\"font-weight: 400;\">El aceite de Jojoba es originario de M\u00e9xico, reconocido por restaurar el equilibrio de la piel y el cabello, gracias a su elevado contenido de ceramidas que ayudan a fortalecer el cabello quebradizo, aportando suavidad y brillo.<\/p>\n<p style=\"font-weight: 400;\"><span style=\"color: #02793c;\"><b><strong>COMPOSICI\u00d3N<\/strong><\/b><\/span><\/p>\n<ul style=\"font-weight: 400;\">\n<li><strong>Nombre com\u00fan:<\/strong> Jojoba<\/li>\n<li><strong>Nombre cient\u00edfico:<\/strong> Simmondsia chinensis (Link) Schneider<\/li>\n<li><strong>Parte utilizada:<\/strong> aceite de las semillas<\/li>\n<\/ul>\n<p style=\"font-weight: 400;\"><span style=\"color: #02793c;\"><b><strong>BENEFICIOS<\/strong><\/b><\/span><\/p>\n<ul style=\"font-weight: 400;\">\n<li>Deja un cabello suave y sedoso.<\/li>\n<li>Restaura el cabello da\u00f1ado.<\/li>\n<li>Evita la resequedad de la piel.<\/li>\n<\/ul>\n<p style=\"font-weight: 400;\"><span style=\"color: #02793c;\"><b><strong>\u00bfSAB\u00cdAS QU\u00c9?<\/strong><\/b><\/span><\/p>\n<p style=\"font-weight: 400;\">El aceite de Jojoba no es un aceite; ya que es una cera l\u00edquida (carece de glicerina), gracias a esta propiedad no deja sensaci\u00f3n grasosa cuando se frota en peque\u00f1as cantidades en la piel.<\/p>","protected":false},"excerpt":{"rendered":"<ul>\n<li>Restaurador<\/li>\n<li>Anti-frizz<\/li>\n<li>Ayuda a la regeneraci\u00f3n de la cut\u00edcula del cabello.<\/li>\n<li>Promueve la regeneraci\u00f3n de la primera capa de la piel.<\/li>\n<li>EAN: 7754531000242<\/li>\n<\/ul>","protected":false},"featured_media":7895,"comment_status":"open","ping_status":"closed","template":"","meta":{"inline_featured_image":false,"_joinchat":[]},"product_cat":[165],"product_tag":[182],"class_list":{"0":"post-7894","1":"product","2":"type-product","3":"status-publish","4":"has-post-thumbnail","6":"product_cat-cometic-natural","7":"product_tag-cosmetica-natutal","8":"product_brand-ecovalle","10":"first","11":"instock","12":"shipping-taxable","13":"purchasable","14":"product-type-simple"},"yoast_head":"<!-- This site is optimized with the Yoast SEO plugin v23.9 - https:\/\/yoast.com\/wordpress\/plugins\/seo\/ -->\n<title>Aceite de Jojoba base x 33mL - EcoValle<\/title>\n<meta name=\"robots\" content=\"index, follow, max-snippet:-1, max-image-preview:large, max-video-preview:-1\" \/>\n<link rel=\"canonical\" href=\"https:\/\/ecovalle.pe\/en\/product\/aceite-de-jojoba-x-33ml\/\" \/>\n<meta property=\"og:locale\" content=\"en_US\" \/>\n<meta property=\"og:type\" content=\"article\" \/>\n<meta property=\"og:title\" content=\"Aceite de Jojoba base x 33mL - EcoValle\" \/>\n<meta property=\"og:description\" content=\"Restaurador  Anti-frizz  Ayuda a la regeneraci\u00f3n de la cut\u00edcula del cabello.  Promueve la regeneraci\u00f3n de la primera capa de la piel.  EAN: 7754531000242\" \/>\n<meta property=\"og:url\" content=\"https:\/\/ecovalle.pe\/en\/product\/aceite-de-jojoba-x-33ml\/\" \/>\n<meta property=\"og:site_name\" content=\"EcoValle\" \/>\n<meta property=\"article:modified_time\" content=\"2025-05-29T05:00:09+00:00\" \/>\n<meta property=\"og:image\" content=\"https:\/\/ecovalle.pe\/wp-content\/uploads\/2022\/08\/JOJOBA-30-ML.jpg\" \/>\n\t<meta property=\"og:image:width\" content=\"800\" \/>\n\t<meta property=\"og:image:height\" content=\"800\" \/>\n\t<meta property=\"og:image:type\" content=\"image\/jpeg\" \/>\n<meta name=\"twitter:card\" content=\"summary_large_image\" \/>\n<meta name=\"twitter:label1\" content=\"Est. reading time\" \/>\n\t<meta name=\"twitter:data1\" content=\"1 minute\" \/>\n<script type=\"application\/ld+json\" class=\"yoast-schema-graph\">{\"@context\":\"https:\/\/schema.org\",\"@graph\":[{\"@type\":\"WebPage\",\"@id\":\"https:\/\/ecovalle.pe\/product\/aceite-de-jojoba-x-33ml\/\",\"url\":\"https:\/\/ecovalle.pe\/product\/aceite-de-jojoba-x-33ml\/\",\"name\":\"Aceite de Jojoba base x 33mL - EcoValle\",\"isPartOf\":{\"@id\":\"https:\/\/ecovalle.pe\/#website\"},\"primaryImageOfPage\":{\"@id\":\"https:\/\/ecovalle.pe\/product\/aceite-de-jojoba-x-33ml\/#primaryimage\"},\"image\":{\"@id\":\"https:\/\/ecovalle.pe\/product\/aceite-de-jojoba-x-33ml\/#primaryimage\"},\"thumbnailUrl\":\"https:\/\/ecovalle.pe\/wp-content\/uploads\/2022\/08\/JOJOBA-30-ML.jpg\",\"datePublished\":\"2022-08-11T19:52:05+00:00\",\"dateModified\":\"2025-05-29T05:00:09+00:00\",\"breadcrumb\":{\"@id\":\"https:\/\/ecovalle.pe\/product\/aceite-de-jojoba-x-33ml\/#breadcrumb\"},\"inLanguage\":\"en-US\",\"potentialAction\":[{\"@type\":\"ReadAction\",\"target\":[\"https:\/\/ecovalle.pe\/product\/aceite-de-jojoba-x-33ml\/\"]}]},{\"@type\":\"ImageObject\",\"inLanguage\":\"en-US\",\"@id\":\"https:\/\/ecovalle.pe\/product\/aceite-de-jojoba-x-33ml\/#primaryimage\",\"url\":\"https:\/\/ecovalle.pe\/wp-content\/uploads\/2022\/08\/JOJOBA-30-ML.jpg\",\"contentUrl\":\"https:\/\/ecovalle.pe\/wp-content\/uploads\/2022\/08\/JOJOBA-30-ML.jpg\",\"width\":800,\"height\":800},{\"@type\":\"BreadcrumbList\",\"@id\":\"https:\/\/ecovalle.pe\/product\/aceite-de-jojoba-x-33ml\/#breadcrumb\",\"itemListElement\":[{\"@type\":\"ListItem\",\"position\":1,\"name\":\"Portada\",\"item\":\"https:\/\/ecovalle.pe\/\"},{\"@type\":\"ListItem\",\"position\":2,\"name\":\"Tienda\",\"item\":\"https:\/\/ecovalle.pe\/shop\/\"},{\"@type\":\"ListItem\",\"position\":3,\"name\":\"Aceite de Jojoba base x 33mL\"}]},{\"@type\":\"WebSite\",\"@id\":\"https:\/\/ecovalle.pe\/#website\",\"url\":\"https:\/\/ecovalle.pe\/\",\"name\":\"EcoValle\",\"description\":\"Somos una 1 empresa agroindustrial con m\u00e1s de 10 a\u00f1os de experiencia en el rubro de alimentos funcionales. Todos nuestros productos pasan por un estricto proceso de producci\u00f3n y control de calidad, utilizando los m\u00e1s altos est\u00e1ndares de calidad con certificaci\u00f3n internacional.\",\"potentialAction\":[{\"@type\":\"SearchAction\",\"target\":{\"@type\":\"EntryPoint\",\"urlTemplate\":\"https:\/\/ecovalle.pe\/?s={search_term_string}\"},\"query-input\":{\"@type\":\"PropertyValueSpecification\",\"valueRequired\":true,\"valueName\":\"search_term_string\"}}],\"inLanguage\":\"en-US\"}]}<\/script>\n<!-- \/ Yoast SEO plugin. -->","yoast_head_json":{"title":"Aceite de Jojoba base x 33mL - EcoValle","robots":{"index":"index","follow":"follow","max-snippet":"max-snippet:-1","max-image-preview":"max-image-preview:large","max-video-preview":"max-video-preview:-1"},"canonical":"https:\/\/ecovalle.pe\/en\/product\/aceite-de-jojoba-x-33ml\/","og_locale":"en_US","og_type":"article","og_title":"Aceite de Jojoba base x 33mL - EcoValle","og_description":"Restaurador  Anti-frizz  Ayuda a la regeneraci\u00f3n de la cut\u00edcula del cabello.  Promueve la regeneraci\u00f3n de la primera capa de la piel.  EAN: 7754531000242","og_url":"https:\/\/ecovalle.pe\/en\/product\/aceite-de-jojoba-x-33ml\/","og_site_name":"EcoValle","article_modified_time":"2025-05-29T05:00:09+00:00","og_image":[{"width":800,"height":800,"url":"https:\/\/ecovalle.pe\/wp-content\/uploads\/2022\/08\/JOJOBA-30-ML.jpg","type":"image\/jpeg"}],"twitter_card":"summary_large_image","twitter_misc":{"Est. reading time":"1 minute"},"schema":{"@context":"https:\/\/schema.org","@graph":[{"@type":"WebPage","@id":"https:\/\/ecovalle.pe\/product\/aceite-de-jojoba-x-33ml\/","url":"https:\/\/ecovalle.pe\/product\/aceite-de-jojoba-x-33ml\/","name":"Aceite de Jojoba base x 33mL - EcoValle","isPartOf":{"@id":"https:\/\/ecovalle.pe\/#website"},"primaryImageOfPage":{"@id":"https:\/\/ecovalle.pe\/product\/aceite-de-jojoba-x-33ml\/#primaryimage"},"image":{"@id":"https:\/\/ecovalle.pe\/product\/aceite-de-jojoba-x-33ml\/#primaryimage"},"thumbnailUrl":"https:\/\/ecovalle.pe\/wp-content\/uploads\/2022\/08\/JOJOBA-30-ML.jpg","datePublished":"2022-08-11T19:52:05+00:00","dateModified":"2025-05-29T05:00:09+00:00","breadcrumb":{"@id":"https:\/\/ecovalle.pe\/product\/aceite-de-jojoba-x-33ml\/#breadcrumb"},"inLanguage":"en-US","potentialAction":[{"@type":"ReadAction","target":["https:\/\/ecovalle.pe\/product\/aceite-de-jojoba-x-33ml\/"]}]},{"@type":"ImageObject","inLanguage":"en-US","@id":"https:\/\/ecovalle.pe\/product\/aceite-de-jojoba-x-33ml\/#primaryimage","url":"https:\/\/ecovalle.pe\/wp-content\/uploads\/2022\/08\/JOJOBA-30-ML.jpg","contentUrl":"https:\/\/ecovalle.pe\/wp-content\/uploads\/2022\/08\/JOJOBA-30-ML.jpg","width":800,"height":800},{"@type":"BreadcrumbList","@id":"https:\/\/ecovalle.pe\/product\/aceite-de-jojoba-x-33ml\/#breadcrumb","itemListElement":[{"@type":"ListItem","position":1,"name":"Portada","item":"https:\/\/ecovalle.pe\/"},{"@type":"ListItem","position":2,"name":"Tienda","item":"https:\/\/ecovalle.pe\/shop\/"},{"@type":"ListItem","position":3,"name":"Aceite de Jojoba base x 33mL"}]},{"@type":"WebSite","@id":"https:\/\/ecovalle.pe\/#website","url":"https:\/\/ecovalle.pe\/","name":"EcoValle","description":"Somos una 1 empresa agroindustrial con m\u00e1s de 10 a\u00f1os de experiencia en el rubro de alimentos funcionales. Todos nuestros productos pasan por un estricto proceso de producci\u00f3n y control de calidad, utilizando los m\u00e1s altos est\u00e1ndares de calidad con certificaci\u00f3n internacional.","potentialAction":[{"@type":"SearchAction","target":{"@type":"EntryPoint","urlTemplate":"https:\/\/ecovalle.pe\/?s={search_term_string}"},"query-input":{"@type":"PropertyValueSpecification","valueRequired":true,"valueName":"search_term_string"}}],"inLanguage":"en-US"}]}},"_links":{"self":[{"href":"https:\/\/ecovalle.pe\/en\/wp-json\/wp\/v2\/product\/7894","targetHints":{"allow":["GET"]}}],"collection":[{"href":"https:\/\/ecovalle.pe\/en\/wp-json\/wp\/v2\/product"}],"about":[{"href":"https:\/\/ecovalle.pe\/en\/wp-json\/wp\/v2\/types\/product"}],"replies":[{"embeddable":true,"href":"https:\/\/ecovalle.pe\/en\/wp-json\/wp\/v2\/comments?post=7894"}],"version-history":[{"count":4,"href":"https:\/\/ecovalle.pe\/en\/wp-json\/wp\/v2\/product\/7894\/revisions"}],"predecessor-version":[{"id":10799,"href":"https:\/\/ecovalle.pe\/en\/wp-json\/wp\/v2\/product\/7894\/revisions\/10799"}],"wp:featuredmedia":[{"embeddable":true,"href":"https:\/\/ecovalle.pe\/en\/wp-json\/wp\/v2\/media\/7895"}],"wp:attachment":[{"href":"https:\/\/ecovalle.pe\/en\/wp-json\/wp\/v2\/media?parent=7894"}],"wp:term":[{"taxonomy":"product_cat","embeddable":true,"href":"https:\/\/ecovalle.pe\/en\/wp-json\/wp\/v2\/product_cat?post=7894"},{"taxonomy":"product_tag","embeddable":true,"href":"https:\/\/ecovalle.pe\/en\/wp-json\/wp\/v2\/product_tag?post=7894"}],"curies":[{"name":"wp","href":"https:\/\/api.w.org\/{rel}","templated":true}]}}