{"id":8033,"date":"2022-08-15T01:19:18","date_gmt":"2022-08-15T06:19:18","guid":{"rendered":"https:\/\/ecovalle.pe\/?post_type=product&#038;p=8033"},"modified":"2025-05-21T08:45:10","modified_gmt":"2025-05-21T13:45:10","slug":"aceite-esencial-de-mandarina-10ml","status":"publish","type":"product","link":"https:\/\/ecovalle.pe\/en\/product\/aceite-esencial-de-mandarina-10ml\/","title":{"rendered":"Aceite Esencial de Mandarina x 10mL"},"content":{"rendered":"<p>El aceite esencial de Mandarina, originario de las Am\u00e9ricas, con aroma dulce y c\u00edtrico es ideal para crear un ambiente de calma y armon\u00eda, elevando la paz interna y reduciendo los sentimientos negativos.<\/p>\n<p><strong><span style=\"color: #02793c;\">COMPOSICI\u00d3N<\/span><\/strong><br \/>\nNombre com\u00fan: Mandarina<br \/>\nNombre cient\u00edfico: Citrus reticulata Blanco<br \/>\nParte utilizada: c\u00e1scara del fruto<\/p>\n<p><strong><span style=\"color: #02793c;\">BENEFICIOS<\/span><\/strong><br \/>\nAyuda a la relajaci\u00f3n mental.<br \/>\nDisminuye las tensiones musculares.<\/p>\n<p><strong><span style=\"color: #02793c;\">\u00bfSAB\u00cdAS QUE?<\/span><\/strong><br \/>\nEl aceite esencial de Mandarina estimula la circulaci\u00f3n sangu\u00ednea y ayuda a la prevenci\u00f3n del acn\u00e9.<\/p>\n<p><strong><span style=\"color: #02793c;\">NOTA:<\/span><\/strong> Desde Agosto se contar\u00e1 con una nueva presentaci\u00f3n de aceites esenciales de tapa rosca con tap\u00f3n dosificador, que cumple la misma funci\u00f3n del gotero, se les comunica a nuestros clientes que la presentaci\u00f3n puede variar entre la antigua y nueva presentaci\u00f3n.<\/p>\n<p>De requerir una mayor informaci\u00f3n del producto y el modo de uso del tap\u00f3n dosificador, puede comunicarse directamente a nuestra l\u00ednea de Atenci\u00f3n al Cliente Ecovalle al: 931 851 902<\/p>","protected":false},"excerpt":{"rendered":"<ul>\n<li style=\"text-align: left;\">Positivismo<\/li>\n<li style=\"text-align: left;\">Serenidad<\/li>\n<li style=\"text-align: left;\">Reduce la irritabilidad y ansiedad<\/li>\n<li style=\"text-align: left;\">Estimula la circulaci\u00f3n sangu\u00ednea<\/li>\n<li style=\"text-align: left;\">EAN: 7754531001192<\/li>\n<\/ul>","protected":false},"featured_media":8034,"comment_status":"open","ping_status":"closed","template":"","meta":{"inline_featured_image":false,"_joinchat":[]},"product_cat":[183],"product_tag":[182],"class_list":{"0":"post-8033","1":"product","2":"type-product","3":"status-publish","4":"has-post-thumbnail","6":"product_cat-aromaterapia","7":"product_tag-cosmetica-natutal","9":"first","10":"instock","11":"sale","12":"shipping-taxable","13":"purchasable","14":"product-type-simple"},"yoast_head":"<!-- This site is optimized with the Yoast SEO plugin v23.9 - https:\/\/yoast.com\/wordpress\/plugins\/seo\/ -->\n<title>Aceite Esencial de Mandarina x 10mL - EcoValle<\/title>\n<meta name=\"robots\" content=\"index, follow, max-snippet:-1, max-image-preview:large, max-video-preview:-1\" \/>\n<link rel=\"canonical\" href=\"https:\/\/ecovalle.pe\/en\/product\/aceite-esencial-de-mandarina-10ml\/\" \/>\n<meta property=\"og:locale\" content=\"en_US\" \/>\n<meta property=\"og:type\" content=\"article\" \/>\n<meta property=\"og:title\" content=\"Aceite Esencial de Mandarina x 10mL - EcoValle\" \/>\n<meta property=\"og:description\" content=\"Positivismo  Serenidad  Reduce la irritabilidad y ansiedad  Estimula la circulaci\u00f3n sangu\u00ednea  EAN: 7754531001192\" \/>\n<meta property=\"og:url\" content=\"https:\/\/ecovalle.pe\/en\/product\/aceite-esencial-de-mandarina-10ml\/\" \/>\n<meta property=\"og:site_name\" content=\"EcoValle\" \/>\n<meta property=\"article:modified_time\" content=\"2025-05-21T13:45:10+00:00\" \/>\n<meta property=\"og:image\" content=\"https:\/\/ecovalle.pe\/wp-content\/uploads\/2022\/08\/MANDARINA-10-ML.jpg\" \/>\n\t<meta property=\"og:image:width\" content=\"800\" \/>\n\t<meta property=\"og:image:height\" content=\"800\" \/>\n\t<meta property=\"og:image:type\" content=\"image\/jpeg\" \/>\n<meta name=\"twitter:card\" content=\"summary_large_image\" \/>\n<meta name=\"twitter:label1\" content=\"Est. reading time\" \/>\n\t<meta name=\"twitter:data1\" content=\"1 minute\" \/>\n<script type=\"application\/ld+json\" class=\"yoast-schema-graph\">{\"@context\":\"https:\/\/schema.org\",\"@graph\":[{\"@type\":\"WebPage\",\"@id\":\"https:\/\/ecovalle.pe\/product\/aceite-esencial-de-mandarina-10ml\/\",\"url\":\"https:\/\/ecovalle.pe\/product\/aceite-esencial-de-mandarina-10ml\/\",\"name\":\"Aceite Esencial de Mandarina x 10mL - EcoValle\",\"isPartOf\":{\"@id\":\"https:\/\/ecovalle.pe\/#website\"},\"primaryImageOfPage\":{\"@id\":\"https:\/\/ecovalle.pe\/product\/aceite-esencial-de-mandarina-10ml\/#primaryimage\"},\"image\":{\"@id\":\"https:\/\/ecovalle.pe\/product\/aceite-esencial-de-mandarina-10ml\/#primaryimage\"},\"thumbnailUrl\":\"https:\/\/ecovalle.pe\/wp-content\/uploads\/2022\/08\/MANDARINA-10-ML.jpg\",\"datePublished\":\"2022-08-15T06:19:18+00:00\",\"dateModified\":\"2025-05-21T13:45:10+00:00\",\"breadcrumb\":{\"@id\":\"https:\/\/ecovalle.pe\/product\/aceite-esencial-de-mandarina-10ml\/#breadcrumb\"},\"inLanguage\":\"en-US\",\"potentialAction\":[{\"@type\":\"ReadAction\",\"target\":[\"https:\/\/ecovalle.pe\/product\/aceite-esencial-de-mandarina-10ml\/\"]}]},{\"@type\":\"ImageObject\",\"inLanguage\":\"en-US\",\"@id\":\"https:\/\/ecovalle.pe\/product\/aceite-esencial-de-mandarina-10ml\/#primaryimage\",\"url\":\"https:\/\/ecovalle.pe\/wp-content\/uploads\/2022\/08\/MANDARINA-10-ML.jpg\",\"contentUrl\":\"https:\/\/ecovalle.pe\/wp-content\/uploads\/2022\/08\/MANDARINA-10-ML.jpg\",\"width\":800,\"height\":800},{\"@type\":\"BreadcrumbList\",\"@id\":\"https:\/\/ecovalle.pe\/product\/aceite-esencial-de-mandarina-10ml\/#breadcrumb\",\"itemListElement\":[{\"@type\":\"ListItem\",\"position\":1,\"name\":\"Portada\",\"item\":\"https:\/\/ecovalle.pe\/\"},{\"@type\":\"ListItem\",\"position\":2,\"name\":\"Tienda\",\"item\":\"https:\/\/ecovalle.pe\/shop\/\"},{\"@type\":\"ListItem\",\"position\":3,\"name\":\"Aceite Esencial de Mandarina x 10mL\"}]},{\"@type\":\"WebSite\",\"@id\":\"https:\/\/ecovalle.pe\/#website\",\"url\":\"https:\/\/ecovalle.pe\/\",\"name\":\"EcoValle\",\"description\":\"Somos una 1 empresa agroindustrial con m\u00e1s de 10 a\u00f1os de experiencia en el rubro de alimentos funcionales. Todos nuestros productos pasan por un estricto proceso de producci\u00f3n y control de calidad, utilizando los m\u00e1s altos est\u00e1ndares de calidad con certificaci\u00f3n internacional.\",\"potentialAction\":[{\"@type\":\"SearchAction\",\"target\":{\"@type\":\"EntryPoint\",\"urlTemplate\":\"https:\/\/ecovalle.pe\/?s={search_term_string}\"},\"query-input\":{\"@type\":\"PropertyValueSpecification\",\"valueRequired\":true,\"valueName\":\"search_term_string\"}}],\"inLanguage\":\"en-US\"}]}<\/script>\n<!-- \/ Yoast SEO plugin. -->","yoast_head_json":{"title":"Aceite Esencial de Mandarina x 10mL - EcoValle","robots":{"index":"index","follow":"follow","max-snippet":"max-snippet:-1","max-image-preview":"max-image-preview:large","max-video-preview":"max-video-preview:-1"},"canonical":"https:\/\/ecovalle.pe\/en\/product\/aceite-esencial-de-mandarina-10ml\/","og_locale":"en_US","og_type":"article","og_title":"Aceite Esencial de Mandarina x 10mL - EcoValle","og_description":"Positivismo  Serenidad  Reduce la irritabilidad y ansiedad  Estimula la circulaci\u00f3n sangu\u00ednea  EAN: 7754531001192","og_url":"https:\/\/ecovalle.pe\/en\/product\/aceite-esencial-de-mandarina-10ml\/","og_site_name":"EcoValle","article_modified_time":"2025-05-21T13:45:10+00:00","og_image":[{"width":800,"height":800,"url":"https:\/\/ecovalle.pe\/wp-content\/uploads\/2022\/08\/MANDARINA-10-ML.jpg","type":"image\/jpeg"}],"twitter_card":"summary_large_image","twitter_misc":{"Est. reading time":"1 minute"},"schema":{"@context":"https:\/\/schema.org","@graph":[{"@type":"WebPage","@id":"https:\/\/ecovalle.pe\/product\/aceite-esencial-de-mandarina-10ml\/","url":"https:\/\/ecovalle.pe\/product\/aceite-esencial-de-mandarina-10ml\/","name":"Aceite Esencial de Mandarina x 10mL - EcoValle","isPartOf":{"@id":"https:\/\/ecovalle.pe\/#website"},"primaryImageOfPage":{"@id":"https:\/\/ecovalle.pe\/product\/aceite-esencial-de-mandarina-10ml\/#primaryimage"},"image":{"@id":"https:\/\/ecovalle.pe\/product\/aceite-esencial-de-mandarina-10ml\/#primaryimage"},"thumbnailUrl":"https:\/\/ecovalle.pe\/wp-content\/uploads\/2022\/08\/MANDARINA-10-ML.jpg","datePublished":"2022-08-15T06:19:18+00:00","dateModified":"2025-05-21T13:45:10+00:00","breadcrumb":{"@id":"https:\/\/ecovalle.pe\/product\/aceite-esencial-de-mandarina-10ml\/#breadcrumb"},"inLanguage":"en-US","potentialAction":[{"@type":"ReadAction","target":["https:\/\/ecovalle.pe\/product\/aceite-esencial-de-mandarina-10ml\/"]}]},{"@type":"ImageObject","inLanguage":"en-US","@id":"https:\/\/ecovalle.pe\/product\/aceite-esencial-de-mandarina-10ml\/#primaryimage","url":"https:\/\/ecovalle.pe\/wp-content\/uploads\/2022\/08\/MANDARINA-10-ML.jpg","contentUrl":"https:\/\/ecovalle.pe\/wp-content\/uploads\/2022\/08\/MANDARINA-10-ML.jpg","width":800,"height":800},{"@type":"BreadcrumbList","@id":"https:\/\/ecovalle.pe\/product\/aceite-esencial-de-mandarina-10ml\/#breadcrumb","itemListElement":[{"@type":"ListItem","position":1,"name":"Portada","item":"https:\/\/ecovalle.pe\/"},{"@type":"ListItem","position":2,"name":"Tienda","item":"https:\/\/ecovalle.pe\/shop\/"},{"@type":"ListItem","position":3,"name":"Aceite Esencial de Mandarina x 10mL"}]},{"@type":"WebSite","@id":"https:\/\/ecovalle.pe\/#website","url":"https:\/\/ecovalle.pe\/","name":"EcoValle","description":"Somos una 1 empresa agroindustrial con m\u00e1s de 10 a\u00f1os de experiencia en el rubro de alimentos funcionales. Todos nuestros productos pasan por un estricto proceso de producci\u00f3n y control de calidad, utilizando los m\u00e1s altos est\u00e1ndares de calidad con certificaci\u00f3n internacional.","potentialAction":[{"@type":"SearchAction","target":{"@type":"EntryPoint","urlTemplate":"https:\/\/ecovalle.pe\/?s={search_term_string}"},"query-input":{"@type":"PropertyValueSpecification","valueRequired":true,"valueName":"search_term_string"}}],"inLanguage":"en-US"}]}},"_links":{"self":[{"href":"https:\/\/ecovalle.pe\/en\/wp-json\/wp\/v2\/product\/8033","targetHints":{"allow":["GET"]}}],"collection":[{"href":"https:\/\/ecovalle.pe\/en\/wp-json\/wp\/v2\/product"}],"about":[{"href":"https:\/\/ecovalle.pe\/en\/wp-json\/wp\/v2\/types\/product"}],"replies":[{"embeddable":true,"href":"https:\/\/ecovalle.pe\/en\/wp-json\/wp\/v2\/comments?post=8033"}],"version-history":[{"count":2,"href":"https:\/\/ecovalle.pe\/en\/wp-json\/wp\/v2\/product\/8033\/revisions"}],"predecessor-version":[{"id":8037,"href":"https:\/\/ecovalle.pe\/en\/wp-json\/wp\/v2\/product\/8033\/revisions\/8037"}],"wp:featuredmedia":[{"embeddable":true,"href":"https:\/\/ecovalle.pe\/en\/wp-json\/wp\/v2\/media\/8034"}],"wp:attachment":[{"href":"https:\/\/ecovalle.pe\/en\/wp-json\/wp\/v2\/media?parent=8033"}],"wp:term":[{"taxonomy":"product_cat","embeddable":true,"href":"https:\/\/ecovalle.pe\/en\/wp-json\/wp\/v2\/product_cat?post=8033"},{"taxonomy":"product_tag","embeddable":true,"href":"https:\/\/ecovalle.pe\/en\/wp-json\/wp\/v2\/product_tag?post=8033"}],"curies":[{"name":"wp","href":"https:\/\/api.w.org\/{rel}","templated":true}]}}