{"id":8050,"date":"2022-08-15T01:52:29","date_gmt":"2022-08-15T06:52:29","guid":{"rendered":"https:\/\/ecovalle.pe\/?post_type=product&#038;p=8050"},"modified":"2025-05-30T10:50:07","modified_gmt":"2025-05-30T15:50:07","slug":"aceite-esencial-de-oregano-10ml","status":"publish","type":"product","link":"https:\/\/ecovalle.pe\/en\/product\/aceite-esencial-de-oregano-10ml\/","title":{"rendered":"Aceite Esencial de Or\u00e9gano x 10mL"},"content":{"rendered":"<p><span style=\"font-weight: 400;\">Nuestro aceite esencial de or\u00e9gano es originario del Mediterr\u00e1neo, es uno de los m\u00e1s efectivos remedios naturales contra los hongos del pie de atleta y candidiasis. Adem\u00e1s, disminuye los dolores menstruales.<\/span><\/p>\n<p><span style=\"color: #02793c;\"><strong>COMPOSICI\u00d3N<\/strong><\/span><br \/>\n<strong>Nombre com\u00fan:<\/strong> Or\u00e9gano.<br \/>\n<strong>Nombre cient\u00edfico:<\/strong> <em>Origanum vulgare<\/em> L.<br \/>\n<strong>Parte utilizada:<\/strong> Hojas secas<\/p>\n<p><span style=\"color: #02793c;\"><strong>BENEFICIOS<\/strong><\/span><\/p>\n<ul>\n<li><span style=\"font-weight: 400;\">Ayuda a eliminar los hongos como pie de atleta y candidiasis.<\/span><\/li>\n<li><span style=\"font-weight: 400;\">Alivia los s\u00edntomas causados por candidiasis.<\/span><\/li>\n<li><span style=\"font-weight: 400;\">Reduce los dolores menstruales.<\/span><\/li>\n<li><span style=\"font-weight: 400;\">Elimina comez\u00f3n y descamaci\u00f3n causada por los hongos.<\/span><\/li>\n<\/ul>\n<p><span style=\"color: #02793c;\"><strong>\u00bfSAB\u00cdAS QU\u00c9?<\/strong><\/span><br \/>\n<span style=\"font-weight: 400;\">La hoja arom\u00e1tica de or\u00e9gano tradicionalmente es utilizada para tratar los c\u00f3licos menstruales. <\/span><\/p>","protected":false},"excerpt":{"rendered":"<ul>\n<li style=\"text-align: left;\">Anti-hongos<\/li>\n<li style=\"text-align: left;\">Anti-descamaci\u00f3n<\/li>\n<li style=\"text-align: left;\">Anti-picor<\/li>\n<li style=\"text-align: left;\">Combate las infecciones por hongos de la piel<\/li>\n<li style=\"text-align: left;\">Elimina las capas da\u00f1adas de las u\u00f1as<\/li>\n<li style=\"text-align: left;\">EAN: 7754531000187<\/li>\n<\/ul>","protected":false},"featured_media":8051,"comment_status":"open","ping_status":"closed","template":"","meta":{"inline_featured_image":false,"_joinchat":[]},"product_cat":[165],"product_tag":[265],"class_list":{"0":"post-8050","1":"product","2":"type-product","3":"status-publish","4":"has-post-thumbnail","6":"product_cat-cometic-natural","7":"product_tag-cosmetica-natural","9":"first","10":"instock","11":"sale","12":"shipping-taxable","13":"purchasable","14":"product-type-simple"},"yoast_head":"<!-- This site is optimized with the Yoast SEO plugin v23.9 - https:\/\/yoast.com\/wordpress\/plugins\/seo\/ -->\n<title>Aceite Esencial de Or\u00e9gano x 10mL - EcoValle<\/title>\n<meta name=\"robots\" content=\"index, follow, max-snippet:-1, max-image-preview:large, max-video-preview:-1\" \/>\n<link rel=\"canonical\" href=\"https:\/\/ecovalle.pe\/en\/product\/aceite-esencial-de-oregano-10ml\/\" \/>\n<meta property=\"og:locale\" content=\"en_US\" \/>\n<meta property=\"og:type\" content=\"article\" \/>\n<meta property=\"og:title\" content=\"Aceite Esencial de Or\u00e9gano x 10mL - EcoValle\" \/>\n<meta property=\"og:description\" content=\"Anti-hongos  Anti-descamaci\u00f3n  Anti-picor  Combate las infecciones por hongos de la piel  Elimina las capas da\u00f1adas de las u\u00f1as  EAN: 7754531000187\" \/>\n<meta property=\"og:url\" content=\"https:\/\/ecovalle.pe\/en\/product\/aceite-esencial-de-oregano-10ml\/\" \/>\n<meta property=\"og:site_name\" content=\"EcoValle\" \/>\n<meta property=\"article:modified_time\" content=\"2025-05-30T15:50:07+00:00\" \/>\n<meta property=\"og:image\" content=\"https:\/\/ecovalle.pe\/wp-content\/uploads\/2022\/08\/ORE\u0301GANO-10-ML.jpg\" \/>\n\t<meta property=\"og:image:width\" content=\"800\" \/>\n\t<meta property=\"og:image:height\" content=\"800\" \/>\n\t<meta property=\"og:image:type\" content=\"image\/jpeg\" \/>\n<meta name=\"twitter:card\" content=\"summary_large_image\" \/>\n<meta name=\"twitter:label1\" content=\"Est. reading time\" \/>\n\t<meta name=\"twitter:data1\" content=\"1 minute\" \/>\n<script type=\"application\/ld+json\" class=\"yoast-schema-graph\">{\"@context\":\"https:\/\/schema.org\",\"@graph\":[{\"@type\":\"WebPage\",\"@id\":\"https:\/\/ecovalle.pe\/product\/aceite-esencial-de-oregano-10ml\/\",\"url\":\"https:\/\/ecovalle.pe\/product\/aceite-esencial-de-oregano-10ml\/\",\"name\":\"Aceite Esencial de Or\u00e9gano x 10mL - EcoValle\",\"isPartOf\":{\"@id\":\"https:\/\/ecovalle.pe\/#website\"},\"primaryImageOfPage\":{\"@id\":\"https:\/\/ecovalle.pe\/product\/aceite-esencial-de-oregano-10ml\/#primaryimage\"},\"image\":{\"@id\":\"https:\/\/ecovalle.pe\/product\/aceite-esencial-de-oregano-10ml\/#primaryimage\"},\"thumbnailUrl\":\"https:\/\/ecovalle.pe\/wp-content\/uploads\/2022\/08\/ORE\u0301GANO-10-ML.jpg\",\"datePublished\":\"2022-08-15T06:52:29+00:00\",\"dateModified\":\"2025-05-30T15:50:07+00:00\",\"breadcrumb\":{\"@id\":\"https:\/\/ecovalle.pe\/product\/aceite-esencial-de-oregano-10ml\/#breadcrumb\"},\"inLanguage\":\"en-US\",\"potentialAction\":[{\"@type\":\"ReadAction\",\"target\":[\"https:\/\/ecovalle.pe\/product\/aceite-esencial-de-oregano-10ml\/\"]}]},{\"@type\":\"ImageObject\",\"inLanguage\":\"en-US\",\"@id\":\"https:\/\/ecovalle.pe\/product\/aceite-esencial-de-oregano-10ml\/#primaryimage\",\"url\":\"https:\/\/ecovalle.pe\/wp-content\/uploads\/2022\/08\/ORE\u0301GANO-10-ML.jpg\",\"contentUrl\":\"https:\/\/ecovalle.pe\/wp-content\/uploads\/2022\/08\/ORE\u0301GANO-10-ML.jpg\",\"width\":800,\"height\":800},{\"@type\":\"BreadcrumbList\",\"@id\":\"https:\/\/ecovalle.pe\/product\/aceite-esencial-de-oregano-10ml\/#breadcrumb\",\"itemListElement\":[{\"@type\":\"ListItem\",\"position\":1,\"name\":\"Portada\",\"item\":\"https:\/\/ecovalle.pe\/\"},{\"@type\":\"ListItem\",\"position\":2,\"name\":\"Tienda\",\"item\":\"https:\/\/ecovalle.pe\/shop\/\"},{\"@type\":\"ListItem\",\"position\":3,\"name\":\"Aceite Esencial de Or\u00e9gano x 10mL\"}]},{\"@type\":\"WebSite\",\"@id\":\"https:\/\/ecovalle.pe\/#website\",\"url\":\"https:\/\/ecovalle.pe\/\",\"name\":\"EcoValle\",\"description\":\"Somos una 1 empresa agroindustrial con m\u00e1s de 10 a\u00f1os de experiencia en el rubro de alimentos funcionales. Todos nuestros productos pasan por un estricto proceso de producci\u00f3n y control de calidad, utilizando los m\u00e1s altos est\u00e1ndares de calidad con certificaci\u00f3n internacional.\",\"potentialAction\":[{\"@type\":\"SearchAction\",\"target\":{\"@type\":\"EntryPoint\",\"urlTemplate\":\"https:\/\/ecovalle.pe\/?s={search_term_string}\"},\"query-input\":{\"@type\":\"PropertyValueSpecification\",\"valueRequired\":true,\"valueName\":\"search_term_string\"}}],\"inLanguage\":\"en-US\"}]}<\/script>\n<!-- \/ Yoast SEO plugin. -->","yoast_head_json":{"title":"Aceite Esencial de Or\u00e9gano x 10mL - EcoValle","robots":{"index":"index","follow":"follow","max-snippet":"max-snippet:-1","max-image-preview":"max-image-preview:large","max-video-preview":"max-video-preview:-1"},"canonical":"https:\/\/ecovalle.pe\/en\/product\/aceite-esencial-de-oregano-10ml\/","og_locale":"en_US","og_type":"article","og_title":"Aceite Esencial de Or\u00e9gano x 10mL - EcoValle","og_description":"Anti-hongos  Anti-descamaci\u00f3n  Anti-picor  Combate las infecciones por hongos de la piel  Elimina las capas da\u00f1adas de las u\u00f1as  EAN: 7754531000187","og_url":"https:\/\/ecovalle.pe\/en\/product\/aceite-esencial-de-oregano-10ml\/","og_site_name":"EcoValle","article_modified_time":"2025-05-30T15:50:07+00:00","og_image":[{"width":800,"height":800,"url":"https:\/\/ecovalle.pe\/wp-content\/uploads\/2022\/08\/ORE\u0301GANO-10-ML.jpg","type":"image\/jpeg"}],"twitter_card":"summary_large_image","twitter_misc":{"Est. reading time":"1 minute"},"schema":{"@context":"https:\/\/schema.org","@graph":[{"@type":"WebPage","@id":"https:\/\/ecovalle.pe\/product\/aceite-esencial-de-oregano-10ml\/","url":"https:\/\/ecovalle.pe\/product\/aceite-esencial-de-oregano-10ml\/","name":"Aceite Esencial de Or\u00e9gano x 10mL - EcoValle","isPartOf":{"@id":"https:\/\/ecovalle.pe\/#website"},"primaryImageOfPage":{"@id":"https:\/\/ecovalle.pe\/product\/aceite-esencial-de-oregano-10ml\/#primaryimage"},"image":{"@id":"https:\/\/ecovalle.pe\/product\/aceite-esencial-de-oregano-10ml\/#primaryimage"},"thumbnailUrl":"https:\/\/ecovalle.pe\/wp-content\/uploads\/2022\/08\/ORE\u0301GANO-10-ML.jpg","datePublished":"2022-08-15T06:52:29+00:00","dateModified":"2025-05-30T15:50:07+00:00","breadcrumb":{"@id":"https:\/\/ecovalle.pe\/product\/aceite-esencial-de-oregano-10ml\/#breadcrumb"},"inLanguage":"en-US","potentialAction":[{"@type":"ReadAction","target":["https:\/\/ecovalle.pe\/product\/aceite-esencial-de-oregano-10ml\/"]}]},{"@type":"ImageObject","inLanguage":"en-US","@id":"https:\/\/ecovalle.pe\/product\/aceite-esencial-de-oregano-10ml\/#primaryimage","url":"https:\/\/ecovalle.pe\/wp-content\/uploads\/2022\/08\/ORE\u0301GANO-10-ML.jpg","contentUrl":"https:\/\/ecovalle.pe\/wp-content\/uploads\/2022\/08\/ORE\u0301GANO-10-ML.jpg","width":800,"height":800},{"@type":"BreadcrumbList","@id":"https:\/\/ecovalle.pe\/product\/aceite-esencial-de-oregano-10ml\/#breadcrumb","itemListElement":[{"@type":"ListItem","position":1,"name":"Portada","item":"https:\/\/ecovalle.pe\/"},{"@type":"ListItem","position":2,"name":"Tienda","item":"https:\/\/ecovalle.pe\/shop\/"},{"@type":"ListItem","position":3,"name":"Aceite Esencial de Or\u00e9gano x 10mL"}]},{"@type":"WebSite","@id":"https:\/\/ecovalle.pe\/#website","url":"https:\/\/ecovalle.pe\/","name":"EcoValle","description":"Somos una 1 empresa agroindustrial con m\u00e1s de 10 a\u00f1os de experiencia en el rubro de alimentos funcionales. Todos nuestros productos pasan por un estricto proceso de producci\u00f3n y control de calidad, utilizando los m\u00e1s altos est\u00e1ndares de calidad con certificaci\u00f3n internacional.","potentialAction":[{"@type":"SearchAction","target":{"@type":"EntryPoint","urlTemplate":"https:\/\/ecovalle.pe\/?s={search_term_string}"},"query-input":{"@type":"PropertyValueSpecification","valueRequired":true,"valueName":"search_term_string"}}],"inLanguage":"en-US"}]}},"_links":{"self":[{"href":"https:\/\/ecovalle.pe\/en\/wp-json\/wp\/v2\/product\/8050","targetHints":{"allow":["GET"]}}],"collection":[{"href":"https:\/\/ecovalle.pe\/en\/wp-json\/wp\/v2\/product"}],"about":[{"href":"https:\/\/ecovalle.pe\/en\/wp-json\/wp\/v2\/types\/product"}],"replies":[{"embeddable":true,"href":"https:\/\/ecovalle.pe\/en\/wp-json\/wp\/v2\/comments?post=8050"}],"version-history":[{"count":4,"href":"https:\/\/ecovalle.pe\/en\/wp-json\/wp\/v2\/product\/8050\/revisions"}],"predecessor-version":[{"id":11535,"href":"https:\/\/ecovalle.pe\/en\/wp-json\/wp\/v2\/product\/8050\/revisions\/11535"}],"wp:featuredmedia":[{"embeddable":true,"href":"https:\/\/ecovalle.pe\/en\/wp-json\/wp\/v2\/media\/8051"}],"wp:attachment":[{"href":"https:\/\/ecovalle.pe\/en\/wp-json\/wp\/v2\/media?parent=8050"}],"wp:term":[{"taxonomy":"product_cat","embeddable":true,"href":"https:\/\/ecovalle.pe\/en\/wp-json\/wp\/v2\/product_cat?post=8050"},{"taxonomy":"product_tag","embeddable":true,"href":"https:\/\/ecovalle.pe\/en\/wp-json\/wp\/v2\/product_tag?post=8050"}],"curies":[{"name":"wp","href":"https:\/\/api.w.org\/{rel}","templated":true}]}}