{"id":8058,"date":"2022-08-15T02:02:53","date_gmt":"2022-08-15T07:02:53","guid":{"rendered":"https:\/\/ecovalle.pe\/?post_type=product&#038;p=8058"},"modified":"2025-11-22T07:59:29","modified_gmt":"2025-11-22T12:59:29","slug":"extracto-de-arandano-botella-650ml","status":"publish","type":"product","link":"https:\/\/ecovalle.pe\/en\/product\/extracto-de-arandano-botella-650ml\/","title":{"rendered":"Extracto de Ar\u00e1ndanos Vital x 600mL"},"content":{"rendered":"<p>La bebida concentrada de ar\u00e1ndanos se obtiene del extracto de las bayas de los ar\u00e1ndanos, los cuales tienen una gran cantidad y calidad de antioxidantes, que ayudan al buen funcionamiento de los ri\u00f1ones.<\/p>\n<p><strong><span style=\"color: #02793c;\">COMPOSICI\u00d3N<\/span><\/strong><br \/>\nNombre com\u00fan: Ar\u00e1ndanos<br \/>\nNombre cient\u00edfico: Vaccinium corymbosum L.<br \/>\nParte utilizada: fruto<\/p>\n<p><strong><span style=\"color: #02793c;\">BENEFICIOS<\/span><\/strong><br \/>\nAlivia los s\u00edntomas de la cistitis.<br \/>\nReduce la inflamaci\u00f3n de uretra.<br \/>\nPromueve el buen funcionamiento de los ri\u00f1ones.<\/p>\n<p><strong><span style=\"color: #02793c;\">\u00bfSAB\u00cdAS QU\u00c9?<\/span><\/strong><br \/>\nEl \u00e1cido qu\u00ednico, componente del ar\u00e1ndano; se desdobla en \u00e1cido hip\u00farico que se excreta en la orina que tiene efecto antibacteriano.<\/p>","protected":false},"excerpt":{"rendered":"<ul>\n<li style=\"text-align: left;\">Antioxidante<\/li>\n<li style=\"text-align: left;\">Nutritivo<\/li>\n<li style=\"text-align: left;\">Rehidratante<\/li>\n<li style=\"text-align: left;\">Combate g\u00e9rmenes urinarios<\/li>\n<li style=\"text-align: left;\">Elimina los radicales libres<\/li>\n<li style=\"text-align: left;\">Mantiene el pH \u00e1cido de la orina<\/li>\n<\/ul>","protected":false},"featured_media":13509,"comment_status":"open","ping_status":"closed","template":"","meta":{"inline_featured_image":false,"_joinchat":[]},"product_cat":[163],"product_tag":[188],"class_list":{"0":"post-8058","1":"product","2":"type-product","3":"status-publish","4":"has-post-thumbnail","6":"product_cat-sistema-urinario","7":"product_tag-sistema-urinario","9":"first","10":"instock","11":"shipping-taxable","12":"purchasable","13":"product-type-simple"},"yoast_head":"<!-- This site is optimized with the Yoast SEO plugin v23.9 - https:\/\/yoast.com\/wordpress\/plugins\/seo\/ -->\n<title>Extracto de Ar\u00e1ndanos Vital x 600mL - EcoValle<\/title>\n<meta name=\"robots\" content=\"index, follow, max-snippet:-1, max-image-preview:large, max-video-preview:-1\" \/>\n<link rel=\"canonical\" href=\"https:\/\/ecovalle.pe\/en\/product\/extracto-de-arandano-botella-650ml\/\" \/>\n<meta property=\"og:locale\" content=\"en_US\" \/>\n<meta property=\"og:type\" content=\"article\" \/>\n<meta property=\"og:title\" content=\"Extracto de Ar\u00e1ndanos Vital x 600mL - EcoValle\" \/>\n<meta property=\"og:description\" content=\"Antioxidante  Nutritivo  Rehidratante  Combate g\u00e9rmenes urinarios  Elimina los radicales libres  Mantiene el pH \u00e1cido de la orina\" \/>\n<meta property=\"og:url\" content=\"https:\/\/ecovalle.pe\/en\/product\/extracto-de-arandano-botella-650ml\/\" \/>\n<meta property=\"og:site_name\" content=\"EcoValle\" \/>\n<meta property=\"article:modified_time\" content=\"2025-11-22T12:59:29+00:00\" \/>\n<meta property=\"og:image\" content=\"https:\/\/ecovalle.pe\/wp-content\/uploads\/2022\/08\/B.C.ARANDANOS_600ML.jpg\" \/>\n\t<meta property=\"og:image:width\" content=\"800\" \/>\n\t<meta property=\"og:image:height\" content=\"800\" \/>\n\t<meta property=\"og:image:type\" content=\"image\/jpeg\" \/>\n<meta name=\"twitter:card\" content=\"summary_large_image\" \/>\n<meta name=\"twitter:label1\" content=\"Est. reading time\" \/>\n\t<meta name=\"twitter:data1\" content=\"1 minute\" \/>\n<script type=\"application\/ld+json\" class=\"yoast-schema-graph\">{\"@context\":\"https:\/\/schema.org\",\"@graph\":[{\"@type\":\"WebPage\",\"@id\":\"https:\/\/ecovalle.pe\/product\/extracto-de-arandano-botella-650ml\/\",\"url\":\"https:\/\/ecovalle.pe\/product\/extracto-de-arandano-botella-650ml\/\",\"name\":\"Extracto de Ar\u00e1ndanos Vital x 600mL - EcoValle\",\"isPartOf\":{\"@id\":\"https:\/\/ecovalle.pe\/#website\"},\"primaryImageOfPage\":{\"@id\":\"https:\/\/ecovalle.pe\/product\/extracto-de-arandano-botella-650ml\/#primaryimage\"},\"image\":{\"@id\":\"https:\/\/ecovalle.pe\/product\/extracto-de-arandano-botella-650ml\/#primaryimage\"},\"thumbnailUrl\":\"https:\/\/ecovalle.pe\/wp-content\/uploads\/2022\/08\/B.C.ARANDANOS_600ML.jpg\",\"datePublished\":\"2022-08-15T07:02:53+00:00\",\"dateModified\":\"2025-11-22T12:59:29+00:00\",\"breadcrumb\":{\"@id\":\"https:\/\/ecovalle.pe\/product\/extracto-de-arandano-botella-650ml\/#breadcrumb\"},\"inLanguage\":\"en-US\",\"potentialAction\":[{\"@type\":\"ReadAction\",\"target\":[\"https:\/\/ecovalle.pe\/product\/extracto-de-arandano-botella-650ml\/\"]}]},{\"@type\":\"ImageObject\",\"inLanguage\":\"en-US\",\"@id\":\"https:\/\/ecovalle.pe\/product\/extracto-de-arandano-botella-650ml\/#primaryimage\",\"url\":\"https:\/\/ecovalle.pe\/wp-content\/uploads\/2022\/08\/B.C.ARANDANOS_600ML.jpg\",\"contentUrl\":\"https:\/\/ecovalle.pe\/wp-content\/uploads\/2022\/08\/B.C.ARANDANOS_600ML.jpg\",\"width\":800,\"height\":800},{\"@type\":\"BreadcrumbList\",\"@id\":\"https:\/\/ecovalle.pe\/product\/extracto-de-arandano-botella-650ml\/#breadcrumb\",\"itemListElement\":[{\"@type\":\"ListItem\",\"position\":1,\"name\":\"Portada\",\"item\":\"https:\/\/ecovalle.pe\/\"},{\"@type\":\"ListItem\",\"position\":2,\"name\":\"Tienda\",\"item\":\"https:\/\/ecovalle.pe\/shop\/\"},{\"@type\":\"ListItem\",\"position\":3,\"name\":\"Extracto de Ar\u00e1ndanos Vital x 600mL\"}]},{\"@type\":\"WebSite\",\"@id\":\"https:\/\/ecovalle.pe\/#website\",\"url\":\"https:\/\/ecovalle.pe\/\",\"name\":\"EcoValle\",\"description\":\"Somos una 1 empresa agroindustrial con m\u00e1s de 10 a\u00f1os de experiencia en el rubro de alimentos funcionales. Todos nuestros productos pasan por un estricto proceso de producci\u00f3n y control de calidad, utilizando los m\u00e1s altos est\u00e1ndares de calidad con certificaci\u00f3n internacional.\",\"potentialAction\":[{\"@type\":\"SearchAction\",\"target\":{\"@type\":\"EntryPoint\",\"urlTemplate\":\"https:\/\/ecovalle.pe\/?s={search_term_string}\"},\"query-input\":{\"@type\":\"PropertyValueSpecification\",\"valueRequired\":true,\"valueName\":\"search_term_string\"}}],\"inLanguage\":\"en-US\"}]}<\/script>\n<!-- \/ Yoast SEO plugin. -->","yoast_head_json":{"title":"Extracto de Ar\u00e1ndanos Vital x 600mL - EcoValle","robots":{"index":"index","follow":"follow","max-snippet":"max-snippet:-1","max-image-preview":"max-image-preview:large","max-video-preview":"max-video-preview:-1"},"canonical":"https:\/\/ecovalle.pe\/en\/product\/extracto-de-arandano-botella-650ml\/","og_locale":"en_US","og_type":"article","og_title":"Extracto de Ar\u00e1ndanos Vital x 600mL - EcoValle","og_description":"Antioxidante  Nutritivo  Rehidratante  Combate g\u00e9rmenes urinarios  Elimina los radicales libres  Mantiene el pH \u00e1cido de la orina","og_url":"https:\/\/ecovalle.pe\/en\/product\/extracto-de-arandano-botella-650ml\/","og_site_name":"EcoValle","article_modified_time":"2025-11-22T12:59:29+00:00","og_image":[{"width":800,"height":800,"url":"https:\/\/ecovalle.pe\/wp-content\/uploads\/2022\/08\/B.C.ARANDANOS_600ML.jpg","type":"image\/jpeg"}],"twitter_card":"summary_large_image","twitter_misc":{"Est. reading time":"1 minute"},"schema":{"@context":"https:\/\/schema.org","@graph":[{"@type":"WebPage","@id":"https:\/\/ecovalle.pe\/product\/extracto-de-arandano-botella-650ml\/","url":"https:\/\/ecovalle.pe\/product\/extracto-de-arandano-botella-650ml\/","name":"Extracto de Ar\u00e1ndanos Vital x 600mL - EcoValle","isPartOf":{"@id":"https:\/\/ecovalle.pe\/#website"},"primaryImageOfPage":{"@id":"https:\/\/ecovalle.pe\/product\/extracto-de-arandano-botella-650ml\/#primaryimage"},"image":{"@id":"https:\/\/ecovalle.pe\/product\/extracto-de-arandano-botella-650ml\/#primaryimage"},"thumbnailUrl":"https:\/\/ecovalle.pe\/wp-content\/uploads\/2022\/08\/B.C.ARANDANOS_600ML.jpg","datePublished":"2022-08-15T07:02:53+00:00","dateModified":"2025-11-22T12:59:29+00:00","breadcrumb":{"@id":"https:\/\/ecovalle.pe\/product\/extracto-de-arandano-botella-650ml\/#breadcrumb"},"inLanguage":"en-US","potentialAction":[{"@type":"ReadAction","target":["https:\/\/ecovalle.pe\/product\/extracto-de-arandano-botella-650ml\/"]}]},{"@type":"ImageObject","inLanguage":"en-US","@id":"https:\/\/ecovalle.pe\/product\/extracto-de-arandano-botella-650ml\/#primaryimage","url":"https:\/\/ecovalle.pe\/wp-content\/uploads\/2022\/08\/B.C.ARANDANOS_600ML.jpg","contentUrl":"https:\/\/ecovalle.pe\/wp-content\/uploads\/2022\/08\/B.C.ARANDANOS_600ML.jpg","width":800,"height":800},{"@type":"BreadcrumbList","@id":"https:\/\/ecovalle.pe\/product\/extracto-de-arandano-botella-650ml\/#breadcrumb","itemListElement":[{"@type":"ListItem","position":1,"name":"Portada","item":"https:\/\/ecovalle.pe\/"},{"@type":"ListItem","position":2,"name":"Tienda","item":"https:\/\/ecovalle.pe\/shop\/"},{"@type":"ListItem","position":3,"name":"Extracto de Ar\u00e1ndanos Vital x 600mL"}]},{"@type":"WebSite","@id":"https:\/\/ecovalle.pe\/#website","url":"https:\/\/ecovalle.pe\/","name":"EcoValle","description":"Somos una 1 empresa agroindustrial con m\u00e1s de 10 a\u00f1os de experiencia en el rubro de alimentos funcionales. Todos nuestros productos pasan por un estricto proceso de producci\u00f3n y control de calidad, utilizando los m\u00e1s altos est\u00e1ndares de calidad con certificaci\u00f3n internacional.","potentialAction":[{"@type":"SearchAction","target":{"@type":"EntryPoint","urlTemplate":"https:\/\/ecovalle.pe\/?s={search_term_string}"},"query-input":{"@type":"PropertyValueSpecification","valueRequired":true,"valueName":"search_term_string"}}],"inLanguage":"en-US"}]}},"_links":{"self":[{"href":"https:\/\/ecovalle.pe\/en\/wp-json\/wp\/v2\/product\/8058","targetHints":{"allow":["GET"]}}],"collection":[{"href":"https:\/\/ecovalle.pe\/en\/wp-json\/wp\/v2\/product"}],"about":[{"href":"https:\/\/ecovalle.pe\/en\/wp-json\/wp\/v2\/types\/product"}],"replies":[{"embeddable":true,"href":"https:\/\/ecovalle.pe\/en\/wp-json\/wp\/v2\/comments?post=8058"}],"version-history":[{"count":6,"href":"https:\/\/ecovalle.pe\/en\/wp-json\/wp\/v2\/product\/8058\/revisions"}],"predecessor-version":[{"id":13512,"href":"https:\/\/ecovalle.pe\/en\/wp-json\/wp\/v2\/product\/8058\/revisions\/13512"}],"wp:featuredmedia":[{"embeddable":true,"href":"https:\/\/ecovalle.pe\/en\/wp-json\/wp\/v2\/media\/13509"}],"wp:attachment":[{"href":"https:\/\/ecovalle.pe\/en\/wp-json\/wp\/v2\/media?parent=8058"}],"wp:term":[{"taxonomy":"product_cat","embeddable":true,"href":"https:\/\/ecovalle.pe\/en\/wp-json\/wp\/v2\/product_cat?post=8058"},{"taxonomy":"product_tag","embeddable":true,"href":"https:\/\/ecovalle.pe\/en\/wp-json\/wp\/v2\/product_tag?post=8058"}],"curies":[{"name":"wp","href":"https:\/\/api.w.org\/{rel}","templated":true}]}}