{"id":8069,"date":"2022-08-15T02:36:59","date_gmt":"2022-08-15T07:36:59","guid":{"rendered":"https:\/\/ecovalle.pe\/?post_type=product&#038;p=8069"},"modified":"2025-05-29T00:00:06","modified_gmt":"2025-05-29T05:00:06","slug":"clorofila-pote-blanco-60g","status":"publish","type":"product","link":"https:\/\/ecovalle.pe\/en\/product\/clorofila-pote-blanco-60g\/","title":{"rendered":"Clorofila en polvo pote x 60g"},"content":{"rendered":"<p>La alfalfa y la menta son plantas, contienen un pigmento llamado clorofila, en nuestro organismo esta clorofila es la encargada de fortalecer nuestro sistema inmune, por su gran capacidad antioxidante y desintoxicante.<\/p>\n<p><strong><span style=\"color: #02793c;\">COMPOSICI\u00d3N<\/span><\/strong><br \/>\nNombre com\u00fan: Alfalfa<br \/>\nNombre cient\u00edfico: Medicago sativa L.<br \/>\nParte utilizada: hojas<br \/>\nNombre com\u00fan: Menta<br \/>\nNombre cient\u00edfico: Mentha piperita L.<br \/>\nParte utilizada: hojas<\/p>\n<p><strong><span style=\"color: #02793c;\">BENEFICIOS<\/span><\/strong><br \/>\nAyuda a la desintoxicaci\u00f3n del organismo.<br \/>\nMejora la respuesta inmune.<br \/>\nPreviene infecciones gastrointestinales.<\/p>\n<p><strong><span style=\"color: #02793c;\">\u00bfSAB\u00cdAS QU\u00c9?<\/span><\/strong><br \/>\nEl color verde caracter\u00edstico de las plantas se debe a la clorofila.<\/p>","protected":false},"excerpt":{"rendered":"<ul>\n<li style=\"text-align: left;\">Desintoxicante<\/li>\n<li style=\"text-align: left;\">Depurativo natural<\/li>\n<li style=\"text-align: left;\">Contribuye a la eliminaci\u00f3n de toxinas<\/li>\n<\/ul>","protected":false},"featured_media":8070,"comment_status":"open","ping_status":"closed","template":"","meta":{"inline_featured_image":false,"_joinchat":[]},"product_cat":[162],"product_tag":[190],"class_list":{"0":"post-8069","1":"product","2":"type-product","3":"status-publish","4":"has-post-thumbnail","6":"product_cat-sistema-inmunologico","7":"product_tag-sistema-inmunologico","9":"first","10":"instock","11":"shipping-taxable","12":"purchasable","13":"product-type-simple"},"yoast_head":"<!-- This site is optimized with the Yoast SEO plugin v23.9 - https:\/\/yoast.com\/wordpress\/plugins\/seo\/ -->\n<title>Clorofila en polvo pote x 60g - EcoValle<\/title>\n<meta name=\"robots\" content=\"index, follow, max-snippet:-1, max-image-preview:large, max-video-preview:-1\" \/>\n<link rel=\"canonical\" href=\"https:\/\/ecovalle.pe\/en\/product\/clorofila-pote-blanco-60g\/\" \/>\n<meta property=\"og:locale\" content=\"en_US\" \/>\n<meta property=\"og:type\" content=\"article\" \/>\n<meta property=\"og:title\" content=\"Clorofila en polvo pote x 60g - EcoValle\" \/>\n<meta property=\"og:description\" content=\"Desintoxicante  Depurativo natural  Contribuye a la eliminaci\u00f3n de toxinas\" \/>\n<meta property=\"og:url\" content=\"https:\/\/ecovalle.pe\/en\/product\/clorofila-pote-blanco-60g\/\" \/>\n<meta property=\"og:site_name\" content=\"EcoValle\" \/>\n<meta property=\"article:modified_time\" content=\"2025-05-29T05:00:06+00:00\" \/>\n<meta property=\"og:image\" content=\"https:\/\/ecovalle.pe\/wp-content\/uploads\/2022\/08\/CLORFILA-60-GR.jpg\" \/>\n\t<meta property=\"og:image:width\" content=\"800\" \/>\n\t<meta property=\"og:image:height\" content=\"800\" \/>\n\t<meta property=\"og:image:type\" content=\"image\/jpeg\" \/>\n<meta name=\"twitter:card\" content=\"summary_large_image\" \/>\n<meta name=\"twitter:label1\" content=\"Est. reading time\" \/>\n\t<meta name=\"twitter:data1\" content=\"1 minute\" \/>\n<script type=\"application\/ld+json\" class=\"yoast-schema-graph\">{\"@context\":\"https:\/\/schema.org\",\"@graph\":[{\"@type\":\"WebPage\",\"@id\":\"https:\/\/ecovalle.pe\/product\/clorofila-pote-blanco-60g\/\",\"url\":\"https:\/\/ecovalle.pe\/product\/clorofila-pote-blanco-60g\/\",\"name\":\"Clorofila en polvo pote x 60g - EcoValle\",\"isPartOf\":{\"@id\":\"https:\/\/ecovalle.pe\/#website\"},\"primaryImageOfPage\":{\"@id\":\"https:\/\/ecovalle.pe\/product\/clorofila-pote-blanco-60g\/#primaryimage\"},\"image\":{\"@id\":\"https:\/\/ecovalle.pe\/product\/clorofila-pote-blanco-60g\/#primaryimage\"},\"thumbnailUrl\":\"https:\/\/ecovalle.pe\/wp-content\/uploads\/2022\/08\/CLORFILA-60-GR.jpg\",\"datePublished\":\"2022-08-15T07:36:59+00:00\",\"dateModified\":\"2025-05-29T05:00:06+00:00\",\"breadcrumb\":{\"@id\":\"https:\/\/ecovalle.pe\/product\/clorofila-pote-blanco-60g\/#breadcrumb\"},\"inLanguage\":\"en-US\",\"potentialAction\":[{\"@type\":\"ReadAction\",\"target\":[\"https:\/\/ecovalle.pe\/product\/clorofila-pote-blanco-60g\/\"]}]},{\"@type\":\"ImageObject\",\"inLanguage\":\"en-US\",\"@id\":\"https:\/\/ecovalle.pe\/product\/clorofila-pote-blanco-60g\/#primaryimage\",\"url\":\"https:\/\/ecovalle.pe\/wp-content\/uploads\/2022\/08\/CLORFILA-60-GR.jpg\",\"contentUrl\":\"https:\/\/ecovalle.pe\/wp-content\/uploads\/2022\/08\/CLORFILA-60-GR.jpg\",\"width\":800,\"height\":800},{\"@type\":\"BreadcrumbList\",\"@id\":\"https:\/\/ecovalle.pe\/product\/clorofila-pote-blanco-60g\/#breadcrumb\",\"itemListElement\":[{\"@type\":\"ListItem\",\"position\":1,\"name\":\"Portada\",\"item\":\"https:\/\/ecovalle.pe\/\"},{\"@type\":\"ListItem\",\"position\":2,\"name\":\"Tienda\",\"item\":\"https:\/\/ecovalle.pe\/shop\/\"},{\"@type\":\"ListItem\",\"position\":3,\"name\":\"Clorofila en polvo pote x 60g\"}]},{\"@type\":\"WebSite\",\"@id\":\"https:\/\/ecovalle.pe\/#website\",\"url\":\"https:\/\/ecovalle.pe\/\",\"name\":\"EcoValle\",\"description\":\"Somos una 1 empresa agroindustrial con m\u00e1s de 10 a\u00f1os de experiencia en el rubro de alimentos funcionales. Todos nuestros productos pasan por un estricto proceso de producci\u00f3n y control de calidad, utilizando los m\u00e1s altos est\u00e1ndares de calidad con certificaci\u00f3n internacional.\",\"potentialAction\":[{\"@type\":\"SearchAction\",\"target\":{\"@type\":\"EntryPoint\",\"urlTemplate\":\"https:\/\/ecovalle.pe\/?s={search_term_string}\"},\"query-input\":{\"@type\":\"PropertyValueSpecification\",\"valueRequired\":true,\"valueName\":\"search_term_string\"}}],\"inLanguage\":\"en-US\"}]}<\/script>\n<!-- \/ Yoast SEO plugin. -->","yoast_head_json":{"title":"Clorofila en polvo pote x 60g - EcoValle","robots":{"index":"index","follow":"follow","max-snippet":"max-snippet:-1","max-image-preview":"max-image-preview:large","max-video-preview":"max-video-preview:-1"},"canonical":"https:\/\/ecovalle.pe\/en\/product\/clorofila-pote-blanco-60g\/","og_locale":"en_US","og_type":"article","og_title":"Clorofila en polvo pote x 60g - EcoValle","og_description":"Desintoxicante  Depurativo natural  Contribuye a la eliminaci\u00f3n de toxinas","og_url":"https:\/\/ecovalle.pe\/en\/product\/clorofila-pote-blanco-60g\/","og_site_name":"EcoValle","article_modified_time":"2025-05-29T05:00:06+00:00","og_image":[{"width":800,"height":800,"url":"https:\/\/ecovalle.pe\/wp-content\/uploads\/2022\/08\/CLORFILA-60-GR.jpg","type":"image\/jpeg"}],"twitter_card":"summary_large_image","twitter_misc":{"Est. reading time":"1 minute"},"schema":{"@context":"https:\/\/schema.org","@graph":[{"@type":"WebPage","@id":"https:\/\/ecovalle.pe\/product\/clorofila-pote-blanco-60g\/","url":"https:\/\/ecovalle.pe\/product\/clorofila-pote-blanco-60g\/","name":"Clorofila en polvo pote x 60g - EcoValle","isPartOf":{"@id":"https:\/\/ecovalle.pe\/#website"},"primaryImageOfPage":{"@id":"https:\/\/ecovalle.pe\/product\/clorofila-pote-blanco-60g\/#primaryimage"},"image":{"@id":"https:\/\/ecovalle.pe\/product\/clorofila-pote-blanco-60g\/#primaryimage"},"thumbnailUrl":"https:\/\/ecovalle.pe\/wp-content\/uploads\/2022\/08\/CLORFILA-60-GR.jpg","datePublished":"2022-08-15T07:36:59+00:00","dateModified":"2025-05-29T05:00:06+00:00","breadcrumb":{"@id":"https:\/\/ecovalle.pe\/product\/clorofila-pote-blanco-60g\/#breadcrumb"},"inLanguage":"en-US","potentialAction":[{"@type":"ReadAction","target":["https:\/\/ecovalle.pe\/product\/clorofila-pote-blanco-60g\/"]}]},{"@type":"ImageObject","inLanguage":"en-US","@id":"https:\/\/ecovalle.pe\/product\/clorofila-pote-blanco-60g\/#primaryimage","url":"https:\/\/ecovalle.pe\/wp-content\/uploads\/2022\/08\/CLORFILA-60-GR.jpg","contentUrl":"https:\/\/ecovalle.pe\/wp-content\/uploads\/2022\/08\/CLORFILA-60-GR.jpg","width":800,"height":800},{"@type":"BreadcrumbList","@id":"https:\/\/ecovalle.pe\/product\/clorofila-pote-blanco-60g\/#breadcrumb","itemListElement":[{"@type":"ListItem","position":1,"name":"Portada","item":"https:\/\/ecovalle.pe\/"},{"@type":"ListItem","position":2,"name":"Tienda","item":"https:\/\/ecovalle.pe\/shop\/"},{"@type":"ListItem","position":3,"name":"Clorofila en polvo pote x 60g"}]},{"@type":"WebSite","@id":"https:\/\/ecovalle.pe\/#website","url":"https:\/\/ecovalle.pe\/","name":"EcoValle","description":"Somos una 1 empresa agroindustrial con m\u00e1s de 10 a\u00f1os de experiencia en el rubro de alimentos funcionales. Todos nuestros productos pasan por un estricto proceso de producci\u00f3n y control de calidad, utilizando los m\u00e1s altos est\u00e1ndares de calidad con certificaci\u00f3n internacional.","potentialAction":[{"@type":"SearchAction","target":{"@type":"EntryPoint","urlTemplate":"https:\/\/ecovalle.pe\/?s={search_term_string}"},"query-input":{"@type":"PropertyValueSpecification","valueRequired":true,"valueName":"search_term_string"}}],"inLanguage":"en-US"}]}},"_links":{"self":[{"href":"https:\/\/ecovalle.pe\/en\/wp-json\/wp\/v2\/product\/8069","targetHints":{"allow":["GET"]}}],"collection":[{"href":"https:\/\/ecovalle.pe\/en\/wp-json\/wp\/v2\/product"}],"about":[{"href":"https:\/\/ecovalle.pe\/en\/wp-json\/wp\/v2\/types\/product"}],"replies":[{"embeddable":true,"href":"https:\/\/ecovalle.pe\/en\/wp-json\/wp\/v2\/comments?post=8069"}],"version-history":[{"count":5,"href":"https:\/\/ecovalle.pe\/en\/wp-json\/wp\/v2\/product\/8069\/revisions"}],"predecessor-version":[{"id":14455,"href":"https:\/\/ecovalle.pe\/en\/wp-json\/wp\/v2\/product\/8069\/revisions\/14455"}],"wp:featuredmedia":[{"embeddable":true,"href":"https:\/\/ecovalle.pe\/en\/wp-json\/wp\/v2\/media\/8070"}],"wp:attachment":[{"href":"https:\/\/ecovalle.pe\/en\/wp-json\/wp\/v2\/media?parent=8069"}],"wp:term":[{"taxonomy":"product_cat","embeddable":true,"href":"https:\/\/ecovalle.pe\/en\/wp-json\/wp\/v2\/product_cat?post=8069"},{"taxonomy":"product_tag","embeddable":true,"href":"https:\/\/ecovalle.pe\/en\/wp-json\/wp\/v2\/product_tag?post=8069"}],"curies":[{"name":"wp","href":"https:\/\/api.w.org\/{rel}","templated":true}]}}