{"id":8078,"date":"2022-08-15T02:54:30","date_gmt":"2022-08-15T07:54:30","guid":{"rendered":"https:\/\/ecovalle.pe\/?post_type=product&#038;p=8078"},"modified":"2025-05-29T00:00:06","modified_gmt":"2025-05-29T05:00:06","slug":"colagem-en-polvo-pote-blanco-400g","status":"publish","type":"product","link":"https:\/\/ecovalle.pe\/en\/product\/colagem-en-polvo-pote-blanco-400g\/","title":{"rendered":"Colagem+Camu camu en polvo x 400g"},"content":{"rendered":"<p><span style=\"font-weight: 400;\">Colagem + Camu camu, contiene col\u00e1geno hidrolizado, que es una gran fuente de amino\u00e1cidos y camu camu. Permiti\u00e9ndole a nuestro organismo, fortalecer las articulaciones y evitar su desgaste, adem\u00e1s disminuye las l\u00edneas de expresi\u00f3n causadas por el envejecimiento.<\/span><\/p>\n<p><strong><span style=\"color: #02793c;\">COMPOSICI\u00d3N<\/span><\/strong><\/p>\n<ul>\n<li><strong>Nombre com\u00fan:<\/strong> Col\u00e1geno<\/li>\n<li><strong>Nombre cient\u00edfico:<\/strong> &#8212;<\/li>\n<li><strong>Parte utilizada:<\/strong> P\u00e9ptidos de amino\u00e1cidos<\/li>\n<li><strong>Nombre com\u00fan:<\/strong> Camu camu<\/li>\n<li><strong>Nombre cient\u00edfico:<\/strong> <strong><em>Myrciaria dubia<\/em> (Kunth) McVaugh<\/strong><\/li>\n<li><strong>Parte utilizada:<\/strong> Fruto<\/li>\n<\/ul>\n<p><strong><span style=\"color: #02793c;\">BENEFICIOS<\/span><\/strong><\/p>\n<ul>\n<li><span style=\"font-weight: 400;\">Fortalece las articulaciones.<\/span><\/li>\n<li><span style=\"font-weight: 400;\">Disminuye el dolor articular causado por desgaste.<\/span><\/li>\n<li><span style=\"font-weight: 400;\">Ayuda a la regeneraci\u00f3n del cart\u00edlago.<\/span><\/li>\n<li style=\"font-weight: 400;\" aria-level=\"1\"><span style=\"font-weight: 400;\">Contribuye a la formaci\u00f3n de col\u00e1geno end\u00f3geno.<\/span><\/li>\n<li style=\"font-weight: 400;\" aria-level=\"1\"><span style=\"font-weight: 400;\">Brinda firmeza de la piel.<\/span><\/li>\n<li><span style=\"font-weight: 400;\">Aten\u00faa las l\u00edneas de expresi\u00f3n.<\/span><\/li>\n<\/ul>\n<p><strong><span style=\"color: #02793c;\">\u00bfSAB\u00cdAS QU\u00c9?<\/span><\/strong><br \/>\n<span style=\"font-weight: 400;\">El consumo de col\u00e1geno hidrolizado, ayuda a la cicatrizaci\u00f3n y permite la curaci\u00f3n r\u00e1pida de\u00a0 las heridas.<\/span><\/p>","protected":false},"excerpt":{"rendered":"<ul>\n<li style=\"font-weight: 400; text-align: left;\" aria-level=\"1\"><span style=\"font-weight: 400;\">Contiene Col\u00e1geno hidrolizado.<\/span><\/li>\n<li style=\"font-weight: 400; text-align: left;\" aria-level=\"1\"><span style=\"font-weight: 400;\">Contiene vitamina C natural aportada por Camu camu.<\/span><\/li>\n<li style=\"font-weight: 400; text-align: left;\" aria-level=\"1\"><span style=\"font-weight: 400;\">Gran fuente de amino\u00e1cidos.<\/span><\/li>\n<\/ul>","protected":false},"featured_media":8079,"comment_status":"open","ping_status":"closed","template":"","meta":{"inline_featured_image":false,"_joinchat":[]},"product_cat":[165,169],"product_tag":[191],"class_list":{"0":"post-8078","1":"product","2":"type-product","3":"status-publish","4":"has-post-thumbnail","6":"product_cat-cometic-natural","7":"product_cat-sistema-oseo","8":"product_tag-sistema-oseo","10":"first","11":"instock","12":"shipping-taxable","13":"purchasable","14":"product-type-simple"},"yoast_head":"<!-- This site is optimized with the Yoast SEO plugin v23.9 - https:\/\/yoast.com\/wordpress\/plugins\/seo\/ -->\n<title>Colagem+Camu camu en polvo x 400g - EcoValle<\/title>\n<meta name=\"robots\" content=\"index, follow, max-snippet:-1, max-image-preview:large, max-video-preview:-1\" \/>\n<link rel=\"canonical\" href=\"https:\/\/ecovalle.pe\/en\/product\/colagem-en-polvo-pote-blanco-400g\/\" \/>\n<meta property=\"og:locale\" content=\"en_US\" \/>\n<meta property=\"og:type\" content=\"article\" \/>\n<meta property=\"og:title\" content=\"Colagem+Camu camu en polvo x 400g - EcoValle\" \/>\n<meta property=\"og:description\" content=\"Contiene Col\u00e1geno hidrolizado.  Contiene vitamina C natural aportada por Camu camu.  Gran fuente de amino\u00e1cidos.\" \/>\n<meta property=\"og:url\" content=\"https:\/\/ecovalle.pe\/en\/product\/colagem-en-polvo-pote-blanco-400g\/\" \/>\n<meta property=\"og:site_name\" content=\"EcoValle\" \/>\n<meta property=\"article:modified_time\" content=\"2025-05-29T05:00:06+00:00\" \/>\n<meta property=\"og:image\" content=\"https:\/\/ecovalle.pe\/wp-content\/uploads\/2022\/08\/COLAGEM-400-GR.jpg\" \/>\n\t<meta property=\"og:image:width\" content=\"800\" \/>\n\t<meta property=\"og:image:height\" content=\"800\" \/>\n\t<meta property=\"og:image:type\" content=\"image\/jpeg\" \/>\n<meta name=\"twitter:card\" content=\"summary_large_image\" \/>\n<meta name=\"twitter:label1\" content=\"Est. reading time\" \/>\n\t<meta name=\"twitter:data1\" content=\"1 minute\" \/>\n<script type=\"application\/ld+json\" class=\"yoast-schema-graph\">{\"@context\":\"https:\/\/schema.org\",\"@graph\":[{\"@type\":\"WebPage\",\"@id\":\"https:\/\/ecovalle.pe\/product\/colagem-en-polvo-pote-blanco-400g\/\",\"url\":\"https:\/\/ecovalle.pe\/product\/colagem-en-polvo-pote-blanco-400g\/\",\"name\":\"Colagem+Camu camu en polvo x 400g - EcoValle\",\"isPartOf\":{\"@id\":\"https:\/\/ecovalle.pe\/#website\"},\"primaryImageOfPage\":{\"@id\":\"https:\/\/ecovalle.pe\/product\/colagem-en-polvo-pote-blanco-400g\/#primaryimage\"},\"image\":{\"@id\":\"https:\/\/ecovalle.pe\/product\/colagem-en-polvo-pote-blanco-400g\/#primaryimage\"},\"thumbnailUrl\":\"https:\/\/ecovalle.pe\/wp-content\/uploads\/2022\/08\/COLAGEM-400-GR.jpg\",\"datePublished\":\"2022-08-15T07:54:30+00:00\",\"dateModified\":\"2025-05-29T05:00:06+00:00\",\"breadcrumb\":{\"@id\":\"https:\/\/ecovalle.pe\/product\/colagem-en-polvo-pote-blanco-400g\/#breadcrumb\"},\"inLanguage\":\"en-US\",\"potentialAction\":[{\"@type\":\"ReadAction\",\"target\":[\"https:\/\/ecovalle.pe\/product\/colagem-en-polvo-pote-blanco-400g\/\"]}]},{\"@type\":\"ImageObject\",\"inLanguage\":\"en-US\",\"@id\":\"https:\/\/ecovalle.pe\/product\/colagem-en-polvo-pote-blanco-400g\/#primaryimage\",\"url\":\"https:\/\/ecovalle.pe\/wp-content\/uploads\/2022\/08\/COLAGEM-400-GR.jpg\",\"contentUrl\":\"https:\/\/ecovalle.pe\/wp-content\/uploads\/2022\/08\/COLAGEM-400-GR.jpg\",\"width\":800,\"height\":800},{\"@type\":\"BreadcrumbList\",\"@id\":\"https:\/\/ecovalle.pe\/product\/colagem-en-polvo-pote-blanco-400g\/#breadcrumb\",\"itemListElement\":[{\"@type\":\"ListItem\",\"position\":1,\"name\":\"Portada\",\"item\":\"https:\/\/ecovalle.pe\/\"},{\"@type\":\"ListItem\",\"position\":2,\"name\":\"Tienda\",\"item\":\"https:\/\/ecovalle.pe\/shop\/\"},{\"@type\":\"ListItem\",\"position\":3,\"name\":\"Colagem+Camu camu en polvo x 400g\"}]},{\"@type\":\"WebSite\",\"@id\":\"https:\/\/ecovalle.pe\/#website\",\"url\":\"https:\/\/ecovalle.pe\/\",\"name\":\"EcoValle\",\"description\":\"Somos una 1 empresa agroindustrial con m\u00e1s de 10 a\u00f1os de experiencia en el rubro de alimentos funcionales. Todos nuestros productos pasan por un estricto proceso de producci\u00f3n y control de calidad, utilizando los m\u00e1s altos est\u00e1ndares de calidad con certificaci\u00f3n internacional.\",\"potentialAction\":[{\"@type\":\"SearchAction\",\"target\":{\"@type\":\"EntryPoint\",\"urlTemplate\":\"https:\/\/ecovalle.pe\/?s={search_term_string}\"},\"query-input\":{\"@type\":\"PropertyValueSpecification\",\"valueRequired\":true,\"valueName\":\"search_term_string\"}}],\"inLanguage\":\"en-US\"}]}<\/script>\n<!-- \/ Yoast SEO plugin. -->","yoast_head_json":{"title":"Colagem+Camu camu en polvo x 400g - EcoValle","robots":{"index":"index","follow":"follow","max-snippet":"max-snippet:-1","max-image-preview":"max-image-preview:large","max-video-preview":"max-video-preview:-1"},"canonical":"https:\/\/ecovalle.pe\/en\/product\/colagem-en-polvo-pote-blanco-400g\/","og_locale":"en_US","og_type":"article","og_title":"Colagem+Camu camu en polvo x 400g - EcoValle","og_description":"Contiene Col\u00e1geno hidrolizado.  Contiene vitamina C natural aportada por Camu camu.  Gran fuente de amino\u00e1cidos.","og_url":"https:\/\/ecovalle.pe\/en\/product\/colagem-en-polvo-pote-blanco-400g\/","og_site_name":"EcoValle","article_modified_time":"2025-05-29T05:00:06+00:00","og_image":[{"width":800,"height":800,"url":"https:\/\/ecovalle.pe\/wp-content\/uploads\/2022\/08\/COLAGEM-400-GR.jpg","type":"image\/jpeg"}],"twitter_card":"summary_large_image","twitter_misc":{"Est. reading time":"1 minute"},"schema":{"@context":"https:\/\/schema.org","@graph":[{"@type":"WebPage","@id":"https:\/\/ecovalle.pe\/product\/colagem-en-polvo-pote-blanco-400g\/","url":"https:\/\/ecovalle.pe\/product\/colagem-en-polvo-pote-blanco-400g\/","name":"Colagem+Camu camu en polvo x 400g - EcoValle","isPartOf":{"@id":"https:\/\/ecovalle.pe\/#website"},"primaryImageOfPage":{"@id":"https:\/\/ecovalle.pe\/product\/colagem-en-polvo-pote-blanco-400g\/#primaryimage"},"image":{"@id":"https:\/\/ecovalle.pe\/product\/colagem-en-polvo-pote-blanco-400g\/#primaryimage"},"thumbnailUrl":"https:\/\/ecovalle.pe\/wp-content\/uploads\/2022\/08\/COLAGEM-400-GR.jpg","datePublished":"2022-08-15T07:54:30+00:00","dateModified":"2025-05-29T05:00:06+00:00","breadcrumb":{"@id":"https:\/\/ecovalle.pe\/product\/colagem-en-polvo-pote-blanco-400g\/#breadcrumb"},"inLanguage":"en-US","potentialAction":[{"@type":"ReadAction","target":["https:\/\/ecovalle.pe\/product\/colagem-en-polvo-pote-blanco-400g\/"]}]},{"@type":"ImageObject","inLanguage":"en-US","@id":"https:\/\/ecovalle.pe\/product\/colagem-en-polvo-pote-blanco-400g\/#primaryimage","url":"https:\/\/ecovalle.pe\/wp-content\/uploads\/2022\/08\/COLAGEM-400-GR.jpg","contentUrl":"https:\/\/ecovalle.pe\/wp-content\/uploads\/2022\/08\/COLAGEM-400-GR.jpg","width":800,"height":800},{"@type":"BreadcrumbList","@id":"https:\/\/ecovalle.pe\/product\/colagem-en-polvo-pote-blanco-400g\/#breadcrumb","itemListElement":[{"@type":"ListItem","position":1,"name":"Portada","item":"https:\/\/ecovalle.pe\/"},{"@type":"ListItem","position":2,"name":"Tienda","item":"https:\/\/ecovalle.pe\/shop\/"},{"@type":"ListItem","position":3,"name":"Colagem+Camu camu en polvo x 400g"}]},{"@type":"WebSite","@id":"https:\/\/ecovalle.pe\/#website","url":"https:\/\/ecovalle.pe\/","name":"EcoValle","description":"Somos una 1 empresa agroindustrial con m\u00e1s de 10 a\u00f1os de experiencia en el rubro de alimentos funcionales. Todos nuestros productos pasan por un estricto proceso de producci\u00f3n y control de calidad, utilizando los m\u00e1s altos est\u00e1ndares de calidad con certificaci\u00f3n internacional.","potentialAction":[{"@type":"SearchAction","target":{"@type":"EntryPoint","urlTemplate":"https:\/\/ecovalle.pe\/?s={search_term_string}"},"query-input":{"@type":"PropertyValueSpecification","valueRequired":true,"valueName":"search_term_string"}}],"inLanguage":"en-US"}]}},"_links":{"self":[{"href":"https:\/\/ecovalle.pe\/en\/wp-json\/wp\/v2\/product\/8078","targetHints":{"allow":["GET"]}}],"collection":[{"href":"https:\/\/ecovalle.pe\/en\/wp-json\/wp\/v2\/product"}],"about":[{"href":"https:\/\/ecovalle.pe\/en\/wp-json\/wp\/v2\/types\/product"}],"replies":[{"embeddable":true,"href":"https:\/\/ecovalle.pe\/en\/wp-json\/wp\/v2\/comments?post=8078"}],"version-history":[{"count":8,"href":"https:\/\/ecovalle.pe\/en\/wp-json\/wp\/v2\/product\/8078\/revisions"}],"predecessor-version":[{"id":9779,"href":"https:\/\/ecovalle.pe\/en\/wp-json\/wp\/v2\/product\/8078\/revisions\/9779"}],"wp:featuredmedia":[{"embeddable":true,"href":"https:\/\/ecovalle.pe\/en\/wp-json\/wp\/v2\/media\/8079"}],"wp:attachment":[{"href":"https:\/\/ecovalle.pe\/en\/wp-json\/wp\/v2\/media?parent=8078"}],"wp:term":[{"taxonomy":"product_cat","embeddable":true,"href":"https:\/\/ecovalle.pe\/en\/wp-json\/wp\/v2\/product_cat?post=8078"},{"taxonomy":"product_tag","embeddable":true,"href":"https:\/\/ecovalle.pe\/en\/wp-json\/wp\/v2\/product_tag?post=8078"}],"curies":[{"name":"wp","href":"https:\/\/api.w.org\/{rel}","templated":true}]}}