{"id":8087,"date":"2022-08-15T03:12:57","date_gmt":"2022-08-15T08:12:57","guid":{"rendered":"https:\/\/ecovalle.pe\/?post_type=product&#038;p=8087"},"modified":"2025-05-29T00:00:07","modified_gmt":"2025-05-29T05:00:07","slug":"spirulina-maxima-en-polvo-pote-blanco-100g","status":"publish","type":"product","link":"https:\/\/ecovalle.pe\/en\/product\/spirulina-maxima-en-polvo-pote-blanco-100g\/","title":{"rendered":"Spirulina Maxima en polvo pote x 100g"},"content":{"rendered":"<p><span style=\"font-weight: 400;\">SPIRULINA MAXIMA, es considerado un superalimento, capaz de brindar gran cantidad de nutrientes como prote\u00ednas, vitaminas y minerales. Su alto contenido de hierro ayuda a combatir la desnutrici\u00f3n y la anemia. <\/span><\/p>\n<p><strong><span style=\"color: #02793c;\">COMPOSICI\u00d3N<\/span><\/strong><br \/>\nNombre com\u00fan: Espirulina<br \/>\nNombre cient\u00edfico: <b><i>Spirulina maxima<\/i><\/b><b> Setchell &amp; N.L.Gardner.<\/b><br \/>\nParte utilizada: cianobacterias<\/p>\n<p><strong><span style=\"color: #02793c;\">BENEFICIOS<\/span><\/strong><\/p>\n<ul>\n<li style=\"font-weight: 400;\" aria-level=\"1\"><span style=\"font-weight: 400;\">Fortalece el sistema inmunol\u00f3gico.<\/span><\/li>\n<li style=\"font-weight: 400;\" aria-level=\"1\"><span style=\"font-weight: 400;\">Promueve el desarrollo cognitivo y f\u00edsico de los ni\u00f1os.<\/span><\/li>\n<li style=\"font-weight: 400;\" aria-level=\"1\"><span style=\"font-weight: 400;\">Contribuye a corregir la anemia por d\u00e9ficit de hierro.<\/span><\/li>\n<li style=\"font-weight: 400;\" aria-level=\"1\"><span style=\"font-weight: 400;\">Brinda una fuente rica de antioxidantes\u00a0<\/span><\/li>\n<li style=\"font-weight: 400;\" aria-level=\"1\"><span style=\"font-weight: 400;\">Ayuda a mantener un peso saludable <\/span><\/li>\n<\/ul>\n<p><strong><span style=\"color: #02793c;\">\u00bfSAB\u00cdAS QU\u00c9?<\/span><\/strong><br \/>\n<span style=\"font-weight: 400;\">La Spirulina es una microalga que crece en medios adversos por lo que es capaz de absorber los elementos necesarios para sobrevivir, siendo una de las primeras algas en realizar fotos\u00edntesis.<\/span><\/p>","protected":false},"excerpt":{"rendered":"<ul>\n<li style=\"font-weight: 400;\" aria-level=\"1\"><span style=\"font-weight: 400;\">Gran fuente de prote\u00ednas.\u00a0<\/span><\/li>\n<li style=\"font-weight: 400;\" aria-level=\"1\"><span style=\"font-weight: 400;\">Contiene calcio, potasio y hierro.\u00a0<\/span><\/li>\n<li style=\"font-weight: 400;\" aria-level=\"1\"><span style=\"font-weight: 400;\">Contiene vitamina A.<\/span><\/li>\n<li style=\"font-weight: 400;\" aria-level=\"1\"><span style=\"font-weight: 400;\">Es de f\u00e1cil digesti\u00f3n.<\/span><\/li>\n<\/ul>","protected":false},"featured_media":8088,"comment_status":"open","ping_status":"closed","template":"","meta":{"inline_featured_image":false,"_joinchat":[]},"product_cat":[172],"product_tag":[192],"class_list":{"0":"post-8087","1":"product","2":"type-product","3":"status-publish","4":"has-post-thumbnail","6":"product_cat-superalimentos","7":"product_tag-superalimentos","9":"first","10":"instock","11":"shipping-taxable","12":"purchasable","13":"product-type-simple"},"yoast_head":"<!-- This site is optimized with the Yoast SEO plugin v23.9 - https:\/\/yoast.com\/wordpress\/plugins\/seo\/ -->\n<title>Spirulina Maxima en polvo pote x 100g - EcoValle<\/title>\n<meta name=\"robots\" content=\"index, follow, max-snippet:-1, max-image-preview:large, max-video-preview:-1\" \/>\n<link rel=\"canonical\" href=\"https:\/\/ecovalle.pe\/en\/product\/spirulina-maxima-en-polvo-pote-blanco-100g\/\" \/>\n<meta property=\"og:locale\" content=\"en_US\" \/>\n<meta property=\"og:type\" content=\"article\" \/>\n<meta property=\"og:title\" content=\"Spirulina Maxima en polvo pote x 100g - EcoValle\" \/>\n<meta property=\"og:description\" content=\"Gran fuente de prote\u00ednas.\u00a0  Contiene calcio, potasio y hierro.\u00a0  Contiene vitamina A.  Es de f\u00e1cil digesti\u00f3n.\" \/>\n<meta property=\"og:url\" content=\"https:\/\/ecovalle.pe\/en\/product\/spirulina-maxima-en-polvo-pote-blanco-100g\/\" \/>\n<meta property=\"og:site_name\" content=\"EcoValle\" \/>\n<meta property=\"article:modified_time\" content=\"2025-05-29T05:00:07+00:00\" \/>\n<meta property=\"og:image\" content=\"https:\/\/ecovalle.pe\/wp-content\/uploads\/2022\/08\/SPIRULINA-MA\u0301XIMA-100-GR.jpg\" \/>\n\t<meta property=\"og:image:width\" content=\"800\" \/>\n\t<meta property=\"og:image:height\" content=\"800\" \/>\n\t<meta property=\"og:image:type\" content=\"image\/jpeg\" \/>\n<meta name=\"twitter:card\" content=\"summary_large_image\" \/>\n<meta name=\"twitter:label1\" content=\"Est. reading time\" \/>\n\t<meta name=\"twitter:data1\" content=\"1 minute\" \/>\n<script type=\"application\/ld+json\" class=\"yoast-schema-graph\">{\"@context\":\"https:\/\/schema.org\",\"@graph\":[{\"@type\":\"WebPage\",\"@id\":\"https:\/\/ecovalle.pe\/product\/spirulina-maxima-en-polvo-pote-blanco-100g\/\",\"url\":\"https:\/\/ecovalle.pe\/product\/spirulina-maxima-en-polvo-pote-blanco-100g\/\",\"name\":\"Spirulina Maxima en polvo pote x 100g - EcoValle\",\"isPartOf\":{\"@id\":\"https:\/\/ecovalle.pe\/#website\"},\"primaryImageOfPage\":{\"@id\":\"https:\/\/ecovalle.pe\/product\/spirulina-maxima-en-polvo-pote-blanco-100g\/#primaryimage\"},\"image\":{\"@id\":\"https:\/\/ecovalle.pe\/product\/spirulina-maxima-en-polvo-pote-blanco-100g\/#primaryimage\"},\"thumbnailUrl\":\"https:\/\/ecovalle.pe\/wp-content\/uploads\/2022\/08\/SPIRULINA-MA\u0301XIMA-100-GR.jpg\",\"datePublished\":\"2022-08-15T08:12:57+00:00\",\"dateModified\":\"2025-05-29T05:00:07+00:00\",\"breadcrumb\":{\"@id\":\"https:\/\/ecovalle.pe\/product\/spirulina-maxima-en-polvo-pote-blanco-100g\/#breadcrumb\"},\"inLanguage\":\"en-US\",\"potentialAction\":[{\"@type\":\"ReadAction\",\"target\":[\"https:\/\/ecovalle.pe\/product\/spirulina-maxima-en-polvo-pote-blanco-100g\/\"]}]},{\"@type\":\"ImageObject\",\"inLanguage\":\"en-US\",\"@id\":\"https:\/\/ecovalle.pe\/product\/spirulina-maxima-en-polvo-pote-blanco-100g\/#primaryimage\",\"url\":\"https:\/\/ecovalle.pe\/wp-content\/uploads\/2022\/08\/SPIRULINA-MA\u0301XIMA-100-GR.jpg\",\"contentUrl\":\"https:\/\/ecovalle.pe\/wp-content\/uploads\/2022\/08\/SPIRULINA-MA\u0301XIMA-100-GR.jpg\",\"width\":800,\"height\":800},{\"@type\":\"BreadcrumbList\",\"@id\":\"https:\/\/ecovalle.pe\/product\/spirulina-maxima-en-polvo-pote-blanco-100g\/#breadcrumb\",\"itemListElement\":[{\"@type\":\"ListItem\",\"position\":1,\"name\":\"Portada\",\"item\":\"https:\/\/ecovalle.pe\/\"},{\"@type\":\"ListItem\",\"position\":2,\"name\":\"Tienda\",\"item\":\"https:\/\/ecovalle.pe\/shop\/\"},{\"@type\":\"ListItem\",\"position\":3,\"name\":\"Spirulina Maxima en polvo pote x 100g\"}]},{\"@type\":\"WebSite\",\"@id\":\"https:\/\/ecovalle.pe\/#website\",\"url\":\"https:\/\/ecovalle.pe\/\",\"name\":\"EcoValle\",\"description\":\"Somos una 1 empresa agroindustrial con m\u00e1s de 10 a\u00f1os de experiencia en el rubro de alimentos funcionales. Todos nuestros productos pasan por un estricto proceso de producci\u00f3n y control de calidad, utilizando los m\u00e1s altos est\u00e1ndares de calidad con certificaci\u00f3n internacional.\",\"potentialAction\":[{\"@type\":\"SearchAction\",\"target\":{\"@type\":\"EntryPoint\",\"urlTemplate\":\"https:\/\/ecovalle.pe\/?s={search_term_string}\"},\"query-input\":{\"@type\":\"PropertyValueSpecification\",\"valueRequired\":true,\"valueName\":\"search_term_string\"}}],\"inLanguage\":\"en-US\"}]}<\/script>\n<!-- \/ Yoast SEO plugin. -->","yoast_head_json":{"title":"Spirulina Maxima en polvo pote x 100g - EcoValle","robots":{"index":"index","follow":"follow","max-snippet":"max-snippet:-1","max-image-preview":"max-image-preview:large","max-video-preview":"max-video-preview:-1"},"canonical":"https:\/\/ecovalle.pe\/en\/product\/spirulina-maxima-en-polvo-pote-blanco-100g\/","og_locale":"en_US","og_type":"article","og_title":"Spirulina Maxima en polvo pote x 100g - EcoValle","og_description":"Gran fuente de prote\u00ednas.\u00a0  Contiene calcio, potasio y hierro.\u00a0  Contiene vitamina A.  Es de f\u00e1cil digesti\u00f3n.","og_url":"https:\/\/ecovalle.pe\/en\/product\/spirulina-maxima-en-polvo-pote-blanco-100g\/","og_site_name":"EcoValle","article_modified_time":"2025-05-29T05:00:07+00:00","og_image":[{"width":800,"height":800,"url":"https:\/\/ecovalle.pe\/wp-content\/uploads\/2022\/08\/SPIRULINA-MA\u0301XIMA-100-GR.jpg","type":"image\/jpeg"}],"twitter_card":"summary_large_image","twitter_misc":{"Est. reading time":"1 minute"},"schema":{"@context":"https:\/\/schema.org","@graph":[{"@type":"WebPage","@id":"https:\/\/ecovalle.pe\/product\/spirulina-maxima-en-polvo-pote-blanco-100g\/","url":"https:\/\/ecovalle.pe\/product\/spirulina-maxima-en-polvo-pote-blanco-100g\/","name":"Spirulina Maxima en polvo pote x 100g - EcoValle","isPartOf":{"@id":"https:\/\/ecovalle.pe\/#website"},"primaryImageOfPage":{"@id":"https:\/\/ecovalle.pe\/product\/spirulina-maxima-en-polvo-pote-blanco-100g\/#primaryimage"},"image":{"@id":"https:\/\/ecovalle.pe\/product\/spirulina-maxima-en-polvo-pote-blanco-100g\/#primaryimage"},"thumbnailUrl":"https:\/\/ecovalle.pe\/wp-content\/uploads\/2022\/08\/SPIRULINA-MA\u0301XIMA-100-GR.jpg","datePublished":"2022-08-15T08:12:57+00:00","dateModified":"2025-05-29T05:00:07+00:00","breadcrumb":{"@id":"https:\/\/ecovalle.pe\/product\/spirulina-maxima-en-polvo-pote-blanco-100g\/#breadcrumb"},"inLanguage":"en-US","potentialAction":[{"@type":"ReadAction","target":["https:\/\/ecovalle.pe\/product\/spirulina-maxima-en-polvo-pote-blanco-100g\/"]}]},{"@type":"ImageObject","inLanguage":"en-US","@id":"https:\/\/ecovalle.pe\/product\/spirulina-maxima-en-polvo-pote-blanco-100g\/#primaryimage","url":"https:\/\/ecovalle.pe\/wp-content\/uploads\/2022\/08\/SPIRULINA-MA\u0301XIMA-100-GR.jpg","contentUrl":"https:\/\/ecovalle.pe\/wp-content\/uploads\/2022\/08\/SPIRULINA-MA\u0301XIMA-100-GR.jpg","width":800,"height":800},{"@type":"BreadcrumbList","@id":"https:\/\/ecovalle.pe\/product\/spirulina-maxima-en-polvo-pote-blanco-100g\/#breadcrumb","itemListElement":[{"@type":"ListItem","position":1,"name":"Portada","item":"https:\/\/ecovalle.pe\/"},{"@type":"ListItem","position":2,"name":"Tienda","item":"https:\/\/ecovalle.pe\/shop\/"},{"@type":"ListItem","position":3,"name":"Spirulina Maxima en polvo pote x 100g"}]},{"@type":"WebSite","@id":"https:\/\/ecovalle.pe\/#website","url":"https:\/\/ecovalle.pe\/","name":"EcoValle","description":"Somos una 1 empresa agroindustrial con m\u00e1s de 10 a\u00f1os de experiencia en el rubro de alimentos funcionales. Todos nuestros productos pasan por un estricto proceso de producci\u00f3n y control de calidad, utilizando los m\u00e1s altos est\u00e1ndares de calidad con certificaci\u00f3n internacional.","potentialAction":[{"@type":"SearchAction","target":{"@type":"EntryPoint","urlTemplate":"https:\/\/ecovalle.pe\/?s={search_term_string}"},"query-input":{"@type":"PropertyValueSpecification","valueRequired":true,"valueName":"search_term_string"}}],"inLanguage":"en-US"}]}},"_links":{"self":[{"href":"https:\/\/ecovalle.pe\/en\/wp-json\/wp\/v2\/product\/8087","targetHints":{"allow":["GET"]}}],"collection":[{"href":"https:\/\/ecovalle.pe\/en\/wp-json\/wp\/v2\/product"}],"about":[{"href":"https:\/\/ecovalle.pe\/en\/wp-json\/wp\/v2\/types\/product"}],"replies":[{"embeddable":true,"href":"https:\/\/ecovalle.pe\/en\/wp-json\/wp\/v2\/comments?post=8087"}],"version-history":[{"count":4,"href":"https:\/\/ecovalle.pe\/en\/wp-json\/wp\/v2\/product\/8087\/revisions"}],"predecessor-version":[{"id":9137,"href":"https:\/\/ecovalle.pe\/en\/wp-json\/wp\/v2\/product\/8087\/revisions\/9137"}],"wp:featuredmedia":[{"embeddable":true,"href":"https:\/\/ecovalle.pe\/en\/wp-json\/wp\/v2\/media\/8088"}],"wp:attachment":[{"href":"https:\/\/ecovalle.pe\/en\/wp-json\/wp\/v2\/media?parent=8087"}],"wp:term":[{"taxonomy":"product_cat","embeddable":true,"href":"https:\/\/ecovalle.pe\/en\/wp-json\/wp\/v2\/product_cat?post=8087"},{"taxonomy":"product_tag","embeddable":true,"href":"https:\/\/ecovalle.pe\/en\/wp-json\/wp\/v2\/product_tag?post=8087"}],"curies":[{"name":"wp","href":"https:\/\/api.w.org\/{rel}","templated":true}]}}