{"id":8109,"date":"2022-08-15T04:01:11","date_gmt":"2022-08-15T09:01:11","guid":{"rendered":"https:\/\/ecovalle.pe\/?post_type=product&#038;p=8109"},"modified":"2025-05-29T00:00:06","modified_gmt":"2025-05-29T05:00:06","slug":"curcuma-power-en-polvo-bolsa-doypack-250mg","status":"publish","type":"product","link":"https:\/\/ecovalle.pe\/en\/product\/curcuma-power-en-polvo-bolsa-doypack-250mg\/","title":{"rendered":"Curcuma Power en polvo bolsa x 250g"},"content":{"rendered":"<p>La c\u00farcuma contiene una gran cantidad de curcuminoides que en conjunto con el jengibre combaten al h\u00edgado graso y se le adiciona pimienta negra porque ayuda a la mejor absorci\u00f3n de los curcuminoides.<\/p>\n<p><strong><span style=\"color: #02793c;\">COMPOSICI\u00d3N<\/span><\/strong><\/p>\n<ul>\n<li>Nombre com\u00fan: C\u00farcuma<\/li>\n<li>Nombre cient\u00edfico: Curcuma longa L.<\/li>\n<li>Parte utilizada: rizoma<\/li>\n<\/ul>\n<ul>\n<li>Nombre com\u00fan: Jengibre<\/li>\n<li>Nombre cient\u00edfico: Zingiber officinale Roscoe<\/li>\n<li>Parte utilizada: rizoma<\/li>\n<\/ul>\n<ul>\n<li>Nombre com\u00fan: Pimienta negra<\/li>\n<li>Nombre cient\u00edfico: Piper nigrum L.<\/li>\n<li>Parte utilizada: semilla<\/li>\n<\/ul>\n<p><strong><span style=\"color: #02793c;\">BENEFICIOS<\/span><\/strong><\/p>\n<ul>\n<li>Ayuda a la depuraci\u00f3n hep\u00e1tica.<\/li>\n<li>Mejora la digesti\u00f3n de las grasas.<\/li>\n<li>Ayuda a combatir el h\u00edgado graso.<\/li>\n<\/ul>\n<p><strong><span style=\"color: #02793c;\">\u00bfSAB\u00cdAS QU\u00c9?<\/span><\/strong><br \/>\nLa c\u00farcuma es una especia usada en la India por su valor m\u00edstico atribuida a la fertilidad y la pureza en el matrimonio.<\/p>","protected":false},"excerpt":{"rendered":"<ul>\n<li style=\"text-align: left;\">Hepatoprotector<\/li>\n<li style=\"text-align: left;\">Antiinflamatorio<\/li>\n<li style=\"text-align: left;\">Antioxidante<\/li>\n<li style=\"text-align: left;\">Impide la acumulaci\u00f3n de toxinas en el h\u00edgado<\/li>\n<li style=\"text-align: left;\">Evita el almacenamiento de grasa en las c\u00e9lulas hep\u00e1ticas<\/li>\n<li style=\"text-align: left;\">Controla los \u00edndices de colesterol en la sangre<\/li>\n<li style=\"text-align: left;\">Sku: 7754531000024<\/li>\n<\/ul>","protected":false},"featured_media":8110,"comment_status":"open","ping_status":"closed","template":"","meta":{"inline_featured_image":false,"_joinchat":[]},"product_cat":[161],"product_tag":[181],"class_list":{"0":"post-8109","1":"product","2":"type-product","3":"status-publish","4":"has-post-thumbnail","6":"product_cat-sistema-digestivo","7":"product_tag-sistema-digestivo","9":"first","10":"instock","11":"shipping-taxable","12":"purchasable","13":"product-type-simple"},"yoast_head":"<!-- This site is optimized with the Yoast SEO plugin v23.9 - https:\/\/yoast.com\/wordpress\/plugins\/seo\/ -->\n<title>Curcuma Power en polvo bolsa x 250g - EcoValle<\/title>\n<meta name=\"robots\" content=\"index, follow, max-snippet:-1, max-image-preview:large, max-video-preview:-1\" \/>\n<link rel=\"canonical\" href=\"https:\/\/ecovalle.pe\/en\/product\/curcuma-power-en-polvo-bolsa-doypack-250mg\/\" \/>\n<meta property=\"og:locale\" content=\"en_US\" \/>\n<meta property=\"og:type\" content=\"article\" \/>\n<meta property=\"og:title\" content=\"Curcuma Power en polvo bolsa x 250g - EcoValle\" \/>\n<meta property=\"og:description\" content=\"Hepatoprotector  Antiinflamatorio  Antioxidante  Impide la acumulaci\u00f3n de toxinas en el h\u00edgado  Evita el almacenamiento de grasa en las c\u00e9lulas hep\u00e1ticas  Controla los \u00edndices de colesterol en la sangre  Sku: 7754531000024\" \/>\n<meta property=\"og:url\" content=\"https:\/\/ecovalle.pe\/en\/product\/curcuma-power-en-polvo-bolsa-doypack-250mg\/\" \/>\n<meta property=\"og:site_name\" content=\"EcoValle\" \/>\n<meta property=\"article:modified_time\" content=\"2025-05-29T05:00:06+00:00\" \/>\n<meta property=\"og:image\" content=\"https:\/\/ecovalle.pe\/wp-content\/uploads\/2022\/08\/CURCUMA-POWER-250-GR_02.jpg\" \/>\n\t<meta property=\"og:image:width\" content=\"800\" \/>\n\t<meta property=\"og:image:height\" content=\"800\" \/>\n\t<meta property=\"og:image:type\" content=\"image\/jpeg\" \/>\n<meta name=\"twitter:card\" content=\"summary_large_image\" \/>\n<meta name=\"twitter:label1\" content=\"Est. reading time\" \/>\n\t<meta name=\"twitter:data1\" content=\"1 minute\" \/>\n<script type=\"application\/ld+json\" class=\"yoast-schema-graph\">{\"@context\":\"https:\/\/schema.org\",\"@graph\":[{\"@type\":\"WebPage\",\"@id\":\"https:\/\/ecovalle.pe\/product\/curcuma-power-en-polvo-bolsa-doypack-250mg\/\",\"url\":\"https:\/\/ecovalle.pe\/product\/curcuma-power-en-polvo-bolsa-doypack-250mg\/\",\"name\":\"Curcuma Power en polvo bolsa x 250g - EcoValle\",\"isPartOf\":{\"@id\":\"https:\/\/ecovalle.pe\/#website\"},\"primaryImageOfPage\":{\"@id\":\"https:\/\/ecovalle.pe\/product\/curcuma-power-en-polvo-bolsa-doypack-250mg\/#primaryimage\"},\"image\":{\"@id\":\"https:\/\/ecovalle.pe\/product\/curcuma-power-en-polvo-bolsa-doypack-250mg\/#primaryimage\"},\"thumbnailUrl\":\"https:\/\/ecovalle.pe\/wp-content\/uploads\/2022\/08\/CURCUMA-POWER-250-GR_02.jpg\",\"datePublished\":\"2022-08-15T09:01:11+00:00\",\"dateModified\":\"2025-05-29T05:00:06+00:00\",\"breadcrumb\":{\"@id\":\"https:\/\/ecovalle.pe\/product\/curcuma-power-en-polvo-bolsa-doypack-250mg\/#breadcrumb\"},\"inLanguage\":\"en-US\",\"potentialAction\":[{\"@type\":\"ReadAction\",\"target\":[\"https:\/\/ecovalle.pe\/product\/curcuma-power-en-polvo-bolsa-doypack-250mg\/\"]}]},{\"@type\":\"ImageObject\",\"inLanguage\":\"en-US\",\"@id\":\"https:\/\/ecovalle.pe\/product\/curcuma-power-en-polvo-bolsa-doypack-250mg\/#primaryimage\",\"url\":\"https:\/\/ecovalle.pe\/wp-content\/uploads\/2022\/08\/CURCUMA-POWER-250-GR_02.jpg\",\"contentUrl\":\"https:\/\/ecovalle.pe\/wp-content\/uploads\/2022\/08\/CURCUMA-POWER-250-GR_02.jpg\",\"width\":800,\"height\":800},{\"@type\":\"BreadcrumbList\",\"@id\":\"https:\/\/ecovalle.pe\/product\/curcuma-power-en-polvo-bolsa-doypack-250mg\/#breadcrumb\",\"itemListElement\":[{\"@type\":\"ListItem\",\"position\":1,\"name\":\"Portada\",\"item\":\"https:\/\/ecovalle.pe\/\"},{\"@type\":\"ListItem\",\"position\":2,\"name\":\"Tienda\",\"item\":\"https:\/\/ecovalle.pe\/shop\/\"},{\"@type\":\"ListItem\",\"position\":3,\"name\":\"Curcuma Power en polvo bolsa x 250g\"}]},{\"@type\":\"WebSite\",\"@id\":\"https:\/\/ecovalle.pe\/#website\",\"url\":\"https:\/\/ecovalle.pe\/\",\"name\":\"EcoValle\",\"description\":\"Somos una 1 empresa agroindustrial con m\u00e1s de 10 a\u00f1os de experiencia en el rubro de alimentos funcionales. Todos nuestros productos pasan por un estricto proceso de producci\u00f3n y control de calidad, utilizando los m\u00e1s altos est\u00e1ndares de calidad con certificaci\u00f3n internacional.\",\"potentialAction\":[{\"@type\":\"SearchAction\",\"target\":{\"@type\":\"EntryPoint\",\"urlTemplate\":\"https:\/\/ecovalle.pe\/?s={search_term_string}\"},\"query-input\":{\"@type\":\"PropertyValueSpecification\",\"valueRequired\":true,\"valueName\":\"search_term_string\"}}],\"inLanguage\":\"en-US\"}]}<\/script>\n<!-- \/ Yoast SEO plugin. -->","yoast_head_json":{"title":"Curcuma Power en polvo bolsa x 250g - EcoValle","robots":{"index":"index","follow":"follow","max-snippet":"max-snippet:-1","max-image-preview":"max-image-preview:large","max-video-preview":"max-video-preview:-1"},"canonical":"https:\/\/ecovalle.pe\/en\/product\/curcuma-power-en-polvo-bolsa-doypack-250mg\/","og_locale":"en_US","og_type":"article","og_title":"Curcuma Power en polvo bolsa x 250g - EcoValle","og_description":"Hepatoprotector  Antiinflamatorio  Antioxidante  Impide la acumulaci\u00f3n de toxinas en el h\u00edgado  Evita el almacenamiento de grasa en las c\u00e9lulas hep\u00e1ticas  Controla los \u00edndices de colesterol en la sangre  Sku: 7754531000024","og_url":"https:\/\/ecovalle.pe\/en\/product\/curcuma-power-en-polvo-bolsa-doypack-250mg\/","og_site_name":"EcoValle","article_modified_time":"2025-05-29T05:00:06+00:00","og_image":[{"width":800,"height":800,"url":"https:\/\/ecovalle.pe\/wp-content\/uploads\/2022\/08\/CURCUMA-POWER-250-GR_02.jpg","type":"image\/jpeg"}],"twitter_card":"summary_large_image","twitter_misc":{"Est. reading time":"1 minute"},"schema":{"@context":"https:\/\/schema.org","@graph":[{"@type":"WebPage","@id":"https:\/\/ecovalle.pe\/product\/curcuma-power-en-polvo-bolsa-doypack-250mg\/","url":"https:\/\/ecovalle.pe\/product\/curcuma-power-en-polvo-bolsa-doypack-250mg\/","name":"Curcuma Power en polvo bolsa x 250g - EcoValle","isPartOf":{"@id":"https:\/\/ecovalle.pe\/#website"},"primaryImageOfPage":{"@id":"https:\/\/ecovalle.pe\/product\/curcuma-power-en-polvo-bolsa-doypack-250mg\/#primaryimage"},"image":{"@id":"https:\/\/ecovalle.pe\/product\/curcuma-power-en-polvo-bolsa-doypack-250mg\/#primaryimage"},"thumbnailUrl":"https:\/\/ecovalle.pe\/wp-content\/uploads\/2022\/08\/CURCUMA-POWER-250-GR_02.jpg","datePublished":"2022-08-15T09:01:11+00:00","dateModified":"2025-05-29T05:00:06+00:00","breadcrumb":{"@id":"https:\/\/ecovalle.pe\/product\/curcuma-power-en-polvo-bolsa-doypack-250mg\/#breadcrumb"},"inLanguage":"en-US","potentialAction":[{"@type":"ReadAction","target":["https:\/\/ecovalle.pe\/product\/curcuma-power-en-polvo-bolsa-doypack-250mg\/"]}]},{"@type":"ImageObject","inLanguage":"en-US","@id":"https:\/\/ecovalle.pe\/product\/curcuma-power-en-polvo-bolsa-doypack-250mg\/#primaryimage","url":"https:\/\/ecovalle.pe\/wp-content\/uploads\/2022\/08\/CURCUMA-POWER-250-GR_02.jpg","contentUrl":"https:\/\/ecovalle.pe\/wp-content\/uploads\/2022\/08\/CURCUMA-POWER-250-GR_02.jpg","width":800,"height":800},{"@type":"BreadcrumbList","@id":"https:\/\/ecovalle.pe\/product\/curcuma-power-en-polvo-bolsa-doypack-250mg\/#breadcrumb","itemListElement":[{"@type":"ListItem","position":1,"name":"Portada","item":"https:\/\/ecovalle.pe\/"},{"@type":"ListItem","position":2,"name":"Tienda","item":"https:\/\/ecovalle.pe\/shop\/"},{"@type":"ListItem","position":3,"name":"Curcuma Power en polvo bolsa x 250g"}]},{"@type":"WebSite","@id":"https:\/\/ecovalle.pe\/#website","url":"https:\/\/ecovalle.pe\/","name":"EcoValle","description":"Somos una 1 empresa agroindustrial con m\u00e1s de 10 a\u00f1os de experiencia en el rubro de alimentos funcionales. Todos nuestros productos pasan por un estricto proceso de producci\u00f3n y control de calidad, utilizando los m\u00e1s altos est\u00e1ndares de calidad con certificaci\u00f3n internacional.","potentialAction":[{"@type":"SearchAction","target":{"@type":"EntryPoint","urlTemplate":"https:\/\/ecovalle.pe\/?s={search_term_string}"},"query-input":{"@type":"PropertyValueSpecification","valueRequired":true,"valueName":"search_term_string"}}],"inLanguage":"en-US"}]}},"_links":{"self":[{"href":"https:\/\/ecovalle.pe\/en\/wp-json\/wp\/v2\/product\/8109","targetHints":{"allow":["GET"]}}],"collection":[{"href":"https:\/\/ecovalle.pe\/en\/wp-json\/wp\/v2\/product"}],"about":[{"href":"https:\/\/ecovalle.pe\/en\/wp-json\/wp\/v2\/types\/product"}],"replies":[{"embeddable":true,"href":"https:\/\/ecovalle.pe\/en\/wp-json\/wp\/v2\/comments?post=8109"}],"version-history":[{"count":4,"href":"https:\/\/ecovalle.pe\/en\/wp-json\/wp\/v2\/product\/8109\/revisions"}],"predecessor-version":[{"id":14459,"href":"https:\/\/ecovalle.pe\/en\/wp-json\/wp\/v2\/product\/8109\/revisions\/14459"}],"wp:featuredmedia":[{"embeddable":true,"href":"https:\/\/ecovalle.pe\/en\/wp-json\/wp\/v2\/media\/8110"}],"wp:attachment":[{"href":"https:\/\/ecovalle.pe\/en\/wp-json\/wp\/v2\/media?parent=8109"}],"wp:term":[{"taxonomy":"product_cat","embeddable":true,"href":"https:\/\/ecovalle.pe\/en\/wp-json\/wp\/v2\/product_cat?post=8109"},{"taxonomy":"product_tag","embeddable":true,"href":"https:\/\/ecovalle.pe\/en\/wp-json\/wp\/v2\/product_tag?post=8109"}],"curies":[{"name":"wp","href":"https:\/\/api.w.org\/{rel}","templated":true}]}}