{"id":8112,"date":"2022-08-15T04:10:31","date_gmt":"2022-08-15T09:10:31","guid":{"rendered":"https:\/\/ecovalle.pe\/?post_type=product&#038;p=8112"},"modified":"2025-05-29T00:00:09","modified_gmt":"2025-05-29T05:00:09","slug":"jengibre-en-polvo-bolsa-doypack-70g","status":"publish","type":"product","link":"https:\/\/ecovalle.pe\/en\/product\/jengibre-en-polvo-bolsa-doypack-70g\/","title":{"rendered":"Jengibre en polvo bolsa x 70g"},"content":{"rendered":"<p>El jengibre asimismo contiene componentes antibacteriales y antioxidantes que ayudan a aliviar los s\u00edntomas del resfriado.<\/p>\n<p><strong><span style=\"color: #02793c;\">COMPOSICI\u00d3N<\/span><\/strong><\/p>\n<ul>\n<li><strong>Nombre com\u00fan:<\/strong> Jengibre<\/li>\n<li><strong>Nombre cient\u00edfico:<\/strong> Zingiber officinale Roscoe<\/li>\n<li><strong>Parte utilizada:<\/strong> rizoma<\/li>\n<\/ul>\n<p><strong><span style=\"color: #02793c;\">BENEFICIOS<\/span><\/strong><\/p>\n<ul>\n<li>Mejora la funci\u00f3n del h\u00edgado y ves\u00edcula biliar.<\/li>\n<li>Ayuda a la expulsi\u00f3n de los gases del tubo digestivo.<\/li>\n<li>Promueve una r\u00e1pida digesti\u00f3n.<\/li>\n<li>Disminuye la inflamaci\u00f3n y dolor en casos de artritis.<\/li>\n<li>Alivia los s\u00edntomas de la gripe y resfriado.<\/li>\n<li>Previene infecciones respiratorias.<\/li>\n<\/ul>\n<p><strong><span style=\"color: #02793c;\">\u00bfSAB\u00cdAS QU\u00c9?<\/span><\/strong><br \/>\nLos gingeroles mol\u00e9culas antioxidantes del jengibre act\u00faan en el est\u00f3mago y el intestino contra la flatulencia, los espasmos y las n\u00e1useas.<\/p>","protected":false},"excerpt":{"rendered":"<ul>\n<li style=\"text-align: left;\">Carminativo<\/li>\n<li style=\"text-align: left;\">Antioxidante<\/li>\n<li style=\"text-align: left;\">Antibacteriano<\/li>\n<li style=\"text-align: left;\">Combate las toxinas del organismo.<\/li>\n<li style=\"text-align: left;\">Elimina g\u00e9rmenes del tracto respiratorio<\/li>\n<\/ul>","protected":false},"featured_media":8113,"comment_status":"open","ping_status":"closed","template":"","meta":{"inline_featured_image":false,"_joinchat":[]},"product_cat":[171],"product_tag":[187],"class_list":{"0":"post-8112","1":"product","2":"type-product","3":"status-publish","4":"has-post-thumbnail","6":"product_cat-sistema-respiratorio","7":"product_tag-sistema-respiratorio","9":"first","10":"instock","11":"shipping-taxable","12":"purchasable","13":"product-type-simple"},"yoast_head":"<!-- This site is optimized with the Yoast SEO plugin v23.9 - https:\/\/yoast.com\/wordpress\/plugins\/seo\/ -->\n<title>Jengibre en polvo bolsa x 70g - EcoValle<\/title>\n<meta name=\"robots\" content=\"index, follow, max-snippet:-1, max-image-preview:large, max-video-preview:-1\" \/>\n<link rel=\"canonical\" href=\"https:\/\/ecovalle.pe\/en\/product\/jengibre-en-polvo-bolsa-doypack-70g\/\" \/>\n<meta property=\"og:locale\" content=\"en_US\" \/>\n<meta property=\"og:type\" content=\"article\" \/>\n<meta property=\"og:title\" content=\"Jengibre en polvo bolsa x 70g - EcoValle\" \/>\n<meta property=\"og:description\" content=\"Carminativo  Antioxidante  Antibacteriano  Combate las toxinas del organismo.  Elimina g\u00e9rmenes del tracto respiratorio\" \/>\n<meta property=\"og:url\" content=\"https:\/\/ecovalle.pe\/en\/product\/jengibre-en-polvo-bolsa-doypack-70g\/\" \/>\n<meta property=\"og:site_name\" content=\"EcoValle\" \/>\n<meta property=\"article:modified_time\" content=\"2025-05-29T05:00:09+00:00\" \/>\n<meta property=\"og:image\" content=\"https:\/\/ecovalle.pe\/wp-content\/uploads\/2022\/08\/JENGIBRE-70-GR.jpg\" \/>\n\t<meta property=\"og:image:width\" content=\"800\" \/>\n\t<meta property=\"og:image:height\" content=\"800\" \/>\n\t<meta property=\"og:image:type\" content=\"image\/jpeg\" \/>\n<meta name=\"twitter:card\" content=\"summary_large_image\" \/>\n<meta name=\"twitter:label1\" content=\"Est. reading time\" \/>\n\t<meta name=\"twitter:data1\" content=\"1 minute\" \/>\n<script type=\"application\/ld+json\" class=\"yoast-schema-graph\">{\"@context\":\"https:\/\/schema.org\",\"@graph\":[{\"@type\":\"WebPage\",\"@id\":\"https:\/\/ecovalle.pe\/product\/jengibre-en-polvo-bolsa-doypack-70g\/\",\"url\":\"https:\/\/ecovalle.pe\/product\/jengibre-en-polvo-bolsa-doypack-70g\/\",\"name\":\"Jengibre en polvo bolsa x 70g - EcoValle\",\"isPartOf\":{\"@id\":\"https:\/\/ecovalle.pe\/#website\"},\"primaryImageOfPage\":{\"@id\":\"https:\/\/ecovalle.pe\/product\/jengibre-en-polvo-bolsa-doypack-70g\/#primaryimage\"},\"image\":{\"@id\":\"https:\/\/ecovalle.pe\/product\/jengibre-en-polvo-bolsa-doypack-70g\/#primaryimage\"},\"thumbnailUrl\":\"https:\/\/ecovalle.pe\/wp-content\/uploads\/2022\/08\/JENGIBRE-70-GR.jpg\",\"datePublished\":\"2022-08-15T09:10:31+00:00\",\"dateModified\":\"2025-05-29T05:00:09+00:00\",\"breadcrumb\":{\"@id\":\"https:\/\/ecovalle.pe\/product\/jengibre-en-polvo-bolsa-doypack-70g\/#breadcrumb\"},\"inLanguage\":\"en-US\",\"potentialAction\":[{\"@type\":\"ReadAction\",\"target\":[\"https:\/\/ecovalle.pe\/product\/jengibre-en-polvo-bolsa-doypack-70g\/\"]}]},{\"@type\":\"ImageObject\",\"inLanguage\":\"en-US\",\"@id\":\"https:\/\/ecovalle.pe\/product\/jengibre-en-polvo-bolsa-doypack-70g\/#primaryimage\",\"url\":\"https:\/\/ecovalle.pe\/wp-content\/uploads\/2022\/08\/JENGIBRE-70-GR.jpg\",\"contentUrl\":\"https:\/\/ecovalle.pe\/wp-content\/uploads\/2022\/08\/JENGIBRE-70-GR.jpg\",\"width\":800,\"height\":800},{\"@type\":\"BreadcrumbList\",\"@id\":\"https:\/\/ecovalle.pe\/product\/jengibre-en-polvo-bolsa-doypack-70g\/#breadcrumb\",\"itemListElement\":[{\"@type\":\"ListItem\",\"position\":1,\"name\":\"Portada\",\"item\":\"https:\/\/ecovalle.pe\/\"},{\"@type\":\"ListItem\",\"position\":2,\"name\":\"Tienda\",\"item\":\"https:\/\/ecovalle.pe\/shop\/\"},{\"@type\":\"ListItem\",\"position\":3,\"name\":\"Jengibre en polvo bolsa x 70g\"}]},{\"@type\":\"WebSite\",\"@id\":\"https:\/\/ecovalle.pe\/#website\",\"url\":\"https:\/\/ecovalle.pe\/\",\"name\":\"EcoValle\",\"description\":\"Somos una 1 empresa agroindustrial con m\u00e1s de 10 a\u00f1os de experiencia en el rubro de alimentos funcionales. Todos nuestros productos pasan por un estricto proceso de producci\u00f3n y control de calidad, utilizando los m\u00e1s altos est\u00e1ndares de calidad con certificaci\u00f3n internacional.\",\"potentialAction\":[{\"@type\":\"SearchAction\",\"target\":{\"@type\":\"EntryPoint\",\"urlTemplate\":\"https:\/\/ecovalle.pe\/?s={search_term_string}\"},\"query-input\":{\"@type\":\"PropertyValueSpecification\",\"valueRequired\":true,\"valueName\":\"search_term_string\"}}],\"inLanguage\":\"en-US\"}]}<\/script>\n<!-- \/ Yoast SEO plugin. -->","yoast_head_json":{"title":"Jengibre en polvo bolsa x 70g - EcoValle","robots":{"index":"index","follow":"follow","max-snippet":"max-snippet:-1","max-image-preview":"max-image-preview:large","max-video-preview":"max-video-preview:-1"},"canonical":"https:\/\/ecovalle.pe\/en\/product\/jengibre-en-polvo-bolsa-doypack-70g\/","og_locale":"en_US","og_type":"article","og_title":"Jengibre en polvo bolsa x 70g - EcoValle","og_description":"Carminativo  Antioxidante  Antibacteriano  Combate las toxinas del organismo.  Elimina g\u00e9rmenes del tracto respiratorio","og_url":"https:\/\/ecovalle.pe\/en\/product\/jengibre-en-polvo-bolsa-doypack-70g\/","og_site_name":"EcoValle","article_modified_time":"2025-05-29T05:00:09+00:00","og_image":[{"width":800,"height":800,"url":"https:\/\/ecovalle.pe\/wp-content\/uploads\/2022\/08\/JENGIBRE-70-GR.jpg","type":"image\/jpeg"}],"twitter_card":"summary_large_image","twitter_misc":{"Est. reading time":"1 minute"},"schema":{"@context":"https:\/\/schema.org","@graph":[{"@type":"WebPage","@id":"https:\/\/ecovalle.pe\/product\/jengibre-en-polvo-bolsa-doypack-70g\/","url":"https:\/\/ecovalle.pe\/product\/jengibre-en-polvo-bolsa-doypack-70g\/","name":"Jengibre en polvo bolsa x 70g - EcoValle","isPartOf":{"@id":"https:\/\/ecovalle.pe\/#website"},"primaryImageOfPage":{"@id":"https:\/\/ecovalle.pe\/product\/jengibre-en-polvo-bolsa-doypack-70g\/#primaryimage"},"image":{"@id":"https:\/\/ecovalle.pe\/product\/jengibre-en-polvo-bolsa-doypack-70g\/#primaryimage"},"thumbnailUrl":"https:\/\/ecovalle.pe\/wp-content\/uploads\/2022\/08\/JENGIBRE-70-GR.jpg","datePublished":"2022-08-15T09:10:31+00:00","dateModified":"2025-05-29T05:00:09+00:00","breadcrumb":{"@id":"https:\/\/ecovalle.pe\/product\/jengibre-en-polvo-bolsa-doypack-70g\/#breadcrumb"},"inLanguage":"en-US","potentialAction":[{"@type":"ReadAction","target":["https:\/\/ecovalle.pe\/product\/jengibre-en-polvo-bolsa-doypack-70g\/"]}]},{"@type":"ImageObject","inLanguage":"en-US","@id":"https:\/\/ecovalle.pe\/product\/jengibre-en-polvo-bolsa-doypack-70g\/#primaryimage","url":"https:\/\/ecovalle.pe\/wp-content\/uploads\/2022\/08\/JENGIBRE-70-GR.jpg","contentUrl":"https:\/\/ecovalle.pe\/wp-content\/uploads\/2022\/08\/JENGIBRE-70-GR.jpg","width":800,"height":800},{"@type":"BreadcrumbList","@id":"https:\/\/ecovalle.pe\/product\/jengibre-en-polvo-bolsa-doypack-70g\/#breadcrumb","itemListElement":[{"@type":"ListItem","position":1,"name":"Portada","item":"https:\/\/ecovalle.pe\/"},{"@type":"ListItem","position":2,"name":"Tienda","item":"https:\/\/ecovalle.pe\/shop\/"},{"@type":"ListItem","position":3,"name":"Jengibre en polvo bolsa x 70g"}]},{"@type":"WebSite","@id":"https:\/\/ecovalle.pe\/#website","url":"https:\/\/ecovalle.pe\/","name":"EcoValle","description":"Somos una 1 empresa agroindustrial con m\u00e1s de 10 a\u00f1os de experiencia en el rubro de alimentos funcionales. Todos nuestros productos pasan por un estricto proceso de producci\u00f3n y control de calidad, utilizando los m\u00e1s altos est\u00e1ndares de calidad con certificaci\u00f3n internacional.","potentialAction":[{"@type":"SearchAction","target":{"@type":"EntryPoint","urlTemplate":"https:\/\/ecovalle.pe\/?s={search_term_string}"},"query-input":{"@type":"PropertyValueSpecification","valueRequired":true,"valueName":"search_term_string"}}],"inLanguage":"en-US"}]}},"_links":{"self":[{"href":"https:\/\/ecovalle.pe\/en\/wp-json\/wp\/v2\/product\/8112","targetHints":{"allow":["GET"]}}],"collection":[{"href":"https:\/\/ecovalle.pe\/en\/wp-json\/wp\/v2\/product"}],"about":[{"href":"https:\/\/ecovalle.pe\/en\/wp-json\/wp\/v2\/types\/product"}],"replies":[{"embeddable":true,"href":"https:\/\/ecovalle.pe\/en\/wp-json\/wp\/v2\/comments?post=8112"}],"version-history":[{"count":5,"href":"https:\/\/ecovalle.pe\/en\/wp-json\/wp\/v2\/product\/8112\/revisions"}],"predecessor-version":[{"id":13722,"href":"https:\/\/ecovalle.pe\/en\/wp-json\/wp\/v2\/product\/8112\/revisions\/13722"}],"wp:featuredmedia":[{"embeddable":true,"href":"https:\/\/ecovalle.pe\/en\/wp-json\/wp\/v2\/media\/8113"}],"wp:attachment":[{"href":"https:\/\/ecovalle.pe\/en\/wp-json\/wp\/v2\/media?parent=8112"}],"wp:term":[{"taxonomy":"product_cat","embeddable":true,"href":"https:\/\/ecovalle.pe\/en\/wp-json\/wp\/v2\/product_cat?post=8112"},{"taxonomy":"product_tag","embeddable":true,"href":"https:\/\/ecovalle.pe\/en\/wp-json\/wp\/v2\/product_tag?post=8112"}],"curies":[{"name":"wp","href":"https:\/\/api.w.org\/{rel}","templated":true}]}}