{"id":8115,"date":"2022-08-15T04:15:15","date_gmt":"2022-08-15T09:15:15","guid":{"rendered":"https:\/\/ecovalle.pe\/?post_type=product&#038;p=8115"},"modified":"2025-05-29T00:00:09","modified_gmt":"2025-05-29T05:00:09","slug":"maca-amarilla-gelatinizada-en-polvo-bolsa-250g","status":"publish","type":"product","link":"https:\/\/ecovalle.pe\/en\/product\/maca-amarilla-gelatinizada-en-polvo-bolsa-250g\/","title":{"rendered":"Maca amarilla gelatinizada en polvo bolsa x 250g"},"content":{"rendered":"<p>La maca amarilla es la m\u00e1s com\u00fan y representa el 60% de la cosecha total de maca. Es conocida principalmente por su calidad nutritiva; contiene 7 de los 8 amino\u00e1cidos esenciales, ayudando en el desarrollo cognitivo.<\/p>\n<p><strong><span style=\"color: #02793c;\">COMPOSICI\u00d3N<\/span><\/strong><\/p>\n<ul>\n<li>Nombre com\u00fan: Maca amarilla<\/li>\n<li>Nombre cient\u00edfico: Resistencia f\u00edsica<\/li>\n<li>Parte utilizada: antioxidante<\/li>\n<\/ul>\n<p><strong><span style=\"color: #02793c;\">BENEFICIOS<\/span><\/strong><\/p>\n<ul>\n<li>Mejora la funci\u00f3n cerebral.<\/li>\n<li>Aumenta la capacidad de aprendizaje.<\/li>\n<li>Aumenta la resistencia f\u00edsica en competencias.<\/li>\n<\/ul>\n<p><strong><span style=\"color: #02793c;\">\u00bfSAB\u00cdAS QU\u00c9?<\/span><\/strong><br \/>\nLa maca amarilla contiene 7 de los 8 amino\u00e1cidos esenciales necesarios para nuestro organismo.<\/p>","protected":false},"excerpt":{"rendered":"<ul>\n<li style=\"text-align: left;\">Nutritivo<\/li>\n<li style=\"text-align: left;\">Resistencia f\u00edsica<\/li>\n<li style=\"text-align: left;\">Antioxidante<\/li>\n<li style=\"text-align: left;\">Gran fuente de amino\u00e1cidos esenciales.<\/li>\n<li style=\"text-align: left;\">Estimula la neuroprotecci\u00f3n<\/li>\n<\/ul>","protected":false},"featured_media":8116,"comment_status":"open","ping_status":"closed","template":"","meta":{"inline_featured_image":false,"_joinchat":[]},"product_cat":[172],"product_tag":[192],"class_list":{"0":"post-8115","1":"product","2":"type-product","3":"status-publish","4":"has-post-thumbnail","6":"product_cat-superalimentos","7":"product_tag-superalimentos","9":"first","10":"instock","11":"shipping-taxable","12":"purchasable","13":"product-type-simple"},"yoast_head":"<!-- This site is optimized with the Yoast SEO plugin v23.9 - https:\/\/yoast.com\/wordpress\/plugins\/seo\/ -->\n<title>Maca amarilla gelatinizada en polvo bolsa x 250g - EcoValle<\/title>\n<meta name=\"robots\" content=\"index, follow, max-snippet:-1, max-image-preview:large, max-video-preview:-1\" \/>\n<link rel=\"canonical\" href=\"https:\/\/ecovalle.pe\/en\/product\/maca-amarilla-gelatinizada-en-polvo-bolsa-250g\/\" \/>\n<meta property=\"og:locale\" content=\"en_US\" \/>\n<meta property=\"og:type\" content=\"article\" \/>\n<meta property=\"og:title\" content=\"Maca amarilla gelatinizada en polvo bolsa x 250g - EcoValle\" \/>\n<meta property=\"og:description\" content=\"Nutritivo  Resistencia f\u00edsica  Antioxidante  Gran fuente de amino\u00e1cidos esenciales.  Estimula la neuroprotecci\u00f3n\" \/>\n<meta property=\"og:url\" content=\"https:\/\/ecovalle.pe\/en\/product\/maca-amarilla-gelatinizada-en-polvo-bolsa-250g\/\" \/>\n<meta property=\"og:site_name\" content=\"EcoValle\" \/>\n<meta property=\"article:modified_time\" content=\"2025-05-29T05:00:09+00:00\" \/>\n<meta property=\"og:image\" content=\"https:\/\/ecovalle.pe\/wp-content\/uploads\/2022\/08\/MACA-AMARILLA-250-GR.jpg\" \/>\n\t<meta property=\"og:image:width\" content=\"800\" \/>\n\t<meta property=\"og:image:height\" content=\"800\" \/>\n\t<meta property=\"og:image:type\" content=\"image\/jpeg\" \/>\n<meta name=\"twitter:card\" content=\"summary_large_image\" \/>\n<meta name=\"twitter:label1\" content=\"Est. reading time\" \/>\n\t<meta name=\"twitter:data1\" content=\"1 minute\" \/>\n<script type=\"application\/ld+json\" class=\"yoast-schema-graph\">{\"@context\":\"https:\/\/schema.org\",\"@graph\":[{\"@type\":\"WebPage\",\"@id\":\"https:\/\/ecovalle.pe\/product\/maca-amarilla-gelatinizada-en-polvo-bolsa-250g\/\",\"url\":\"https:\/\/ecovalle.pe\/product\/maca-amarilla-gelatinizada-en-polvo-bolsa-250g\/\",\"name\":\"Maca amarilla gelatinizada en polvo bolsa x 250g - EcoValle\",\"isPartOf\":{\"@id\":\"https:\/\/ecovalle.pe\/#website\"},\"primaryImageOfPage\":{\"@id\":\"https:\/\/ecovalle.pe\/product\/maca-amarilla-gelatinizada-en-polvo-bolsa-250g\/#primaryimage\"},\"image\":{\"@id\":\"https:\/\/ecovalle.pe\/product\/maca-amarilla-gelatinizada-en-polvo-bolsa-250g\/#primaryimage\"},\"thumbnailUrl\":\"https:\/\/ecovalle.pe\/wp-content\/uploads\/2022\/08\/MACA-AMARILLA-250-GR.jpg\",\"datePublished\":\"2022-08-15T09:15:15+00:00\",\"dateModified\":\"2025-05-29T05:00:09+00:00\",\"breadcrumb\":{\"@id\":\"https:\/\/ecovalle.pe\/product\/maca-amarilla-gelatinizada-en-polvo-bolsa-250g\/#breadcrumb\"},\"inLanguage\":\"en-US\",\"potentialAction\":[{\"@type\":\"ReadAction\",\"target\":[\"https:\/\/ecovalle.pe\/product\/maca-amarilla-gelatinizada-en-polvo-bolsa-250g\/\"]}]},{\"@type\":\"ImageObject\",\"inLanguage\":\"en-US\",\"@id\":\"https:\/\/ecovalle.pe\/product\/maca-amarilla-gelatinizada-en-polvo-bolsa-250g\/#primaryimage\",\"url\":\"https:\/\/ecovalle.pe\/wp-content\/uploads\/2022\/08\/MACA-AMARILLA-250-GR.jpg\",\"contentUrl\":\"https:\/\/ecovalle.pe\/wp-content\/uploads\/2022\/08\/MACA-AMARILLA-250-GR.jpg\",\"width\":800,\"height\":800},{\"@type\":\"BreadcrumbList\",\"@id\":\"https:\/\/ecovalle.pe\/product\/maca-amarilla-gelatinizada-en-polvo-bolsa-250g\/#breadcrumb\",\"itemListElement\":[{\"@type\":\"ListItem\",\"position\":1,\"name\":\"Portada\",\"item\":\"https:\/\/ecovalle.pe\/\"},{\"@type\":\"ListItem\",\"position\":2,\"name\":\"Tienda\",\"item\":\"https:\/\/ecovalle.pe\/shop\/\"},{\"@type\":\"ListItem\",\"position\":3,\"name\":\"Maca amarilla gelatinizada en polvo bolsa x 250g\"}]},{\"@type\":\"WebSite\",\"@id\":\"https:\/\/ecovalle.pe\/#website\",\"url\":\"https:\/\/ecovalle.pe\/\",\"name\":\"EcoValle\",\"description\":\"Somos una 1 empresa agroindustrial con m\u00e1s de 10 a\u00f1os de experiencia en el rubro de alimentos funcionales. Todos nuestros productos pasan por un estricto proceso de producci\u00f3n y control de calidad, utilizando los m\u00e1s altos est\u00e1ndares de calidad con certificaci\u00f3n internacional.\",\"potentialAction\":[{\"@type\":\"SearchAction\",\"target\":{\"@type\":\"EntryPoint\",\"urlTemplate\":\"https:\/\/ecovalle.pe\/?s={search_term_string}\"},\"query-input\":{\"@type\":\"PropertyValueSpecification\",\"valueRequired\":true,\"valueName\":\"search_term_string\"}}],\"inLanguage\":\"en-US\"}]}<\/script>\n<!-- \/ Yoast SEO plugin. -->","yoast_head_json":{"title":"Maca amarilla gelatinizada en polvo bolsa x 250g - EcoValle","robots":{"index":"index","follow":"follow","max-snippet":"max-snippet:-1","max-image-preview":"max-image-preview:large","max-video-preview":"max-video-preview:-1"},"canonical":"https:\/\/ecovalle.pe\/en\/product\/maca-amarilla-gelatinizada-en-polvo-bolsa-250g\/","og_locale":"en_US","og_type":"article","og_title":"Maca amarilla gelatinizada en polvo bolsa x 250g - EcoValle","og_description":"Nutritivo  Resistencia f\u00edsica  Antioxidante  Gran fuente de amino\u00e1cidos esenciales.  Estimula la neuroprotecci\u00f3n","og_url":"https:\/\/ecovalle.pe\/en\/product\/maca-amarilla-gelatinizada-en-polvo-bolsa-250g\/","og_site_name":"EcoValle","article_modified_time":"2025-05-29T05:00:09+00:00","og_image":[{"width":800,"height":800,"url":"https:\/\/ecovalle.pe\/wp-content\/uploads\/2022\/08\/MACA-AMARILLA-250-GR.jpg","type":"image\/jpeg"}],"twitter_card":"summary_large_image","twitter_misc":{"Est. reading time":"1 minute"},"schema":{"@context":"https:\/\/schema.org","@graph":[{"@type":"WebPage","@id":"https:\/\/ecovalle.pe\/product\/maca-amarilla-gelatinizada-en-polvo-bolsa-250g\/","url":"https:\/\/ecovalle.pe\/product\/maca-amarilla-gelatinizada-en-polvo-bolsa-250g\/","name":"Maca amarilla gelatinizada en polvo bolsa x 250g - EcoValle","isPartOf":{"@id":"https:\/\/ecovalle.pe\/#website"},"primaryImageOfPage":{"@id":"https:\/\/ecovalle.pe\/product\/maca-amarilla-gelatinizada-en-polvo-bolsa-250g\/#primaryimage"},"image":{"@id":"https:\/\/ecovalle.pe\/product\/maca-amarilla-gelatinizada-en-polvo-bolsa-250g\/#primaryimage"},"thumbnailUrl":"https:\/\/ecovalle.pe\/wp-content\/uploads\/2022\/08\/MACA-AMARILLA-250-GR.jpg","datePublished":"2022-08-15T09:15:15+00:00","dateModified":"2025-05-29T05:00:09+00:00","breadcrumb":{"@id":"https:\/\/ecovalle.pe\/product\/maca-amarilla-gelatinizada-en-polvo-bolsa-250g\/#breadcrumb"},"inLanguage":"en-US","potentialAction":[{"@type":"ReadAction","target":["https:\/\/ecovalle.pe\/product\/maca-amarilla-gelatinizada-en-polvo-bolsa-250g\/"]}]},{"@type":"ImageObject","inLanguage":"en-US","@id":"https:\/\/ecovalle.pe\/product\/maca-amarilla-gelatinizada-en-polvo-bolsa-250g\/#primaryimage","url":"https:\/\/ecovalle.pe\/wp-content\/uploads\/2022\/08\/MACA-AMARILLA-250-GR.jpg","contentUrl":"https:\/\/ecovalle.pe\/wp-content\/uploads\/2022\/08\/MACA-AMARILLA-250-GR.jpg","width":800,"height":800},{"@type":"BreadcrumbList","@id":"https:\/\/ecovalle.pe\/product\/maca-amarilla-gelatinizada-en-polvo-bolsa-250g\/#breadcrumb","itemListElement":[{"@type":"ListItem","position":1,"name":"Portada","item":"https:\/\/ecovalle.pe\/"},{"@type":"ListItem","position":2,"name":"Tienda","item":"https:\/\/ecovalle.pe\/shop\/"},{"@type":"ListItem","position":3,"name":"Maca amarilla gelatinizada en polvo bolsa x 250g"}]},{"@type":"WebSite","@id":"https:\/\/ecovalle.pe\/#website","url":"https:\/\/ecovalle.pe\/","name":"EcoValle","description":"Somos una 1 empresa agroindustrial con m\u00e1s de 10 a\u00f1os de experiencia en el rubro de alimentos funcionales. Todos nuestros productos pasan por un estricto proceso de producci\u00f3n y control de calidad, utilizando los m\u00e1s altos est\u00e1ndares de calidad con certificaci\u00f3n internacional.","potentialAction":[{"@type":"SearchAction","target":{"@type":"EntryPoint","urlTemplate":"https:\/\/ecovalle.pe\/?s={search_term_string}"},"query-input":{"@type":"PropertyValueSpecification","valueRequired":true,"valueName":"search_term_string"}}],"inLanguage":"en-US"}]}},"_links":{"self":[{"href":"https:\/\/ecovalle.pe\/en\/wp-json\/wp\/v2\/product\/8115","targetHints":{"allow":["GET"]}}],"collection":[{"href":"https:\/\/ecovalle.pe\/en\/wp-json\/wp\/v2\/product"}],"about":[{"href":"https:\/\/ecovalle.pe\/en\/wp-json\/wp\/v2\/types\/product"}],"replies":[{"embeddable":true,"href":"https:\/\/ecovalle.pe\/en\/wp-json\/wp\/v2\/comments?post=8115"}],"version-history":[{"count":4,"href":"https:\/\/ecovalle.pe\/en\/wp-json\/wp\/v2\/product\/8115\/revisions"}],"predecessor-version":[{"id":14539,"href":"https:\/\/ecovalle.pe\/en\/wp-json\/wp\/v2\/product\/8115\/revisions\/14539"}],"wp:featuredmedia":[{"embeddable":true,"href":"https:\/\/ecovalle.pe\/en\/wp-json\/wp\/v2\/media\/8116"}],"wp:attachment":[{"href":"https:\/\/ecovalle.pe\/en\/wp-json\/wp\/v2\/media?parent=8115"}],"wp:term":[{"taxonomy":"product_cat","embeddable":true,"href":"https:\/\/ecovalle.pe\/en\/wp-json\/wp\/v2\/product_cat?post=8115"},{"taxonomy":"product_tag","embeddable":true,"href":"https:\/\/ecovalle.pe\/en\/wp-json\/wp\/v2\/product_tag?post=8115"}],"curies":[{"name":"wp","href":"https:\/\/api.w.org\/{rel}","templated":true}]}}