{"id":8121,"date":"2022-08-15T04:25:46","date_gmt":"2022-08-15T09:25:46","guid":{"rendered":"https:\/\/ecovalle.pe\/?post_type=product&#038;p=8121"},"modified":"2025-05-29T00:00:06","modified_gmt":"2025-05-29T05:00:06","slug":"maca-negra-gelatinizada-en-polvo-bolsa-doypack-200g","status":"publish","type":"product","link":"https:\/\/ecovalle.pe\/en\/product\/maca-negra-gelatinizada-en-polvo-bolsa-doypack-200g\/","title":{"rendered":"Maca negra gelatinizada en polvo bolsa x 200g"},"content":{"rendered":"<p>Nuestro producto se obtiene de la pulverizaci\u00f3n de los hipoc\u00f3tilos de la maca negra, pasado por un proceso de gelatinizaci\u00f3n, el cual proporciona un alto grado de asimilaci\u00f3n y digestibilidad por parte del organismo. Sus componentes le brindan propiedades afrodisiacas, aumentando el deseo sexual y mejorando el estado de \u00e1nimo.<\/p>\n<p><strong><span style=\"color: #02793c;\">COMPOSICI\u00d3N<\/span><\/strong><\/p>\n<ul>\n<li>Nombre com\u00fan: Maca negra<\/li>\n<li>Nombre cient\u00edfico: Lepidium meyenii Walp.<\/li>\n<li>Parte utilizada: hipoc\u00f3tilos<\/li>\n<\/ul>\n<p><strong><span style=\"color: #02793c;\">BENEFICIOS<\/span><\/strong><\/p>\n<ul>\n<li>Estimula la fertilidad.<\/li>\n<li>Aumenta la l\u00edbido.<\/li>\n<li>Mejora el estado de \u00e1nimo.<\/li>\n<\/ul>\n<p><strong><span style=\"color: #02793c;\">\u00bfSAB\u00cdAS QU\u00c9?<\/span><\/strong><br \/>\nLa maca es considerada como el ginseng peruano.<\/p>","protected":false},"excerpt":{"rendered":"<ul>\n<li style=\"text-align: left;\">Fertilidad<\/li>\n<li style=\"text-align: left;\">Deseo sexual<\/li>\n<li style=\"text-align: left;\">Eleva el n\u00famero de espermatozoides.<\/li>\n<li style=\"text-align: left;\">Aumenta el deseo sexual<\/li>\n<\/ul>","protected":false},"featured_media":8122,"comment_status":"open","ping_status":"closed","template":"","meta":{"inline_featured_image":false,"_joinchat":[]},"product_cat":[170],"product_tag":[193],"class_list":{"0":"post-8121","1":"product","2":"type-product","3":"status-publish","4":"has-post-thumbnail","6":"product_cat-sistema-reproductivo","7":"product_tag-sistema-reproductivo","9":"first","10":"instock","11":"shipping-taxable","12":"purchasable","13":"product-type-simple"},"yoast_head":"<!-- This site is optimized with the Yoast SEO plugin v23.9 - https:\/\/yoast.com\/wordpress\/plugins\/seo\/ -->\n<title>Maca negra gelatinizada en polvo bolsa x 200g - EcoValle<\/title>\n<meta name=\"robots\" content=\"index, follow, max-snippet:-1, max-image-preview:large, max-video-preview:-1\" \/>\n<link rel=\"canonical\" href=\"https:\/\/ecovalle.pe\/en\/product\/maca-negra-gelatinizada-en-polvo-bolsa-doypack-200g\/\" \/>\n<meta property=\"og:locale\" content=\"en_US\" \/>\n<meta property=\"og:type\" content=\"article\" \/>\n<meta property=\"og:title\" content=\"Maca negra gelatinizada en polvo bolsa x 200g - EcoValle\" \/>\n<meta property=\"og:description\" content=\"Fertilidad  Deseo sexual  Eleva el n\u00famero de espermatozoides.  Aumenta el deseo sexual\" \/>\n<meta property=\"og:url\" content=\"https:\/\/ecovalle.pe\/en\/product\/maca-negra-gelatinizada-en-polvo-bolsa-doypack-200g\/\" \/>\n<meta property=\"og:site_name\" content=\"EcoValle\" \/>\n<meta property=\"article:modified_time\" content=\"2025-05-29T05:00:06+00:00\" \/>\n<meta property=\"og:image\" content=\"https:\/\/ecovalle.pe\/wp-content\/uploads\/2022\/08\/MACA-NEGRA-200-GR.jpg\" \/>\n\t<meta property=\"og:image:width\" content=\"800\" \/>\n\t<meta property=\"og:image:height\" content=\"800\" \/>\n\t<meta property=\"og:image:type\" content=\"image\/jpeg\" \/>\n<meta name=\"twitter:card\" content=\"summary_large_image\" \/>\n<meta name=\"twitter:label1\" content=\"Est. reading time\" \/>\n\t<meta name=\"twitter:data1\" content=\"1 minute\" \/>\n<script type=\"application\/ld+json\" class=\"yoast-schema-graph\">{\"@context\":\"https:\/\/schema.org\",\"@graph\":[{\"@type\":\"WebPage\",\"@id\":\"https:\/\/ecovalle.pe\/product\/maca-negra-gelatinizada-en-polvo-bolsa-doypack-200g\/\",\"url\":\"https:\/\/ecovalle.pe\/product\/maca-negra-gelatinizada-en-polvo-bolsa-doypack-200g\/\",\"name\":\"Maca negra gelatinizada en polvo bolsa x 200g - EcoValle\",\"isPartOf\":{\"@id\":\"https:\/\/ecovalle.pe\/#website\"},\"primaryImageOfPage\":{\"@id\":\"https:\/\/ecovalle.pe\/product\/maca-negra-gelatinizada-en-polvo-bolsa-doypack-200g\/#primaryimage\"},\"image\":{\"@id\":\"https:\/\/ecovalle.pe\/product\/maca-negra-gelatinizada-en-polvo-bolsa-doypack-200g\/#primaryimage\"},\"thumbnailUrl\":\"https:\/\/ecovalle.pe\/wp-content\/uploads\/2022\/08\/MACA-NEGRA-200-GR.jpg\",\"datePublished\":\"2022-08-15T09:25:46+00:00\",\"dateModified\":\"2025-05-29T05:00:06+00:00\",\"breadcrumb\":{\"@id\":\"https:\/\/ecovalle.pe\/product\/maca-negra-gelatinizada-en-polvo-bolsa-doypack-200g\/#breadcrumb\"},\"inLanguage\":\"en-US\",\"potentialAction\":[{\"@type\":\"ReadAction\",\"target\":[\"https:\/\/ecovalle.pe\/product\/maca-negra-gelatinizada-en-polvo-bolsa-doypack-200g\/\"]}]},{\"@type\":\"ImageObject\",\"inLanguage\":\"en-US\",\"@id\":\"https:\/\/ecovalle.pe\/product\/maca-negra-gelatinizada-en-polvo-bolsa-doypack-200g\/#primaryimage\",\"url\":\"https:\/\/ecovalle.pe\/wp-content\/uploads\/2022\/08\/MACA-NEGRA-200-GR.jpg\",\"contentUrl\":\"https:\/\/ecovalle.pe\/wp-content\/uploads\/2022\/08\/MACA-NEGRA-200-GR.jpg\",\"width\":800,\"height\":800},{\"@type\":\"BreadcrumbList\",\"@id\":\"https:\/\/ecovalle.pe\/product\/maca-negra-gelatinizada-en-polvo-bolsa-doypack-200g\/#breadcrumb\",\"itemListElement\":[{\"@type\":\"ListItem\",\"position\":1,\"name\":\"Portada\",\"item\":\"https:\/\/ecovalle.pe\/\"},{\"@type\":\"ListItem\",\"position\":2,\"name\":\"Tienda\",\"item\":\"https:\/\/ecovalle.pe\/shop\/\"},{\"@type\":\"ListItem\",\"position\":3,\"name\":\"Maca negra gelatinizada en polvo bolsa x 200g\"}]},{\"@type\":\"WebSite\",\"@id\":\"https:\/\/ecovalle.pe\/#website\",\"url\":\"https:\/\/ecovalle.pe\/\",\"name\":\"EcoValle\",\"description\":\"Somos una 1 empresa agroindustrial con m\u00e1s de 10 a\u00f1os de experiencia en el rubro de alimentos funcionales. Todos nuestros productos pasan por un estricto proceso de producci\u00f3n y control de calidad, utilizando los m\u00e1s altos est\u00e1ndares de calidad con certificaci\u00f3n internacional.\",\"potentialAction\":[{\"@type\":\"SearchAction\",\"target\":{\"@type\":\"EntryPoint\",\"urlTemplate\":\"https:\/\/ecovalle.pe\/?s={search_term_string}\"},\"query-input\":{\"@type\":\"PropertyValueSpecification\",\"valueRequired\":true,\"valueName\":\"search_term_string\"}}],\"inLanguage\":\"en-US\"}]}<\/script>\n<!-- \/ Yoast SEO plugin. -->","yoast_head_json":{"title":"Maca negra gelatinizada en polvo bolsa x 200g - EcoValle","robots":{"index":"index","follow":"follow","max-snippet":"max-snippet:-1","max-image-preview":"max-image-preview:large","max-video-preview":"max-video-preview:-1"},"canonical":"https:\/\/ecovalle.pe\/en\/product\/maca-negra-gelatinizada-en-polvo-bolsa-doypack-200g\/","og_locale":"en_US","og_type":"article","og_title":"Maca negra gelatinizada en polvo bolsa x 200g - EcoValle","og_description":"Fertilidad  Deseo sexual  Eleva el n\u00famero de espermatozoides.  Aumenta el deseo sexual","og_url":"https:\/\/ecovalle.pe\/en\/product\/maca-negra-gelatinizada-en-polvo-bolsa-doypack-200g\/","og_site_name":"EcoValle","article_modified_time":"2025-05-29T05:00:06+00:00","og_image":[{"width":800,"height":800,"url":"https:\/\/ecovalle.pe\/wp-content\/uploads\/2022\/08\/MACA-NEGRA-200-GR.jpg","type":"image\/jpeg"}],"twitter_card":"summary_large_image","twitter_misc":{"Est. reading time":"1 minute"},"schema":{"@context":"https:\/\/schema.org","@graph":[{"@type":"WebPage","@id":"https:\/\/ecovalle.pe\/product\/maca-negra-gelatinizada-en-polvo-bolsa-doypack-200g\/","url":"https:\/\/ecovalle.pe\/product\/maca-negra-gelatinizada-en-polvo-bolsa-doypack-200g\/","name":"Maca negra gelatinizada en polvo bolsa x 200g - EcoValle","isPartOf":{"@id":"https:\/\/ecovalle.pe\/#website"},"primaryImageOfPage":{"@id":"https:\/\/ecovalle.pe\/product\/maca-negra-gelatinizada-en-polvo-bolsa-doypack-200g\/#primaryimage"},"image":{"@id":"https:\/\/ecovalle.pe\/product\/maca-negra-gelatinizada-en-polvo-bolsa-doypack-200g\/#primaryimage"},"thumbnailUrl":"https:\/\/ecovalle.pe\/wp-content\/uploads\/2022\/08\/MACA-NEGRA-200-GR.jpg","datePublished":"2022-08-15T09:25:46+00:00","dateModified":"2025-05-29T05:00:06+00:00","breadcrumb":{"@id":"https:\/\/ecovalle.pe\/product\/maca-negra-gelatinizada-en-polvo-bolsa-doypack-200g\/#breadcrumb"},"inLanguage":"en-US","potentialAction":[{"@type":"ReadAction","target":["https:\/\/ecovalle.pe\/product\/maca-negra-gelatinizada-en-polvo-bolsa-doypack-200g\/"]}]},{"@type":"ImageObject","inLanguage":"en-US","@id":"https:\/\/ecovalle.pe\/product\/maca-negra-gelatinizada-en-polvo-bolsa-doypack-200g\/#primaryimage","url":"https:\/\/ecovalle.pe\/wp-content\/uploads\/2022\/08\/MACA-NEGRA-200-GR.jpg","contentUrl":"https:\/\/ecovalle.pe\/wp-content\/uploads\/2022\/08\/MACA-NEGRA-200-GR.jpg","width":800,"height":800},{"@type":"BreadcrumbList","@id":"https:\/\/ecovalle.pe\/product\/maca-negra-gelatinizada-en-polvo-bolsa-doypack-200g\/#breadcrumb","itemListElement":[{"@type":"ListItem","position":1,"name":"Portada","item":"https:\/\/ecovalle.pe\/"},{"@type":"ListItem","position":2,"name":"Tienda","item":"https:\/\/ecovalle.pe\/shop\/"},{"@type":"ListItem","position":3,"name":"Maca negra gelatinizada en polvo bolsa x 200g"}]},{"@type":"WebSite","@id":"https:\/\/ecovalle.pe\/#website","url":"https:\/\/ecovalle.pe\/","name":"EcoValle","description":"Somos una 1 empresa agroindustrial con m\u00e1s de 10 a\u00f1os de experiencia en el rubro de alimentos funcionales. Todos nuestros productos pasan por un estricto proceso de producci\u00f3n y control de calidad, utilizando los m\u00e1s altos est\u00e1ndares de calidad con certificaci\u00f3n internacional.","potentialAction":[{"@type":"SearchAction","target":{"@type":"EntryPoint","urlTemplate":"https:\/\/ecovalle.pe\/?s={search_term_string}"},"query-input":{"@type":"PropertyValueSpecification","valueRequired":true,"valueName":"search_term_string"}}],"inLanguage":"en-US"}]}},"_links":{"self":[{"href":"https:\/\/ecovalle.pe\/en\/wp-json\/wp\/v2\/product\/8121","targetHints":{"allow":["GET"]}}],"collection":[{"href":"https:\/\/ecovalle.pe\/en\/wp-json\/wp\/v2\/product"}],"about":[{"href":"https:\/\/ecovalle.pe\/en\/wp-json\/wp\/v2\/types\/product"}],"replies":[{"embeddable":true,"href":"https:\/\/ecovalle.pe\/en\/wp-json\/wp\/v2\/comments?post=8121"}],"version-history":[{"count":4,"href":"https:\/\/ecovalle.pe\/en\/wp-json\/wp\/v2\/product\/8121\/revisions"}],"predecessor-version":[{"id":14461,"href":"https:\/\/ecovalle.pe\/en\/wp-json\/wp\/v2\/product\/8121\/revisions\/14461"}],"wp:featuredmedia":[{"embeddable":true,"href":"https:\/\/ecovalle.pe\/en\/wp-json\/wp\/v2\/media\/8122"}],"wp:attachment":[{"href":"https:\/\/ecovalle.pe\/en\/wp-json\/wp\/v2\/media?parent=8121"}],"wp:term":[{"taxonomy":"product_cat","embeddable":true,"href":"https:\/\/ecovalle.pe\/en\/wp-json\/wp\/v2\/product_cat?post=8121"},{"taxonomy":"product_tag","embeddable":true,"href":"https:\/\/ecovalle.pe\/en\/wp-json\/wp\/v2\/product_tag?post=8121"}],"curies":[{"name":"wp","href":"https:\/\/api.w.org\/{rel}","templated":true}]}}