{"id":9271,"date":"2022-08-26T16:39:48","date_gmt":"2022-08-26T21:39:48","guid":{"rendered":"https:\/\/ecovalle.pe\/?post_type=product&#038;p=9271"},"modified":"2025-05-29T00:00:11","modified_gmt":"2025-05-29T05:00:11","slug":"mantequilla-de-mani-mix-fsc-vidrio-250g","status":"publish","type":"product","link":"https:\/\/ecovalle.pe\/en\/product\/mantequilla-de-mani-mix-fsc-vidrio-250g\/","title":{"rendered":"Mantequilla de man\u00ed mix Fsc. Vidrio x 250g"},"content":{"rendered":"<p>La mantequilla de man\u00ed va con todo, desde simples tostadas de trigo o de quinua, hasta con granola o simplemente untada a una banana. Ideal para s\u00e1ndwiches vegetarianos. Posee una gran fuente de prote\u00ednas y grasas saludables. Apta para toda la familia.<\/p>\n<p><span style=\"color: #02793c;\"><strong>COMPOSICI\u00d3N<\/strong><\/span><\/p>\n<ul>\n<li>Nombre com\u00fan: Man\u00ed<\/li>\n<li>Nombre cient\u00edfico: Arachis hypogaea L.<\/li>\n<li>Parte utilizada: semillas<\/li>\n<li>Nombre com\u00fan: Sal de maras<\/li>\n<li>Nombre cient\u00edfico: Sales<\/li>\n<li>Parte utilizada: mineral<\/li>\n<li>Nombre com\u00fan: Miel de abeja<\/li>\n<li>Nombre cient\u00edfico: Apis mellifera<\/li>\n<li>Parte utilizada: miel<\/li>\n<\/ul>\n<p><strong><span style=\"color: #02793c;\">BENEFICIOS<\/span><\/strong><\/p>\n<ul>\n<li>Brinda mucha energ\u00eda.<\/li>\n<li>Ayuda a mantener un peso ideal.<\/li>\n<li>Contribuye a la salud del coraz\u00f3n.<\/li>\n<\/ul>\n<p><span style=\"color: #02793c;\"><strong>\u00bfSAB\u00cdAS QUE?<\/strong><\/span><br \/>\nEl beta-sitosterol del man\u00ed es el responsable de evitar la entrada de colesterol malo a la sangre.<\/p>","protected":false},"excerpt":{"rendered":"<ul>\n<li style=\"text-align: left;\">Nutritivo<\/li>\n<li style=\"text-align: left;\">Cardioprotector.<\/li>\n<li style=\"text-align: left;\">Proporciona gran cantidad de prote\u00ednas, vitaminas y minerales<\/li>\n<\/ul>","protected":false},"featured_media":9283,"comment_status":"open","ping_status":"closed","template":"","meta":{"inline_featured_image":false,"_joinchat":[]},"product_cat":[166],"product_tag":[258,186],"class_list":{"0":"post-9271","1":"product","2":"type-product","3":"status-publish","4":"has-post-thumbnail","6":"product_cat-nutricion","7":"product_tag-favorito-navideno","8":"product_tag-nutricion","10":"first","11":"instock","12":"shipping-taxable","13":"purchasable","14":"product-type-simple"},"yoast_head":"<!-- This site is optimized with the Yoast SEO plugin v23.9 - https:\/\/yoast.com\/wordpress\/plugins\/seo\/ -->\n<title>Mantequilla de man\u00ed mix Fsc. Vidrio x 250g - EcoValle<\/title>\n<meta name=\"robots\" content=\"index, follow, max-snippet:-1, max-image-preview:large, max-video-preview:-1\" \/>\n<link rel=\"canonical\" href=\"https:\/\/ecovalle.pe\/en\/product\/mantequilla-de-mani-mix-fsc-vidrio-250g\/\" \/>\n<meta property=\"og:locale\" content=\"en_US\" \/>\n<meta property=\"og:type\" content=\"article\" \/>\n<meta property=\"og:title\" content=\"Mantequilla de man\u00ed mix Fsc. Vidrio x 250g - EcoValle\" \/>\n<meta property=\"og:description\" content=\"Nutritivo  Cardioprotector.  Proporciona gran cantidad de prote\u00ednas, vitaminas y minerales\" \/>\n<meta property=\"og:url\" content=\"https:\/\/ecovalle.pe\/en\/product\/mantequilla-de-mani-mix-fsc-vidrio-250g\/\" \/>\n<meta property=\"og:site_name\" content=\"EcoValle\" \/>\n<meta property=\"article:modified_time\" content=\"2025-05-29T05:00:11+00:00\" \/>\n<meta property=\"og:image\" content=\"https:\/\/ecovalle.pe\/wp-content\/uploads\/2022\/08\/MANTEQUILLA-DE-MANI\u0301-MIX.jpg\" \/>\n\t<meta property=\"og:image:width\" content=\"800\" \/>\n\t<meta property=\"og:image:height\" content=\"800\" \/>\n\t<meta property=\"og:image:type\" content=\"image\/jpeg\" \/>\n<meta name=\"twitter:card\" content=\"summary_large_image\" \/>\n<meta name=\"twitter:label1\" content=\"Est. reading time\" \/>\n\t<meta name=\"twitter:data1\" content=\"1 minute\" \/>\n<script type=\"application\/ld+json\" class=\"yoast-schema-graph\">{\"@context\":\"https:\/\/schema.org\",\"@graph\":[{\"@type\":\"WebPage\",\"@id\":\"https:\/\/ecovalle.pe\/product\/mantequilla-de-mani-mix-fsc-vidrio-250g\/\",\"url\":\"https:\/\/ecovalle.pe\/product\/mantequilla-de-mani-mix-fsc-vidrio-250g\/\",\"name\":\"Mantequilla de man\u00ed mix Fsc. Vidrio x 250g - EcoValle\",\"isPartOf\":{\"@id\":\"https:\/\/ecovalle.pe\/#website\"},\"primaryImageOfPage\":{\"@id\":\"https:\/\/ecovalle.pe\/product\/mantequilla-de-mani-mix-fsc-vidrio-250g\/#primaryimage\"},\"image\":{\"@id\":\"https:\/\/ecovalle.pe\/product\/mantequilla-de-mani-mix-fsc-vidrio-250g\/#primaryimage\"},\"thumbnailUrl\":\"https:\/\/ecovalle.pe\/wp-content\/uploads\/2022\/08\/MANTEQUILLA-DE-MANI\u0301-MIX.jpg\",\"datePublished\":\"2022-08-26T21:39:48+00:00\",\"dateModified\":\"2025-05-29T05:00:11+00:00\",\"breadcrumb\":{\"@id\":\"https:\/\/ecovalle.pe\/product\/mantequilla-de-mani-mix-fsc-vidrio-250g\/#breadcrumb\"},\"inLanguage\":\"en-US\",\"potentialAction\":[{\"@type\":\"ReadAction\",\"target\":[\"https:\/\/ecovalle.pe\/product\/mantequilla-de-mani-mix-fsc-vidrio-250g\/\"]}]},{\"@type\":\"ImageObject\",\"inLanguage\":\"en-US\",\"@id\":\"https:\/\/ecovalle.pe\/product\/mantequilla-de-mani-mix-fsc-vidrio-250g\/#primaryimage\",\"url\":\"https:\/\/ecovalle.pe\/wp-content\/uploads\/2022\/08\/MANTEQUILLA-DE-MANI\u0301-MIX.jpg\",\"contentUrl\":\"https:\/\/ecovalle.pe\/wp-content\/uploads\/2022\/08\/MANTEQUILLA-DE-MANI\u0301-MIX.jpg\",\"width\":800,\"height\":800},{\"@type\":\"BreadcrumbList\",\"@id\":\"https:\/\/ecovalle.pe\/product\/mantequilla-de-mani-mix-fsc-vidrio-250g\/#breadcrumb\",\"itemListElement\":[{\"@type\":\"ListItem\",\"position\":1,\"name\":\"Portada\",\"item\":\"https:\/\/ecovalle.pe\/\"},{\"@type\":\"ListItem\",\"position\":2,\"name\":\"Tienda\",\"item\":\"https:\/\/ecovalle.pe\/shop\/\"},{\"@type\":\"ListItem\",\"position\":3,\"name\":\"Mantequilla de man\u00ed mix Fsc. Vidrio x 250g\"}]},{\"@type\":\"WebSite\",\"@id\":\"https:\/\/ecovalle.pe\/#website\",\"url\":\"https:\/\/ecovalle.pe\/\",\"name\":\"EcoValle\",\"description\":\"Somos una 1 empresa agroindustrial con m\u00e1s de 10 a\u00f1os de experiencia en el rubro de alimentos funcionales. Todos nuestros productos pasan por un estricto proceso de producci\u00f3n y control de calidad, utilizando los m\u00e1s altos est\u00e1ndares de calidad con certificaci\u00f3n internacional.\",\"potentialAction\":[{\"@type\":\"SearchAction\",\"target\":{\"@type\":\"EntryPoint\",\"urlTemplate\":\"https:\/\/ecovalle.pe\/?s={search_term_string}\"},\"query-input\":{\"@type\":\"PropertyValueSpecification\",\"valueRequired\":true,\"valueName\":\"search_term_string\"}}],\"inLanguage\":\"en-US\"}]}<\/script>\n<!-- \/ Yoast SEO plugin. -->","yoast_head_json":{"title":"Mantequilla de man\u00ed mix Fsc. Vidrio x 250g - EcoValle","robots":{"index":"index","follow":"follow","max-snippet":"max-snippet:-1","max-image-preview":"max-image-preview:large","max-video-preview":"max-video-preview:-1"},"canonical":"https:\/\/ecovalle.pe\/en\/product\/mantequilla-de-mani-mix-fsc-vidrio-250g\/","og_locale":"en_US","og_type":"article","og_title":"Mantequilla de man\u00ed mix Fsc. Vidrio x 250g - EcoValle","og_description":"Nutritivo  Cardioprotector.  Proporciona gran cantidad de prote\u00ednas, vitaminas y minerales","og_url":"https:\/\/ecovalle.pe\/en\/product\/mantequilla-de-mani-mix-fsc-vidrio-250g\/","og_site_name":"EcoValle","article_modified_time":"2025-05-29T05:00:11+00:00","og_image":[{"width":800,"height":800,"url":"https:\/\/ecovalle.pe\/wp-content\/uploads\/2022\/08\/MANTEQUILLA-DE-MANI\u0301-MIX.jpg","type":"image\/jpeg"}],"twitter_card":"summary_large_image","twitter_misc":{"Est. reading time":"1 minute"},"schema":{"@context":"https:\/\/schema.org","@graph":[{"@type":"WebPage","@id":"https:\/\/ecovalle.pe\/product\/mantequilla-de-mani-mix-fsc-vidrio-250g\/","url":"https:\/\/ecovalle.pe\/product\/mantequilla-de-mani-mix-fsc-vidrio-250g\/","name":"Mantequilla de man\u00ed mix Fsc. Vidrio x 250g - EcoValle","isPartOf":{"@id":"https:\/\/ecovalle.pe\/#website"},"primaryImageOfPage":{"@id":"https:\/\/ecovalle.pe\/product\/mantequilla-de-mani-mix-fsc-vidrio-250g\/#primaryimage"},"image":{"@id":"https:\/\/ecovalle.pe\/product\/mantequilla-de-mani-mix-fsc-vidrio-250g\/#primaryimage"},"thumbnailUrl":"https:\/\/ecovalle.pe\/wp-content\/uploads\/2022\/08\/MANTEQUILLA-DE-MANI\u0301-MIX.jpg","datePublished":"2022-08-26T21:39:48+00:00","dateModified":"2025-05-29T05:00:11+00:00","breadcrumb":{"@id":"https:\/\/ecovalle.pe\/product\/mantequilla-de-mani-mix-fsc-vidrio-250g\/#breadcrumb"},"inLanguage":"en-US","potentialAction":[{"@type":"ReadAction","target":["https:\/\/ecovalle.pe\/product\/mantequilla-de-mani-mix-fsc-vidrio-250g\/"]}]},{"@type":"ImageObject","inLanguage":"en-US","@id":"https:\/\/ecovalle.pe\/product\/mantequilla-de-mani-mix-fsc-vidrio-250g\/#primaryimage","url":"https:\/\/ecovalle.pe\/wp-content\/uploads\/2022\/08\/MANTEQUILLA-DE-MANI\u0301-MIX.jpg","contentUrl":"https:\/\/ecovalle.pe\/wp-content\/uploads\/2022\/08\/MANTEQUILLA-DE-MANI\u0301-MIX.jpg","width":800,"height":800},{"@type":"BreadcrumbList","@id":"https:\/\/ecovalle.pe\/product\/mantequilla-de-mani-mix-fsc-vidrio-250g\/#breadcrumb","itemListElement":[{"@type":"ListItem","position":1,"name":"Portada","item":"https:\/\/ecovalle.pe\/"},{"@type":"ListItem","position":2,"name":"Tienda","item":"https:\/\/ecovalle.pe\/shop\/"},{"@type":"ListItem","position":3,"name":"Mantequilla de man\u00ed mix Fsc. Vidrio x 250g"}]},{"@type":"WebSite","@id":"https:\/\/ecovalle.pe\/#website","url":"https:\/\/ecovalle.pe\/","name":"EcoValle","description":"Somos una 1 empresa agroindustrial con m\u00e1s de 10 a\u00f1os de experiencia en el rubro de alimentos funcionales. Todos nuestros productos pasan por un estricto proceso de producci\u00f3n y control de calidad, utilizando los m\u00e1s altos est\u00e1ndares de calidad con certificaci\u00f3n internacional.","potentialAction":[{"@type":"SearchAction","target":{"@type":"EntryPoint","urlTemplate":"https:\/\/ecovalle.pe\/?s={search_term_string}"},"query-input":{"@type":"PropertyValueSpecification","valueRequired":true,"valueName":"search_term_string"}}],"inLanguage":"en-US"}]}},"_links":{"self":[{"href":"https:\/\/ecovalle.pe\/en\/wp-json\/wp\/v2\/product\/9271","targetHints":{"allow":["GET"]}}],"collection":[{"href":"https:\/\/ecovalle.pe\/en\/wp-json\/wp\/v2\/product"}],"about":[{"href":"https:\/\/ecovalle.pe\/en\/wp-json\/wp\/v2\/types\/product"}],"replies":[{"embeddable":true,"href":"https:\/\/ecovalle.pe\/en\/wp-json\/wp\/v2\/comments?post=9271"}],"version-history":[{"count":1,"href":"https:\/\/ecovalle.pe\/en\/wp-json\/wp\/v2\/product\/9271\/revisions"}],"predecessor-version":[{"id":9284,"href":"https:\/\/ecovalle.pe\/en\/wp-json\/wp\/v2\/product\/9271\/revisions\/9284"}],"wp:featuredmedia":[{"embeddable":true,"href":"https:\/\/ecovalle.pe\/en\/wp-json\/wp\/v2\/media\/9283"}],"wp:attachment":[{"href":"https:\/\/ecovalle.pe\/en\/wp-json\/wp\/v2\/media?parent=9271"}],"wp:term":[{"taxonomy":"product_cat","embeddable":true,"href":"https:\/\/ecovalle.pe\/en\/wp-json\/wp\/v2\/product_cat?post=9271"},{"taxonomy":"product_tag","embeddable":true,"href":"https:\/\/ecovalle.pe\/en\/wp-json\/wp\/v2\/product_tag?post=9271"}],"curies":[{"name":"wp","href":"https:\/\/api.w.org\/{rel}","templated":true}]}}