{"id":9293,"date":"2022-08-27T02:28:51","date_gmt":"2022-08-27T07:28:51","guid":{"rendered":"https:\/\/ecovalle.pe\/?post_type=product&#038;p=9293"},"modified":"2025-11-22T07:57:36","modified_gmt":"2025-11-22T12:57:36","slug":"mermelada-de-arandano-fsc-vidrio-500g","status":"publish","type":"product","link":"https:\/\/ecovalle.pe\/en\/product\/mermelada-de-arandano-fsc-vidrio-500g\/","title":{"rendered":"Mermelada de Ar\u00e1ndano Fsc. Vidrio x 500g"},"content":{"rendered":"<p>Nuestra mermelada de ar\u00e1ndanos, una manera ideal de empezar tu d\u00eda, perfecta para desayunar y merendar ricas tostadas o para acompa\u00f1ar postres. Dulce, natural, sabrosa y de un color rojo morado intenso. Contiene antioxidantes, vitaminas y flavonoides y a cambio no aporta grasas, ideal para toda la familia.<\/p>\n<p><strong><span style=\"color: #02793c;\">COMPOSICI\u00d3N<\/span><\/strong><\/p>\n<ul>\n<li>Nombre com\u00fan: Ar\u00e1ndanos<\/li>\n<li>Nombre cient\u00edfico: Vaccinium corymbosum L.<\/li>\n<li>Parte utilizada: fruto<\/li>\n<\/ul>\n<p><strong><span style=\"color: #02793c;\">BENEFICIOS<\/span><\/strong><\/p>\n<ul>\n<li>Ideal acompa\u00f1ante del desayuno y postres saludables.<\/li>\n<li>Apropiado para dietas hipocal\u00f3ricas.<\/li>\n<li>Ayuda a mantener un peso saludable.<\/li>\n<\/ul>\n<p><strong><span style=\"color: #02793c;\">\u00bfSAB\u00cdAS QU\u00c9?<\/span><\/strong><br \/>\nLas antocianinas presentes en el ar\u00e1ndano le brindan un gran poder antioxidante.<\/p>","protected":false},"excerpt":{"rendered":"<ul>\n<li style=\"text-align: left;\">Nutritiva<\/li>\n<li style=\"text-align: left;\">Antioxidante<\/li>\n<li style=\"text-align: left;\">Posee un alto valor nutritivo y bajo valor cal\u00f3rico<\/li>\n<\/ul>","protected":false},"featured_media":14388,"comment_status":"open","ping_status":"closed","template":"","meta":{"inline_featured_image":false,"_joinchat":[]},"product_cat":[166],"product_tag":[258,186],"class_list":{"0":"post-9293","1":"product","2":"type-product","3":"status-publish","4":"has-post-thumbnail","6":"product_cat-nutricion","7":"product_tag-favorito-navideno","8":"product_tag-nutricion","10":"first","11":"instock","12":"shipping-taxable","13":"purchasable","14":"product-type-simple"},"yoast_head":"<!-- This site is optimized with the Yoast SEO plugin v23.9 - https:\/\/yoast.com\/wordpress\/plugins\/seo\/ -->\n<title>Mermelada de Ar\u00e1ndano Fsc. Vidrio x 500g - EcoValle<\/title>\n<meta name=\"robots\" content=\"index, follow, max-snippet:-1, max-image-preview:large, max-video-preview:-1\" \/>\n<link rel=\"canonical\" href=\"https:\/\/ecovalle.pe\/en\/product\/mermelada-de-arandano-fsc-vidrio-500g\/\" \/>\n<meta property=\"og:locale\" content=\"en_US\" \/>\n<meta property=\"og:type\" content=\"article\" \/>\n<meta property=\"og:title\" content=\"Mermelada de Ar\u00e1ndano Fsc. Vidrio x 500g - EcoValle\" \/>\n<meta property=\"og:description\" content=\"Nutritiva  Antioxidante  Posee un alto valor nutritivo y bajo valor cal\u00f3rico\" \/>\n<meta property=\"og:url\" content=\"https:\/\/ecovalle.pe\/en\/product\/mermelada-de-arandano-fsc-vidrio-500g\/\" \/>\n<meta property=\"og:site_name\" content=\"EcoValle\" \/>\n<meta property=\"article:modified_time\" content=\"2025-11-22T12:57:36+00:00\" \/>\n<meta property=\"og:image\" content=\"https:\/\/ecovalle.pe\/wp-content\/uploads\/2022\/08\/MERMELADA-DE-ARANDONOS-500-GR.jpg\" \/>\n\t<meta property=\"og:image:width\" content=\"800\" \/>\n\t<meta property=\"og:image:height\" content=\"800\" \/>\n\t<meta property=\"og:image:type\" content=\"image\/jpeg\" \/>\n<meta name=\"twitter:card\" content=\"summary_large_image\" \/>\n<meta name=\"twitter:label1\" content=\"Est. reading time\" \/>\n\t<meta name=\"twitter:data1\" content=\"1 minute\" \/>\n<script type=\"application\/ld+json\" class=\"yoast-schema-graph\">{\"@context\":\"https:\/\/schema.org\",\"@graph\":[{\"@type\":\"WebPage\",\"@id\":\"https:\/\/ecovalle.pe\/product\/mermelada-de-arandano-fsc-vidrio-500g\/\",\"url\":\"https:\/\/ecovalle.pe\/product\/mermelada-de-arandano-fsc-vidrio-500g\/\",\"name\":\"Mermelada de Ar\u00e1ndano Fsc. Vidrio x 500g - EcoValle\",\"isPartOf\":{\"@id\":\"https:\/\/ecovalle.pe\/#website\"},\"primaryImageOfPage\":{\"@id\":\"https:\/\/ecovalle.pe\/product\/mermelada-de-arandano-fsc-vidrio-500g\/#primaryimage\"},\"image\":{\"@id\":\"https:\/\/ecovalle.pe\/product\/mermelada-de-arandano-fsc-vidrio-500g\/#primaryimage\"},\"thumbnailUrl\":\"https:\/\/ecovalle.pe\/wp-content\/uploads\/2022\/08\/MERMELADA-DE-ARANDONOS-500-GR.jpg\",\"datePublished\":\"2022-08-27T07:28:51+00:00\",\"dateModified\":\"2025-11-22T12:57:36+00:00\",\"breadcrumb\":{\"@id\":\"https:\/\/ecovalle.pe\/product\/mermelada-de-arandano-fsc-vidrio-500g\/#breadcrumb\"},\"inLanguage\":\"en-US\",\"potentialAction\":[{\"@type\":\"ReadAction\",\"target\":[\"https:\/\/ecovalle.pe\/product\/mermelada-de-arandano-fsc-vidrio-500g\/\"]}]},{\"@type\":\"ImageObject\",\"inLanguage\":\"en-US\",\"@id\":\"https:\/\/ecovalle.pe\/product\/mermelada-de-arandano-fsc-vidrio-500g\/#primaryimage\",\"url\":\"https:\/\/ecovalle.pe\/wp-content\/uploads\/2022\/08\/MERMELADA-DE-ARANDONOS-500-GR.jpg\",\"contentUrl\":\"https:\/\/ecovalle.pe\/wp-content\/uploads\/2022\/08\/MERMELADA-DE-ARANDONOS-500-GR.jpg\",\"width\":800,\"height\":800},{\"@type\":\"BreadcrumbList\",\"@id\":\"https:\/\/ecovalle.pe\/product\/mermelada-de-arandano-fsc-vidrio-500g\/#breadcrumb\",\"itemListElement\":[{\"@type\":\"ListItem\",\"position\":1,\"name\":\"Portada\",\"item\":\"https:\/\/ecovalle.pe\/\"},{\"@type\":\"ListItem\",\"position\":2,\"name\":\"Tienda\",\"item\":\"https:\/\/ecovalle.pe\/shop\/\"},{\"@type\":\"ListItem\",\"position\":3,\"name\":\"Mermelada de Ar\u00e1ndano Fsc. Vidrio x 500g\"}]},{\"@type\":\"WebSite\",\"@id\":\"https:\/\/ecovalle.pe\/#website\",\"url\":\"https:\/\/ecovalle.pe\/\",\"name\":\"EcoValle\",\"description\":\"Somos una 1 empresa agroindustrial con m\u00e1s de 10 a\u00f1os de experiencia en el rubro de alimentos funcionales. Todos nuestros productos pasan por un estricto proceso de producci\u00f3n y control de calidad, utilizando los m\u00e1s altos est\u00e1ndares de calidad con certificaci\u00f3n internacional.\",\"potentialAction\":[{\"@type\":\"SearchAction\",\"target\":{\"@type\":\"EntryPoint\",\"urlTemplate\":\"https:\/\/ecovalle.pe\/?s={search_term_string}\"},\"query-input\":{\"@type\":\"PropertyValueSpecification\",\"valueRequired\":true,\"valueName\":\"search_term_string\"}}],\"inLanguage\":\"en-US\"}]}<\/script>\n<!-- \/ Yoast SEO plugin. -->","yoast_head_json":{"title":"Mermelada de Ar\u00e1ndano Fsc. Vidrio x 500g - EcoValle","robots":{"index":"index","follow":"follow","max-snippet":"max-snippet:-1","max-image-preview":"max-image-preview:large","max-video-preview":"max-video-preview:-1"},"canonical":"https:\/\/ecovalle.pe\/en\/product\/mermelada-de-arandano-fsc-vidrio-500g\/","og_locale":"en_US","og_type":"article","og_title":"Mermelada de Ar\u00e1ndano Fsc. Vidrio x 500g - EcoValle","og_description":"Nutritiva  Antioxidante  Posee un alto valor nutritivo y bajo valor cal\u00f3rico","og_url":"https:\/\/ecovalle.pe\/en\/product\/mermelada-de-arandano-fsc-vidrio-500g\/","og_site_name":"EcoValle","article_modified_time":"2025-11-22T12:57:36+00:00","og_image":[{"width":800,"height":800,"url":"https:\/\/ecovalle.pe\/wp-content\/uploads\/2022\/08\/MERMELADA-DE-ARANDONOS-500-GR.jpg","type":"image\/jpeg"}],"twitter_card":"summary_large_image","twitter_misc":{"Est. reading time":"1 minute"},"schema":{"@context":"https:\/\/schema.org","@graph":[{"@type":"WebPage","@id":"https:\/\/ecovalle.pe\/product\/mermelada-de-arandano-fsc-vidrio-500g\/","url":"https:\/\/ecovalle.pe\/product\/mermelada-de-arandano-fsc-vidrio-500g\/","name":"Mermelada de Ar\u00e1ndano Fsc. Vidrio x 500g - EcoValle","isPartOf":{"@id":"https:\/\/ecovalle.pe\/#website"},"primaryImageOfPage":{"@id":"https:\/\/ecovalle.pe\/product\/mermelada-de-arandano-fsc-vidrio-500g\/#primaryimage"},"image":{"@id":"https:\/\/ecovalle.pe\/product\/mermelada-de-arandano-fsc-vidrio-500g\/#primaryimage"},"thumbnailUrl":"https:\/\/ecovalle.pe\/wp-content\/uploads\/2022\/08\/MERMELADA-DE-ARANDONOS-500-GR.jpg","datePublished":"2022-08-27T07:28:51+00:00","dateModified":"2025-11-22T12:57:36+00:00","breadcrumb":{"@id":"https:\/\/ecovalle.pe\/product\/mermelada-de-arandano-fsc-vidrio-500g\/#breadcrumb"},"inLanguage":"en-US","potentialAction":[{"@type":"ReadAction","target":["https:\/\/ecovalle.pe\/product\/mermelada-de-arandano-fsc-vidrio-500g\/"]}]},{"@type":"ImageObject","inLanguage":"en-US","@id":"https:\/\/ecovalle.pe\/product\/mermelada-de-arandano-fsc-vidrio-500g\/#primaryimage","url":"https:\/\/ecovalle.pe\/wp-content\/uploads\/2022\/08\/MERMELADA-DE-ARANDONOS-500-GR.jpg","contentUrl":"https:\/\/ecovalle.pe\/wp-content\/uploads\/2022\/08\/MERMELADA-DE-ARANDONOS-500-GR.jpg","width":800,"height":800},{"@type":"BreadcrumbList","@id":"https:\/\/ecovalle.pe\/product\/mermelada-de-arandano-fsc-vidrio-500g\/#breadcrumb","itemListElement":[{"@type":"ListItem","position":1,"name":"Portada","item":"https:\/\/ecovalle.pe\/"},{"@type":"ListItem","position":2,"name":"Tienda","item":"https:\/\/ecovalle.pe\/shop\/"},{"@type":"ListItem","position":3,"name":"Mermelada de Ar\u00e1ndano Fsc. Vidrio x 500g"}]},{"@type":"WebSite","@id":"https:\/\/ecovalle.pe\/#website","url":"https:\/\/ecovalle.pe\/","name":"EcoValle","description":"Somos una 1 empresa agroindustrial con m\u00e1s de 10 a\u00f1os de experiencia en el rubro de alimentos funcionales. Todos nuestros productos pasan por un estricto proceso de producci\u00f3n y control de calidad, utilizando los m\u00e1s altos est\u00e1ndares de calidad con certificaci\u00f3n internacional.","potentialAction":[{"@type":"SearchAction","target":{"@type":"EntryPoint","urlTemplate":"https:\/\/ecovalle.pe\/?s={search_term_string}"},"query-input":{"@type":"PropertyValueSpecification","valueRequired":true,"valueName":"search_term_string"}}],"inLanguage":"en-US"}]}},"_links":{"self":[{"href":"https:\/\/ecovalle.pe\/en\/wp-json\/wp\/v2\/product\/9293","targetHints":{"allow":["GET"]}}],"collection":[{"href":"https:\/\/ecovalle.pe\/en\/wp-json\/wp\/v2\/product"}],"about":[{"href":"https:\/\/ecovalle.pe\/en\/wp-json\/wp\/v2\/types\/product"}],"replies":[{"embeddable":true,"href":"https:\/\/ecovalle.pe\/en\/wp-json\/wp\/v2\/comments?post=9293"}],"version-history":[{"count":3,"href":"https:\/\/ecovalle.pe\/en\/wp-json\/wp\/v2\/product\/9293\/revisions"}],"predecessor-version":[{"id":14418,"href":"https:\/\/ecovalle.pe\/en\/wp-json\/wp\/v2\/product\/9293\/revisions\/14418"}],"wp:featuredmedia":[{"embeddable":true,"href":"https:\/\/ecovalle.pe\/en\/wp-json\/wp\/v2\/media\/14388"}],"wp:attachment":[{"href":"https:\/\/ecovalle.pe\/en\/wp-json\/wp\/v2\/media?parent=9293"}],"wp:term":[{"taxonomy":"product_cat","embeddable":true,"href":"https:\/\/ecovalle.pe\/en\/wp-json\/wp\/v2\/product_cat?post=9293"},{"taxonomy":"product_tag","embeddable":true,"href":"https:\/\/ecovalle.pe\/en\/wp-json\/wp\/v2\/product_tag?post=9293"}],"curies":[{"name":"wp","href":"https:\/\/api.w.org\/{rel}","templated":true}]}}