{"id":9299,"date":"2022-08-27T02:44:33","date_gmt":"2022-08-27T07:44:33","guid":{"rendered":"https:\/\/ecovalle.pe\/?post_type=product&#038;p=9299"},"modified":"2025-05-29T00:00:10","modified_gmt":"2025-05-29T05:00:10","slug":"miel-de-abeja-liquida-fsc-vidrio-500g","status":"publish","type":"product","link":"https:\/\/ecovalle.pe\/en\/product\/miel-de-abeja-liquida-fsc-vidrio-500g\/","title":{"rendered":"Miel Real de Abeja frasco x 500g"},"content":{"rendered":"<p>La miel ayuda a aumentar la energ\u00eda y no contiene grasas, por lo que se convierte en un gran sustituto del az\u00facar refinado y en un complemento ideal para deportistas y personas con d\u00e9ficit alimenticios. Adem\u00e1s, es considerada una de las medicinas m\u00e1s antiguas por su acci\u00f3n antis\u00e9ptica, revitalizante y nutritiva.<\/p>\n<p><strong><span style=\"color: #02793c;\">COMPOSICI\u00d3N<\/span><\/strong><\/p>\n<ul>\n<li><strong>Nombre com\u00fan:<\/strong> Miel de las abejas<\/li>\n<li><strong>Nombre cient\u00edfico:<\/strong> Apis mellifera<\/li>\n<li><strong>Parte utilizada:<\/strong> hojas<\/li>\n<\/ul>\n<p><strong><span style=\"color: #02793c;\">BENEFICIOS<\/span><\/strong><\/p>\n<ul>\n<li>Aumenta la energ\u00eda natural.<\/li>\n<li>Mejora el microbiota intestinal.<\/li>\n<li>Ayuda a prevenir resfr\u00edos.<\/li>\n<\/ul>\n<p><strong><span style=\"color: #02793c;\">\u00bfSAB\u00cdAS QU\u00c9?<\/span><\/strong><br \/>\nPara recolectar 2 kg de miel, las abejas necesitan viajar 80 000 km, lo mismo que darle la vuelta al mundo dos veces.<\/p>","protected":false},"excerpt":{"rendered":"<ul>\n<li style=\"text-align: left;\">Nutritivo<\/li>\n<li style=\"text-align: left;\">Antis\u00e9ptica<\/li>\n<li style=\"text-align: left;\">Proporciona az\u00facares naturales<\/li>\n<li style=\"text-align: left;\">Brinda una gran cantidad de vitaminas<\/li>\n<\/ul>","protected":false},"featured_media":9300,"comment_status":"open","ping_status":"closed","template":"","meta":{"inline_featured_image":false,"_joinchat":[]},"product_cat":[166],"product_tag":[],"class_list":{"0":"post-9299","1":"product","2":"type-product","3":"status-publish","4":"has-post-thumbnail","6":"product_cat-nutricion","8":"first","9":"instock","10":"shipping-taxable","11":"purchasable","12":"product-type-simple"},"yoast_head":"<!-- This site is optimized with the Yoast SEO plugin v23.9 - https:\/\/yoast.com\/wordpress\/plugins\/seo\/ -->\n<title>Miel Real de Abeja frasco x 500g - EcoValle<\/title>\n<meta name=\"robots\" content=\"index, follow, max-snippet:-1, max-image-preview:large, max-video-preview:-1\" \/>\n<link rel=\"canonical\" href=\"https:\/\/ecovalle.pe\/en\/product\/miel-de-abeja-liquida-fsc-vidrio-500g\/\" \/>\n<meta property=\"og:locale\" content=\"en_US\" \/>\n<meta property=\"og:type\" content=\"article\" \/>\n<meta property=\"og:title\" content=\"Miel Real de Abeja frasco x 500g - EcoValle\" \/>\n<meta property=\"og:description\" content=\"Nutritivo  Antis\u00e9ptica  Proporciona az\u00facares naturales  Brinda una gran cantidad de vitaminas\" \/>\n<meta property=\"og:url\" content=\"https:\/\/ecovalle.pe\/en\/product\/miel-de-abeja-liquida-fsc-vidrio-500g\/\" \/>\n<meta property=\"og:site_name\" content=\"EcoValle\" \/>\n<meta property=\"article:modified_time\" content=\"2025-05-29T05:00:10+00:00\" \/>\n<meta property=\"og:image\" content=\"https:\/\/ecovalle.pe\/wp-content\/uploads\/2022\/08\/Miel-de-Abeja-500-GR.jpg\" \/>\n\t<meta property=\"og:image:width\" content=\"800\" \/>\n\t<meta property=\"og:image:height\" content=\"800\" \/>\n\t<meta property=\"og:image:type\" content=\"image\/jpeg\" \/>\n<meta name=\"twitter:card\" content=\"summary_large_image\" \/>\n<meta name=\"twitter:label1\" content=\"Est. reading time\" \/>\n\t<meta name=\"twitter:data1\" content=\"1 minute\" \/>\n<script type=\"application\/ld+json\" class=\"yoast-schema-graph\">{\"@context\":\"https:\/\/schema.org\",\"@graph\":[{\"@type\":\"WebPage\",\"@id\":\"https:\/\/ecovalle.pe\/product\/miel-de-abeja-liquida-fsc-vidrio-500g\/\",\"url\":\"https:\/\/ecovalle.pe\/product\/miel-de-abeja-liquida-fsc-vidrio-500g\/\",\"name\":\"Miel Real de Abeja frasco x 500g - EcoValle\",\"isPartOf\":{\"@id\":\"https:\/\/ecovalle.pe\/#website\"},\"primaryImageOfPage\":{\"@id\":\"https:\/\/ecovalle.pe\/product\/miel-de-abeja-liquida-fsc-vidrio-500g\/#primaryimage\"},\"image\":{\"@id\":\"https:\/\/ecovalle.pe\/product\/miel-de-abeja-liquida-fsc-vidrio-500g\/#primaryimage\"},\"thumbnailUrl\":\"https:\/\/ecovalle.pe\/wp-content\/uploads\/2022\/08\/Miel-de-Abeja-500-GR.jpg\",\"datePublished\":\"2022-08-27T07:44:33+00:00\",\"dateModified\":\"2025-05-29T05:00:10+00:00\",\"breadcrumb\":{\"@id\":\"https:\/\/ecovalle.pe\/product\/miel-de-abeja-liquida-fsc-vidrio-500g\/#breadcrumb\"},\"inLanguage\":\"en-US\",\"potentialAction\":[{\"@type\":\"ReadAction\",\"target\":[\"https:\/\/ecovalle.pe\/product\/miel-de-abeja-liquida-fsc-vidrio-500g\/\"]}]},{\"@type\":\"ImageObject\",\"inLanguage\":\"en-US\",\"@id\":\"https:\/\/ecovalle.pe\/product\/miel-de-abeja-liquida-fsc-vidrio-500g\/#primaryimage\",\"url\":\"https:\/\/ecovalle.pe\/wp-content\/uploads\/2022\/08\/Miel-de-Abeja-500-GR.jpg\",\"contentUrl\":\"https:\/\/ecovalle.pe\/wp-content\/uploads\/2022\/08\/Miel-de-Abeja-500-GR.jpg\",\"width\":800,\"height\":800},{\"@type\":\"BreadcrumbList\",\"@id\":\"https:\/\/ecovalle.pe\/product\/miel-de-abeja-liquida-fsc-vidrio-500g\/#breadcrumb\",\"itemListElement\":[{\"@type\":\"ListItem\",\"position\":1,\"name\":\"Portada\",\"item\":\"https:\/\/ecovalle.pe\/\"},{\"@type\":\"ListItem\",\"position\":2,\"name\":\"Tienda\",\"item\":\"https:\/\/ecovalle.pe\/shop\/\"},{\"@type\":\"ListItem\",\"position\":3,\"name\":\"Miel Real de Abeja frasco x 500g\"}]},{\"@type\":\"WebSite\",\"@id\":\"https:\/\/ecovalle.pe\/#website\",\"url\":\"https:\/\/ecovalle.pe\/\",\"name\":\"EcoValle\",\"description\":\"Somos una 1 empresa agroindustrial con m\u00e1s de 10 a\u00f1os de experiencia en el rubro de alimentos funcionales. Todos nuestros productos pasan por un estricto proceso de producci\u00f3n y control de calidad, utilizando los m\u00e1s altos est\u00e1ndares de calidad con certificaci\u00f3n internacional.\",\"potentialAction\":[{\"@type\":\"SearchAction\",\"target\":{\"@type\":\"EntryPoint\",\"urlTemplate\":\"https:\/\/ecovalle.pe\/?s={search_term_string}\"},\"query-input\":{\"@type\":\"PropertyValueSpecification\",\"valueRequired\":true,\"valueName\":\"search_term_string\"}}],\"inLanguage\":\"en-US\"}]}<\/script>\n<!-- \/ Yoast SEO plugin. -->","yoast_head_json":{"title":"Miel Real de Abeja frasco x 500g - EcoValle","robots":{"index":"index","follow":"follow","max-snippet":"max-snippet:-1","max-image-preview":"max-image-preview:large","max-video-preview":"max-video-preview:-1"},"canonical":"https:\/\/ecovalle.pe\/en\/product\/miel-de-abeja-liquida-fsc-vidrio-500g\/","og_locale":"en_US","og_type":"article","og_title":"Miel Real de Abeja frasco x 500g - EcoValle","og_description":"Nutritivo  Antis\u00e9ptica  Proporciona az\u00facares naturales  Brinda una gran cantidad de vitaminas","og_url":"https:\/\/ecovalle.pe\/en\/product\/miel-de-abeja-liquida-fsc-vidrio-500g\/","og_site_name":"EcoValle","article_modified_time":"2025-05-29T05:00:10+00:00","og_image":[{"width":800,"height":800,"url":"https:\/\/ecovalle.pe\/wp-content\/uploads\/2022\/08\/Miel-de-Abeja-500-GR.jpg","type":"image\/jpeg"}],"twitter_card":"summary_large_image","twitter_misc":{"Est. reading time":"1 minute"},"schema":{"@context":"https:\/\/schema.org","@graph":[{"@type":"WebPage","@id":"https:\/\/ecovalle.pe\/product\/miel-de-abeja-liquida-fsc-vidrio-500g\/","url":"https:\/\/ecovalle.pe\/product\/miel-de-abeja-liquida-fsc-vidrio-500g\/","name":"Miel Real de Abeja frasco x 500g - EcoValle","isPartOf":{"@id":"https:\/\/ecovalle.pe\/#website"},"primaryImageOfPage":{"@id":"https:\/\/ecovalle.pe\/product\/miel-de-abeja-liquida-fsc-vidrio-500g\/#primaryimage"},"image":{"@id":"https:\/\/ecovalle.pe\/product\/miel-de-abeja-liquida-fsc-vidrio-500g\/#primaryimage"},"thumbnailUrl":"https:\/\/ecovalle.pe\/wp-content\/uploads\/2022\/08\/Miel-de-Abeja-500-GR.jpg","datePublished":"2022-08-27T07:44:33+00:00","dateModified":"2025-05-29T05:00:10+00:00","breadcrumb":{"@id":"https:\/\/ecovalle.pe\/product\/miel-de-abeja-liquida-fsc-vidrio-500g\/#breadcrumb"},"inLanguage":"en-US","potentialAction":[{"@type":"ReadAction","target":["https:\/\/ecovalle.pe\/product\/miel-de-abeja-liquida-fsc-vidrio-500g\/"]}]},{"@type":"ImageObject","inLanguage":"en-US","@id":"https:\/\/ecovalle.pe\/product\/miel-de-abeja-liquida-fsc-vidrio-500g\/#primaryimage","url":"https:\/\/ecovalle.pe\/wp-content\/uploads\/2022\/08\/Miel-de-Abeja-500-GR.jpg","contentUrl":"https:\/\/ecovalle.pe\/wp-content\/uploads\/2022\/08\/Miel-de-Abeja-500-GR.jpg","width":800,"height":800},{"@type":"BreadcrumbList","@id":"https:\/\/ecovalle.pe\/product\/miel-de-abeja-liquida-fsc-vidrio-500g\/#breadcrumb","itemListElement":[{"@type":"ListItem","position":1,"name":"Portada","item":"https:\/\/ecovalle.pe\/"},{"@type":"ListItem","position":2,"name":"Tienda","item":"https:\/\/ecovalle.pe\/shop\/"},{"@type":"ListItem","position":3,"name":"Miel Real de Abeja frasco x 500g"}]},{"@type":"WebSite","@id":"https:\/\/ecovalle.pe\/#website","url":"https:\/\/ecovalle.pe\/","name":"EcoValle","description":"Somos una 1 empresa agroindustrial con m\u00e1s de 10 a\u00f1os de experiencia en el rubro de alimentos funcionales. Todos nuestros productos pasan por un estricto proceso de producci\u00f3n y control de calidad, utilizando los m\u00e1s altos est\u00e1ndares de calidad con certificaci\u00f3n internacional.","potentialAction":[{"@type":"SearchAction","target":{"@type":"EntryPoint","urlTemplate":"https:\/\/ecovalle.pe\/?s={search_term_string}"},"query-input":{"@type":"PropertyValueSpecification","valueRequired":true,"valueName":"search_term_string"}}],"inLanguage":"en-US"}]}},"_links":{"self":[{"href":"https:\/\/ecovalle.pe\/en\/wp-json\/wp\/v2\/product\/9299","targetHints":{"allow":["GET"]}}],"collection":[{"href":"https:\/\/ecovalle.pe\/en\/wp-json\/wp\/v2\/product"}],"about":[{"href":"https:\/\/ecovalle.pe\/en\/wp-json\/wp\/v2\/types\/product"}],"replies":[{"embeddable":true,"href":"https:\/\/ecovalle.pe\/en\/wp-json\/wp\/v2\/comments?post=9299"}],"version-history":[{"count":3,"href":"https:\/\/ecovalle.pe\/en\/wp-json\/wp\/v2\/product\/9299\/revisions"}],"predecessor-version":[{"id":10783,"href":"https:\/\/ecovalle.pe\/en\/wp-json\/wp\/v2\/product\/9299\/revisions\/10783"}],"wp:featuredmedia":[{"embeddable":true,"href":"https:\/\/ecovalle.pe\/en\/wp-json\/wp\/v2\/media\/9300"}],"wp:attachment":[{"href":"https:\/\/ecovalle.pe\/en\/wp-json\/wp\/v2\/media?parent=9299"}],"wp:term":[{"taxonomy":"product_cat","embeddable":true,"href":"https:\/\/ecovalle.pe\/en\/wp-json\/wp\/v2\/product_cat?post=9299"},{"taxonomy":"product_tag","embeddable":true,"href":"https:\/\/ecovalle.pe\/en\/wp-json\/wp\/v2\/product_tag?post=9299"}],"curies":[{"name":"wp","href":"https:\/\/api.w.org\/{rel}","templated":true}]}}