{"id":9305,"date":"2022-08-27T03:00:50","date_gmt":"2022-08-27T08:00:50","guid":{"rendered":"https:\/\/ecovalle.pe\/?post_type=product&#038;p=9305"},"modified":"2025-05-29T00:00:04","modified_gmt":"2025-05-29T05:00:04","slug":"propol-flu-nino-fsc-vidrio-120ml","status":"publish","type":"product","link":"https:\/\/ecovalle.pe\/en\/product\/propol-flu-nino-fsc-vidrio-120ml\/","title":{"rendered":"Propol flu (ni\u00f1o) Frasco x 120mL"},"content":{"rendered":"<p>Propol Flu es un jarabe formulado especialmente para proteger a los m\u00e1s peque\u00f1os de casa, ideal para ni\u00f1os de 3 a\u00f1os hacia adelante. Su f\u00f3rmula es a base de prop\u00f3leo, eucalipto y miel de abeja, capaz de prevenir los desagradables s\u00edntomas de la gripe como la irritaci\u00f3n de la garganta y congesti\u00f3n nasal, adem\u00e1s, previene las infecciones bacterianas. Con un agradable sabor a miel de abeja.<\/p>\n<p><strong><span style=\"color: #02793c;\">COMPOSICI\u00d3N<\/span><\/strong><\/p>\n<ul>\n<li><strong>Nombre com\u00fan:<\/strong> Eucalipto<\/li>\n<li><strong>Nombre cient\u00edfico:<\/strong> <strong><em>Eucalyptus globulus<\/em> Labill.<\/strong><\/li>\n<li><strong>Parte utilizada:<\/strong> hojas<\/li>\n<\/ul>\n<ul>\n<li><strong>Nombre com\u00fan:<\/strong> Prop\u00f3leos de las abejas<\/li>\n<li><strong>Nombre cient\u00edfico: <em>Apis mellifera<\/em><\/strong><\/li>\n<li><strong>Parte utilizada:<\/strong> resina<\/li>\n<\/ul>\n<ul>\n<li><strong>Nombre com\u00fan:<\/strong> Miel de las abejas<\/li>\n<li><strong>Nombre cient\u00edfico: <em>Apis mellifera<\/em><\/strong><\/li>\n<li><strong>Parte utilizada:<\/strong> miel<\/li>\n<\/ul>\n<p><strong><span style=\"color: #02793c;\">BENEFICIOS<\/span><\/strong><\/p>\n<ul>\n<li>Libertad para respirar<\/li>\n<li>Alivio del dolor de garganta.<\/li>\n<li>Evita y previene las infecciones bacterianas<\/li>\n<\/ul>\n<p><strong><span style=\"color: #02793c;\">\u00bfSAB\u00cdAS QU\u00c9?<\/span><\/strong><br \/>\nLas abejas obreras, cuando encuentran alimento danzan alrededor de este para llamar a sus compa\u00f1eras.<\/p>","protected":false},"excerpt":{"rendered":"<ul>\n<li style=\"font-weight: 400;\" aria-level=\"1\"><span style=\"font-weight: 400;\">Desinflamante de las v\u00edas respiratorias.<\/span><\/li>\n<li style=\"font-weight: 400;\" aria-level=\"1\"><span style=\"font-weight: 400;\">Expectorante natural.<\/span><\/li>\n<li style=\"font-weight: 400;\" aria-level=\"1\"><span style=\"font-weight: 400;\">Efectivo contra microorganismos respiratorios.<\/span><\/li>\n<\/ul>","protected":false},"featured_media":9306,"comment_status":"open","ping_status":"closed","template":"","meta":{"inline_featured_image":false,"_joinchat":[]},"product_cat":[171],"product_tag":[221,237],"class_list":{"0":"post-9305","1":"product","2":"type-product","3":"status-publish","4":"has-post-thumbnail","6":"product_cat-sistema-respiratorio","7":"product_tag-antimicrobiano","8":"product_tag-descongestionante","10":"first","11":"instock","12":"shipping-taxable","13":"purchasable","14":"product-type-simple"},"yoast_head":"<!-- This site is optimized with the Yoast SEO plugin v23.9 - https:\/\/yoast.com\/wordpress\/plugins\/seo\/ -->\n<title>Propol flu (ni\u00f1o) Frasco x 120mL - EcoValle<\/title>\n<meta name=\"robots\" content=\"index, follow, max-snippet:-1, max-image-preview:large, max-video-preview:-1\" \/>\n<link rel=\"canonical\" href=\"https:\/\/ecovalle.pe\/en\/product\/propol-flu-nino-fsc-vidrio-120ml\/\" \/>\n<meta property=\"og:locale\" content=\"en_US\" \/>\n<meta property=\"og:type\" content=\"article\" \/>\n<meta property=\"og:title\" content=\"Propol flu (ni\u00f1o) Frasco x 120mL - EcoValle\" \/>\n<meta property=\"og:description\" content=\"Desinflamante de las v\u00edas respiratorias.  Expectorante natural.  Efectivo contra microorganismos respiratorios.\" \/>\n<meta property=\"og:url\" content=\"https:\/\/ecovalle.pe\/en\/product\/propol-flu-nino-fsc-vidrio-120ml\/\" \/>\n<meta property=\"og:site_name\" content=\"EcoValle\" \/>\n<meta property=\"article:modified_time\" content=\"2025-05-29T05:00:04+00:00\" \/>\n<meta property=\"og:image\" content=\"https:\/\/ecovalle.pe\/wp-content\/uploads\/2022\/08\/PROPOLEO-FLU-120-ML.jpg\" \/>\n\t<meta property=\"og:image:width\" content=\"800\" \/>\n\t<meta property=\"og:image:height\" content=\"800\" \/>\n\t<meta property=\"og:image:type\" content=\"image\/jpeg\" \/>\n<meta name=\"twitter:card\" content=\"summary_large_image\" \/>\n<meta name=\"twitter:label1\" content=\"Est. reading time\" \/>\n\t<meta name=\"twitter:data1\" content=\"1 minute\" \/>\n<script type=\"application\/ld+json\" class=\"yoast-schema-graph\">{\"@context\":\"https:\/\/schema.org\",\"@graph\":[{\"@type\":\"WebPage\",\"@id\":\"https:\/\/ecovalle.pe\/product\/propol-flu-nino-fsc-vidrio-120ml\/\",\"url\":\"https:\/\/ecovalle.pe\/product\/propol-flu-nino-fsc-vidrio-120ml\/\",\"name\":\"Propol flu (ni\u00f1o) Frasco x 120mL - EcoValle\",\"isPartOf\":{\"@id\":\"https:\/\/ecovalle.pe\/#website\"},\"primaryImageOfPage\":{\"@id\":\"https:\/\/ecovalle.pe\/product\/propol-flu-nino-fsc-vidrio-120ml\/#primaryimage\"},\"image\":{\"@id\":\"https:\/\/ecovalle.pe\/product\/propol-flu-nino-fsc-vidrio-120ml\/#primaryimage\"},\"thumbnailUrl\":\"https:\/\/ecovalle.pe\/wp-content\/uploads\/2022\/08\/PROPOLEO-FLU-120-ML.jpg\",\"datePublished\":\"2022-08-27T08:00:50+00:00\",\"dateModified\":\"2025-05-29T05:00:04+00:00\",\"breadcrumb\":{\"@id\":\"https:\/\/ecovalle.pe\/product\/propol-flu-nino-fsc-vidrio-120ml\/#breadcrumb\"},\"inLanguage\":\"en-US\",\"potentialAction\":[{\"@type\":\"ReadAction\",\"target\":[\"https:\/\/ecovalle.pe\/product\/propol-flu-nino-fsc-vidrio-120ml\/\"]}]},{\"@type\":\"ImageObject\",\"inLanguage\":\"en-US\",\"@id\":\"https:\/\/ecovalle.pe\/product\/propol-flu-nino-fsc-vidrio-120ml\/#primaryimage\",\"url\":\"https:\/\/ecovalle.pe\/wp-content\/uploads\/2022\/08\/PROPOLEO-FLU-120-ML.jpg\",\"contentUrl\":\"https:\/\/ecovalle.pe\/wp-content\/uploads\/2022\/08\/PROPOLEO-FLU-120-ML.jpg\",\"width\":800,\"height\":800},{\"@type\":\"BreadcrumbList\",\"@id\":\"https:\/\/ecovalle.pe\/product\/propol-flu-nino-fsc-vidrio-120ml\/#breadcrumb\",\"itemListElement\":[{\"@type\":\"ListItem\",\"position\":1,\"name\":\"Portada\",\"item\":\"https:\/\/ecovalle.pe\/\"},{\"@type\":\"ListItem\",\"position\":2,\"name\":\"Tienda\",\"item\":\"https:\/\/ecovalle.pe\/shop\/\"},{\"@type\":\"ListItem\",\"position\":3,\"name\":\"Propol flu (ni\u00f1o) Frasco x 120mL\"}]},{\"@type\":\"WebSite\",\"@id\":\"https:\/\/ecovalle.pe\/#website\",\"url\":\"https:\/\/ecovalle.pe\/\",\"name\":\"EcoValle\",\"description\":\"Somos una 1 empresa agroindustrial con m\u00e1s de 10 a\u00f1os de experiencia en el rubro de alimentos funcionales. Todos nuestros productos pasan por un estricto proceso de producci\u00f3n y control de calidad, utilizando los m\u00e1s altos est\u00e1ndares de calidad con certificaci\u00f3n internacional.\",\"potentialAction\":[{\"@type\":\"SearchAction\",\"target\":{\"@type\":\"EntryPoint\",\"urlTemplate\":\"https:\/\/ecovalle.pe\/?s={search_term_string}\"},\"query-input\":{\"@type\":\"PropertyValueSpecification\",\"valueRequired\":true,\"valueName\":\"search_term_string\"}}],\"inLanguage\":\"en-US\"}]}<\/script>\n<!-- \/ Yoast SEO plugin. -->","yoast_head_json":{"title":"Propol flu (ni\u00f1o) Frasco x 120mL - EcoValle","robots":{"index":"index","follow":"follow","max-snippet":"max-snippet:-1","max-image-preview":"max-image-preview:large","max-video-preview":"max-video-preview:-1"},"canonical":"https:\/\/ecovalle.pe\/en\/product\/propol-flu-nino-fsc-vidrio-120ml\/","og_locale":"en_US","og_type":"article","og_title":"Propol flu (ni\u00f1o) Frasco x 120mL - EcoValle","og_description":"Desinflamante de las v\u00edas respiratorias.  Expectorante natural.  Efectivo contra microorganismos respiratorios.","og_url":"https:\/\/ecovalle.pe\/en\/product\/propol-flu-nino-fsc-vidrio-120ml\/","og_site_name":"EcoValle","article_modified_time":"2025-05-29T05:00:04+00:00","og_image":[{"width":800,"height":800,"url":"https:\/\/ecovalle.pe\/wp-content\/uploads\/2022\/08\/PROPOLEO-FLU-120-ML.jpg","type":"image\/jpeg"}],"twitter_card":"summary_large_image","twitter_misc":{"Est. reading time":"1 minute"},"schema":{"@context":"https:\/\/schema.org","@graph":[{"@type":"WebPage","@id":"https:\/\/ecovalle.pe\/product\/propol-flu-nino-fsc-vidrio-120ml\/","url":"https:\/\/ecovalle.pe\/product\/propol-flu-nino-fsc-vidrio-120ml\/","name":"Propol flu (ni\u00f1o) Frasco x 120mL - EcoValle","isPartOf":{"@id":"https:\/\/ecovalle.pe\/#website"},"primaryImageOfPage":{"@id":"https:\/\/ecovalle.pe\/product\/propol-flu-nino-fsc-vidrio-120ml\/#primaryimage"},"image":{"@id":"https:\/\/ecovalle.pe\/product\/propol-flu-nino-fsc-vidrio-120ml\/#primaryimage"},"thumbnailUrl":"https:\/\/ecovalle.pe\/wp-content\/uploads\/2022\/08\/PROPOLEO-FLU-120-ML.jpg","datePublished":"2022-08-27T08:00:50+00:00","dateModified":"2025-05-29T05:00:04+00:00","breadcrumb":{"@id":"https:\/\/ecovalle.pe\/product\/propol-flu-nino-fsc-vidrio-120ml\/#breadcrumb"},"inLanguage":"en-US","potentialAction":[{"@type":"ReadAction","target":["https:\/\/ecovalle.pe\/product\/propol-flu-nino-fsc-vidrio-120ml\/"]}]},{"@type":"ImageObject","inLanguage":"en-US","@id":"https:\/\/ecovalle.pe\/product\/propol-flu-nino-fsc-vidrio-120ml\/#primaryimage","url":"https:\/\/ecovalle.pe\/wp-content\/uploads\/2022\/08\/PROPOLEO-FLU-120-ML.jpg","contentUrl":"https:\/\/ecovalle.pe\/wp-content\/uploads\/2022\/08\/PROPOLEO-FLU-120-ML.jpg","width":800,"height":800},{"@type":"BreadcrumbList","@id":"https:\/\/ecovalle.pe\/product\/propol-flu-nino-fsc-vidrio-120ml\/#breadcrumb","itemListElement":[{"@type":"ListItem","position":1,"name":"Portada","item":"https:\/\/ecovalle.pe\/"},{"@type":"ListItem","position":2,"name":"Tienda","item":"https:\/\/ecovalle.pe\/shop\/"},{"@type":"ListItem","position":3,"name":"Propol flu (ni\u00f1o) Frasco x 120mL"}]},{"@type":"WebSite","@id":"https:\/\/ecovalle.pe\/#website","url":"https:\/\/ecovalle.pe\/","name":"EcoValle","description":"Somos una 1 empresa agroindustrial con m\u00e1s de 10 a\u00f1os de experiencia en el rubro de alimentos funcionales. Todos nuestros productos pasan por un estricto proceso de producci\u00f3n y control de calidad, utilizando los m\u00e1s altos est\u00e1ndares de calidad con certificaci\u00f3n internacional.","potentialAction":[{"@type":"SearchAction","target":{"@type":"EntryPoint","urlTemplate":"https:\/\/ecovalle.pe\/?s={search_term_string}"},"query-input":{"@type":"PropertyValueSpecification","valueRequired":true,"valueName":"search_term_string"}}],"inLanguage":"en-US"}]}},"_links":{"self":[{"href":"https:\/\/ecovalle.pe\/en\/wp-json\/wp\/v2\/product\/9305","targetHints":{"allow":["GET"]}}],"collection":[{"href":"https:\/\/ecovalle.pe\/en\/wp-json\/wp\/v2\/product"}],"about":[{"href":"https:\/\/ecovalle.pe\/en\/wp-json\/wp\/v2\/types\/product"}],"replies":[{"embeddable":true,"href":"https:\/\/ecovalle.pe\/en\/wp-json\/wp\/v2\/comments?post=9305"}],"version-history":[{"count":3,"href":"https:\/\/ecovalle.pe\/en\/wp-json\/wp\/v2\/product\/9305\/revisions"}],"predecessor-version":[{"id":10387,"href":"https:\/\/ecovalle.pe\/en\/wp-json\/wp\/v2\/product\/9305\/revisions\/10387"}],"wp:featuredmedia":[{"embeddable":true,"href":"https:\/\/ecovalle.pe\/en\/wp-json\/wp\/v2\/media\/9306"}],"wp:attachment":[{"href":"https:\/\/ecovalle.pe\/en\/wp-json\/wp\/v2\/media?parent=9305"}],"wp:term":[{"taxonomy":"product_cat","embeddable":true,"href":"https:\/\/ecovalle.pe\/en\/wp-json\/wp\/v2\/product_cat?post=9305"},{"taxonomy":"product_tag","embeddable":true,"href":"https:\/\/ecovalle.pe\/en\/wp-json\/wp\/v2\/product_tag?post=9305"}],"curies":[{"name":"wp","href":"https:\/\/api.w.org\/{rel}","templated":true}]}}