{"id":9315,"date":"2022-08-27T03:18:19","date_gmt":"2022-08-27T08:18:19","guid":{"rendered":"https:\/\/ecovalle.pe\/?post_type=product&#038;p=9315"},"modified":"2025-05-29T00:00:10","modified_gmt":"2025-05-29T05:00:10","slug":"sal-de-maras-g-fino-bolsa-nylon-800g","status":"publish","type":"product","link":"https:\/\/ecovalle.pe\/en\/product\/sal-de-maras-g-fino-bolsa-nylon-800g\/","title":{"rendered":"Sal de Maras G-Fino Bolsa nylon x 800g"},"content":{"rendered":"<p>Sazonar tus comidas con el mejor sabor y de la manera m\u00e1s saludable. Con la Sal de Maras una de las sales m\u00e1s puras de todo el planeta, obtendr\u00e1s un sabor exquisito en tus parrillas, ensaladas entre otros alimentos. Contiene m\u00e1s de 80 minerales beneficios para la salud. Engr\u00ede a toda tu familia. Apto para hipertensos.<\/p>\n<p><strong><span style=\"color: #02793c;\">COMPOSICI\u00d3N<\/span><\/strong><\/p>\n<ul>\n<li><strong>Nombre com\u00fan:<\/strong> Sal de maras<\/li>\n<li><strong>Nombre cient\u00edfico:<\/strong> &#8212;<\/li>\n<li><strong>Parte utilizada:<\/strong> Mineral (200 a 250 ppm de Fl\u00faor \/ 30 a 40 ppm de Yodo).<\/li>\n<\/ul>\n<p><strong><span style=\"color: #02793c;\">BENEFICIOS<\/span><\/strong><\/p>\n<ul>\n<li>Aporta un sabor exquisito a las comidas.<\/li>\n<li>Mejora la digesti\u00f3n de los alimentos.<\/li>\n<li>Regula la presi\u00f3n arterial.<\/li>\n<li>Ayuda a regular el contenido de agua en el cuerpo.<\/li>\n<\/ul>\n<p><strong><span style=\"color: #02793c;\">\u00bfSAB\u00cdAS QU\u00c9?<\/span><\/strong><br \/>\nLa cantidad de hierro en la sal de maras le otorga el color caracter\u00edstico de salm\u00f3n tenue (ligeramente rosado).<\/p>","protected":false},"excerpt":{"rendered":"<ul>\n<li style=\"text-align: left;\">Nutritivo<\/li>\n<li style=\"text-align: left;\">Sazonador natural<\/li>\n<li style=\"text-align: left;\">Contiene menor cantidad de sodio que la sal com\u00fan y la sal marina<\/li>\n<li style=\"text-align: left;\">Altamente digerible por nuestro organismo<\/li>\n<li style=\"text-align: left;\">Regula el balance electrol\u00edtico de los fluidos internos<\/li>\n<\/ul>","protected":false},"featured_media":9316,"comment_status":"open","ping_status":"closed","template":"","meta":{"inline_featured_image":false,"_joinchat":[]},"product_cat":[166],"product_tag":[186],"class_list":{"0":"post-9315","1":"product","2":"type-product","3":"status-publish","4":"has-post-thumbnail","6":"product_cat-nutricion","7":"product_tag-nutricion","9":"first","10":"instock","11":"shipping-taxable","12":"purchasable","13":"product-type-simple"},"yoast_head":"<!-- This site is optimized with the Yoast SEO plugin v23.9 - https:\/\/yoast.com\/wordpress\/plugins\/seo\/ -->\n<title>Sal de Maras G-Fino Bolsa nylon x 800g - EcoValle<\/title>\n<meta name=\"robots\" content=\"index, follow, max-snippet:-1, max-image-preview:large, max-video-preview:-1\" \/>\n<link rel=\"canonical\" href=\"https:\/\/ecovalle.pe\/en\/product\/sal-de-maras-g-fino-bolsa-nylon-800g\/\" \/>\n<meta property=\"og:locale\" content=\"en_US\" \/>\n<meta property=\"og:type\" content=\"article\" \/>\n<meta property=\"og:title\" content=\"Sal de Maras G-Fino Bolsa nylon x 800g - EcoValle\" \/>\n<meta property=\"og:description\" content=\"Nutritivo  Sazonador natural  Contiene menor cantidad de sodio que la sal com\u00fan y la sal marina  Altamente digerible por nuestro organismo  Regula el balance electrol\u00edtico de los fluidos internos\" \/>\n<meta property=\"og:url\" content=\"https:\/\/ecovalle.pe\/en\/product\/sal-de-maras-g-fino-bolsa-nylon-800g\/\" \/>\n<meta property=\"og:site_name\" content=\"EcoValle\" \/>\n<meta property=\"article:modified_time\" content=\"2025-05-29T05:00:10+00:00\" \/>\n<meta property=\"og:image\" content=\"https:\/\/ecovalle.pe\/wp-content\/uploads\/2022\/08\/SAL-DE-MARAS-800-G.-NL-2_03.jpg\" \/>\n\t<meta property=\"og:image:width\" content=\"800\" \/>\n\t<meta property=\"og:image:height\" content=\"800\" \/>\n\t<meta property=\"og:image:type\" content=\"image\/jpeg\" \/>\n<meta name=\"twitter:card\" content=\"summary_large_image\" \/>\n<meta name=\"twitter:label1\" content=\"Est. reading time\" \/>\n\t<meta name=\"twitter:data1\" content=\"1 minute\" \/>\n<script type=\"application\/ld+json\" class=\"yoast-schema-graph\">{\"@context\":\"https:\/\/schema.org\",\"@graph\":[{\"@type\":\"WebPage\",\"@id\":\"https:\/\/ecovalle.pe\/product\/sal-de-maras-g-fino-bolsa-nylon-800g\/\",\"url\":\"https:\/\/ecovalle.pe\/product\/sal-de-maras-g-fino-bolsa-nylon-800g\/\",\"name\":\"Sal de Maras G-Fino Bolsa nylon x 800g - EcoValle\",\"isPartOf\":{\"@id\":\"https:\/\/ecovalle.pe\/#website\"},\"primaryImageOfPage\":{\"@id\":\"https:\/\/ecovalle.pe\/product\/sal-de-maras-g-fino-bolsa-nylon-800g\/#primaryimage\"},\"image\":{\"@id\":\"https:\/\/ecovalle.pe\/product\/sal-de-maras-g-fino-bolsa-nylon-800g\/#primaryimage\"},\"thumbnailUrl\":\"https:\/\/ecovalle.pe\/wp-content\/uploads\/2022\/08\/SAL-DE-MARAS-800-G.-NL-2_03.jpg\",\"datePublished\":\"2022-08-27T08:18:19+00:00\",\"dateModified\":\"2025-05-29T05:00:10+00:00\",\"breadcrumb\":{\"@id\":\"https:\/\/ecovalle.pe\/product\/sal-de-maras-g-fino-bolsa-nylon-800g\/#breadcrumb\"},\"inLanguage\":\"en-US\",\"potentialAction\":[{\"@type\":\"ReadAction\",\"target\":[\"https:\/\/ecovalle.pe\/product\/sal-de-maras-g-fino-bolsa-nylon-800g\/\"]}]},{\"@type\":\"ImageObject\",\"inLanguage\":\"en-US\",\"@id\":\"https:\/\/ecovalle.pe\/product\/sal-de-maras-g-fino-bolsa-nylon-800g\/#primaryimage\",\"url\":\"https:\/\/ecovalle.pe\/wp-content\/uploads\/2022\/08\/SAL-DE-MARAS-800-G.-NL-2_03.jpg\",\"contentUrl\":\"https:\/\/ecovalle.pe\/wp-content\/uploads\/2022\/08\/SAL-DE-MARAS-800-G.-NL-2_03.jpg\",\"width\":800,\"height\":800},{\"@type\":\"BreadcrumbList\",\"@id\":\"https:\/\/ecovalle.pe\/product\/sal-de-maras-g-fino-bolsa-nylon-800g\/#breadcrumb\",\"itemListElement\":[{\"@type\":\"ListItem\",\"position\":1,\"name\":\"Portada\",\"item\":\"https:\/\/ecovalle.pe\/\"},{\"@type\":\"ListItem\",\"position\":2,\"name\":\"Tienda\",\"item\":\"https:\/\/ecovalle.pe\/shop\/\"},{\"@type\":\"ListItem\",\"position\":3,\"name\":\"Sal de Maras G-Fino Bolsa nylon x 800g\"}]},{\"@type\":\"WebSite\",\"@id\":\"https:\/\/ecovalle.pe\/#website\",\"url\":\"https:\/\/ecovalle.pe\/\",\"name\":\"EcoValle\",\"description\":\"Somos una 1 empresa agroindustrial con m\u00e1s de 10 a\u00f1os de experiencia en el rubro de alimentos funcionales. Todos nuestros productos pasan por un estricto proceso de producci\u00f3n y control de calidad, utilizando los m\u00e1s altos est\u00e1ndares de calidad con certificaci\u00f3n internacional.\",\"potentialAction\":[{\"@type\":\"SearchAction\",\"target\":{\"@type\":\"EntryPoint\",\"urlTemplate\":\"https:\/\/ecovalle.pe\/?s={search_term_string}\"},\"query-input\":{\"@type\":\"PropertyValueSpecification\",\"valueRequired\":true,\"valueName\":\"search_term_string\"}}],\"inLanguage\":\"en-US\"}]}<\/script>\n<!-- \/ Yoast SEO plugin. -->","yoast_head_json":{"title":"Sal de Maras G-Fino Bolsa nylon x 800g - EcoValle","robots":{"index":"index","follow":"follow","max-snippet":"max-snippet:-1","max-image-preview":"max-image-preview:large","max-video-preview":"max-video-preview:-1"},"canonical":"https:\/\/ecovalle.pe\/en\/product\/sal-de-maras-g-fino-bolsa-nylon-800g\/","og_locale":"en_US","og_type":"article","og_title":"Sal de Maras G-Fino Bolsa nylon x 800g - EcoValle","og_description":"Nutritivo  Sazonador natural  Contiene menor cantidad de sodio que la sal com\u00fan y la sal marina  Altamente digerible por nuestro organismo  Regula el balance electrol\u00edtico de los fluidos internos","og_url":"https:\/\/ecovalle.pe\/en\/product\/sal-de-maras-g-fino-bolsa-nylon-800g\/","og_site_name":"EcoValle","article_modified_time":"2025-05-29T05:00:10+00:00","og_image":[{"width":800,"height":800,"url":"https:\/\/ecovalle.pe\/wp-content\/uploads\/2022\/08\/SAL-DE-MARAS-800-G.-NL-2_03.jpg","type":"image\/jpeg"}],"twitter_card":"summary_large_image","twitter_misc":{"Est. reading time":"1 minute"},"schema":{"@context":"https:\/\/schema.org","@graph":[{"@type":"WebPage","@id":"https:\/\/ecovalle.pe\/product\/sal-de-maras-g-fino-bolsa-nylon-800g\/","url":"https:\/\/ecovalle.pe\/product\/sal-de-maras-g-fino-bolsa-nylon-800g\/","name":"Sal de Maras G-Fino Bolsa nylon x 800g - EcoValle","isPartOf":{"@id":"https:\/\/ecovalle.pe\/#website"},"primaryImageOfPage":{"@id":"https:\/\/ecovalle.pe\/product\/sal-de-maras-g-fino-bolsa-nylon-800g\/#primaryimage"},"image":{"@id":"https:\/\/ecovalle.pe\/product\/sal-de-maras-g-fino-bolsa-nylon-800g\/#primaryimage"},"thumbnailUrl":"https:\/\/ecovalle.pe\/wp-content\/uploads\/2022\/08\/SAL-DE-MARAS-800-G.-NL-2_03.jpg","datePublished":"2022-08-27T08:18:19+00:00","dateModified":"2025-05-29T05:00:10+00:00","breadcrumb":{"@id":"https:\/\/ecovalle.pe\/product\/sal-de-maras-g-fino-bolsa-nylon-800g\/#breadcrumb"},"inLanguage":"en-US","potentialAction":[{"@type":"ReadAction","target":["https:\/\/ecovalle.pe\/product\/sal-de-maras-g-fino-bolsa-nylon-800g\/"]}]},{"@type":"ImageObject","inLanguage":"en-US","@id":"https:\/\/ecovalle.pe\/product\/sal-de-maras-g-fino-bolsa-nylon-800g\/#primaryimage","url":"https:\/\/ecovalle.pe\/wp-content\/uploads\/2022\/08\/SAL-DE-MARAS-800-G.-NL-2_03.jpg","contentUrl":"https:\/\/ecovalle.pe\/wp-content\/uploads\/2022\/08\/SAL-DE-MARAS-800-G.-NL-2_03.jpg","width":800,"height":800},{"@type":"BreadcrumbList","@id":"https:\/\/ecovalle.pe\/product\/sal-de-maras-g-fino-bolsa-nylon-800g\/#breadcrumb","itemListElement":[{"@type":"ListItem","position":1,"name":"Portada","item":"https:\/\/ecovalle.pe\/"},{"@type":"ListItem","position":2,"name":"Tienda","item":"https:\/\/ecovalle.pe\/shop\/"},{"@type":"ListItem","position":3,"name":"Sal de Maras G-Fino Bolsa nylon x 800g"}]},{"@type":"WebSite","@id":"https:\/\/ecovalle.pe\/#website","url":"https:\/\/ecovalle.pe\/","name":"EcoValle","description":"Somos una 1 empresa agroindustrial con m\u00e1s de 10 a\u00f1os de experiencia en el rubro de alimentos funcionales. Todos nuestros productos pasan por un estricto proceso de producci\u00f3n y control de calidad, utilizando los m\u00e1s altos est\u00e1ndares de calidad con certificaci\u00f3n internacional.","potentialAction":[{"@type":"SearchAction","target":{"@type":"EntryPoint","urlTemplate":"https:\/\/ecovalle.pe\/?s={search_term_string}"},"query-input":{"@type":"PropertyValueSpecification","valueRequired":true,"valueName":"search_term_string"}}],"inLanguage":"en-US"}]}},"_links":{"self":[{"href":"https:\/\/ecovalle.pe\/en\/wp-json\/wp\/v2\/product\/9315","targetHints":{"allow":["GET"]}}],"collection":[{"href":"https:\/\/ecovalle.pe\/en\/wp-json\/wp\/v2\/product"}],"about":[{"href":"https:\/\/ecovalle.pe\/en\/wp-json\/wp\/v2\/types\/product"}],"replies":[{"embeddable":true,"href":"https:\/\/ecovalle.pe\/en\/wp-json\/wp\/v2\/comments?post=9315"}],"version-history":[{"count":2,"href":"https:\/\/ecovalle.pe\/en\/wp-json\/wp\/v2\/product\/9315\/revisions"}],"predecessor-version":[{"id":9870,"href":"https:\/\/ecovalle.pe\/en\/wp-json\/wp\/v2\/product\/9315\/revisions\/9870"}],"wp:featuredmedia":[{"embeddable":true,"href":"https:\/\/ecovalle.pe\/en\/wp-json\/wp\/v2\/media\/9316"}],"wp:attachment":[{"href":"https:\/\/ecovalle.pe\/en\/wp-json\/wp\/v2\/media?parent=9315"}],"wp:term":[{"taxonomy":"product_cat","embeddable":true,"href":"https:\/\/ecovalle.pe\/en\/wp-json\/wp\/v2\/product_cat?post=9315"},{"taxonomy":"product_tag","embeddable":true,"href":"https:\/\/ecovalle.pe\/en\/wp-json\/wp\/v2\/product_tag?post=9315"}],"curies":[{"name":"wp","href":"https:\/\/api.w.org\/{rel}","templated":true}]}}