{"id":9321,"date":"2022-08-27T03:30:18","date_gmt":"2022-08-27T08:30:18","guid":{"rendered":"https:\/\/ecovalle.pe\/?post_type=product&#038;p=9321"},"modified":"2025-05-29T00:00:08","modified_gmt":"2025-05-29T05:00:08","slug":"ultramag-aceite-cloruro-de-magnesio-fsc-pet-55ml","status":"publish","type":"product","link":"https:\/\/ecovalle.pe\/en\/product\/ultramag-aceite-cloruro-de-magnesio-fsc-pet-55ml\/","title":{"rendered":"Ultramag Aceite (Cloruro de magnesio) cristalizado frasco x 55mL"},"content":{"rendered":"<p><span style=\"font-weight: 400;\">Nuestro producto aceite ULTRAMAG, proporciona un alivio efectivo contra el dolor muscular, contracciones y calambres, debido a su principal componente: cloruro de magnesio. <\/span><\/p>\n<p><strong><span style=\"color: #02793c;\">COMPOSICI\u00d3N<\/span><\/strong><\/p>\n<ul>\n<li>Nombre com\u00fan: Cloruro de magnesio<\/li>\n<li>Nombre cient\u00edfico: &#8212;<\/li>\n<li>Parte utilizada: &#8212;<\/li>\n<li>Nombre com\u00fan: Agua<\/li>\n<li>Nombre cient\u00edfico: &#8212;<\/li>\n<li>Parte utilizada: &#8212;<\/li>\n<\/ul>\n<p><strong><span style=\"color: #02793c;\">BENEFICIOS<\/span><\/strong><\/p>\n<ul>\n<li style=\"font-weight: 400;\" aria-level=\"1\"><span style=\"font-weight: 400;\">Alivia dolores causados por golpes y lesiones externas.<\/span><\/li>\n<li style=\"font-weight: 400;\" aria-level=\"1\"><span style=\"font-weight: 400;\">Colabora en la relajaci\u00f3n muscular causada por el estr\u00e9s o fr\u00edo.<\/span><\/li>\n<li style=\"font-weight: 400;\" aria-level=\"1\"><span style=\"font-weight: 400;\">Disminuye la sensaci\u00f3n de calambres.<\/span><\/li>\n<li style=\"font-weight: 400;\" aria-level=\"1\"><span style=\"font-weight: 400;\">Recuperaci\u00f3n muscular despu\u00e9s de ejercitarte.<\/span><\/li>\n<\/ul>\n<p><strong><span style=\"color: #02793c;\">\u00bfSAB\u00cdAS QU\u00c9?<\/span><\/strong><br \/>\n<span style=\"font-weight: 400;\">La frecuencia de sensaci\u00f3n de hormigueo en tus extremidades, puede ser debido a la falta de magnesio.<\/span><\/p>","protected":false},"excerpt":{"rendered":"<ul>\n<li style=\"font-weight: 400;\" aria-level=\"1\"><span style=\"font-weight: 400;\">Fijador de calcio.<\/span><\/li>\n<li style=\"font-weight: 400;\" aria-level=\"1\"><span style=\"font-weight: 400;\">Contiene dosis adecuada de magnesio.<\/span><\/li>\n<li style=\"font-weight: 400;\" aria-level=\"1\"><span style=\"font-weight: 400;\">Relajante muscular.<\/span><\/li>\n<li style=\"text-align: left;\">EAN: 7754531000245<\/li>\n<\/ul>","protected":false},"featured_media":14260,"comment_status":"open","ping_status":"closed","template":"","meta":{"inline_featured_image":false,"_joinchat":[]},"product_cat":[168],"product_tag":[197],"class_list":{"0":"post-9321","1":"product","2":"type-product","3":"status-publish","4":"has-post-thumbnail","6":"product_cat-sistema-nervioso","7":"product_tag-sistema-nervioso","9":"first","10":"instock","11":"shipping-taxable","12":"purchasable","13":"product-type-simple"},"yoast_head":"<!-- This site is optimized with the Yoast SEO plugin v23.9 - https:\/\/yoast.com\/wordpress\/plugins\/seo\/ -->\n<title>Ultramag Aceite (Cloruro de magnesio) cristalizado frasco x 55mL - EcoValle<\/title>\n<meta name=\"robots\" content=\"index, follow, max-snippet:-1, max-image-preview:large, max-video-preview:-1\" \/>\n<link rel=\"canonical\" href=\"https:\/\/ecovalle.pe\/en\/product\/ultramag-aceite-cloruro-de-magnesio-fsc-pet-55ml\/\" \/>\n<meta property=\"og:locale\" content=\"en_US\" \/>\n<meta property=\"og:type\" content=\"article\" \/>\n<meta property=\"og:title\" content=\"Ultramag Aceite (Cloruro de magnesio) cristalizado frasco x 55mL - EcoValle\" \/>\n<meta property=\"og:description\" content=\"Fijador de calcio.  Contiene dosis adecuada de magnesio.  Relajante muscular.  EAN: 7754531000245\" \/>\n<meta property=\"og:url\" content=\"https:\/\/ecovalle.pe\/en\/product\/ultramag-aceite-cloruro-de-magnesio-fsc-pet-55ml\/\" \/>\n<meta property=\"og:site_name\" content=\"EcoValle\" \/>\n<meta property=\"article:modified_time\" content=\"2025-05-29T05:00:08+00:00\" \/>\n<meta property=\"og:image\" content=\"https:\/\/ecovalle.pe\/wp-content\/uploads\/2022\/08\/ULTRAMAG-55-ML_01.jpg\" \/>\n\t<meta property=\"og:image:width\" content=\"800\" \/>\n\t<meta property=\"og:image:height\" content=\"800\" \/>\n\t<meta property=\"og:image:type\" content=\"image\/jpeg\" \/>\n<meta name=\"twitter:card\" content=\"summary_large_image\" \/>\n<meta name=\"twitter:label1\" content=\"Est. reading time\" \/>\n\t<meta name=\"twitter:data1\" content=\"1 minute\" \/>\n<script type=\"application\/ld+json\" class=\"yoast-schema-graph\">{\"@context\":\"https:\/\/schema.org\",\"@graph\":[{\"@type\":\"WebPage\",\"@id\":\"https:\/\/ecovalle.pe\/product\/ultramag-aceite-cloruro-de-magnesio-fsc-pet-55ml\/\",\"url\":\"https:\/\/ecovalle.pe\/product\/ultramag-aceite-cloruro-de-magnesio-fsc-pet-55ml\/\",\"name\":\"Ultramag Aceite (Cloruro de magnesio) cristalizado frasco x 55mL - EcoValle\",\"isPartOf\":{\"@id\":\"https:\/\/ecovalle.pe\/#website\"},\"primaryImageOfPage\":{\"@id\":\"https:\/\/ecovalle.pe\/product\/ultramag-aceite-cloruro-de-magnesio-fsc-pet-55ml\/#primaryimage\"},\"image\":{\"@id\":\"https:\/\/ecovalle.pe\/product\/ultramag-aceite-cloruro-de-magnesio-fsc-pet-55ml\/#primaryimage\"},\"thumbnailUrl\":\"https:\/\/ecovalle.pe\/wp-content\/uploads\/2022\/08\/ULTRAMAG-55-ML_01.jpg\",\"datePublished\":\"2022-08-27T08:30:18+00:00\",\"dateModified\":\"2025-05-29T05:00:08+00:00\",\"breadcrumb\":{\"@id\":\"https:\/\/ecovalle.pe\/product\/ultramag-aceite-cloruro-de-magnesio-fsc-pet-55ml\/#breadcrumb\"},\"inLanguage\":\"en-US\",\"potentialAction\":[{\"@type\":\"ReadAction\",\"target\":[\"https:\/\/ecovalle.pe\/product\/ultramag-aceite-cloruro-de-magnesio-fsc-pet-55ml\/\"]}]},{\"@type\":\"ImageObject\",\"inLanguage\":\"en-US\",\"@id\":\"https:\/\/ecovalle.pe\/product\/ultramag-aceite-cloruro-de-magnesio-fsc-pet-55ml\/#primaryimage\",\"url\":\"https:\/\/ecovalle.pe\/wp-content\/uploads\/2022\/08\/ULTRAMAG-55-ML_01.jpg\",\"contentUrl\":\"https:\/\/ecovalle.pe\/wp-content\/uploads\/2022\/08\/ULTRAMAG-55-ML_01.jpg\",\"width\":800,\"height\":800},{\"@type\":\"BreadcrumbList\",\"@id\":\"https:\/\/ecovalle.pe\/product\/ultramag-aceite-cloruro-de-magnesio-fsc-pet-55ml\/#breadcrumb\",\"itemListElement\":[{\"@type\":\"ListItem\",\"position\":1,\"name\":\"Portada\",\"item\":\"https:\/\/ecovalle.pe\/\"},{\"@type\":\"ListItem\",\"position\":2,\"name\":\"Tienda\",\"item\":\"https:\/\/ecovalle.pe\/shop\/\"},{\"@type\":\"ListItem\",\"position\":3,\"name\":\"Ultramag Aceite (Cloruro de magnesio) cristalizado frasco x 55mL\"}]},{\"@type\":\"WebSite\",\"@id\":\"https:\/\/ecovalle.pe\/#website\",\"url\":\"https:\/\/ecovalle.pe\/\",\"name\":\"EcoValle\",\"description\":\"Somos una 1 empresa agroindustrial con m\u00e1s de 10 a\u00f1os de experiencia en el rubro de alimentos funcionales. Todos nuestros productos pasan por un estricto proceso de producci\u00f3n y control de calidad, utilizando los m\u00e1s altos est\u00e1ndares de calidad con certificaci\u00f3n internacional.\",\"potentialAction\":[{\"@type\":\"SearchAction\",\"target\":{\"@type\":\"EntryPoint\",\"urlTemplate\":\"https:\/\/ecovalle.pe\/?s={search_term_string}\"},\"query-input\":{\"@type\":\"PropertyValueSpecification\",\"valueRequired\":true,\"valueName\":\"search_term_string\"}}],\"inLanguage\":\"en-US\"}]}<\/script>\n<!-- \/ Yoast SEO plugin. -->","yoast_head_json":{"title":"Ultramag Aceite (Cloruro de magnesio) cristalizado frasco x 55mL - EcoValle","robots":{"index":"index","follow":"follow","max-snippet":"max-snippet:-1","max-image-preview":"max-image-preview:large","max-video-preview":"max-video-preview:-1"},"canonical":"https:\/\/ecovalle.pe\/en\/product\/ultramag-aceite-cloruro-de-magnesio-fsc-pet-55ml\/","og_locale":"en_US","og_type":"article","og_title":"Ultramag Aceite (Cloruro de magnesio) cristalizado frasco x 55mL - EcoValle","og_description":"Fijador de calcio.  Contiene dosis adecuada de magnesio.  Relajante muscular.  EAN: 7754531000245","og_url":"https:\/\/ecovalle.pe\/en\/product\/ultramag-aceite-cloruro-de-magnesio-fsc-pet-55ml\/","og_site_name":"EcoValle","article_modified_time":"2025-05-29T05:00:08+00:00","og_image":[{"width":800,"height":800,"url":"https:\/\/ecovalle.pe\/wp-content\/uploads\/2022\/08\/ULTRAMAG-55-ML_01.jpg","type":"image\/jpeg"}],"twitter_card":"summary_large_image","twitter_misc":{"Est. reading time":"1 minute"},"schema":{"@context":"https:\/\/schema.org","@graph":[{"@type":"WebPage","@id":"https:\/\/ecovalle.pe\/product\/ultramag-aceite-cloruro-de-magnesio-fsc-pet-55ml\/","url":"https:\/\/ecovalle.pe\/product\/ultramag-aceite-cloruro-de-magnesio-fsc-pet-55ml\/","name":"Ultramag Aceite (Cloruro de magnesio) cristalizado frasco x 55mL - EcoValle","isPartOf":{"@id":"https:\/\/ecovalle.pe\/#website"},"primaryImageOfPage":{"@id":"https:\/\/ecovalle.pe\/product\/ultramag-aceite-cloruro-de-magnesio-fsc-pet-55ml\/#primaryimage"},"image":{"@id":"https:\/\/ecovalle.pe\/product\/ultramag-aceite-cloruro-de-magnesio-fsc-pet-55ml\/#primaryimage"},"thumbnailUrl":"https:\/\/ecovalle.pe\/wp-content\/uploads\/2022\/08\/ULTRAMAG-55-ML_01.jpg","datePublished":"2022-08-27T08:30:18+00:00","dateModified":"2025-05-29T05:00:08+00:00","breadcrumb":{"@id":"https:\/\/ecovalle.pe\/product\/ultramag-aceite-cloruro-de-magnesio-fsc-pet-55ml\/#breadcrumb"},"inLanguage":"en-US","potentialAction":[{"@type":"ReadAction","target":["https:\/\/ecovalle.pe\/product\/ultramag-aceite-cloruro-de-magnesio-fsc-pet-55ml\/"]}]},{"@type":"ImageObject","inLanguage":"en-US","@id":"https:\/\/ecovalle.pe\/product\/ultramag-aceite-cloruro-de-magnesio-fsc-pet-55ml\/#primaryimage","url":"https:\/\/ecovalle.pe\/wp-content\/uploads\/2022\/08\/ULTRAMAG-55-ML_01.jpg","contentUrl":"https:\/\/ecovalle.pe\/wp-content\/uploads\/2022\/08\/ULTRAMAG-55-ML_01.jpg","width":800,"height":800},{"@type":"BreadcrumbList","@id":"https:\/\/ecovalle.pe\/product\/ultramag-aceite-cloruro-de-magnesio-fsc-pet-55ml\/#breadcrumb","itemListElement":[{"@type":"ListItem","position":1,"name":"Portada","item":"https:\/\/ecovalle.pe\/"},{"@type":"ListItem","position":2,"name":"Tienda","item":"https:\/\/ecovalle.pe\/shop\/"},{"@type":"ListItem","position":3,"name":"Ultramag Aceite (Cloruro de magnesio) cristalizado frasco x 55mL"}]},{"@type":"WebSite","@id":"https:\/\/ecovalle.pe\/#website","url":"https:\/\/ecovalle.pe\/","name":"EcoValle","description":"Somos una 1 empresa agroindustrial con m\u00e1s de 10 a\u00f1os de experiencia en el rubro de alimentos funcionales. Todos nuestros productos pasan por un estricto proceso de producci\u00f3n y control de calidad, utilizando los m\u00e1s altos est\u00e1ndares de calidad con certificaci\u00f3n internacional.","potentialAction":[{"@type":"SearchAction","target":{"@type":"EntryPoint","urlTemplate":"https:\/\/ecovalle.pe\/?s={search_term_string}"},"query-input":{"@type":"PropertyValueSpecification","valueRequired":true,"valueName":"search_term_string"}}],"inLanguage":"en-US"}]}},"_links":{"self":[{"href":"https:\/\/ecovalle.pe\/en\/wp-json\/wp\/v2\/product\/9321","targetHints":{"allow":["GET"]}}],"collection":[{"href":"https:\/\/ecovalle.pe\/en\/wp-json\/wp\/v2\/product"}],"about":[{"href":"https:\/\/ecovalle.pe\/en\/wp-json\/wp\/v2\/types\/product"}],"replies":[{"embeddable":true,"href":"https:\/\/ecovalle.pe\/en\/wp-json\/wp\/v2\/comments?post=9321"}],"version-history":[{"count":5,"href":"https:\/\/ecovalle.pe\/en\/wp-json\/wp\/v2\/product\/9321\/revisions"}],"predecessor-version":[{"id":9360,"href":"https:\/\/ecovalle.pe\/en\/wp-json\/wp\/v2\/product\/9321\/revisions\/9360"}],"wp:featuredmedia":[{"embeddable":true,"href":"https:\/\/ecovalle.pe\/en\/wp-json\/wp\/v2\/media\/14260"}],"wp:attachment":[{"href":"https:\/\/ecovalle.pe\/en\/wp-json\/wp\/v2\/media?parent=9321"}],"wp:term":[{"taxonomy":"product_cat","embeddable":true,"href":"https:\/\/ecovalle.pe\/en\/wp-json\/wp\/v2\/product_cat?post=9321"},{"taxonomy":"product_tag","embeddable":true,"href":"https:\/\/ecovalle.pe\/en\/wp-json\/wp\/v2\/product_tag?post=9321"}],"curies":[{"name":"wp","href":"https:\/\/api.w.org\/{rel}","templated":true}]}}