{"id":9328,"date":"2022-08-27T03:56:20","date_gmt":"2022-08-27T08:56:20","guid":{"rendered":"https:\/\/ecovalle.pe\/?post_type=product&#038;p=9328"},"modified":"2025-05-29T00:00:08","modified_gmt":"2025-05-29T05:00:08","slug":"ultramag-cloruro-de-magnesio-pote-blanco-450g","status":"publish","type":"product","link":"https:\/\/ecovalle.pe\/en\/product\/ultramag-cloruro-de-magnesio-pote-blanco-450g\/","title":{"rendered":"Ultramag (Cloruro de magnesio) cristalizado pote x 450g"},"content":{"rendered":"<p><span style=\"font-weight: 400;\">ULTRAMAG es un producto que contiene al magnesio dentro de su f\u00f3rmula, el cual es un mineral muy importante en las personas, pues potencia las funciones celulares favoreciendo una buena salud de los huesos y m\u00fasculos.<\/span><\/p>\n<p><strong><span style=\"color: #02793c;\">COMPOSICI\u00d3N<\/span><\/strong><\/p>\n<ul>\n<li>Nombre com\u00fan: Cloruro de magnesio<\/li>\n<li>Nombre cient\u00edfico: &#8212;<\/li>\n<li>Parte utilizada: &#8212;<\/li>\n<\/ul>\n<p><strong><span style=\"color: #02793c;\">BENEFICIOS<\/span><\/strong><\/p>\n<ul>\n<li style=\"font-weight: 400;\" aria-level=\"1\"><span style=\"font-weight: 400;\">Mejora la concentraci\u00f3n de calcio en los huesos.<\/span><\/li>\n<li style=\"font-weight: 400;\" aria-level=\"1\"><span style=\"font-weight: 400;\">Previene el riesgo de fracturas y osteoporosis.<\/span><\/li>\n<li style=\"font-weight: 400;\" aria-level=\"1\"><span style=\"font-weight: 400;\">Ayuda a calmar temblores y calambres musculares.<\/span><\/li>\n<li style=\"font-weight: 400;\" aria-level=\"1\"><span style=\"font-weight: 400;\">Alivia dolores de cabeza como la migra\u00f1a<\/span><\/li>\n<\/ul>\n<p><strong><span style=\"color: #02793c;\">\u00bfSAB\u00cdAS QU\u00c9?<\/span><\/strong><br \/>\n<span style=\"font-weight: 400;\">El magnesio es el cuarto mineral m\u00e1s importante en nuestro organismo.<\/span><\/p>","protected":false},"excerpt":{"rendered":"<ul>\n<li style=\"font-weight: 400;\" aria-level=\"1\"><span style=\"font-weight: 400;\">Fijador de calcio.<\/span><\/li>\n<li style=\"font-weight: 400;\" aria-level=\"1\"><span style=\"font-weight: 400;\">Contiene dosis adecuada de magnesio.<\/span><\/li>\n<li style=\"font-weight: 400;\" aria-level=\"1\"><span style=\"font-weight: 400;\">Relajante muscular.<\/span><\/li>\n<\/ul>","protected":false},"featured_media":14255,"comment_status":"open","ping_status":"closed","template":"","meta":{"inline_featured_image":false,"_joinchat":[]},"product_cat":[169],"product_tag":[191],"class_list":{"0":"post-9328","1":"product","2":"type-product","3":"status-publish","4":"has-post-thumbnail","6":"product_cat-sistema-oseo","7":"product_tag-sistema-oseo","9":"first","10":"instock","11":"shipping-taxable","12":"purchasable","13":"product-type-simple"},"yoast_head":"<!-- This site is optimized with the Yoast SEO plugin v23.9 - https:\/\/yoast.com\/wordpress\/plugins\/seo\/ -->\n<title>Ultramag (Cloruro de magnesio) cristalizado pote x 450g - EcoValle<\/title>\n<meta name=\"description\" content=\"ULTRAMAG es un producto que contiene al magnesio dentro de su f\u00f3rmula, el cual es un mineral muy importante en las personas, pues potencia las funciones celulares favoreciendo una buena salud de los huesos y m\u00fasculos.\" \/>\n<meta name=\"robots\" content=\"index, follow, max-snippet:-1, max-image-preview:large, max-video-preview:-1\" \/>\n<link rel=\"canonical\" href=\"https:\/\/ecovalle.pe\/en\/product\/ultramag-cloruro-de-magnesio-pote-blanco-450g\/\" \/>\n<meta property=\"og:locale\" content=\"en_US\" \/>\n<meta property=\"og:type\" content=\"article\" \/>\n<meta property=\"og:title\" content=\"Ultramag (Cloruro de magnesio) cristalizado pote x 450g - EcoValle\" \/>\n<meta property=\"og:description\" content=\"ULTRAMAG es un producto que contiene al magnesio dentro de su f\u00f3rmula, el cual es un mineral muy importante en las personas, pues potencia las funciones celulares favoreciendo una buena salud de los huesos y m\u00fasculos.\" \/>\n<meta property=\"og:url\" content=\"https:\/\/ecovalle.pe\/en\/product\/ultramag-cloruro-de-magnesio-pote-blanco-450g\/\" \/>\n<meta property=\"og:site_name\" content=\"EcoValle\" \/>\n<meta property=\"article:modified_time\" content=\"2025-05-29T05:00:08+00:00\" \/>\n<meta property=\"og:image\" content=\"https:\/\/ecovalle.pe\/wp-content\/uploads\/2022\/08\/ULTRAMAG-450-GR.jpg\" \/>\n\t<meta property=\"og:image:width\" content=\"800\" \/>\n\t<meta property=\"og:image:height\" content=\"800\" \/>\n\t<meta property=\"og:image:type\" content=\"image\/jpeg\" \/>\n<meta name=\"twitter:card\" content=\"summary_large_image\" \/>\n<meta name=\"twitter:label1\" content=\"Est. reading time\" \/>\n\t<meta name=\"twitter:data1\" content=\"1 minute\" \/>\n<script type=\"application\/ld+json\" class=\"yoast-schema-graph\">{\"@context\":\"https:\/\/schema.org\",\"@graph\":[{\"@type\":\"WebPage\",\"@id\":\"https:\/\/ecovalle.pe\/product\/ultramag-cloruro-de-magnesio-pote-blanco-450g\/\",\"url\":\"https:\/\/ecovalle.pe\/product\/ultramag-cloruro-de-magnesio-pote-blanco-450g\/\",\"name\":\"Ultramag (Cloruro de magnesio) cristalizado pote x 450g - EcoValle\",\"isPartOf\":{\"@id\":\"https:\/\/ecovalle.pe\/#website\"},\"primaryImageOfPage\":{\"@id\":\"https:\/\/ecovalle.pe\/product\/ultramag-cloruro-de-magnesio-pote-blanco-450g\/#primaryimage\"},\"image\":{\"@id\":\"https:\/\/ecovalle.pe\/product\/ultramag-cloruro-de-magnesio-pote-blanco-450g\/#primaryimage\"},\"thumbnailUrl\":\"https:\/\/ecovalle.pe\/wp-content\/uploads\/2022\/08\/ULTRAMAG-450-GR.jpg\",\"datePublished\":\"2022-08-27T08:56:20+00:00\",\"dateModified\":\"2025-05-29T05:00:08+00:00\",\"description\":\"ULTRAMAG es un producto que contiene al magnesio dentro de su f\u00f3rmula, el cual es un mineral muy importante en las personas, pues potencia las funciones celulares favoreciendo una buena salud de los huesos y m\u00fasculos.\",\"breadcrumb\":{\"@id\":\"https:\/\/ecovalle.pe\/product\/ultramag-cloruro-de-magnesio-pote-blanco-450g\/#breadcrumb\"},\"inLanguage\":\"en-US\",\"potentialAction\":[{\"@type\":\"ReadAction\",\"target\":[\"https:\/\/ecovalle.pe\/product\/ultramag-cloruro-de-magnesio-pote-blanco-450g\/\"]}]},{\"@type\":\"ImageObject\",\"inLanguage\":\"en-US\",\"@id\":\"https:\/\/ecovalle.pe\/product\/ultramag-cloruro-de-magnesio-pote-blanco-450g\/#primaryimage\",\"url\":\"https:\/\/ecovalle.pe\/wp-content\/uploads\/2022\/08\/ULTRAMAG-450-GR.jpg\",\"contentUrl\":\"https:\/\/ecovalle.pe\/wp-content\/uploads\/2022\/08\/ULTRAMAG-450-GR.jpg\",\"width\":800,\"height\":800},{\"@type\":\"BreadcrumbList\",\"@id\":\"https:\/\/ecovalle.pe\/product\/ultramag-cloruro-de-magnesio-pote-blanco-450g\/#breadcrumb\",\"itemListElement\":[{\"@type\":\"ListItem\",\"position\":1,\"name\":\"Portada\",\"item\":\"https:\/\/ecovalle.pe\/\"},{\"@type\":\"ListItem\",\"position\":2,\"name\":\"Tienda\",\"item\":\"https:\/\/ecovalle.pe\/shop\/\"},{\"@type\":\"ListItem\",\"position\":3,\"name\":\"Ultramag (Cloruro de magnesio) cristalizado pote x 450g\"}]},{\"@type\":\"WebSite\",\"@id\":\"https:\/\/ecovalle.pe\/#website\",\"url\":\"https:\/\/ecovalle.pe\/\",\"name\":\"EcoValle\",\"description\":\"Somos una 1 empresa agroindustrial con m\u00e1s de 10 a\u00f1os de experiencia en el rubro de alimentos funcionales. Todos nuestros productos pasan por un estricto proceso de producci\u00f3n y control de calidad, utilizando los m\u00e1s altos est\u00e1ndares de calidad con certificaci\u00f3n internacional.\",\"potentialAction\":[{\"@type\":\"SearchAction\",\"target\":{\"@type\":\"EntryPoint\",\"urlTemplate\":\"https:\/\/ecovalle.pe\/?s={search_term_string}\"},\"query-input\":{\"@type\":\"PropertyValueSpecification\",\"valueRequired\":true,\"valueName\":\"search_term_string\"}}],\"inLanguage\":\"en-US\"}]}<\/script>\n<!-- \/ Yoast SEO plugin. -->","yoast_head_json":{"title":"Ultramag (Cloruro de magnesio) cristalizado pote x 450g - EcoValle","description":"ULTRAMAG es un producto que contiene al magnesio dentro de su f\u00f3rmula, el cual es un mineral muy importante en las personas, pues potencia las funciones celulares favoreciendo una buena salud de los huesos y m\u00fasculos.","robots":{"index":"index","follow":"follow","max-snippet":"max-snippet:-1","max-image-preview":"max-image-preview:large","max-video-preview":"max-video-preview:-1"},"canonical":"https:\/\/ecovalle.pe\/en\/product\/ultramag-cloruro-de-magnesio-pote-blanco-450g\/","og_locale":"en_US","og_type":"article","og_title":"Ultramag (Cloruro de magnesio) cristalizado pote x 450g - EcoValle","og_description":"ULTRAMAG es un producto que contiene al magnesio dentro de su f\u00f3rmula, el cual es un mineral muy importante en las personas, pues potencia las funciones celulares favoreciendo una buena salud de los huesos y m\u00fasculos.","og_url":"https:\/\/ecovalle.pe\/en\/product\/ultramag-cloruro-de-magnesio-pote-blanco-450g\/","og_site_name":"EcoValle","article_modified_time":"2025-05-29T05:00:08+00:00","og_image":[{"width":800,"height":800,"url":"https:\/\/ecovalle.pe\/wp-content\/uploads\/2022\/08\/ULTRAMAG-450-GR.jpg","type":"image\/jpeg"}],"twitter_card":"summary_large_image","twitter_misc":{"Est. reading time":"1 minute"},"schema":{"@context":"https:\/\/schema.org","@graph":[{"@type":"WebPage","@id":"https:\/\/ecovalle.pe\/product\/ultramag-cloruro-de-magnesio-pote-blanco-450g\/","url":"https:\/\/ecovalle.pe\/product\/ultramag-cloruro-de-magnesio-pote-blanco-450g\/","name":"Ultramag (Cloruro de magnesio) cristalizado pote x 450g - EcoValle","isPartOf":{"@id":"https:\/\/ecovalle.pe\/#website"},"primaryImageOfPage":{"@id":"https:\/\/ecovalle.pe\/product\/ultramag-cloruro-de-magnesio-pote-blanco-450g\/#primaryimage"},"image":{"@id":"https:\/\/ecovalle.pe\/product\/ultramag-cloruro-de-magnesio-pote-blanco-450g\/#primaryimage"},"thumbnailUrl":"https:\/\/ecovalle.pe\/wp-content\/uploads\/2022\/08\/ULTRAMAG-450-GR.jpg","datePublished":"2022-08-27T08:56:20+00:00","dateModified":"2025-05-29T05:00:08+00:00","description":"ULTRAMAG es un producto que contiene al magnesio dentro de su f\u00f3rmula, el cual es un mineral muy importante en las personas, pues potencia las funciones celulares favoreciendo una buena salud de los huesos y m\u00fasculos.","breadcrumb":{"@id":"https:\/\/ecovalle.pe\/product\/ultramag-cloruro-de-magnesio-pote-blanco-450g\/#breadcrumb"},"inLanguage":"en-US","potentialAction":[{"@type":"ReadAction","target":["https:\/\/ecovalle.pe\/product\/ultramag-cloruro-de-magnesio-pote-blanco-450g\/"]}]},{"@type":"ImageObject","inLanguage":"en-US","@id":"https:\/\/ecovalle.pe\/product\/ultramag-cloruro-de-magnesio-pote-blanco-450g\/#primaryimage","url":"https:\/\/ecovalle.pe\/wp-content\/uploads\/2022\/08\/ULTRAMAG-450-GR.jpg","contentUrl":"https:\/\/ecovalle.pe\/wp-content\/uploads\/2022\/08\/ULTRAMAG-450-GR.jpg","width":800,"height":800},{"@type":"BreadcrumbList","@id":"https:\/\/ecovalle.pe\/product\/ultramag-cloruro-de-magnesio-pote-blanco-450g\/#breadcrumb","itemListElement":[{"@type":"ListItem","position":1,"name":"Portada","item":"https:\/\/ecovalle.pe\/"},{"@type":"ListItem","position":2,"name":"Tienda","item":"https:\/\/ecovalle.pe\/shop\/"},{"@type":"ListItem","position":3,"name":"Ultramag (Cloruro de magnesio) cristalizado pote x 450g"}]},{"@type":"WebSite","@id":"https:\/\/ecovalle.pe\/#website","url":"https:\/\/ecovalle.pe\/","name":"EcoValle","description":"Somos una 1 empresa agroindustrial con m\u00e1s de 10 a\u00f1os de experiencia en el rubro de alimentos funcionales. Todos nuestros productos pasan por un estricto proceso de producci\u00f3n y control de calidad, utilizando los m\u00e1s altos est\u00e1ndares de calidad con certificaci\u00f3n internacional.","potentialAction":[{"@type":"SearchAction","target":{"@type":"EntryPoint","urlTemplate":"https:\/\/ecovalle.pe\/?s={search_term_string}"},"query-input":{"@type":"PropertyValueSpecification","valueRequired":true,"valueName":"search_term_string"}}],"inLanguage":"en-US"}]}},"_links":{"self":[{"href":"https:\/\/ecovalle.pe\/en\/wp-json\/wp\/v2\/product\/9328","targetHints":{"allow":["GET"]}}],"collection":[{"href":"https:\/\/ecovalle.pe\/en\/wp-json\/wp\/v2\/product"}],"about":[{"href":"https:\/\/ecovalle.pe\/en\/wp-json\/wp\/v2\/types\/product"}],"replies":[{"embeddable":true,"href":"https:\/\/ecovalle.pe\/en\/wp-json\/wp\/v2\/comments?post=9328"}],"version-history":[{"count":4,"href":"https:\/\/ecovalle.pe\/en\/wp-json\/wp\/v2\/product\/9328\/revisions"}],"predecessor-version":[{"id":9352,"href":"https:\/\/ecovalle.pe\/en\/wp-json\/wp\/v2\/product\/9328\/revisions\/9352"}],"wp:featuredmedia":[{"embeddable":true,"href":"https:\/\/ecovalle.pe\/en\/wp-json\/wp\/v2\/media\/14255"}],"wp:attachment":[{"href":"https:\/\/ecovalle.pe\/en\/wp-json\/wp\/v2\/media?parent=9328"}],"wp:term":[{"taxonomy":"product_cat","embeddable":true,"href":"https:\/\/ecovalle.pe\/en\/wp-json\/wp\/v2\/product_cat?post=9328"},{"taxonomy":"product_tag","embeddable":true,"href":"https:\/\/ecovalle.pe\/en\/wp-json\/wp\/v2\/product_tag?post=9328"}],"curies":[{"name":"wp","href":"https:\/\/api.w.org\/{rel}","templated":true}]}}