{"id":9370,"date":"2022-08-27T14:58:35","date_gmt":"2022-08-27T19:58:35","guid":{"rendered":"https:\/\/ecovalle.pe\/?post_type=product&#038;p=9370"},"modified":"2026-01-06T15:03:24","modified_gmt":"2026-01-06T20:03:24","slug":"chancapiedra-capsulas-500mg-100caps","status":"publish","type":"product","link":"https:\/\/ecovalle.pe\/en\/product\/chancapiedra-capsulas-500mg-100caps\/","title":{"rendered":"Chancapiedra de 500mg c\/u x 100 c\u00e1ps."},"content":{"rendered":"<p>La mezcla de harina de chancapiedra, cola de caballo y diente de le\u00f3n es una f\u00f3rmula eficaz para mitigar los s\u00edntomas que ocasionan los c\u00e1lculos renales al momento de miccionar, brindando alivio del dolor y desinflamando el conducto urinario.<\/p>\n<p><strong><span style=\"color: #02793c;\">COMPOSICI\u00d3N<\/span><\/strong><\/p>\n<ul>\n<li>Nombre com\u00fan: Chancapiedra<\/li>\n<li>Nombre cient\u00edfico: Phyllanthus niruri L.<\/li>\n<li>Parte utilizada: hojas<\/li>\n<li>Nombre com\u00fan: Cola de caballo<\/li>\n<li>Nombre cient\u00edfico: Equisetum arvense L.<\/li>\n<li>Parte utilizada: hojas y tallo<\/li>\n<li>Nombre com\u00fan: Diente de le\u00f3n<\/li>\n<li>Nombre cient\u00edfico: Taraxacum officinale (L.) Weber ex F.H.Wigg.<\/li>\n<li>Parte utilizada: planta entera<\/li>\n<\/ul>\n<p><strong><span style=\"color: #02793c;\">BENEFICIOS<\/span><\/strong><\/p>\n<ul>\n<li>Impide la formaci\u00f3n de arenillas.<\/li>\n<li>Aumenta la diuresis.<\/li>\n<li>Permite la expulsi\u00f3n de los c\u00e1lculos renales.<\/li>\n<li>Disminuye el dolor al momento de orinar.<\/li>\n<li>Reduce la inflamaci\u00f3n renal.<\/li>\n<\/ul>\n<p><strong><span style=\"color: #02793c;\">\u00bfSAB\u00cdAS QU\u00c9?<\/span><\/strong><br \/>\nLa filantina es el compuesto responsable del efecto antiliti\u00e1sico de la chancapiedra.<\/p>","protected":false},"excerpt":{"rendered":"<ul>\n<li style=\"text-align: left;\">Analg\u00e9sico<\/li>\n<li style=\"text-align: left;\">Antiinflamatorio<\/li>\n<li style=\"text-align: left;\">Reduce la reabsorci\u00f3n de sodio<\/li>\n<li style=\"text-align: left;\">Acelera la filtraci\u00f3n de la orina<\/li>\n<li style=\"text-align: left;\">Facilita la eliminaci\u00f3n de \u00e1cido \u00farico<\/li>\n<li style=\"text-align: left;\">Contribuye a disolver los cristales de calcio<\/li>\n<li style=\"text-align: left;\">Ayuda a la relajaci\u00f3n uretral<\/li>\n<li style=\"text-align: left;\">Evita la retenci\u00f3n de l\u00edquidos<\/li>\n<\/ul>","protected":false},"featured_media":14879,"comment_status":"open","ping_status":"closed","template":"","meta":{"inline_featured_image":false,"_joinchat":[]},"product_cat":[163],"product_tag":[188],"class_list":{"0":"post-9370","1":"product","2":"type-product","3":"status-publish","4":"has-post-thumbnail","6":"product_cat-sistema-urinario","7":"product_tag-sistema-urinario","9":"first","10":"instock","11":"shipping-taxable","12":"purchasable","13":"product-type-simple"},"yoast_head":"<!-- This site is optimized with the Yoast SEO plugin v23.9 - https:\/\/yoast.com\/wordpress\/plugins\/seo\/ -->\n<title>Chancapiedra de 500mg c\/u x 100 c\u00e1ps. - EcoValle<\/title>\n<meta name=\"robots\" content=\"index, follow, max-snippet:-1, max-image-preview:large, max-video-preview:-1\" \/>\n<link rel=\"canonical\" href=\"https:\/\/ecovalle.pe\/en\/product\/chancapiedra-capsulas-500mg-100caps\/\" \/>\n<meta property=\"og:locale\" content=\"en_US\" \/>\n<meta property=\"og:type\" content=\"article\" \/>\n<meta property=\"og:title\" content=\"Chancapiedra de 500mg c\/u x 100 c\u00e1ps. - EcoValle\" \/>\n<meta property=\"og:description\" content=\"Analg\u00e9sico  Antiinflamatorio  Reduce la reabsorci\u00f3n de sodio  Acelera la filtraci\u00f3n de la orina  Facilita la eliminaci\u00f3n de \u00e1cido \u00farico  Contribuye a disolver los cristales de calcio  Ayuda a la relajaci\u00f3n uretral  Evita la retenci\u00f3n de l\u00edquidos\" \/>\n<meta property=\"og:url\" content=\"https:\/\/ecovalle.pe\/en\/product\/chancapiedra-capsulas-500mg-100caps\/\" \/>\n<meta property=\"og:site_name\" content=\"EcoValle\" \/>\n<meta property=\"article:modified_time\" content=\"2026-01-06T20:03:24+00:00\" \/>\n<meta property=\"og:image\" content=\"https:\/\/ecovalle.pe\/wp-content\/uploads\/2022\/08\/CHANCAPIEDRA_CAPS01.jpg\" \/>\n\t<meta property=\"og:image:width\" content=\"800\" \/>\n\t<meta property=\"og:image:height\" content=\"800\" \/>\n\t<meta property=\"og:image:type\" content=\"image\/jpeg\" \/>\n<meta name=\"twitter:card\" content=\"summary_large_image\" \/>\n<meta name=\"twitter:label1\" content=\"Est. reading time\" \/>\n\t<meta name=\"twitter:data1\" content=\"1 minute\" \/>\n<script type=\"application\/ld+json\" class=\"yoast-schema-graph\">{\"@context\":\"https:\/\/schema.org\",\"@graph\":[{\"@type\":\"WebPage\",\"@id\":\"https:\/\/ecovalle.pe\/product\/chancapiedra-capsulas-500mg-100caps\/\",\"url\":\"https:\/\/ecovalle.pe\/product\/chancapiedra-capsulas-500mg-100caps\/\",\"name\":\"Chancapiedra de 500mg c\/u x 100 c\u00e1ps. - EcoValle\",\"isPartOf\":{\"@id\":\"https:\/\/ecovalle.pe\/#website\"},\"primaryImageOfPage\":{\"@id\":\"https:\/\/ecovalle.pe\/product\/chancapiedra-capsulas-500mg-100caps\/#primaryimage\"},\"image\":{\"@id\":\"https:\/\/ecovalle.pe\/product\/chancapiedra-capsulas-500mg-100caps\/#primaryimage\"},\"thumbnailUrl\":\"https:\/\/ecovalle.pe\/wp-content\/uploads\/2022\/08\/CHANCAPIEDRA_CAPS01.jpg\",\"datePublished\":\"2022-08-27T19:58:35+00:00\",\"dateModified\":\"2026-01-06T20:03:24+00:00\",\"breadcrumb\":{\"@id\":\"https:\/\/ecovalle.pe\/product\/chancapiedra-capsulas-500mg-100caps\/#breadcrumb\"},\"inLanguage\":\"en-US\",\"potentialAction\":[{\"@type\":\"ReadAction\",\"target\":[\"https:\/\/ecovalle.pe\/product\/chancapiedra-capsulas-500mg-100caps\/\"]}]},{\"@type\":\"ImageObject\",\"inLanguage\":\"en-US\",\"@id\":\"https:\/\/ecovalle.pe\/product\/chancapiedra-capsulas-500mg-100caps\/#primaryimage\",\"url\":\"https:\/\/ecovalle.pe\/wp-content\/uploads\/2022\/08\/CHANCAPIEDRA_CAPS01.jpg\",\"contentUrl\":\"https:\/\/ecovalle.pe\/wp-content\/uploads\/2022\/08\/CHANCAPIEDRA_CAPS01.jpg\",\"width\":800,\"height\":800},{\"@type\":\"BreadcrumbList\",\"@id\":\"https:\/\/ecovalle.pe\/product\/chancapiedra-capsulas-500mg-100caps\/#breadcrumb\",\"itemListElement\":[{\"@type\":\"ListItem\",\"position\":1,\"name\":\"Portada\",\"item\":\"https:\/\/ecovalle.pe\/\"},{\"@type\":\"ListItem\",\"position\":2,\"name\":\"Tienda\",\"item\":\"https:\/\/ecovalle.pe\/shop\/\"},{\"@type\":\"ListItem\",\"position\":3,\"name\":\"Chancapiedra de 500mg c\/u x 100 c\u00e1ps.\"}]},{\"@type\":\"WebSite\",\"@id\":\"https:\/\/ecovalle.pe\/#website\",\"url\":\"https:\/\/ecovalle.pe\/\",\"name\":\"EcoValle\",\"description\":\"Somos una 1 empresa agroindustrial con m\u00e1s de 10 a\u00f1os de experiencia en el rubro de alimentos funcionales. Todos nuestros productos pasan por un estricto proceso de producci\u00f3n y control de calidad, utilizando los m\u00e1s altos est\u00e1ndares de calidad con certificaci\u00f3n internacional.\",\"potentialAction\":[{\"@type\":\"SearchAction\",\"target\":{\"@type\":\"EntryPoint\",\"urlTemplate\":\"https:\/\/ecovalle.pe\/?s={search_term_string}\"},\"query-input\":{\"@type\":\"PropertyValueSpecification\",\"valueRequired\":true,\"valueName\":\"search_term_string\"}}],\"inLanguage\":\"en-US\"}]}<\/script>\n<!-- \/ Yoast SEO plugin. -->","yoast_head_json":{"title":"Chancapiedra de 500mg c\/u x 100 c\u00e1ps. - EcoValle","robots":{"index":"index","follow":"follow","max-snippet":"max-snippet:-1","max-image-preview":"max-image-preview:large","max-video-preview":"max-video-preview:-1"},"canonical":"https:\/\/ecovalle.pe\/en\/product\/chancapiedra-capsulas-500mg-100caps\/","og_locale":"en_US","og_type":"article","og_title":"Chancapiedra de 500mg c\/u x 100 c\u00e1ps. - EcoValle","og_description":"Analg\u00e9sico  Antiinflamatorio  Reduce la reabsorci\u00f3n de sodio  Acelera la filtraci\u00f3n de la orina  Facilita la eliminaci\u00f3n de \u00e1cido \u00farico  Contribuye a disolver los cristales de calcio  Ayuda a la relajaci\u00f3n uretral  Evita la retenci\u00f3n de l\u00edquidos","og_url":"https:\/\/ecovalle.pe\/en\/product\/chancapiedra-capsulas-500mg-100caps\/","og_site_name":"EcoValle","article_modified_time":"2026-01-06T20:03:24+00:00","og_image":[{"width":800,"height":800,"url":"https:\/\/ecovalle.pe\/wp-content\/uploads\/2022\/08\/CHANCAPIEDRA_CAPS01.jpg","type":"image\/jpeg"}],"twitter_card":"summary_large_image","twitter_misc":{"Est. reading time":"1 minute"},"schema":{"@context":"https:\/\/schema.org","@graph":[{"@type":"WebPage","@id":"https:\/\/ecovalle.pe\/product\/chancapiedra-capsulas-500mg-100caps\/","url":"https:\/\/ecovalle.pe\/product\/chancapiedra-capsulas-500mg-100caps\/","name":"Chancapiedra de 500mg c\/u x 100 c\u00e1ps. - EcoValle","isPartOf":{"@id":"https:\/\/ecovalle.pe\/#website"},"primaryImageOfPage":{"@id":"https:\/\/ecovalle.pe\/product\/chancapiedra-capsulas-500mg-100caps\/#primaryimage"},"image":{"@id":"https:\/\/ecovalle.pe\/product\/chancapiedra-capsulas-500mg-100caps\/#primaryimage"},"thumbnailUrl":"https:\/\/ecovalle.pe\/wp-content\/uploads\/2022\/08\/CHANCAPIEDRA_CAPS01.jpg","datePublished":"2022-08-27T19:58:35+00:00","dateModified":"2026-01-06T20:03:24+00:00","breadcrumb":{"@id":"https:\/\/ecovalle.pe\/product\/chancapiedra-capsulas-500mg-100caps\/#breadcrumb"},"inLanguage":"en-US","potentialAction":[{"@type":"ReadAction","target":["https:\/\/ecovalle.pe\/product\/chancapiedra-capsulas-500mg-100caps\/"]}]},{"@type":"ImageObject","inLanguage":"en-US","@id":"https:\/\/ecovalle.pe\/product\/chancapiedra-capsulas-500mg-100caps\/#primaryimage","url":"https:\/\/ecovalle.pe\/wp-content\/uploads\/2022\/08\/CHANCAPIEDRA_CAPS01.jpg","contentUrl":"https:\/\/ecovalle.pe\/wp-content\/uploads\/2022\/08\/CHANCAPIEDRA_CAPS01.jpg","width":800,"height":800},{"@type":"BreadcrumbList","@id":"https:\/\/ecovalle.pe\/product\/chancapiedra-capsulas-500mg-100caps\/#breadcrumb","itemListElement":[{"@type":"ListItem","position":1,"name":"Portada","item":"https:\/\/ecovalle.pe\/"},{"@type":"ListItem","position":2,"name":"Tienda","item":"https:\/\/ecovalle.pe\/shop\/"},{"@type":"ListItem","position":3,"name":"Chancapiedra de 500mg c\/u x 100 c\u00e1ps."}]},{"@type":"WebSite","@id":"https:\/\/ecovalle.pe\/#website","url":"https:\/\/ecovalle.pe\/","name":"EcoValle","description":"Somos una 1 empresa agroindustrial con m\u00e1s de 10 a\u00f1os de experiencia en el rubro de alimentos funcionales. Todos nuestros productos pasan por un estricto proceso de producci\u00f3n y control de calidad, utilizando los m\u00e1s altos est\u00e1ndares de calidad con certificaci\u00f3n internacional.","potentialAction":[{"@type":"SearchAction","target":{"@type":"EntryPoint","urlTemplate":"https:\/\/ecovalle.pe\/?s={search_term_string}"},"query-input":{"@type":"PropertyValueSpecification","valueRequired":true,"valueName":"search_term_string"}}],"inLanguage":"en-US"}]}},"_links":{"self":[{"href":"https:\/\/ecovalle.pe\/en\/wp-json\/wp\/v2\/product\/9370","targetHints":{"allow":["GET"]}}],"collection":[{"href":"https:\/\/ecovalle.pe\/en\/wp-json\/wp\/v2\/product"}],"about":[{"href":"https:\/\/ecovalle.pe\/en\/wp-json\/wp\/v2\/types\/product"}],"replies":[{"embeddable":true,"href":"https:\/\/ecovalle.pe\/en\/wp-json\/wp\/v2\/comments?post=9370"}],"version-history":[{"count":3,"href":"https:\/\/ecovalle.pe\/en\/wp-json\/wp\/v2\/product\/9370\/revisions"}],"predecessor-version":[{"id":14901,"href":"https:\/\/ecovalle.pe\/en\/wp-json\/wp\/v2\/product\/9370\/revisions\/14901"}],"wp:featuredmedia":[{"embeddable":true,"href":"https:\/\/ecovalle.pe\/en\/wp-json\/wp\/v2\/media\/14879"}],"wp:attachment":[{"href":"https:\/\/ecovalle.pe\/en\/wp-json\/wp\/v2\/media?parent=9370"}],"wp:term":[{"taxonomy":"product_cat","embeddable":true,"href":"https:\/\/ecovalle.pe\/en\/wp-json\/wp\/v2\/product_cat?post=9370"},{"taxonomy":"product_tag","embeddable":true,"href":"https:\/\/ecovalle.pe\/en\/wp-json\/wp\/v2\/product_tag?post=9370"}],"curies":[{"name":"wp","href":"https:\/\/api.w.org\/{rel}","templated":true}]}}