{"id":9378,"date":"2022-08-27T15:18:22","date_gmt":"2022-08-27T20:18:22","guid":{"rendered":"https:\/\/ecovalle.pe\/?post_type=product&#038;p=9378"},"modified":"2026-01-06T15:04:33","modified_gmt":"2026-01-06T20:04:33","slug":"colagem-capsulas-400mg-100caps","status":"publish","type":"product","link":"https:\/\/ecovalle.pe\/en\/product\/colagem-capsulas-400mg-100caps\/","title":{"rendered":"Colagem de 500mg c\/u x 100 c\u00e1ps."},"content":{"rendered":"<p>El Producto Colagem + Camu camu contiene col\u00e1geno hidrolizado gran fuente de amino\u00e1cidos que al reforzarse con la vitamina C que aporta el Camu Camu permite la formaci\u00f3n del col\u00e1geno en nuestro organismo, fortaleciendo las articulaciones y rejuvenecimiento de la piel.<\/p>\n<p><strong><span style=\"color: #02793c;\">COMPOSICI\u00d3N<\/span><\/strong><\/p>\n<ul>\n<li><strong>Nombre com\u00fan:<\/strong> Col\u00e1geno<\/li>\n<li><strong>Nombre cient\u00edfico:<\/strong> &#8212;<\/li>\n<li><strong>Parte utilizada:<\/strong> P\u00e9ptidos de amino\u00e1cidos<\/li>\n<li><strong>Nombre com\u00fan:<\/strong> Camu camu<\/li>\n<li><strong>Nombre cient\u00edfico:<\/strong> <strong><em>Myrciaria dubia<\/em> (Kunth) McVaugh<\/strong><\/li>\n<li><strong>Parte utilizada:<\/strong> Fruto<\/li>\n<\/ul>\n<p><strong><span style=\"color: #02793c;\">BENEFICIOS<\/span><\/strong><\/p>\n<ul>\n<li>Fortalece el cart\u00edlago de las articulaciones.<\/li>\n<li>Disminuye el dolor articular causado por desgaste.<\/li>\n<li>Mejora la elasticidad de la piel.<\/li>\n<\/ul>\n<p><strong><span style=\"color: #02793c;\">\u00bfSAB\u00cdAS QU\u00c9?<\/span><\/strong><br \/>\nEl consumo de col\u00e1geno hidrolizado aumenta la curaci\u00f3n de heridas.<\/p>","protected":false},"excerpt":{"rendered":"<ul>\n<li style=\"text-align: left;\">Fortalecedor de articulaciones<\/li>\n<li style=\"text-align: left;\">Rejuvenecedor<\/li>\n<li style=\"text-align: left;\">Contribuye a la formaci\u00f3n de col\u00e1geno end\u00f3geno<\/li>\n<li style=\"text-align: left;\">Favorece la regeneraci\u00f3n del cart\u00edlago de las articulaciones<\/li>\n<li style=\"text-align: left;\">Brinda firmeza a la piel<\/li>\n<\/ul>","protected":false},"featured_media":14883,"comment_status":"open","ping_status":"closed","template":"","meta":{"inline_featured_image":false,"_joinchat":[]},"product_cat":[169],"product_tag":[211,212],"class_list":{"0":"post-9378","1":"product","2":"type-product","3":"status-publish","4":"has-post-thumbnail","6":"product_cat-sistema-oseo","7":"product_tag-fortalecedor","8":"product_tag-rejuvenecedor","10":"first","11":"instock","12":"shipping-taxable","13":"purchasable","14":"product-type-simple"},"yoast_head":"<!-- This site is optimized with the Yoast SEO plugin v23.9 - https:\/\/yoast.com\/wordpress\/plugins\/seo\/ -->\n<title>Colagem de 500mg c\/u x 100 c\u00e1ps. - EcoValle<\/title>\n<meta name=\"robots\" content=\"index, follow, max-snippet:-1, max-image-preview:large, max-video-preview:-1\" \/>\n<link rel=\"canonical\" href=\"https:\/\/ecovalle.pe\/en\/product\/colagem-capsulas-400mg-100caps\/\" \/>\n<meta property=\"og:locale\" content=\"en_US\" \/>\n<meta property=\"og:type\" content=\"article\" \/>\n<meta property=\"og:title\" content=\"Colagem de 500mg c\/u x 100 c\u00e1ps. - EcoValle\" \/>\n<meta property=\"og:description\" content=\"Fortalecedor de articulaciones  Rejuvenecedor  Contribuye a la formaci\u00f3n de col\u00e1geno end\u00f3geno  Favorece la regeneraci\u00f3n del cart\u00edlago de las articulaciones  Brinda firmeza a la piel\" \/>\n<meta property=\"og:url\" content=\"https:\/\/ecovalle.pe\/en\/product\/colagem-capsulas-400mg-100caps\/\" \/>\n<meta property=\"og:site_name\" content=\"EcoValle\" \/>\n<meta property=\"article:modified_time\" content=\"2026-01-06T20:04:33+00:00\" \/>\n<meta property=\"og:image\" content=\"https:\/\/ecovalle.pe\/wp-content\/uploads\/2022\/08\/COLAGENO_CAPS01.jpg\" \/>\n\t<meta property=\"og:image:width\" content=\"800\" \/>\n\t<meta property=\"og:image:height\" content=\"800\" \/>\n\t<meta property=\"og:image:type\" content=\"image\/jpeg\" \/>\n<meta name=\"twitter:card\" content=\"summary_large_image\" \/>\n<meta name=\"twitter:label1\" content=\"Est. reading time\" \/>\n\t<meta name=\"twitter:data1\" content=\"1 minute\" \/>\n<script type=\"application\/ld+json\" class=\"yoast-schema-graph\">{\"@context\":\"https:\/\/schema.org\",\"@graph\":[{\"@type\":\"WebPage\",\"@id\":\"https:\/\/ecovalle.pe\/product\/colagem-capsulas-400mg-100caps\/\",\"url\":\"https:\/\/ecovalle.pe\/product\/colagem-capsulas-400mg-100caps\/\",\"name\":\"Colagem de 500mg c\/u x 100 c\u00e1ps. - EcoValle\",\"isPartOf\":{\"@id\":\"https:\/\/ecovalle.pe\/#website\"},\"primaryImageOfPage\":{\"@id\":\"https:\/\/ecovalle.pe\/product\/colagem-capsulas-400mg-100caps\/#primaryimage\"},\"image\":{\"@id\":\"https:\/\/ecovalle.pe\/product\/colagem-capsulas-400mg-100caps\/#primaryimage\"},\"thumbnailUrl\":\"https:\/\/ecovalle.pe\/wp-content\/uploads\/2022\/08\/COLAGENO_CAPS01.jpg\",\"datePublished\":\"2022-08-27T20:18:22+00:00\",\"dateModified\":\"2026-01-06T20:04:33+00:00\",\"breadcrumb\":{\"@id\":\"https:\/\/ecovalle.pe\/product\/colagem-capsulas-400mg-100caps\/#breadcrumb\"},\"inLanguage\":\"en-US\",\"potentialAction\":[{\"@type\":\"ReadAction\",\"target\":[\"https:\/\/ecovalle.pe\/product\/colagem-capsulas-400mg-100caps\/\"]}]},{\"@type\":\"ImageObject\",\"inLanguage\":\"en-US\",\"@id\":\"https:\/\/ecovalle.pe\/product\/colagem-capsulas-400mg-100caps\/#primaryimage\",\"url\":\"https:\/\/ecovalle.pe\/wp-content\/uploads\/2022\/08\/COLAGENO_CAPS01.jpg\",\"contentUrl\":\"https:\/\/ecovalle.pe\/wp-content\/uploads\/2022\/08\/COLAGENO_CAPS01.jpg\",\"width\":800,\"height\":800},{\"@type\":\"BreadcrumbList\",\"@id\":\"https:\/\/ecovalle.pe\/product\/colagem-capsulas-400mg-100caps\/#breadcrumb\",\"itemListElement\":[{\"@type\":\"ListItem\",\"position\":1,\"name\":\"Portada\",\"item\":\"https:\/\/ecovalle.pe\/\"},{\"@type\":\"ListItem\",\"position\":2,\"name\":\"Tienda\",\"item\":\"https:\/\/ecovalle.pe\/shop\/\"},{\"@type\":\"ListItem\",\"position\":3,\"name\":\"Colagem de 500mg c\/u x 100 c\u00e1ps.\"}]},{\"@type\":\"WebSite\",\"@id\":\"https:\/\/ecovalle.pe\/#website\",\"url\":\"https:\/\/ecovalle.pe\/\",\"name\":\"EcoValle\",\"description\":\"Somos una 1 empresa agroindustrial con m\u00e1s de 10 a\u00f1os de experiencia en el rubro de alimentos funcionales. Todos nuestros productos pasan por un estricto proceso de producci\u00f3n y control de calidad, utilizando los m\u00e1s altos est\u00e1ndares de calidad con certificaci\u00f3n internacional.\",\"potentialAction\":[{\"@type\":\"SearchAction\",\"target\":{\"@type\":\"EntryPoint\",\"urlTemplate\":\"https:\/\/ecovalle.pe\/?s={search_term_string}\"},\"query-input\":{\"@type\":\"PropertyValueSpecification\",\"valueRequired\":true,\"valueName\":\"search_term_string\"}}],\"inLanguage\":\"en-US\"}]}<\/script>\n<!-- \/ Yoast SEO plugin. -->","yoast_head_json":{"title":"Colagem de 500mg c\/u x 100 c\u00e1ps. - EcoValle","robots":{"index":"index","follow":"follow","max-snippet":"max-snippet:-1","max-image-preview":"max-image-preview:large","max-video-preview":"max-video-preview:-1"},"canonical":"https:\/\/ecovalle.pe\/en\/product\/colagem-capsulas-400mg-100caps\/","og_locale":"en_US","og_type":"article","og_title":"Colagem de 500mg c\/u x 100 c\u00e1ps. - EcoValle","og_description":"Fortalecedor de articulaciones  Rejuvenecedor  Contribuye a la formaci\u00f3n de col\u00e1geno end\u00f3geno  Favorece la regeneraci\u00f3n del cart\u00edlago de las articulaciones  Brinda firmeza a la piel","og_url":"https:\/\/ecovalle.pe\/en\/product\/colagem-capsulas-400mg-100caps\/","og_site_name":"EcoValle","article_modified_time":"2026-01-06T20:04:33+00:00","og_image":[{"width":800,"height":800,"url":"https:\/\/ecovalle.pe\/wp-content\/uploads\/2022\/08\/COLAGENO_CAPS01.jpg","type":"image\/jpeg"}],"twitter_card":"summary_large_image","twitter_misc":{"Est. reading time":"1 minute"},"schema":{"@context":"https:\/\/schema.org","@graph":[{"@type":"WebPage","@id":"https:\/\/ecovalle.pe\/product\/colagem-capsulas-400mg-100caps\/","url":"https:\/\/ecovalle.pe\/product\/colagem-capsulas-400mg-100caps\/","name":"Colagem de 500mg c\/u x 100 c\u00e1ps. - EcoValle","isPartOf":{"@id":"https:\/\/ecovalle.pe\/#website"},"primaryImageOfPage":{"@id":"https:\/\/ecovalle.pe\/product\/colagem-capsulas-400mg-100caps\/#primaryimage"},"image":{"@id":"https:\/\/ecovalle.pe\/product\/colagem-capsulas-400mg-100caps\/#primaryimage"},"thumbnailUrl":"https:\/\/ecovalle.pe\/wp-content\/uploads\/2022\/08\/COLAGENO_CAPS01.jpg","datePublished":"2022-08-27T20:18:22+00:00","dateModified":"2026-01-06T20:04:33+00:00","breadcrumb":{"@id":"https:\/\/ecovalle.pe\/product\/colagem-capsulas-400mg-100caps\/#breadcrumb"},"inLanguage":"en-US","potentialAction":[{"@type":"ReadAction","target":["https:\/\/ecovalle.pe\/product\/colagem-capsulas-400mg-100caps\/"]}]},{"@type":"ImageObject","inLanguage":"en-US","@id":"https:\/\/ecovalle.pe\/product\/colagem-capsulas-400mg-100caps\/#primaryimage","url":"https:\/\/ecovalle.pe\/wp-content\/uploads\/2022\/08\/COLAGENO_CAPS01.jpg","contentUrl":"https:\/\/ecovalle.pe\/wp-content\/uploads\/2022\/08\/COLAGENO_CAPS01.jpg","width":800,"height":800},{"@type":"BreadcrumbList","@id":"https:\/\/ecovalle.pe\/product\/colagem-capsulas-400mg-100caps\/#breadcrumb","itemListElement":[{"@type":"ListItem","position":1,"name":"Portada","item":"https:\/\/ecovalle.pe\/"},{"@type":"ListItem","position":2,"name":"Tienda","item":"https:\/\/ecovalle.pe\/shop\/"},{"@type":"ListItem","position":3,"name":"Colagem de 500mg c\/u x 100 c\u00e1ps."}]},{"@type":"WebSite","@id":"https:\/\/ecovalle.pe\/#website","url":"https:\/\/ecovalle.pe\/","name":"EcoValle","description":"Somos una 1 empresa agroindustrial con m\u00e1s de 10 a\u00f1os de experiencia en el rubro de alimentos funcionales. Todos nuestros productos pasan por un estricto proceso de producci\u00f3n y control de calidad, utilizando los m\u00e1s altos est\u00e1ndares de calidad con certificaci\u00f3n internacional.","potentialAction":[{"@type":"SearchAction","target":{"@type":"EntryPoint","urlTemplate":"https:\/\/ecovalle.pe\/?s={search_term_string}"},"query-input":{"@type":"PropertyValueSpecification","valueRequired":true,"valueName":"search_term_string"}}],"inLanguage":"en-US"}]}},"_links":{"self":[{"href":"https:\/\/ecovalle.pe\/en\/wp-json\/wp\/v2\/product\/9378","targetHints":{"allow":["GET"]}}],"collection":[{"href":"https:\/\/ecovalle.pe\/en\/wp-json\/wp\/v2\/product"}],"about":[{"href":"https:\/\/ecovalle.pe\/en\/wp-json\/wp\/v2\/types\/product"}],"replies":[{"embeddable":true,"href":"https:\/\/ecovalle.pe\/en\/wp-json\/wp\/v2\/comments?post=9378"}],"version-history":[{"count":6,"href":"https:\/\/ecovalle.pe\/en\/wp-json\/wp\/v2\/product\/9378\/revisions"}],"predecessor-version":[{"id":14903,"href":"https:\/\/ecovalle.pe\/en\/wp-json\/wp\/v2\/product\/9378\/revisions\/14903"}],"wp:featuredmedia":[{"embeddable":true,"href":"https:\/\/ecovalle.pe\/en\/wp-json\/wp\/v2\/media\/14883"}],"wp:attachment":[{"href":"https:\/\/ecovalle.pe\/en\/wp-json\/wp\/v2\/media?parent=9378"}],"wp:term":[{"taxonomy":"product_cat","embeddable":true,"href":"https:\/\/ecovalle.pe\/en\/wp-json\/wp\/v2\/product_cat?post=9378"},{"taxonomy":"product_tag","embeddable":true,"href":"https:\/\/ecovalle.pe\/en\/wp-json\/wp\/v2\/product_tag?post=9378"}],"curies":[{"name":"wp","href":"https:\/\/api.w.org\/{rel}","templated":true}]}}