{"id":9390,"date":"2022-08-27T19:32:27","date_gmt":"2022-08-28T00:32:27","guid":{"rendered":"https:\/\/ecovalle.pe\/?post_type=product&#038;p=9390"},"modified":"2026-01-06T15:07:14","modified_gmt":"2026-01-06T20:07:14","slug":"granatium-power-capsulas-500mg-100caps","status":"publish","type":"product","link":"https:\/\/ecovalle.pe\/en\/product\/granatium-power-capsulas-500mg-100caps\/","title":{"rendered":"Granatium power de 500mg c\/u x 100c\u00e1ps."},"content":{"rendered":"<p>Granatium powder es obtenido de la c\u00e1scara de granada que contiene punicalaginas, un potente antioxidante que ejerce una acci\u00f3n protectora contra g\u00e9rmenes y ayuda a la eliminaci\u00f3n de toxinas.<\/p>\n<p><span style=\"color: #02793c;\"><strong>COMPOSICI\u00d3N<\/strong><\/span><\/p>\n<ul>\n<li>Nombre com\u00fan: Granada<\/li>\n<li>Nombre cient\u00edfico: Punica granatum L.<\/li>\n<li>Parte utilizada: c\u00e1scara<\/li>\n<\/ul>\n<p><span style=\"color: #02793c;\"><strong>BENEFICIOS<\/strong><\/span><\/p>\n<ul>\n<li>Reduce la inflamaci\u00f3n de v\u00edas urinarias.<\/li>\n<li>Mejora las funciones del coraz\u00f3n.<\/li>\n<li>Contribuye al buen funcionamiento de la memoria.<\/li>\n<li>Ayuda a aliviar los dolores articulares.<\/li>\n<li>Previene la oxidaci\u00f3n prematura de las c\u00e9lulas.<\/li>\n<\/ul>\n<p><strong><span style=\"color: #02793c;\">\u00bfSAB\u00cdAS QU\u00c9?<\/span><\/strong><br \/>\nLa urolitinas, son compuestos formados por la flora bacteriana de los humanos al consumir las punicalaginas de la granada, estas son las responsables de ejercer el efecto antiinflamatorio, antis\u00e9pticas y antioxidante.<\/p>","protected":false},"excerpt":{"rendered":"<ul>\n<li style=\"text-align: left;\">Antioxidante<\/li>\n<li style=\"text-align: left;\">Antiinflamatorio<\/li>\n<li style=\"text-align: left;\">Antis\u00e9pticas<\/li>\n<li style=\"text-align: left;\">Combate los radicales libres.<\/li>\n<li style=\"text-align: left;\">Elimina toxinas del organismo.<\/li>\n<li style=\"text-align: left;\">Reduce los niveles colesterol malo<\/li>\n<\/ul>","protected":false},"featured_media":14896,"comment_status":"open","ping_status":"closed","template":"","meta":{"inline_featured_image":false,"_joinchat":[]},"product_cat":[170],"product_tag":[193],"class_list":{"0":"post-9390","1":"product","2":"type-product","3":"status-publish","4":"has-post-thumbnail","6":"product_cat-sistema-reproductivo","7":"product_tag-sistema-reproductivo","9":"first","10":"instock","11":"shipping-taxable","12":"purchasable","13":"product-type-simple"},"yoast_head":"<!-- This site is optimized with the Yoast SEO plugin v23.9 - https:\/\/yoast.com\/wordpress\/plugins\/seo\/ -->\n<title>Granatium power de 500mg c\/u x 100c\u00e1ps. - EcoValle<\/title>\n<meta name=\"robots\" content=\"index, follow, max-snippet:-1, max-image-preview:large, max-video-preview:-1\" \/>\n<link rel=\"canonical\" href=\"https:\/\/ecovalle.pe\/en\/product\/granatium-power-capsulas-500mg-100caps\/\" \/>\n<meta property=\"og:locale\" content=\"en_US\" \/>\n<meta property=\"og:type\" content=\"article\" \/>\n<meta property=\"og:title\" content=\"Granatium power de 500mg c\/u x 100c\u00e1ps. - EcoValle\" \/>\n<meta property=\"og:description\" content=\"Antioxidante  Antiinflamatorio  Antis\u00e9pticas  Combate los radicales libres.  Elimina toxinas del organismo.  Reduce los niveles colesterol malo\" \/>\n<meta property=\"og:url\" content=\"https:\/\/ecovalle.pe\/en\/product\/granatium-power-capsulas-500mg-100caps\/\" \/>\n<meta property=\"og:site_name\" content=\"EcoValle\" \/>\n<meta property=\"article:modified_time\" content=\"2026-01-06T20:07:14+00:00\" \/>\n<meta property=\"og:image\" content=\"https:\/\/ecovalle.pe\/wp-content\/uploads\/2022\/08\/GRANATIUM_GRANADA_CAPS01.jpg\" \/>\n\t<meta property=\"og:image:width\" content=\"800\" \/>\n\t<meta property=\"og:image:height\" content=\"800\" \/>\n\t<meta property=\"og:image:type\" content=\"image\/jpeg\" \/>\n<meta name=\"twitter:card\" content=\"summary_large_image\" \/>\n<meta name=\"twitter:label1\" content=\"Est. reading time\" \/>\n\t<meta name=\"twitter:data1\" content=\"1 minute\" \/>\n<script type=\"application\/ld+json\" class=\"yoast-schema-graph\">{\"@context\":\"https:\/\/schema.org\",\"@graph\":[{\"@type\":\"WebPage\",\"@id\":\"https:\/\/ecovalle.pe\/product\/granatium-power-capsulas-500mg-100caps\/\",\"url\":\"https:\/\/ecovalle.pe\/product\/granatium-power-capsulas-500mg-100caps\/\",\"name\":\"Granatium power de 500mg c\/u x 100c\u00e1ps. - EcoValle\",\"isPartOf\":{\"@id\":\"https:\/\/ecovalle.pe\/#website\"},\"primaryImageOfPage\":{\"@id\":\"https:\/\/ecovalle.pe\/product\/granatium-power-capsulas-500mg-100caps\/#primaryimage\"},\"image\":{\"@id\":\"https:\/\/ecovalle.pe\/product\/granatium-power-capsulas-500mg-100caps\/#primaryimage\"},\"thumbnailUrl\":\"https:\/\/ecovalle.pe\/wp-content\/uploads\/2022\/08\/GRANATIUM_GRANADA_CAPS01.jpg\",\"datePublished\":\"2022-08-28T00:32:27+00:00\",\"dateModified\":\"2026-01-06T20:07:14+00:00\",\"breadcrumb\":{\"@id\":\"https:\/\/ecovalle.pe\/product\/granatium-power-capsulas-500mg-100caps\/#breadcrumb\"},\"inLanguage\":\"en-US\",\"potentialAction\":[{\"@type\":\"ReadAction\",\"target\":[\"https:\/\/ecovalle.pe\/product\/granatium-power-capsulas-500mg-100caps\/\"]}]},{\"@type\":\"ImageObject\",\"inLanguage\":\"en-US\",\"@id\":\"https:\/\/ecovalle.pe\/product\/granatium-power-capsulas-500mg-100caps\/#primaryimage\",\"url\":\"https:\/\/ecovalle.pe\/wp-content\/uploads\/2022\/08\/GRANATIUM_GRANADA_CAPS01.jpg\",\"contentUrl\":\"https:\/\/ecovalle.pe\/wp-content\/uploads\/2022\/08\/GRANATIUM_GRANADA_CAPS01.jpg\",\"width\":800,\"height\":800},{\"@type\":\"BreadcrumbList\",\"@id\":\"https:\/\/ecovalle.pe\/product\/granatium-power-capsulas-500mg-100caps\/#breadcrumb\",\"itemListElement\":[{\"@type\":\"ListItem\",\"position\":1,\"name\":\"Portada\",\"item\":\"https:\/\/ecovalle.pe\/\"},{\"@type\":\"ListItem\",\"position\":2,\"name\":\"Tienda\",\"item\":\"https:\/\/ecovalle.pe\/shop\/\"},{\"@type\":\"ListItem\",\"position\":3,\"name\":\"Granatium power de 500mg c\/u x 100c\u00e1ps.\"}]},{\"@type\":\"WebSite\",\"@id\":\"https:\/\/ecovalle.pe\/#website\",\"url\":\"https:\/\/ecovalle.pe\/\",\"name\":\"EcoValle\",\"description\":\"Somos una 1 empresa agroindustrial con m\u00e1s de 10 a\u00f1os de experiencia en el rubro de alimentos funcionales. Todos nuestros productos pasan por un estricto proceso de producci\u00f3n y control de calidad, utilizando los m\u00e1s altos est\u00e1ndares de calidad con certificaci\u00f3n internacional.\",\"potentialAction\":[{\"@type\":\"SearchAction\",\"target\":{\"@type\":\"EntryPoint\",\"urlTemplate\":\"https:\/\/ecovalle.pe\/?s={search_term_string}\"},\"query-input\":{\"@type\":\"PropertyValueSpecification\",\"valueRequired\":true,\"valueName\":\"search_term_string\"}}],\"inLanguage\":\"en-US\"}]}<\/script>\n<!-- \/ Yoast SEO plugin. -->","yoast_head_json":{"title":"Granatium power de 500mg c\/u x 100c\u00e1ps. - EcoValle","robots":{"index":"index","follow":"follow","max-snippet":"max-snippet:-1","max-image-preview":"max-image-preview:large","max-video-preview":"max-video-preview:-1"},"canonical":"https:\/\/ecovalle.pe\/en\/product\/granatium-power-capsulas-500mg-100caps\/","og_locale":"en_US","og_type":"article","og_title":"Granatium power de 500mg c\/u x 100c\u00e1ps. - EcoValle","og_description":"Antioxidante  Antiinflamatorio  Antis\u00e9pticas  Combate los radicales libres.  Elimina toxinas del organismo.  Reduce los niveles colesterol malo","og_url":"https:\/\/ecovalle.pe\/en\/product\/granatium-power-capsulas-500mg-100caps\/","og_site_name":"EcoValle","article_modified_time":"2026-01-06T20:07:14+00:00","og_image":[{"width":800,"height":800,"url":"https:\/\/ecovalle.pe\/wp-content\/uploads\/2022\/08\/GRANATIUM_GRANADA_CAPS01.jpg","type":"image\/jpeg"}],"twitter_card":"summary_large_image","twitter_misc":{"Est. reading time":"1 minute"},"schema":{"@context":"https:\/\/schema.org","@graph":[{"@type":"WebPage","@id":"https:\/\/ecovalle.pe\/product\/granatium-power-capsulas-500mg-100caps\/","url":"https:\/\/ecovalle.pe\/product\/granatium-power-capsulas-500mg-100caps\/","name":"Granatium power de 500mg c\/u x 100c\u00e1ps. - EcoValle","isPartOf":{"@id":"https:\/\/ecovalle.pe\/#website"},"primaryImageOfPage":{"@id":"https:\/\/ecovalle.pe\/product\/granatium-power-capsulas-500mg-100caps\/#primaryimage"},"image":{"@id":"https:\/\/ecovalle.pe\/product\/granatium-power-capsulas-500mg-100caps\/#primaryimage"},"thumbnailUrl":"https:\/\/ecovalle.pe\/wp-content\/uploads\/2022\/08\/GRANATIUM_GRANADA_CAPS01.jpg","datePublished":"2022-08-28T00:32:27+00:00","dateModified":"2026-01-06T20:07:14+00:00","breadcrumb":{"@id":"https:\/\/ecovalle.pe\/product\/granatium-power-capsulas-500mg-100caps\/#breadcrumb"},"inLanguage":"en-US","potentialAction":[{"@type":"ReadAction","target":["https:\/\/ecovalle.pe\/product\/granatium-power-capsulas-500mg-100caps\/"]}]},{"@type":"ImageObject","inLanguage":"en-US","@id":"https:\/\/ecovalle.pe\/product\/granatium-power-capsulas-500mg-100caps\/#primaryimage","url":"https:\/\/ecovalle.pe\/wp-content\/uploads\/2022\/08\/GRANATIUM_GRANADA_CAPS01.jpg","contentUrl":"https:\/\/ecovalle.pe\/wp-content\/uploads\/2022\/08\/GRANATIUM_GRANADA_CAPS01.jpg","width":800,"height":800},{"@type":"BreadcrumbList","@id":"https:\/\/ecovalle.pe\/product\/granatium-power-capsulas-500mg-100caps\/#breadcrumb","itemListElement":[{"@type":"ListItem","position":1,"name":"Portada","item":"https:\/\/ecovalle.pe\/"},{"@type":"ListItem","position":2,"name":"Tienda","item":"https:\/\/ecovalle.pe\/shop\/"},{"@type":"ListItem","position":3,"name":"Granatium power de 500mg c\/u x 100c\u00e1ps."}]},{"@type":"WebSite","@id":"https:\/\/ecovalle.pe\/#website","url":"https:\/\/ecovalle.pe\/","name":"EcoValle","description":"Somos una 1 empresa agroindustrial con m\u00e1s de 10 a\u00f1os de experiencia en el rubro de alimentos funcionales. Todos nuestros productos pasan por un estricto proceso de producci\u00f3n y control de calidad, utilizando los m\u00e1s altos est\u00e1ndares de calidad con certificaci\u00f3n internacional.","potentialAction":[{"@type":"SearchAction","target":{"@type":"EntryPoint","urlTemplate":"https:\/\/ecovalle.pe\/?s={search_term_string}"},"query-input":{"@type":"PropertyValueSpecification","valueRequired":true,"valueName":"search_term_string"}}],"inLanguage":"en-US"}]}},"_links":{"self":[{"href":"https:\/\/ecovalle.pe\/en\/wp-json\/wp\/v2\/product\/9390","targetHints":{"allow":["GET"]}}],"collection":[{"href":"https:\/\/ecovalle.pe\/en\/wp-json\/wp\/v2\/product"}],"about":[{"href":"https:\/\/ecovalle.pe\/en\/wp-json\/wp\/v2\/types\/product"}],"replies":[{"embeddable":true,"href":"https:\/\/ecovalle.pe\/en\/wp-json\/wp\/v2\/comments?post=9390"}],"version-history":[{"count":3,"href":"https:\/\/ecovalle.pe\/en\/wp-json\/wp\/v2\/product\/9390\/revisions"}],"predecessor-version":[{"id":14907,"href":"https:\/\/ecovalle.pe\/en\/wp-json\/wp\/v2\/product\/9390\/revisions\/14907"}],"wp:featuredmedia":[{"embeddable":true,"href":"https:\/\/ecovalle.pe\/en\/wp-json\/wp\/v2\/media\/14896"}],"wp:attachment":[{"href":"https:\/\/ecovalle.pe\/en\/wp-json\/wp\/v2\/media?parent=9390"}],"wp:term":[{"taxonomy":"product_cat","embeddable":true,"href":"https:\/\/ecovalle.pe\/en\/wp-json\/wp\/v2\/product_cat?post=9390"},{"taxonomy":"product_tag","embeddable":true,"href":"https:\/\/ecovalle.pe\/en\/wp-json\/wp\/v2\/product_tag?post=9390"}],"curies":[{"name":"wp","href":"https:\/\/api.w.org\/{rel}","templated":true}]}}