{"id":9412,"date":"2022-08-27T20:06:16","date_gmt":"2022-08-28T01:06:16","guid":{"rendered":"https:\/\/ecovalle.pe\/?post_type=product&#038;p=9412"},"modified":"2026-01-06T15:14:25","modified_gmt":"2026-01-06T20:14:25","slug":"moringa-capsulas-400mg-100caps","status":"publish","type":"product","link":"https:\/\/ecovalle.pe\/en\/product\/moringa-capsulas-400mg-100caps\/","title":{"rendered":"Moringa de 500mg c\/u x 100c\u00e1ps."},"content":{"rendered":"<p>La hoja de moringa contiene altas cantidades de calcio, un mineral importante para el fortalecimiento de los huesos, adem\u00e1s, posee una variedad de antioxidantes que ayudan a regular los niveles de glucosa en sangre.<\/p>\n<p><strong><span style=\"color: #02793c;\">COMPOSICI\u00d3N<\/span><\/strong><\/p>\n<ul>\n<li>Nombre com\u00fan: Moringa<\/li>\n<li>Nombre cient\u00edfico: Moringa oleifera Lam.Apis mellifera<\/li>\n<li>Parte utilizada: Hojas deshidratadas y molidas<\/li>\n<\/ul>\n<p><strong><span style=\"color: #02793c;\">BENEFICIOS<\/span><\/strong><\/p>\n<ul>\n<li>Ayuda a mantener los huesos fuertes y sanos<\/li>\n<li>Regula los niveles de glucosa en sangre<\/li>\n<li>Contribuye a obtener un peso saludable<\/li>\n<li>Previene enfermedades degenerativas<\/li>\n<\/ul>\n<p><strong><span style=\"color: #02793c;\">\u00bfSAB\u00cdAS QU\u00c9?<\/span><\/strong><br \/>\nLa hoja de Moringa contiene flavonoides, un tipo de polifenoles responsables de ayudar a ejercer correctamente la funci\u00f3n del p\u00e1ncreas.<\/p>","protected":false},"excerpt":{"rendered":"<ul>\n<li style=\"text-align: left;\">Antioxidante<\/li>\n<li style=\"text-align: left;\">Nutritivo<\/li>\n<li style=\"text-align: left;\">Gran fuente de calcio<\/li>\n<li style=\"text-align: left;\">Brinda gran fuente de vitamina B2, vitamina C y polifenoles<\/li>\n<li style=\"text-align: left;\">Contiene amino\u00e1cidos de gran valor nutricional<\/li>\n<li style=\"text-align: left;\">Combate las toxinas del organismo<\/li>\n<\/ul>","protected":false},"featured_media":14913,"comment_status":"open","ping_status":"closed","template":"","meta":{"inline_featured_image":false,"_joinchat":[]},"product_cat":[172],"product_tag":[192],"class_list":{"0":"post-9412","1":"product","2":"type-product","3":"status-publish","4":"has-post-thumbnail","6":"product_cat-superalimentos","7":"product_tag-superalimentos","9":"first","10":"instock","11":"shipping-taxable","12":"purchasable","13":"product-type-simple"},"yoast_head":"<!-- This site is optimized with the Yoast SEO plugin v23.9 - https:\/\/yoast.com\/wordpress\/plugins\/seo\/ -->\n<title>Moringa de 500mg c\/u x 100c\u00e1ps. - EcoValle<\/title>\n<meta name=\"robots\" content=\"index, follow, max-snippet:-1, max-image-preview:large, max-video-preview:-1\" \/>\n<link rel=\"canonical\" href=\"https:\/\/ecovalle.pe\/en\/product\/moringa-capsulas-400mg-100caps\/\" \/>\n<meta property=\"og:locale\" content=\"en_US\" \/>\n<meta property=\"og:type\" content=\"article\" \/>\n<meta property=\"og:title\" content=\"Moringa de 500mg c\/u x 100c\u00e1ps. - EcoValle\" \/>\n<meta property=\"og:description\" content=\"Antioxidante  Nutritivo  Gran fuente de calcio  Brinda gran fuente de vitamina B2, vitamina C y polifenoles  Contiene amino\u00e1cidos de gran valor nutricional  Combate las toxinas del organismo\" \/>\n<meta property=\"og:url\" content=\"https:\/\/ecovalle.pe\/en\/product\/moringa-capsulas-400mg-100caps\/\" \/>\n<meta property=\"og:site_name\" content=\"EcoValle\" \/>\n<meta property=\"article:modified_time\" content=\"2026-01-06T20:14:25+00:00\" \/>\n<meta property=\"og:image\" content=\"https:\/\/ecovalle.pe\/wp-content\/uploads\/2022\/08\/MORINGA_CAPS01.jpg\" \/>\n\t<meta property=\"og:image:width\" content=\"800\" \/>\n\t<meta property=\"og:image:height\" content=\"800\" \/>\n\t<meta property=\"og:image:type\" content=\"image\/jpeg\" \/>\n<meta name=\"twitter:card\" content=\"summary_large_image\" \/>\n<meta name=\"twitter:label1\" content=\"Est. reading time\" \/>\n\t<meta name=\"twitter:data1\" content=\"1 minute\" \/>\n<script type=\"application\/ld+json\" class=\"yoast-schema-graph\">{\"@context\":\"https:\/\/schema.org\",\"@graph\":[{\"@type\":\"WebPage\",\"@id\":\"https:\/\/ecovalle.pe\/product\/moringa-capsulas-400mg-100caps\/\",\"url\":\"https:\/\/ecovalle.pe\/product\/moringa-capsulas-400mg-100caps\/\",\"name\":\"Moringa de 500mg c\/u x 100c\u00e1ps. - EcoValle\",\"isPartOf\":{\"@id\":\"https:\/\/ecovalle.pe\/#website\"},\"primaryImageOfPage\":{\"@id\":\"https:\/\/ecovalle.pe\/product\/moringa-capsulas-400mg-100caps\/#primaryimage\"},\"image\":{\"@id\":\"https:\/\/ecovalle.pe\/product\/moringa-capsulas-400mg-100caps\/#primaryimage\"},\"thumbnailUrl\":\"https:\/\/ecovalle.pe\/wp-content\/uploads\/2022\/08\/MORINGA_CAPS01.jpg\",\"datePublished\":\"2022-08-28T01:06:16+00:00\",\"dateModified\":\"2026-01-06T20:14:25+00:00\",\"breadcrumb\":{\"@id\":\"https:\/\/ecovalle.pe\/product\/moringa-capsulas-400mg-100caps\/#breadcrumb\"},\"inLanguage\":\"en-US\",\"potentialAction\":[{\"@type\":\"ReadAction\",\"target\":[\"https:\/\/ecovalle.pe\/product\/moringa-capsulas-400mg-100caps\/\"]}]},{\"@type\":\"ImageObject\",\"inLanguage\":\"en-US\",\"@id\":\"https:\/\/ecovalle.pe\/product\/moringa-capsulas-400mg-100caps\/#primaryimage\",\"url\":\"https:\/\/ecovalle.pe\/wp-content\/uploads\/2022\/08\/MORINGA_CAPS01.jpg\",\"contentUrl\":\"https:\/\/ecovalle.pe\/wp-content\/uploads\/2022\/08\/MORINGA_CAPS01.jpg\",\"width\":800,\"height\":800},{\"@type\":\"BreadcrumbList\",\"@id\":\"https:\/\/ecovalle.pe\/product\/moringa-capsulas-400mg-100caps\/#breadcrumb\",\"itemListElement\":[{\"@type\":\"ListItem\",\"position\":1,\"name\":\"Portada\",\"item\":\"https:\/\/ecovalle.pe\/\"},{\"@type\":\"ListItem\",\"position\":2,\"name\":\"Tienda\",\"item\":\"https:\/\/ecovalle.pe\/shop\/\"},{\"@type\":\"ListItem\",\"position\":3,\"name\":\"Moringa de 500mg c\/u x 100c\u00e1ps.\"}]},{\"@type\":\"WebSite\",\"@id\":\"https:\/\/ecovalle.pe\/#website\",\"url\":\"https:\/\/ecovalle.pe\/\",\"name\":\"EcoValle\",\"description\":\"Somos una 1 empresa agroindustrial con m\u00e1s de 10 a\u00f1os de experiencia en el rubro de alimentos funcionales. Todos nuestros productos pasan por un estricto proceso de producci\u00f3n y control de calidad, utilizando los m\u00e1s altos est\u00e1ndares de calidad con certificaci\u00f3n internacional.\",\"potentialAction\":[{\"@type\":\"SearchAction\",\"target\":{\"@type\":\"EntryPoint\",\"urlTemplate\":\"https:\/\/ecovalle.pe\/?s={search_term_string}\"},\"query-input\":{\"@type\":\"PropertyValueSpecification\",\"valueRequired\":true,\"valueName\":\"search_term_string\"}}],\"inLanguage\":\"en-US\"}]}<\/script>\n<!-- \/ Yoast SEO plugin. -->","yoast_head_json":{"title":"Moringa de 500mg c\/u x 100c\u00e1ps. - EcoValle","robots":{"index":"index","follow":"follow","max-snippet":"max-snippet:-1","max-image-preview":"max-image-preview:large","max-video-preview":"max-video-preview:-1"},"canonical":"https:\/\/ecovalle.pe\/en\/product\/moringa-capsulas-400mg-100caps\/","og_locale":"en_US","og_type":"article","og_title":"Moringa de 500mg c\/u x 100c\u00e1ps. - EcoValle","og_description":"Antioxidante  Nutritivo  Gran fuente de calcio  Brinda gran fuente de vitamina B2, vitamina C y polifenoles  Contiene amino\u00e1cidos de gran valor nutricional  Combate las toxinas del organismo","og_url":"https:\/\/ecovalle.pe\/en\/product\/moringa-capsulas-400mg-100caps\/","og_site_name":"EcoValle","article_modified_time":"2026-01-06T20:14:25+00:00","og_image":[{"width":800,"height":800,"url":"https:\/\/ecovalle.pe\/wp-content\/uploads\/2022\/08\/MORINGA_CAPS01.jpg","type":"image\/jpeg"}],"twitter_card":"summary_large_image","twitter_misc":{"Est. reading time":"1 minute"},"schema":{"@context":"https:\/\/schema.org","@graph":[{"@type":"WebPage","@id":"https:\/\/ecovalle.pe\/product\/moringa-capsulas-400mg-100caps\/","url":"https:\/\/ecovalle.pe\/product\/moringa-capsulas-400mg-100caps\/","name":"Moringa de 500mg c\/u x 100c\u00e1ps. - EcoValle","isPartOf":{"@id":"https:\/\/ecovalle.pe\/#website"},"primaryImageOfPage":{"@id":"https:\/\/ecovalle.pe\/product\/moringa-capsulas-400mg-100caps\/#primaryimage"},"image":{"@id":"https:\/\/ecovalle.pe\/product\/moringa-capsulas-400mg-100caps\/#primaryimage"},"thumbnailUrl":"https:\/\/ecovalle.pe\/wp-content\/uploads\/2022\/08\/MORINGA_CAPS01.jpg","datePublished":"2022-08-28T01:06:16+00:00","dateModified":"2026-01-06T20:14:25+00:00","breadcrumb":{"@id":"https:\/\/ecovalle.pe\/product\/moringa-capsulas-400mg-100caps\/#breadcrumb"},"inLanguage":"en-US","potentialAction":[{"@type":"ReadAction","target":["https:\/\/ecovalle.pe\/product\/moringa-capsulas-400mg-100caps\/"]}]},{"@type":"ImageObject","inLanguage":"en-US","@id":"https:\/\/ecovalle.pe\/product\/moringa-capsulas-400mg-100caps\/#primaryimage","url":"https:\/\/ecovalle.pe\/wp-content\/uploads\/2022\/08\/MORINGA_CAPS01.jpg","contentUrl":"https:\/\/ecovalle.pe\/wp-content\/uploads\/2022\/08\/MORINGA_CAPS01.jpg","width":800,"height":800},{"@type":"BreadcrumbList","@id":"https:\/\/ecovalle.pe\/product\/moringa-capsulas-400mg-100caps\/#breadcrumb","itemListElement":[{"@type":"ListItem","position":1,"name":"Portada","item":"https:\/\/ecovalle.pe\/"},{"@type":"ListItem","position":2,"name":"Tienda","item":"https:\/\/ecovalle.pe\/shop\/"},{"@type":"ListItem","position":3,"name":"Moringa de 500mg c\/u x 100c\u00e1ps."}]},{"@type":"WebSite","@id":"https:\/\/ecovalle.pe\/#website","url":"https:\/\/ecovalle.pe\/","name":"EcoValle","description":"Somos una 1 empresa agroindustrial con m\u00e1s de 10 a\u00f1os de experiencia en el rubro de alimentos funcionales. Todos nuestros productos pasan por un estricto proceso de producci\u00f3n y control de calidad, utilizando los m\u00e1s altos est\u00e1ndares de calidad con certificaci\u00f3n internacional.","potentialAction":[{"@type":"SearchAction","target":{"@type":"EntryPoint","urlTemplate":"https:\/\/ecovalle.pe\/?s={search_term_string}"},"query-input":{"@type":"PropertyValueSpecification","valueRequired":true,"valueName":"search_term_string"}}],"inLanguage":"en-US"}]}},"_links":{"self":[{"href":"https:\/\/ecovalle.pe\/en\/wp-json\/wp\/v2\/product\/9412","targetHints":{"allow":["GET"]}}],"collection":[{"href":"https:\/\/ecovalle.pe\/en\/wp-json\/wp\/v2\/product"}],"about":[{"href":"https:\/\/ecovalle.pe\/en\/wp-json\/wp\/v2\/types\/product"}],"replies":[{"embeddable":true,"href":"https:\/\/ecovalle.pe\/en\/wp-json\/wp\/v2\/comments?post=9412"}],"version-history":[{"count":4,"href":"https:\/\/ecovalle.pe\/en\/wp-json\/wp\/v2\/product\/9412\/revisions"}],"predecessor-version":[{"id":14915,"href":"https:\/\/ecovalle.pe\/en\/wp-json\/wp\/v2\/product\/9412\/revisions\/14915"}],"wp:featuredmedia":[{"embeddable":true,"href":"https:\/\/ecovalle.pe\/en\/wp-json\/wp\/v2\/media\/14913"}],"wp:attachment":[{"href":"https:\/\/ecovalle.pe\/en\/wp-json\/wp\/v2\/media?parent=9412"}],"wp:term":[{"taxonomy":"product_cat","embeddable":true,"href":"https:\/\/ecovalle.pe\/en\/wp-json\/wp\/v2\/product_cat?post=9412"},{"taxonomy":"product_tag","embeddable":true,"href":"https:\/\/ecovalle.pe\/en\/wp-json\/wp\/v2\/product_tag?post=9412"}],"curies":[{"name":"wp","href":"https:\/\/api.w.org\/{rel}","templated":true}]}}