{"id":9433,"date":"2022-08-27T20:57:16","date_gmt":"2022-08-28T01:57:16","guid":{"rendered":"https:\/\/ecovalle.pe\/?post_type=product&#038;p=9433"},"modified":"2026-01-06T15:31:07","modified_gmt":"2026-01-06T20:31:07","slug":"tocosh-capsulas-500mg","status":"publish","type":"product","link":"https:\/\/ecovalle.pe\/en\/product\/tocosh-capsulas-500mg\/","title":{"rendered":"Tocosh de 500mg c\/u x 100c\u00e1ps."},"content":{"rendered":"<p>El tocosh contiene penicilina natural que act\u00faa como antibi\u00f3tico natural que ayuda a eliminar algunas bacterias que causan infecciones estomacales; adicionalmente, su consistencia mucilaginosa le da la propiedad de proteger la mucosa g\u00e1strica del est\u00f3mago de da\u00f1os causados por el \u00e1cido g\u00e1strico.<\/p>\n<p><strong><span style=\"color: #02793c;\">COMPOSICI\u00d3N<\/span><\/strong><\/p>\n<ul>\n<li><strong>Nombre com\u00fan:<\/strong> Tocosh<\/li>\n<li><strong>Nombre cient\u00edfico: <em>Solanum tuberosum<\/em> L.<\/strong><\/li>\n<li><strong>Parte utilizada:<\/strong> Tub\u00e9rculo<\/li>\n<\/ul>\n<p><strong><span style=\"color: #02793c;\">BENEFICIOS<\/span><\/strong><\/p>\n<ul>\n<li>Protege al est\u00f3mago de \u00e1cidos fuertes.<\/li>\n<li>Ayuda a la regeneraci\u00f3n de la mucosa g\u00e1strica.<\/li>\n<li>Alivia y trata los s\u00edntomas de la gastritis.<\/li>\n<li>Previene la formaci\u00f3n de \u00falceras en la pared estomacal.<\/li>\n<\/ul>\n<p><strong><span style=\"color: #02793c;\">\u00bfSAB\u00cdAS QU\u00c9?<\/span><\/strong><br \/>\nEl Instituto Nacional de Enfermedades Neopl\u00e1sicas, descubri\u00f3 que sus pacientes despu\u00e9s de sus tratamientos quimioter\u00e1picos consum\u00edan tocosh de los carritos ambulatorios que se encontraba al frente de dicha instituci\u00f3n.<\/p>","protected":false},"excerpt":{"rendered":"<ul>\n<li style=\"text-align: left;\">Gastroprotector<\/li>\n<li style=\"text-align: left;\">Antibacteriano<\/li>\n<li style=\"text-align: left;\">Reduce la acidez estomacal<\/li>\n<li style=\"text-align: left;\">Forma una capa protectora en el est\u00f3mago<\/li>\n<li style=\"text-align: left;\">Estimula la secreci\u00f3n de mucosidad en el est\u00f3mago<\/li>\n<\/ul>","protected":false},"featured_media":14925,"comment_status":"open","ping_status":"closed","template":"","meta":{"inline_featured_image":false,"_joinchat":[]},"product_cat":[161],"product_tag":[181],"class_list":{"0":"post-9433","1":"product","2":"type-product","3":"status-publish","4":"has-post-thumbnail","6":"product_cat-sistema-digestivo","7":"product_tag-sistema-digestivo","9":"first","10":"instock","11":"shipping-taxable","12":"purchasable","13":"product-type-simple"},"yoast_head":"<!-- This site is optimized with the Yoast SEO plugin v23.9 - https:\/\/yoast.com\/wordpress\/plugins\/seo\/ -->\n<title>Tocosh de 500mg c\/u x 100c\u00e1ps. - EcoValle<\/title>\n<meta name=\"robots\" content=\"index, follow, max-snippet:-1, max-image-preview:large, max-video-preview:-1\" \/>\n<link rel=\"canonical\" href=\"https:\/\/ecovalle.pe\/en\/product\/tocosh-capsulas-500mg\/\" \/>\n<meta property=\"og:locale\" content=\"en_US\" \/>\n<meta property=\"og:type\" content=\"article\" \/>\n<meta property=\"og:title\" content=\"Tocosh de 500mg c\/u x 100c\u00e1ps. - EcoValle\" \/>\n<meta property=\"og:description\" content=\"Gastroprotector  Antibacteriano  Reduce la acidez estomacal  Forma una capa protectora en el est\u00f3mago  Estimula la secreci\u00f3n de mucosidad en el est\u00f3mago\" \/>\n<meta property=\"og:url\" content=\"https:\/\/ecovalle.pe\/en\/product\/tocosh-capsulas-500mg\/\" \/>\n<meta property=\"og:site_name\" content=\"EcoValle\" \/>\n<meta property=\"article:modified_time\" content=\"2026-01-06T20:31:07+00:00\" \/>\n<meta property=\"og:image\" content=\"https:\/\/ecovalle.pe\/wp-content\/uploads\/2022\/08\/TOCOSH_CAPS01.jpg\" \/>\n\t<meta property=\"og:image:width\" content=\"800\" \/>\n\t<meta property=\"og:image:height\" content=\"800\" \/>\n\t<meta property=\"og:image:type\" content=\"image\/jpeg\" \/>\n<meta name=\"twitter:card\" content=\"summary_large_image\" \/>\n<meta name=\"twitter:label1\" content=\"Est. reading time\" \/>\n\t<meta name=\"twitter:data1\" content=\"1 minute\" \/>\n<script type=\"application\/ld+json\" class=\"yoast-schema-graph\">{\"@context\":\"https:\/\/schema.org\",\"@graph\":[{\"@type\":\"WebPage\",\"@id\":\"https:\/\/ecovalle.pe\/product\/tocosh-capsulas-500mg\/\",\"url\":\"https:\/\/ecovalle.pe\/product\/tocosh-capsulas-500mg\/\",\"name\":\"Tocosh de 500mg c\/u x 100c\u00e1ps. - EcoValle\",\"isPartOf\":{\"@id\":\"https:\/\/ecovalle.pe\/#website\"},\"primaryImageOfPage\":{\"@id\":\"https:\/\/ecovalle.pe\/product\/tocosh-capsulas-500mg\/#primaryimage\"},\"image\":{\"@id\":\"https:\/\/ecovalle.pe\/product\/tocosh-capsulas-500mg\/#primaryimage\"},\"thumbnailUrl\":\"https:\/\/ecovalle.pe\/wp-content\/uploads\/2022\/08\/TOCOSH_CAPS01.jpg\",\"datePublished\":\"2022-08-28T01:57:16+00:00\",\"dateModified\":\"2026-01-06T20:31:07+00:00\",\"breadcrumb\":{\"@id\":\"https:\/\/ecovalle.pe\/product\/tocosh-capsulas-500mg\/#breadcrumb\"},\"inLanguage\":\"en-US\",\"potentialAction\":[{\"@type\":\"ReadAction\",\"target\":[\"https:\/\/ecovalle.pe\/product\/tocosh-capsulas-500mg\/\"]}]},{\"@type\":\"ImageObject\",\"inLanguage\":\"en-US\",\"@id\":\"https:\/\/ecovalle.pe\/product\/tocosh-capsulas-500mg\/#primaryimage\",\"url\":\"https:\/\/ecovalle.pe\/wp-content\/uploads\/2022\/08\/TOCOSH_CAPS01.jpg\",\"contentUrl\":\"https:\/\/ecovalle.pe\/wp-content\/uploads\/2022\/08\/TOCOSH_CAPS01.jpg\",\"width\":800,\"height\":800},{\"@type\":\"BreadcrumbList\",\"@id\":\"https:\/\/ecovalle.pe\/product\/tocosh-capsulas-500mg\/#breadcrumb\",\"itemListElement\":[{\"@type\":\"ListItem\",\"position\":1,\"name\":\"Portada\",\"item\":\"https:\/\/ecovalle.pe\/\"},{\"@type\":\"ListItem\",\"position\":2,\"name\":\"Tienda\",\"item\":\"https:\/\/ecovalle.pe\/shop\/\"},{\"@type\":\"ListItem\",\"position\":3,\"name\":\"Tocosh de 500mg c\/u x 100c\u00e1ps.\"}]},{\"@type\":\"WebSite\",\"@id\":\"https:\/\/ecovalle.pe\/#website\",\"url\":\"https:\/\/ecovalle.pe\/\",\"name\":\"EcoValle\",\"description\":\"Somos una 1 empresa agroindustrial con m\u00e1s de 10 a\u00f1os de experiencia en el rubro de alimentos funcionales. Todos nuestros productos pasan por un estricto proceso de producci\u00f3n y control de calidad, utilizando los m\u00e1s altos est\u00e1ndares de calidad con certificaci\u00f3n internacional.\",\"potentialAction\":[{\"@type\":\"SearchAction\",\"target\":{\"@type\":\"EntryPoint\",\"urlTemplate\":\"https:\/\/ecovalle.pe\/?s={search_term_string}\"},\"query-input\":{\"@type\":\"PropertyValueSpecification\",\"valueRequired\":true,\"valueName\":\"search_term_string\"}}],\"inLanguage\":\"en-US\"}]}<\/script>\n<!-- \/ Yoast SEO plugin. -->","yoast_head_json":{"title":"Tocosh de 500mg c\/u x 100c\u00e1ps. - EcoValle","robots":{"index":"index","follow":"follow","max-snippet":"max-snippet:-1","max-image-preview":"max-image-preview:large","max-video-preview":"max-video-preview:-1"},"canonical":"https:\/\/ecovalle.pe\/en\/product\/tocosh-capsulas-500mg\/","og_locale":"en_US","og_type":"article","og_title":"Tocosh de 500mg c\/u x 100c\u00e1ps. - EcoValle","og_description":"Gastroprotector  Antibacteriano  Reduce la acidez estomacal  Forma una capa protectora en el est\u00f3mago  Estimula la secreci\u00f3n de mucosidad en el est\u00f3mago","og_url":"https:\/\/ecovalle.pe\/en\/product\/tocosh-capsulas-500mg\/","og_site_name":"EcoValle","article_modified_time":"2026-01-06T20:31:07+00:00","og_image":[{"width":800,"height":800,"url":"https:\/\/ecovalle.pe\/wp-content\/uploads\/2022\/08\/TOCOSH_CAPS01.jpg","type":"image\/jpeg"}],"twitter_card":"summary_large_image","twitter_misc":{"Est. reading time":"1 minute"},"schema":{"@context":"https:\/\/schema.org","@graph":[{"@type":"WebPage","@id":"https:\/\/ecovalle.pe\/product\/tocosh-capsulas-500mg\/","url":"https:\/\/ecovalle.pe\/product\/tocosh-capsulas-500mg\/","name":"Tocosh de 500mg c\/u x 100c\u00e1ps. - EcoValle","isPartOf":{"@id":"https:\/\/ecovalle.pe\/#website"},"primaryImageOfPage":{"@id":"https:\/\/ecovalle.pe\/product\/tocosh-capsulas-500mg\/#primaryimage"},"image":{"@id":"https:\/\/ecovalle.pe\/product\/tocosh-capsulas-500mg\/#primaryimage"},"thumbnailUrl":"https:\/\/ecovalle.pe\/wp-content\/uploads\/2022\/08\/TOCOSH_CAPS01.jpg","datePublished":"2022-08-28T01:57:16+00:00","dateModified":"2026-01-06T20:31:07+00:00","breadcrumb":{"@id":"https:\/\/ecovalle.pe\/product\/tocosh-capsulas-500mg\/#breadcrumb"},"inLanguage":"en-US","potentialAction":[{"@type":"ReadAction","target":["https:\/\/ecovalle.pe\/product\/tocosh-capsulas-500mg\/"]}]},{"@type":"ImageObject","inLanguage":"en-US","@id":"https:\/\/ecovalle.pe\/product\/tocosh-capsulas-500mg\/#primaryimage","url":"https:\/\/ecovalle.pe\/wp-content\/uploads\/2022\/08\/TOCOSH_CAPS01.jpg","contentUrl":"https:\/\/ecovalle.pe\/wp-content\/uploads\/2022\/08\/TOCOSH_CAPS01.jpg","width":800,"height":800},{"@type":"BreadcrumbList","@id":"https:\/\/ecovalle.pe\/product\/tocosh-capsulas-500mg\/#breadcrumb","itemListElement":[{"@type":"ListItem","position":1,"name":"Portada","item":"https:\/\/ecovalle.pe\/"},{"@type":"ListItem","position":2,"name":"Tienda","item":"https:\/\/ecovalle.pe\/shop\/"},{"@type":"ListItem","position":3,"name":"Tocosh de 500mg c\/u x 100c\u00e1ps."}]},{"@type":"WebSite","@id":"https:\/\/ecovalle.pe\/#website","url":"https:\/\/ecovalle.pe\/","name":"EcoValle","description":"Somos una 1 empresa agroindustrial con m\u00e1s de 10 a\u00f1os de experiencia en el rubro de alimentos funcionales. Todos nuestros productos pasan por un estricto proceso de producci\u00f3n y control de calidad, utilizando los m\u00e1s altos est\u00e1ndares de calidad con certificaci\u00f3n internacional.","potentialAction":[{"@type":"SearchAction","target":{"@type":"EntryPoint","urlTemplate":"https:\/\/ecovalle.pe\/?s={search_term_string}"},"query-input":{"@type":"PropertyValueSpecification","valueRequired":true,"valueName":"search_term_string"}}],"inLanguage":"en-US"}]}},"_links":{"self":[{"href":"https:\/\/ecovalle.pe\/en\/wp-json\/wp\/v2\/product\/9433","targetHints":{"allow":["GET"]}}],"collection":[{"href":"https:\/\/ecovalle.pe\/en\/wp-json\/wp\/v2\/product"}],"about":[{"href":"https:\/\/ecovalle.pe\/en\/wp-json\/wp\/v2\/types\/product"}],"replies":[{"embeddable":true,"href":"https:\/\/ecovalle.pe\/en\/wp-json\/wp\/v2\/comments?post=9433"}],"version-history":[{"count":5,"href":"https:\/\/ecovalle.pe\/en\/wp-json\/wp\/v2\/product\/9433\/revisions"}],"predecessor-version":[{"id":14929,"href":"https:\/\/ecovalle.pe\/en\/wp-json\/wp\/v2\/product\/9433\/revisions\/14929"}],"wp:featuredmedia":[{"embeddable":true,"href":"https:\/\/ecovalle.pe\/en\/wp-json\/wp\/v2\/media\/14925"}],"wp:attachment":[{"href":"https:\/\/ecovalle.pe\/en\/wp-json\/wp\/v2\/media?parent=9433"}],"wp:term":[{"taxonomy":"product_cat","embeddable":true,"href":"https:\/\/ecovalle.pe\/en\/wp-json\/wp\/v2\/product_cat?post=9433"},{"taxonomy":"product_tag","embeddable":true,"href":"https:\/\/ecovalle.pe\/en\/wp-json\/wp\/v2\/product_tag?post=9433"}],"curies":[{"name":"wp","href":"https:\/\/api.w.org\/{rel}","templated":true}]}}