{"id":9441,"date":"2022-08-27T21:11:27","date_gmt":"2022-08-28T02:11:27","guid":{"rendered":"https:\/\/ecovalle.pe\/?post_type=product&#038;p=9441"},"modified":"2026-01-06T15:34:56","modified_gmt":"2026-01-06T20:34:56","slug":"cartilago-de-tiburon-capsulas-500mg-150caps","status":"publish","type":"product","link":"https:\/\/ecovalle.pe\/en\/product\/cartilago-de-tiburon-capsulas-500mg-150caps\/","title":{"rendered":"Cart\u00edlago de Tibur\u00f3n de 500mg c\/u x 150c\u00e1ps"},"content":{"rendered":"<p>Nuestro producto est\u00e1 formulado con cart\u00edlago de tibur\u00f3n fuente de codroitin sulfato que junto al col\u00e1geno hidrolizado y el camu camu ayudan a reforzar el cart\u00edlago. Adem\u00e1s, incluye a la u\u00f1a de gato por su contenido de \u00e1cidos quin\u00f3vicos para disminuir la inflamaci\u00f3n del cart\u00edlago. Es por ello que nuestro producto es un buen aliado contra la artritis, mejorando la calidad de vida.<\/p>\n<p><strong><span style=\"color: #02793c;\">COMPOSICI\u00d3N<\/span><\/strong><\/p>\n<ul>\n<li>Nombre com\u00fan: Camu camu<\/li>\n<li>Nombre cient\u00edfico: Myrciaria dubia (Kunth) McVaugh<\/li>\n<li>Parte utilizada: fruto<\/li>\n<li>Nombre com\u00fan: Cart\u00edlago de tibur\u00f3n<\/li>\n<li>Nombre cient\u00edfico: Sulfato de condroitina<\/li>\n<li>Parte utilizada: amino\u00e1cidos<\/li>\n<li>Nombre com\u00fan: Col\u00e1geno hidrolizado<\/li>\n<li>Nombre cient\u00edfico: Glicosaaminoglicanos<\/li>\n<li>Parte utilizada: amino\u00e1cidos<\/li>\n<li>Nombre com\u00fan: U\u00f1a de gato<\/li>\n<li>Nombre cient\u00edfico: Uncaria tomentosa (Willd. ex Schult.) DC.<\/li>\n<li>Parte utilizada: corteza<\/li>\n<\/ul>\n<p><strong><span style=\"color: #02793c;\">BENEFICIOS<\/span><\/strong><\/p>\n<ul>\n<li>Fortalece la regeneraci\u00f3n del cart\u00edlago.<\/li>\n<li>Disminuye el dolor y la hinchaz\u00f3n osteoarticular.<\/li>\n<li>Facilita la movilidad de las articulaciones.<\/li>\n<\/ul>\n<p><strong><span style=\"color: #02793c;\">\u00bfSAB\u00cdAS QUE?<\/span><\/strong><br \/>\nLos tiburones son los \u00fanicos animales que no pueden contraer c\u00e1ncer.<\/p>","protected":false},"excerpt":{"rendered":"<ul>\n<li style=\"text-align: left;\">Fortalecedor del cart\u00edlago<\/li>\n<li style=\"text-align: left;\">antiinflamatorio<\/li>\n<li style=\"text-align: left;\">Promueve la s\u00edntesis de col\u00e1geno<\/li>\n<li style=\"text-align: left;\">Reduce la inflamaci\u00f3n de la membrana sinovial<\/li>\n<li style=\"text-align: left;\">Evita la deformaci\u00f3n progresiva de las articulaciones<\/li>\n<li style=\"text-align: left;\">EAN:\u00a07754531000082<\/li>\n<\/ul>","protected":false},"featured_media":14930,"comment_status":"open","ping_status":"closed","template":"","meta":{"inline_featured_image":false,"_joinchat":[]},"product_cat":[169],"product_tag":[191],"class_list":{"0":"post-9441","1":"product","2":"type-product","3":"status-publish","4":"has-post-thumbnail","6":"product_cat-sistema-oseo","7":"product_tag-sistema-oseo","9":"first","10":"instock","11":"shipping-taxable","12":"purchasable","13":"product-type-simple"},"yoast_head":"<!-- This site is optimized with the Yoast SEO plugin v23.9 - https:\/\/yoast.com\/wordpress\/plugins\/seo\/ -->\n<title>Cart\u00edlago de Tibur\u00f3n de 500mg c\/u x 150c\u00e1ps - EcoValle<\/title>\n<meta name=\"robots\" content=\"index, follow, max-snippet:-1, max-image-preview:large, max-video-preview:-1\" \/>\n<link rel=\"canonical\" href=\"https:\/\/ecovalle.pe\/en\/product\/cartilago-de-tiburon-capsulas-500mg-150caps\/\" \/>\n<meta property=\"og:locale\" content=\"en_US\" \/>\n<meta property=\"og:type\" content=\"article\" \/>\n<meta property=\"og:title\" content=\"Cart\u00edlago de Tibur\u00f3n de 500mg c\/u x 150c\u00e1ps - EcoValle\" \/>\n<meta property=\"og:description\" content=\"Fortalecedor del cart\u00edlago  antiinflamatorio  Promueve la s\u00edntesis de col\u00e1geno  Reduce la inflamaci\u00f3n de la membrana sinovial  Evita la deformaci\u00f3n progresiva de las articulaciones  EAN:\u00a07754531000082\" \/>\n<meta property=\"og:url\" content=\"https:\/\/ecovalle.pe\/en\/product\/cartilago-de-tiburon-capsulas-500mg-150caps\/\" \/>\n<meta property=\"og:site_name\" content=\"EcoValle\" \/>\n<meta property=\"article:modified_time\" content=\"2026-01-06T20:34:56+00:00\" \/>\n<meta property=\"og:image\" content=\"https:\/\/ecovalle.pe\/wp-content\/uploads\/2022\/08\/CARTILAGO_TIBURON_150CAPS01.jpg\" \/>\n\t<meta property=\"og:image:width\" content=\"800\" \/>\n\t<meta property=\"og:image:height\" content=\"800\" \/>\n\t<meta property=\"og:image:type\" content=\"image\/jpeg\" \/>\n<meta name=\"twitter:card\" content=\"summary_large_image\" \/>\n<meta name=\"twitter:label1\" content=\"Est. reading time\" \/>\n\t<meta name=\"twitter:data1\" content=\"1 minute\" \/>\n<script type=\"application\/ld+json\" class=\"yoast-schema-graph\">{\"@context\":\"https:\/\/schema.org\",\"@graph\":[{\"@type\":\"WebPage\",\"@id\":\"https:\/\/ecovalle.pe\/product\/cartilago-de-tiburon-capsulas-500mg-150caps\/\",\"url\":\"https:\/\/ecovalle.pe\/product\/cartilago-de-tiburon-capsulas-500mg-150caps\/\",\"name\":\"Cart\u00edlago de Tibur\u00f3n de 500mg c\/u x 150c\u00e1ps - EcoValle\",\"isPartOf\":{\"@id\":\"https:\/\/ecovalle.pe\/#website\"},\"primaryImageOfPage\":{\"@id\":\"https:\/\/ecovalle.pe\/product\/cartilago-de-tiburon-capsulas-500mg-150caps\/#primaryimage\"},\"image\":{\"@id\":\"https:\/\/ecovalle.pe\/product\/cartilago-de-tiburon-capsulas-500mg-150caps\/#primaryimage\"},\"thumbnailUrl\":\"https:\/\/ecovalle.pe\/wp-content\/uploads\/2022\/08\/CARTILAGO_TIBURON_150CAPS01.jpg\",\"datePublished\":\"2022-08-28T02:11:27+00:00\",\"dateModified\":\"2026-01-06T20:34:56+00:00\",\"breadcrumb\":{\"@id\":\"https:\/\/ecovalle.pe\/product\/cartilago-de-tiburon-capsulas-500mg-150caps\/#breadcrumb\"},\"inLanguage\":\"en-US\",\"potentialAction\":[{\"@type\":\"ReadAction\",\"target\":[\"https:\/\/ecovalle.pe\/product\/cartilago-de-tiburon-capsulas-500mg-150caps\/\"]}]},{\"@type\":\"ImageObject\",\"inLanguage\":\"en-US\",\"@id\":\"https:\/\/ecovalle.pe\/product\/cartilago-de-tiburon-capsulas-500mg-150caps\/#primaryimage\",\"url\":\"https:\/\/ecovalle.pe\/wp-content\/uploads\/2022\/08\/CARTILAGO_TIBURON_150CAPS01.jpg\",\"contentUrl\":\"https:\/\/ecovalle.pe\/wp-content\/uploads\/2022\/08\/CARTILAGO_TIBURON_150CAPS01.jpg\",\"width\":800,\"height\":800},{\"@type\":\"BreadcrumbList\",\"@id\":\"https:\/\/ecovalle.pe\/product\/cartilago-de-tiburon-capsulas-500mg-150caps\/#breadcrumb\",\"itemListElement\":[{\"@type\":\"ListItem\",\"position\":1,\"name\":\"Portada\",\"item\":\"https:\/\/ecovalle.pe\/\"},{\"@type\":\"ListItem\",\"position\":2,\"name\":\"Tienda\",\"item\":\"https:\/\/ecovalle.pe\/shop\/\"},{\"@type\":\"ListItem\",\"position\":3,\"name\":\"Cart\u00edlago de Tibur\u00f3n de 500mg c\/u x 150c\u00e1ps\"}]},{\"@type\":\"WebSite\",\"@id\":\"https:\/\/ecovalle.pe\/#website\",\"url\":\"https:\/\/ecovalle.pe\/\",\"name\":\"EcoValle\",\"description\":\"Somos una 1 empresa agroindustrial con m\u00e1s de 10 a\u00f1os de experiencia en el rubro de alimentos funcionales. Todos nuestros productos pasan por un estricto proceso de producci\u00f3n y control de calidad, utilizando los m\u00e1s altos est\u00e1ndares de calidad con certificaci\u00f3n internacional.\",\"potentialAction\":[{\"@type\":\"SearchAction\",\"target\":{\"@type\":\"EntryPoint\",\"urlTemplate\":\"https:\/\/ecovalle.pe\/?s={search_term_string}\"},\"query-input\":{\"@type\":\"PropertyValueSpecification\",\"valueRequired\":true,\"valueName\":\"search_term_string\"}}],\"inLanguage\":\"en-US\"}]}<\/script>\n<!-- \/ Yoast SEO plugin. -->","yoast_head_json":{"title":"Cart\u00edlago de Tibur\u00f3n de 500mg c\/u x 150c\u00e1ps - EcoValle","robots":{"index":"index","follow":"follow","max-snippet":"max-snippet:-1","max-image-preview":"max-image-preview:large","max-video-preview":"max-video-preview:-1"},"canonical":"https:\/\/ecovalle.pe\/en\/product\/cartilago-de-tiburon-capsulas-500mg-150caps\/","og_locale":"en_US","og_type":"article","og_title":"Cart\u00edlago de Tibur\u00f3n de 500mg c\/u x 150c\u00e1ps - EcoValle","og_description":"Fortalecedor del cart\u00edlago  antiinflamatorio  Promueve la s\u00edntesis de col\u00e1geno  Reduce la inflamaci\u00f3n de la membrana sinovial  Evita la deformaci\u00f3n progresiva de las articulaciones  EAN:\u00a07754531000082","og_url":"https:\/\/ecovalle.pe\/en\/product\/cartilago-de-tiburon-capsulas-500mg-150caps\/","og_site_name":"EcoValle","article_modified_time":"2026-01-06T20:34:56+00:00","og_image":[{"width":800,"height":800,"url":"https:\/\/ecovalle.pe\/wp-content\/uploads\/2022\/08\/CARTILAGO_TIBURON_150CAPS01.jpg","type":"image\/jpeg"}],"twitter_card":"summary_large_image","twitter_misc":{"Est. reading time":"1 minute"},"schema":{"@context":"https:\/\/schema.org","@graph":[{"@type":"WebPage","@id":"https:\/\/ecovalle.pe\/product\/cartilago-de-tiburon-capsulas-500mg-150caps\/","url":"https:\/\/ecovalle.pe\/product\/cartilago-de-tiburon-capsulas-500mg-150caps\/","name":"Cart\u00edlago de Tibur\u00f3n de 500mg c\/u x 150c\u00e1ps - EcoValle","isPartOf":{"@id":"https:\/\/ecovalle.pe\/#website"},"primaryImageOfPage":{"@id":"https:\/\/ecovalle.pe\/product\/cartilago-de-tiburon-capsulas-500mg-150caps\/#primaryimage"},"image":{"@id":"https:\/\/ecovalle.pe\/product\/cartilago-de-tiburon-capsulas-500mg-150caps\/#primaryimage"},"thumbnailUrl":"https:\/\/ecovalle.pe\/wp-content\/uploads\/2022\/08\/CARTILAGO_TIBURON_150CAPS01.jpg","datePublished":"2022-08-28T02:11:27+00:00","dateModified":"2026-01-06T20:34:56+00:00","breadcrumb":{"@id":"https:\/\/ecovalle.pe\/product\/cartilago-de-tiburon-capsulas-500mg-150caps\/#breadcrumb"},"inLanguage":"en-US","potentialAction":[{"@type":"ReadAction","target":["https:\/\/ecovalle.pe\/product\/cartilago-de-tiburon-capsulas-500mg-150caps\/"]}]},{"@type":"ImageObject","inLanguage":"en-US","@id":"https:\/\/ecovalle.pe\/product\/cartilago-de-tiburon-capsulas-500mg-150caps\/#primaryimage","url":"https:\/\/ecovalle.pe\/wp-content\/uploads\/2022\/08\/CARTILAGO_TIBURON_150CAPS01.jpg","contentUrl":"https:\/\/ecovalle.pe\/wp-content\/uploads\/2022\/08\/CARTILAGO_TIBURON_150CAPS01.jpg","width":800,"height":800},{"@type":"BreadcrumbList","@id":"https:\/\/ecovalle.pe\/product\/cartilago-de-tiburon-capsulas-500mg-150caps\/#breadcrumb","itemListElement":[{"@type":"ListItem","position":1,"name":"Portada","item":"https:\/\/ecovalle.pe\/"},{"@type":"ListItem","position":2,"name":"Tienda","item":"https:\/\/ecovalle.pe\/shop\/"},{"@type":"ListItem","position":3,"name":"Cart\u00edlago de Tibur\u00f3n de 500mg c\/u x 150c\u00e1ps"}]},{"@type":"WebSite","@id":"https:\/\/ecovalle.pe\/#website","url":"https:\/\/ecovalle.pe\/","name":"EcoValle","description":"Somos una 1 empresa agroindustrial con m\u00e1s de 10 a\u00f1os de experiencia en el rubro de alimentos funcionales. Todos nuestros productos pasan por un estricto proceso de producci\u00f3n y control de calidad, utilizando los m\u00e1s altos est\u00e1ndares de calidad con certificaci\u00f3n internacional.","potentialAction":[{"@type":"SearchAction","target":{"@type":"EntryPoint","urlTemplate":"https:\/\/ecovalle.pe\/?s={search_term_string}"},"query-input":{"@type":"PropertyValueSpecification","valueRequired":true,"valueName":"search_term_string"}}],"inLanguage":"en-US"}]}},"_links":{"self":[{"href":"https:\/\/ecovalle.pe\/en\/wp-json\/wp\/v2\/product\/9441","targetHints":{"allow":["GET"]}}],"collection":[{"href":"https:\/\/ecovalle.pe\/en\/wp-json\/wp\/v2\/product"}],"about":[{"href":"https:\/\/ecovalle.pe\/en\/wp-json\/wp\/v2\/types\/product"}],"replies":[{"embeddable":true,"href":"https:\/\/ecovalle.pe\/en\/wp-json\/wp\/v2\/comments?post=9441"}],"version-history":[{"count":3,"href":"https:\/\/ecovalle.pe\/en\/wp-json\/wp\/v2\/product\/9441\/revisions"}],"predecessor-version":[{"id":14932,"href":"https:\/\/ecovalle.pe\/en\/wp-json\/wp\/v2\/product\/9441\/revisions\/14932"}],"wp:featuredmedia":[{"embeddable":true,"href":"https:\/\/ecovalle.pe\/en\/wp-json\/wp\/v2\/media\/14930"}],"wp:attachment":[{"href":"https:\/\/ecovalle.pe\/en\/wp-json\/wp\/v2\/media?parent=9441"}],"wp:term":[{"taxonomy":"product_cat","embeddable":true,"href":"https:\/\/ecovalle.pe\/en\/wp-json\/wp\/v2\/product_cat?post=9441"},{"taxonomy":"product_tag","embeddable":true,"href":"https:\/\/ecovalle.pe\/en\/wp-json\/wp\/v2\/product_tag?post=9441"}],"curies":[{"name":"wp","href":"https:\/\/api.w.org\/{rel}","templated":true}]}}