{"id":9453,"date":"2022-08-27T22:23:32","date_gmt":"2022-08-28T03:23:32","guid":{"rendered":"https:\/\/ecovalle.pe\/?post_type=product&#038;p=9453"},"modified":"2026-01-06T15:42:03","modified_gmt":"2026-01-06T20:42:03","slug":"magnemas-capsulas-500mg-150caps","status":"publish","type":"product","link":"https:\/\/ecovalle.pe\/en\/product\/magnemas-capsulas-500mg-150caps\/","title":{"rendered":"Magnemas de 500mg c\/u x 150c\u00e1ps."},"content":{"rendered":"<p>MAGNE M\u00c1S est\u00e1 formulado con cloruro de magnesio y camu camu, dos ingredientes que contribuyen a equilibrar estados de estr\u00e9s de la vida cotidiana y laboral, aportando bienestar f\u00edsico y mental.<\/p>\n<p><strong><span style=\"color: #02793c;\">COMPOSICI\u00d3N<\/span><\/strong><\/p>\n<ul>\n<li>Nombre com\u00fan: Camu camu<\/li>\n<li>Nombre cient\u00edfico: Myrciaria dubia (Kunth) McVaugh<\/li>\n<li>Parte utilizada: fruto<\/li>\n<li>Nombre com\u00fan: Cloruro de magnesio<\/li>\n<li>Nombre cient\u00edfico: &#8212;<\/li>\n<li>Parte utilizada: mineral<\/li>\n<\/ul>\n<p><strong><span style=\"color: #02793c;\">BENEFICIOS<\/span><\/strong><\/p>\n<ul>\n<li>Favorece la funci\u00f3n cerebral y muscular.<\/li>\n<li>Previene estados de ansiedad y estr\u00e9s.<\/li>\n<li>Promueve un buen estado f\u00edsico y mental.<\/li>\n<\/ul>\n<p><strong><span style=\"color: #02793c;\">\u00bfSAB\u00cdAS QU\u00c9?<\/span><\/strong><br \/>\nEl magnesio es capaz de modular los efectos relajantes en el sistema nervioso a trav\u00e9s de la liberaci\u00f3n incrementada de GABA, un potente neurotransmisor.<\/p>","protected":false},"excerpt":{"rendered":"<ul>\n<li style=\"text-align: left;\">Antiestr\u00e9s<\/li>\n<li style=\"text-align: left;\">Antioxidante<\/li>\n<li style=\"text-align: left;\">Act\u00faa como relajante natural<\/li>\n<li style=\"text-align: left;\">Aporta magnesio y vitamina C<\/li>\n<li style=\"text-align: left;\">Ayuda a combatir las toxinas en el organismo<\/li>\n<li style=\"text-align: left;\">EAN:\u00a07754531000079<\/li>\n<\/ul>","protected":false},"featured_media":14939,"comment_status":"open","ping_status":"closed","template":"","meta":{"inline_featured_image":false,"_joinchat":[]},"product_cat":[168,169],"product_tag":[197],"class_list":{"0":"post-9453","1":"product","2":"type-product","3":"status-publish","4":"has-post-thumbnail","6":"product_cat-sistema-nervioso","7":"product_cat-sistema-oseo","8":"product_tag-sistema-nervioso","10":"first","11":"instock","12":"shipping-taxable","13":"purchasable","14":"product-type-simple"},"yoast_head":"<!-- This site is optimized with the Yoast SEO plugin v23.9 - https:\/\/yoast.com\/wordpress\/plugins\/seo\/ -->\n<title>Magnemas de 500mg c\/u x 150c\u00e1ps. - EcoValle<\/title>\n<meta name=\"robots\" content=\"index, follow, max-snippet:-1, max-image-preview:large, max-video-preview:-1\" \/>\n<link rel=\"canonical\" href=\"https:\/\/ecovalle.pe\/en\/product\/magnemas-capsulas-500mg-150caps\/\" \/>\n<meta property=\"og:locale\" content=\"en_US\" \/>\n<meta property=\"og:type\" content=\"article\" \/>\n<meta property=\"og:title\" content=\"Magnemas de 500mg c\/u x 150c\u00e1ps. - EcoValle\" \/>\n<meta property=\"og:description\" content=\"Antiestr\u00e9s  Antioxidante  Act\u00faa como relajante natural  Aporta magnesio y vitamina C  Ayuda a combatir las toxinas en el organismo  EAN:\u00a07754531000079\" \/>\n<meta property=\"og:url\" content=\"https:\/\/ecovalle.pe\/en\/product\/magnemas-capsulas-500mg-150caps\/\" \/>\n<meta property=\"og:site_name\" content=\"EcoValle\" \/>\n<meta property=\"article:modified_time\" content=\"2026-01-06T20:42:03+00:00\" \/>\n<meta property=\"og:image\" content=\"https:\/\/ecovalle.pe\/wp-content\/uploads\/2022\/08\/MAGNEMAS_150CAPS01.jpg\" \/>\n\t<meta property=\"og:image:width\" content=\"800\" \/>\n\t<meta property=\"og:image:height\" content=\"800\" \/>\n\t<meta property=\"og:image:type\" content=\"image\/jpeg\" \/>\n<meta name=\"twitter:card\" content=\"summary_large_image\" \/>\n<meta name=\"twitter:label1\" content=\"Est. reading time\" \/>\n\t<meta name=\"twitter:data1\" content=\"1 minute\" \/>\n<script type=\"application\/ld+json\" class=\"yoast-schema-graph\">{\"@context\":\"https:\/\/schema.org\",\"@graph\":[{\"@type\":\"WebPage\",\"@id\":\"https:\/\/ecovalle.pe\/product\/magnemas-capsulas-500mg-150caps\/\",\"url\":\"https:\/\/ecovalle.pe\/product\/magnemas-capsulas-500mg-150caps\/\",\"name\":\"Magnemas de 500mg c\/u x 150c\u00e1ps. - EcoValle\",\"isPartOf\":{\"@id\":\"https:\/\/ecovalle.pe\/#website\"},\"primaryImageOfPage\":{\"@id\":\"https:\/\/ecovalle.pe\/product\/magnemas-capsulas-500mg-150caps\/#primaryimage\"},\"image\":{\"@id\":\"https:\/\/ecovalle.pe\/product\/magnemas-capsulas-500mg-150caps\/#primaryimage\"},\"thumbnailUrl\":\"https:\/\/ecovalle.pe\/wp-content\/uploads\/2022\/08\/MAGNEMAS_150CAPS01.jpg\",\"datePublished\":\"2022-08-28T03:23:32+00:00\",\"dateModified\":\"2026-01-06T20:42:03+00:00\",\"breadcrumb\":{\"@id\":\"https:\/\/ecovalle.pe\/product\/magnemas-capsulas-500mg-150caps\/#breadcrumb\"},\"inLanguage\":\"en-US\",\"potentialAction\":[{\"@type\":\"ReadAction\",\"target\":[\"https:\/\/ecovalle.pe\/product\/magnemas-capsulas-500mg-150caps\/\"]}]},{\"@type\":\"ImageObject\",\"inLanguage\":\"en-US\",\"@id\":\"https:\/\/ecovalle.pe\/product\/magnemas-capsulas-500mg-150caps\/#primaryimage\",\"url\":\"https:\/\/ecovalle.pe\/wp-content\/uploads\/2022\/08\/MAGNEMAS_150CAPS01.jpg\",\"contentUrl\":\"https:\/\/ecovalle.pe\/wp-content\/uploads\/2022\/08\/MAGNEMAS_150CAPS01.jpg\",\"width\":800,\"height\":800},{\"@type\":\"BreadcrumbList\",\"@id\":\"https:\/\/ecovalle.pe\/product\/magnemas-capsulas-500mg-150caps\/#breadcrumb\",\"itemListElement\":[{\"@type\":\"ListItem\",\"position\":1,\"name\":\"Portada\",\"item\":\"https:\/\/ecovalle.pe\/\"},{\"@type\":\"ListItem\",\"position\":2,\"name\":\"Tienda\",\"item\":\"https:\/\/ecovalle.pe\/shop\/\"},{\"@type\":\"ListItem\",\"position\":3,\"name\":\"Magnemas de 500mg c\/u x 150c\u00e1ps.\"}]},{\"@type\":\"WebSite\",\"@id\":\"https:\/\/ecovalle.pe\/#website\",\"url\":\"https:\/\/ecovalle.pe\/\",\"name\":\"EcoValle\",\"description\":\"Somos una 1 empresa agroindustrial con m\u00e1s de 10 a\u00f1os de experiencia en el rubro de alimentos funcionales. Todos nuestros productos pasan por un estricto proceso de producci\u00f3n y control de calidad, utilizando los m\u00e1s altos est\u00e1ndares de calidad con certificaci\u00f3n internacional.\",\"potentialAction\":[{\"@type\":\"SearchAction\",\"target\":{\"@type\":\"EntryPoint\",\"urlTemplate\":\"https:\/\/ecovalle.pe\/?s={search_term_string}\"},\"query-input\":{\"@type\":\"PropertyValueSpecification\",\"valueRequired\":true,\"valueName\":\"search_term_string\"}}],\"inLanguage\":\"en-US\"}]}<\/script>\n<!-- \/ Yoast SEO plugin. -->","yoast_head_json":{"title":"Magnemas de 500mg c\/u x 150c\u00e1ps. - EcoValle","robots":{"index":"index","follow":"follow","max-snippet":"max-snippet:-1","max-image-preview":"max-image-preview:large","max-video-preview":"max-video-preview:-1"},"canonical":"https:\/\/ecovalle.pe\/en\/product\/magnemas-capsulas-500mg-150caps\/","og_locale":"en_US","og_type":"article","og_title":"Magnemas de 500mg c\/u x 150c\u00e1ps. - EcoValle","og_description":"Antiestr\u00e9s  Antioxidante  Act\u00faa como relajante natural  Aporta magnesio y vitamina C  Ayuda a combatir las toxinas en el organismo  EAN:\u00a07754531000079","og_url":"https:\/\/ecovalle.pe\/en\/product\/magnemas-capsulas-500mg-150caps\/","og_site_name":"EcoValle","article_modified_time":"2026-01-06T20:42:03+00:00","og_image":[{"width":800,"height":800,"url":"https:\/\/ecovalle.pe\/wp-content\/uploads\/2022\/08\/MAGNEMAS_150CAPS01.jpg","type":"image\/jpeg"}],"twitter_card":"summary_large_image","twitter_misc":{"Est. reading time":"1 minute"},"schema":{"@context":"https:\/\/schema.org","@graph":[{"@type":"WebPage","@id":"https:\/\/ecovalle.pe\/product\/magnemas-capsulas-500mg-150caps\/","url":"https:\/\/ecovalle.pe\/product\/magnemas-capsulas-500mg-150caps\/","name":"Magnemas de 500mg c\/u x 150c\u00e1ps. - EcoValle","isPartOf":{"@id":"https:\/\/ecovalle.pe\/#website"},"primaryImageOfPage":{"@id":"https:\/\/ecovalle.pe\/product\/magnemas-capsulas-500mg-150caps\/#primaryimage"},"image":{"@id":"https:\/\/ecovalle.pe\/product\/magnemas-capsulas-500mg-150caps\/#primaryimage"},"thumbnailUrl":"https:\/\/ecovalle.pe\/wp-content\/uploads\/2022\/08\/MAGNEMAS_150CAPS01.jpg","datePublished":"2022-08-28T03:23:32+00:00","dateModified":"2026-01-06T20:42:03+00:00","breadcrumb":{"@id":"https:\/\/ecovalle.pe\/product\/magnemas-capsulas-500mg-150caps\/#breadcrumb"},"inLanguage":"en-US","potentialAction":[{"@type":"ReadAction","target":["https:\/\/ecovalle.pe\/product\/magnemas-capsulas-500mg-150caps\/"]}]},{"@type":"ImageObject","inLanguage":"en-US","@id":"https:\/\/ecovalle.pe\/product\/magnemas-capsulas-500mg-150caps\/#primaryimage","url":"https:\/\/ecovalle.pe\/wp-content\/uploads\/2022\/08\/MAGNEMAS_150CAPS01.jpg","contentUrl":"https:\/\/ecovalle.pe\/wp-content\/uploads\/2022\/08\/MAGNEMAS_150CAPS01.jpg","width":800,"height":800},{"@type":"BreadcrumbList","@id":"https:\/\/ecovalle.pe\/product\/magnemas-capsulas-500mg-150caps\/#breadcrumb","itemListElement":[{"@type":"ListItem","position":1,"name":"Portada","item":"https:\/\/ecovalle.pe\/"},{"@type":"ListItem","position":2,"name":"Tienda","item":"https:\/\/ecovalle.pe\/shop\/"},{"@type":"ListItem","position":3,"name":"Magnemas de 500mg c\/u x 150c\u00e1ps."}]},{"@type":"WebSite","@id":"https:\/\/ecovalle.pe\/#website","url":"https:\/\/ecovalle.pe\/","name":"EcoValle","description":"Somos una 1 empresa agroindustrial con m\u00e1s de 10 a\u00f1os de experiencia en el rubro de alimentos funcionales. Todos nuestros productos pasan por un estricto proceso de producci\u00f3n y control de calidad, utilizando los m\u00e1s altos est\u00e1ndares de calidad con certificaci\u00f3n internacional.","potentialAction":[{"@type":"SearchAction","target":{"@type":"EntryPoint","urlTemplate":"https:\/\/ecovalle.pe\/?s={search_term_string}"},"query-input":{"@type":"PropertyValueSpecification","valueRequired":true,"valueName":"search_term_string"}}],"inLanguage":"en-US"}]}},"_links":{"self":[{"href":"https:\/\/ecovalle.pe\/en\/wp-json\/wp\/v2\/product\/9453","targetHints":{"allow":["GET"]}}],"collection":[{"href":"https:\/\/ecovalle.pe\/en\/wp-json\/wp\/v2\/product"}],"about":[{"href":"https:\/\/ecovalle.pe\/en\/wp-json\/wp\/v2\/types\/product"}],"replies":[{"embeddable":true,"href":"https:\/\/ecovalle.pe\/en\/wp-json\/wp\/v2\/comments?post=9453"}],"version-history":[{"count":4,"href":"https:\/\/ecovalle.pe\/en\/wp-json\/wp\/v2\/product\/9453\/revisions"}],"predecessor-version":[{"id":14942,"href":"https:\/\/ecovalle.pe\/en\/wp-json\/wp\/v2\/product\/9453\/revisions\/14942"}],"wp:featuredmedia":[{"embeddable":true,"href":"https:\/\/ecovalle.pe\/en\/wp-json\/wp\/v2\/media\/14939"}],"wp:attachment":[{"href":"https:\/\/ecovalle.pe\/en\/wp-json\/wp\/v2\/media?parent=9453"}],"wp:term":[{"taxonomy":"product_cat","embeddable":true,"href":"https:\/\/ecovalle.pe\/en\/wp-json\/wp\/v2\/product_cat?post=9453"},{"taxonomy":"product_tag","embeddable":true,"href":"https:\/\/ecovalle.pe\/en\/wp-json\/wp\/v2\/product_tag?post=9453"}],"curies":[{"name":"wp","href":"https:\/\/api.w.org\/{rel}","templated":true}]}}