{"id":9460,"date":"2022-08-27T22:36:10","date_gmt":"2022-08-28T03:36:10","guid":{"rendered":"https:\/\/ecovalle.pe\/?post_type=product&#038;p=9460"},"modified":"2025-05-29T00:00:11","modified_gmt":"2025-05-29T05:00:11","slug":"ajonjoli-tostado-bolsa-nylon-500g","status":"publish","type":"product","link":"https:\/\/ecovalle.pe\/en\/product\/ajonjoli-tostado-bolsa-nylon-500g\/","title":{"rendered":"Ajonjol\u00ed Tostado Bolsa nylon x 500g"},"content":{"rendered":"<p>Las semillas de ajonjol\u00ed aportan m\u00faltiples beneficios convirti\u00e9ndolas en unas semillas muy especiales para la alimentaci\u00f3n saludable. Son ricas en omega 6 y 9, componentes importantes que favorecen al organismo.<\/p>\n<p><strong><span style=\"color: #02793c;\">COMPOSICI\u00d3N<\/span><\/strong><\/p>\n<ul>\n<li>Nombre com\u00fan: Ajonjol\u00ed<\/li>\n<li>Nombre cient\u00edfico: Sesamum indicum L.<\/li>\n<li>Parte utilizada: semillas<\/li>\n<\/ul>\n<p><strong><span style=\"color: #02793c;\">BENEFICIOS<\/span><\/strong><\/p>\n<ul>\n<li>Protege la salud del coraz\u00f3n.<\/li>\n<li>Ayuda a mantener un peso saludable.<\/li>\n<li>Fortalece la memoria.<\/li>\n<\/ul>\n<p><strong><span style=\"color: #02793c;\">\u00bfSAB\u00cdAS QUE?<\/span><\/strong><br \/>\nLos lignanos son responsables de regular el colesterol en sangre.<\/p>","protected":false},"excerpt":{"rendered":"<ul>\n<li style=\"text-align: left;\">Nutritivo<\/li>\n<li style=\"text-align: left;\">Alimenticio<\/li>\n<li style=\"text-align: left;\">Contiene gran cantidad de \u00e1cidos grasos saludables<\/li>\n<li style=\"text-align: left;\">Regula los niveles de colesterol y triglic\u00e9ridos en sangre<\/li>\n<\/ul>","protected":false},"featured_media":9461,"comment_status":"open","ping_status":"closed","template":"","meta":{"inline_featured_image":false,"_joinchat":[]},"product_cat":[166],"product_tag":[186],"class_list":{"0":"post-9460","1":"product","2":"type-product","3":"status-publish","4":"has-post-thumbnail","6":"product_cat-nutricion","7":"product_tag-nutricion","9":"first","10":"instock","11":"shipping-taxable","12":"purchasable","13":"product-type-simple"},"yoast_head":"<!-- This site is optimized with the Yoast SEO plugin v23.9 - https:\/\/yoast.com\/wordpress\/plugins\/seo\/ -->\n<title>Ajonjol\u00ed Tostado Bolsa nylon x 500g - EcoValle<\/title>\n<meta name=\"robots\" content=\"index, follow, max-snippet:-1, max-image-preview:large, max-video-preview:-1\" \/>\n<link rel=\"canonical\" href=\"https:\/\/ecovalle.pe\/en\/product\/ajonjoli-tostado-bolsa-nylon-500g\/\" \/>\n<meta property=\"og:locale\" content=\"en_US\" \/>\n<meta property=\"og:type\" content=\"article\" \/>\n<meta property=\"og:title\" content=\"Ajonjol\u00ed Tostado Bolsa nylon x 500g - EcoValle\" \/>\n<meta property=\"og:description\" content=\"Nutritivo  Alimenticio  Contiene gran cantidad de \u00e1cidos grasos saludables  Regula los niveles de colesterol y triglic\u00e9ridos en sangre\" \/>\n<meta property=\"og:url\" content=\"https:\/\/ecovalle.pe\/en\/product\/ajonjoli-tostado-bolsa-nylon-500g\/\" \/>\n<meta property=\"og:site_name\" content=\"EcoValle\" \/>\n<meta property=\"article:modified_time\" content=\"2025-05-29T05:00:11+00:00\" \/>\n<meta property=\"og:image\" content=\"https:\/\/ecovalle.pe\/wp-content\/uploads\/2022\/08\/AJONJOLI\u0301-500-G_.jpg\" \/>\n\t<meta property=\"og:image:width\" content=\"800\" \/>\n\t<meta property=\"og:image:height\" content=\"800\" \/>\n\t<meta property=\"og:image:type\" content=\"image\/jpeg\" \/>\n<meta name=\"twitter:card\" content=\"summary_large_image\" \/>\n<meta name=\"twitter:label1\" content=\"Est. reading time\" \/>\n\t<meta name=\"twitter:data1\" content=\"1 minute\" \/>\n<script type=\"application\/ld+json\" class=\"yoast-schema-graph\">{\"@context\":\"https:\/\/schema.org\",\"@graph\":[{\"@type\":\"WebPage\",\"@id\":\"https:\/\/ecovalle.pe\/product\/ajonjoli-tostado-bolsa-nylon-500g\/\",\"url\":\"https:\/\/ecovalle.pe\/product\/ajonjoli-tostado-bolsa-nylon-500g\/\",\"name\":\"Ajonjol\u00ed Tostado Bolsa nylon x 500g - EcoValle\",\"isPartOf\":{\"@id\":\"https:\/\/ecovalle.pe\/#website\"},\"primaryImageOfPage\":{\"@id\":\"https:\/\/ecovalle.pe\/product\/ajonjoli-tostado-bolsa-nylon-500g\/#primaryimage\"},\"image\":{\"@id\":\"https:\/\/ecovalle.pe\/product\/ajonjoli-tostado-bolsa-nylon-500g\/#primaryimage\"},\"thumbnailUrl\":\"https:\/\/ecovalle.pe\/wp-content\/uploads\/2022\/08\/AJONJOLI\u0301-500-G_.jpg\",\"datePublished\":\"2022-08-28T03:36:10+00:00\",\"dateModified\":\"2025-05-29T05:00:11+00:00\",\"breadcrumb\":{\"@id\":\"https:\/\/ecovalle.pe\/product\/ajonjoli-tostado-bolsa-nylon-500g\/#breadcrumb\"},\"inLanguage\":\"en-US\",\"potentialAction\":[{\"@type\":\"ReadAction\",\"target\":[\"https:\/\/ecovalle.pe\/product\/ajonjoli-tostado-bolsa-nylon-500g\/\"]}]},{\"@type\":\"ImageObject\",\"inLanguage\":\"en-US\",\"@id\":\"https:\/\/ecovalle.pe\/product\/ajonjoli-tostado-bolsa-nylon-500g\/#primaryimage\",\"url\":\"https:\/\/ecovalle.pe\/wp-content\/uploads\/2022\/08\/AJONJOLI\u0301-500-G_.jpg\",\"contentUrl\":\"https:\/\/ecovalle.pe\/wp-content\/uploads\/2022\/08\/AJONJOLI\u0301-500-G_.jpg\",\"width\":800,\"height\":800},{\"@type\":\"BreadcrumbList\",\"@id\":\"https:\/\/ecovalle.pe\/product\/ajonjoli-tostado-bolsa-nylon-500g\/#breadcrumb\",\"itemListElement\":[{\"@type\":\"ListItem\",\"position\":1,\"name\":\"Portada\",\"item\":\"https:\/\/ecovalle.pe\/\"},{\"@type\":\"ListItem\",\"position\":2,\"name\":\"Tienda\",\"item\":\"https:\/\/ecovalle.pe\/shop\/\"},{\"@type\":\"ListItem\",\"position\":3,\"name\":\"Ajonjol\u00ed Tostado Bolsa nylon x 500g\"}]},{\"@type\":\"WebSite\",\"@id\":\"https:\/\/ecovalle.pe\/#website\",\"url\":\"https:\/\/ecovalle.pe\/\",\"name\":\"EcoValle\",\"description\":\"Somos una 1 empresa agroindustrial con m\u00e1s de 10 a\u00f1os de experiencia en el rubro de alimentos funcionales. Todos nuestros productos pasan por un estricto proceso de producci\u00f3n y control de calidad, utilizando los m\u00e1s altos est\u00e1ndares de calidad con certificaci\u00f3n internacional.\",\"potentialAction\":[{\"@type\":\"SearchAction\",\"target\":{\"@type\":\"EntryPoint\",\"urlTemplate\":\"https:\/\/ecovalle.pe\/?s={search_term_string}\"},\"query-input\":{\"@type\":\"PropertyValueSpecification\",\"valueRequired\":true,\"valueName\":\"search_term_string\"}}],\"inLanguage\":\"en-US\"}]}<\/script>\n<!-- \/ Yoast SEO plugin. -->","yoast_head_json":{"title":"Ajonjol\u00ed Tostado Bolsa nylon x 500g - EcoValle","robots":{"index":"index","follow":"follow","max-snippet":"max-snippet:-1","max-image-preview":"max-image-preview:large","max-video-preview":"max-video-preview:-1"},"canonical":"https:\/\/ecovalle.pe\/en\/product\/ajonjoli-tostado-bolsa-nylon-500g\/","og_locale":"en_US","og_type":"article","og_title":"Ajonjol\u00ed Tostado Bolsa nylon x 500g - EcoValle","og_description":"Nutritivo  Alimenticio  Contiene gran cantidad de \u00e1cidos grasos saludables  Regula los niveles de colesterol y triglic\u00e9ridos en sangre","og_url":"https:\/\/ecovalle.pe\/en\/product\/ajonjoli-tostado-bolsa-nylon-500g\/","og_site_name":"EcoValle","article_modified_time":"2025-05-29T05:00:11+00:00","og_image":[{"width":800,"height":800,"url":"https:\/\/ecovalle.pe\/wp-content\/uploads\/2022\/08\/AJONJOLI\u0301-500-G_.jpg","type":"image\/jpeg"}],"twitter_card":"summary_large_image","twitter_misc":{"Est. reading time":"1 minute"},"schema":{"@context":"https:\/\/schema.org","@graph":[{"@type":"WebPage","@id":"https:\/\/ecovalle.pe\/product\/ajonjoli-tostado-bolsa-nylon-500g\/","url":"https:\/\/ecovalle.pe\/product\/ajonjoli-tostado-bolsa-nylon-500g\/","name":"Ajonjol\u00ed Tostado Bolsa nylon x 500g - EcoValle","isPartOf":{"@id":"https:\/\/ecovalle.pe\/#website"},"primaryImageOfPage":{"@id":"https:\/\/ecovalle.pe\/product\/ajonjoli-tostado-bolsa-nylon-500g\/#primaryimage"},"image":{"@id":"https:\/\/ecovalle.pe\/product\/ajonjoli-tostado-bolsa-nylon-500g\/#primaryimage"},"thumbnailUrl":"https:\/\/ecovalle.pe\/wp-content\/uploads\/2022\/08\/AJONJOLI\u0301-500-G_.jpg","datePublished":"2022-08-28T03:36:10+00:00","dateModified":"2025-05-29T05:00:11+00:00","breadcrumb":{"@id":"https:\/\/ecovalle.pe\/product\/ajonjoli-tostado-bolsa-nylon-500g\/#breadcrumb"},"inLanguage":"en-US","potentialAction":[{"@type":"ReadAction","target":["https:\/\/ecovalle.pe\/product\/ajonjoli-tostado-bolsa-nylon-500g\/"]}]},{"@type":"ImageObject","inLanguage":"en-US","@id":"https:\/\/ecovalle.pe\/product\/ajonjoli-tostado-bolsa-nylon-500g\/#primaryimage","url":"https:\/\/ecovalle.pe\/wp-content\/uploads\/2022\/08\/AJONJOLI\u0301-500-G_.jpg","contentUrl":"https:\/\/ecovalle.pe\/wp-content\/uploads\/2022\/08\/AJONJOLI\u0301-500-G_.jpg","width":800,"height":800},{"@type":"BreadcrumbList","@id":"https:\/\/ecovalle.pe\/product\/ajonjoli-tostado-bolsa-nylon-500g\/#breadcrumb","itemListElement":[{"@type":"ListItem","position":1,"name":"Portada","item":"https:\/\/ecovalle.pe\/"},{"@type":"ListItem","position":2,"name":"Tienda","item":"https:\/\/ecovalle.pe\/shop\/"},{"@type":"ListItem","position":3,"name":"Ajonjol\u00ed Tostado Bolsa nylon x 500g"}]},{"@type":"WebSite","@id":"https:\/\/ecovalle.pe\/#website","url":"https:\/\/ecovalle.pe\/","name":"EcoValle","description":"Somos una 1 empresa agroindustrial con m\u00e1s de 10 a\u00f1os de experiencia en el rubro de alimentos funcionales. Todos nuestros productos pasan por un estricto proceso de producci\u00f3n y control de calidad, utilizando los m\u00e1s altos est\u00e1ndares de calidad con certificaci\u00f3n internacional.","potentialAction":[{"@type":"SearchAction","target":{"@type":"EntryPoint","urlTemplate":"https:\/\/ecovalle.pe\/?s={search_term_string}"},"query-input":{"@type":"PropertyValueSpecification","valueRequired":true,"valueName":"search_term_string"}}],"inLanguage":"en-US"}]}},"_links":{"self":[{"href":"https:\/\/ecovalle.pe\/en\/wp-json\/wp\/v2\/product\/9460","targetHints":{"allow":["GET"]}}],"collection":[{"href":"https:\/\/ecovalle.pe\/en\/wp-json\/wp\/v2\/product"}],"about":[{"href":"https:\/\/ecovalle.pe\/en\/wp-json\/wp\/v2\/types\/product"}],"replies":[{"embeddable":true,"href":"https:\/\/ecovalle.pe\/en\/wp-json\/wp\/v2\/comments?post=9460"}],"version-history":[{"count":2,"href":"https:\/\/ecovalle.pe\/en\/wp-json\/wp\/v2\/product\/9460\/revisions"}],"predecessor-version":[{"id":14522,"href":"https:\/\/ecovalle.pe\/en\/wp-json\/wp\/v2\/product\/9460\/revisions\/14522"}],"wp:featuredmedia":[{"embeddable":true,"href":"https:\/\/ecovalle.pe\/en\/wp-json\/wp\/v2\/media\/9461"}],"wp:attachment":[{"href":"https:\/\/ecovalle.pe\/en\/wp-json\/wp\/v2\/media?parent=9460"}],"wp:term":[{"taxonomy":"product_cat","embeddable":true,"href":"https:\/\/ecovalle.pe\/en\/wp-json\/wp\/v2\/product_cat?post=9460"},{"taxonomy":"product_tag","embeddable":true,"href":"https:\/\/ecovalle.pe\/en\/wp-json\/wp\/v2\/product_tag?post=9460"}],"curies":[{"name":"wp","href":"https:\/\/api.w.org\/{rel}","templated":true}]}}