{"id":9472,"date":"2022-08-27T23:05:21","date_gmt":"2022-08-28T04:05:21","guid":{"rendered":"https:\/\/ecovalle.pe\/?post_type=product&#038;p=9472"},"modified":"2025-05-29T00:00:11","modified_gmt":"2025-05-29T05:00:11","slug":"avena-en-hojuelas-tradicional-bolsa-nylon-250g","status":"publish","type":"product","link":"https:\/\/ecovalle.pe\/en\/product\/avena-en-hojuelas-tradicional-bolsa-nylon-250g\/","title":{"rendered":"Avena en hojuelas tradicional Bolsa x 250g"},"content":{"rendered":"<p><span style=\"font-weight: 400;\">Dale lo mejor a toda tu familia con una deliciosa bebida de hojuelas de avena, rica en fibra natural. Las hojuelas de avena es un alimento pr\u00e1ctico, din\u00e1mico y f\u00e1cil de preparar. Disfr\u00fatala sola o con tus frutas favoritas. Lista para consumir en tan solo dos minutos. Apto para veganos y vegetarianos.<\/span><\/p>\n<p><strong><span style=\"color: #02793c;\">COMPOSICI\u00d3N<\/span><\/strong><\/p>\n<ul>\n<li><strong>Nombre com\u00fan:<\/strong> Avena<\/li>\n<li><strong>Nombre cient\u00edfico:<\/strong> <strong><em>Avena sativa<\/em> L.<\/strong><\/li>\n<li><strong>Parte utilizada<\/strong>: semillas (hojuelas)<\/li>\n<\/ul>\n<p><strong><span style=\"color: #02793c;\">BENEFICIOS<\/span><\/strong><\/p>\n<ul>\n<li>Regula el tr\u00e1nsito intestinal.<\/li>\n<li>Mantiene un peso saludable.<\/li>\n<li>Mejora la digesti\u00f3n.<\/li>\n<\/ul>\n<p><strong><span style=\"color: #02793c;\">\u00bfSAB\u00cdAS QU\u00c9?<\/span><\/strong><br \/>\nEl beta-glucano sustancia natural de la avena, reduce los niveles de colesterol en sangre.<\/p>","protected":false},"excerpt":{"rendered":"<ul>\n<li style=\"text-align: left;\"><span style=\"font-weight: 400;\">Alto contenido de fibra soluble.<\/span><\/li>\n<\/ul>","protected":false},"featured_media":9795,"comment_status":"open","ping_status":"closed","template":"","meta":{"inline_featured_image":false,"_joinchat":[]},"product_cat":[166],"product_tag":[215,214],"class_list":{"0":"post-9472","1":"product","2":"type-product","3":"status-publish","4":"has-post-thumbnail","6":"product_cat-nutricion","7":"product_tag-alimenticio","8":"product_tag-nutritivo","10":"first","11":"instock","12":"shipping-taxable","13":"purchasable","14":"product-type-simple"},"yoast_head":"<!-- This site is optimized with the Yoast SEO plugin v23.9 - https:\/\/yoast.com\/wordpress\/plugins\/seo\/ -->\n<title>Avena en hojuelas tradicional Bolsa x 250g - EcoValle<\/title>\n<meta name=\"robots\" content=\"index, follow, max-snippet:-1, max-image-preview:large, max-video-preview:-1\" \/>\n<link rel=\"canonical\" href=\"https:\/\/ecovalle.pe\/en\/product\/avena-en-hojuelas-tradicional-bolsa-nylon-250g\/\" \/>\n<meta property=\"og:locale\" content=\"en_US\" \/>\n<meta property=\"og:type\" content=\"article\" \/>\n<meta property=\"og:title\" content=\"Avena en hojuelas tradicional Bolsa x 250g - EcoValle\" \/>\n<meta property=\"og:description\" content=\"Alto contenido de fibra soluble.\" \/>\n<meta property=\"og:url\" content=\"https:\/\/ecovalle.pe\/en\/product\/avena-en-hojuelas-tradicional-bolsa-nylon-250g\/\" \/>\n<meta property=\"og:site_name\" content=\"EcoValle\" \/>\n<meta property=\"article:modified_time\" content=\"2025-05-29T05:00:11+00:00\" \/>\n<meta property=\"og:image\" content=\"https:\/\/ecovalle.pe\/wp-content\/uploads\/2022\/08\/HOJUELAS-DE-AVENA-NACIONAL-250-G.jpg\" \/>\n\t<meta property=\"og:image:width\" content=\"800\" \/>\n\t<meta property=\"og:image:height\" content=\"800\" \/>\n\t<meta property=\"og:image:type\" content=\"image\/jpeg\" \/>\n<meta name=\"twitter:card\" content=\"summary_large_image\" \/>\n<meta name=\"twitter:label1\" content=\"Est. reading time\" \/>\n\t<meta name=\"twitter:data1\" content=\"1 minute\" \/>\n<script type=\"application\/ld+json\" class=\"yoast-schema-graph\">{\"@context\":\"https:\/\/schema.org\",\"@graph\":[{\"@type\":\"WebPage\",\"@id\":\"https:\/\/ecovalle.pe\/product\/avena-en-hojuelas-tradicional-bolsa-nylon-250g\/\",\"url\":\"https:\/\/ecovalle.pe\/product\/avena-en-hojuelas-tradicional-bolsa-nylon-250g\/\",\"name\":\"Avena en hojuelas tradicional Bolsa x 250g - EcoValle\",\"isPartOf\":{\"@id\":\"https:\/\/ecovalle.pe\/#website\"},\"primaryImageOfPage\":{\"@id\":\"https:\/\/ecovalle.pe\/product\/avena-en-hojuelas-tradicional-bolsa-nylon-250g\/#primaryimage\"},\"image\":{\"@id\":\"https:\/\/ecovalle.pe\/product\/avena-en-hojuelas-tradicional-bolsa-nylon-250g\/#primaryimage\"},\"thumbnailUrl\":\"https:\/\/ecovalle.pe\/wp-content\/uploads\/2022\/08\/HOJUELAS-DE-AVENA-NACIONAL-250-G.jpg\",\"datePublished\":\"2022-08-28T04:05:21+00:00\",\"dateModified\":\"2025-05-29T05:00:11+00:00\",\"breadcrumb\":{\"@id\":\"https:\/\/ecovalle.pe\/product\/avena-en-hojuelas-tradicional-bolsa-nylon-250g\/#breadcrumb\"},\"inLanguage\":\"en-US\",\"potentialAction\":[{\"@type\":\"ReadAction\",\"target\":[\"https:\/\/ecovalle.pe\/product\/avena-en-hojuelas-tradicional-bolsa-nylon-250g\/\"]}]},{\"@type\":\"ImageObject\",\"inLanguage\":\"en-US\",\"@id\":\"https:\/\/ecovalle.pe\/product\/avena-en-hojuelas-tradicional-bolsa-nylon-250g\/#primaryimage\",\"url\":\"https:\/\/ecovalle.pe\/wp-content\/uploads\/2022\/08\/HOJUELAS-DE-AVENA-NACIONAL-250-G.jpg\",\"contentUrl\":\"https:\/\/ecovalle.pe\/wp-content\/uploads\/2022\/08\/HOJUELAS-DE-AVENA-NACIONAL-250-G.jpg\",\"width\":800,\"height\":800},{\"@type\":\"BreadcrumbList\",\"@id\":\"https:\/\/ecovalle.pe\/product\/avena-en-hojuelas-tradicional-bolsa-nylon-250g\/#breadcrumb\",\"itemListElement\":[{\"@type\":\"ListItem\",\"position\":1,\"name\":\"Portada\",\"item\":\"https:\/\/ecovalle.pe\/\"},{\"@type\":\"ListItem\",\"position\":2,\"name\":\"Tienda\",\"item\":\"https:\/\/ecovalle.pe\/shop\/\"},{\"@type\":\"ListItem\",\"position\":3,\"name\":\"Avena en hojuelas tradicional Bolsa x 250g\"}]},{\"@type\":\"WebSite\",\"@id\":\"https:\/\/ecovalle.pe\/#website\",\"url\":\"https:\/\/ecovalle.pe\/\",\"name\":\"EcoValle\",\"description\":\"Somos una 1 empresa agroindustrial con m\u00e1s de 10 a\u00f1os de experiencia en el rubro de alimentos funcionales. Todos nuestros productos pasan por un estricto proceso de producci\u00f3n y control de calidad, utilizando los m\u00e1s altos est\u00e1ndares de calidad con certificaci\u00f3n internacional.\",\"potentialAction\":[{\"@type\":\"SearchAction\",\"target\":{\"@type\":\"EntryPoint\",\"urlTemplate\":\"https:\/\/ecovalle.pe\/?s={search_term_string}\"},\"query-input\":{\"@type\":\"PropertyValueSpecification\",\"valueRequired\":true,\"valueName\":\"search_term_string\"}}],\"inLanguage\":\"en-US\"}]}<\/script>\n<!-- \/ Yoast SEO plugin. -->","yoast_head_json":{"title":"Avena en hojuelas tradicional Bolsa x 250g - EcoValle","robots":{"index":"index","follow":"follow","max-snippet":"max-snippet:-1","max-image-preview":"max-image-preview:large","max-video-preview":"max-video-preview:-1"},"canonical":"https:\/\/ecovalle.pe\/en\/product\/avena-en-hojuelas-tradicional-bolsa-nylon-250g\/","og_locale":"en_US","og_type":"article","og_title":"Avena en hojuelas tradicional Bolsa x 250g - EcoValle","og_description":"Alto contenido de fibra soluble.","og_url":"https:\/\/ecovalle.pe\/en\/product\/avena-en-hojuelas-tradicional-bolsa-nylon-250g\/","og_site_name":"EcoValle","article_modified_time":"2025-05-29T05:00:11+00:00","og_image":[{"width":800,"height":800,"url":"https:\/\/ecovalle.pe\/wp-content\/uploads\/2022\/08\/HOJUELAS-DE-AVENA-NACIONAL-250-G.jpg","type":"image\/jpeg"}],"twitter_card":"summary_large_image","twitter_misc":{"Est. reading time":"1 minute"},"schema":{"@context":"https:\/\/schema.org","@graph":[{"@type":"WebPage","@id":"https:\/\/ecovalle.pe\/product\/avena-en-hojuelas-tradicional-bolsa-nylon-250g\/","url":"https:\/\/ecovalle.pe\/product\/avena-en-hojuelas-tradicional-bolsa-nylon-250g\/","name":"Avena en hojuelas tradicional Bolsa x 250g - EcoValle","isPartOf":{"@id":"https:\/\/ecovalle.pe\/#website"},"primaryImageOfPage":{"@id":"https:\/\/ecovalle.pe\/product\/avena-en-hojuelas-tradicional-bolsa-nylon-250g\/#primaryimage"},"image":{"@id":"https:\/\/ecovalle.pe\/product\/avena-en-hojuelas-tradicional-bolsa-nylon-250g\/#primaryimage"},"thumbnailUrl":"https:\/\/ecovalle.pe\/wp-content\/uploads\/2022\/08\/HOJUELAS-DE-AVENA-NACIONAL-250-G.jpg","datePublished":"2022-08-28T04:05:21+00:00","dateModified":"2025-05-29T05:00:11+00:00","breadcrumb":{"@id":"https:\/\/ecovalle.pe\/product\/avena-en-hojuelas-tradicional-bolsa-nylon-250g\/#breadcrumb"},"inLanguage":"en-US","potentialAction":[{"@type":"ReadAction","target":["https:\/\/ecovalle.pe\/product\/avena-en-hojuelas-tradicional-bolsa-nylon-250g\/"]}]},{"@type":"ImageObject","inLanguage":"en-US","@id":"https:\/\/ecovalle.pe\/product\/avena-en-hojuelas-tradicional-bolsa-nylon-250g\/#primaryimage","url":"https:\/\/ecovalle.pe\/wp-content\/uploads\/2022\/08\/HOJUELAS-DE-AVENA-NACIONAL-250-G.jpg","contentUrl":"https:\/\/ecovalle.pe\/wp-content\/uploads\/2022\/08\/HOJUELAS-DE-AVENA-NACIONAL-250-G.jpg","width":800,"height":800},{"@type":"BreadcrumbList","@id":"https:\/\/ecovalle.pe\/product\/avena-en-hojuelas-tradicional-bolsa-nylon-250g\/#breadcrumb","itemListElement":[{"@type":"ListItem","position":1,"name":"Portada","item":"https:\/\/ecovalle.pe\/"},{"@type":"ListItem","position":2,"name":"Tienda","item":"https:\/\/ecovalle.pe\/shop\/"},{"@type":"ListItem","position":3,"name":"Avena en hojuelas tradicional Bolsa x 250g"}]},{"@type":"WebSite","@id":"https:\/\/ecovalle.pe\/#website","url":"https:\/\/ecovalle.pe\/","name":"EcoValle","description":"Somos una 1 empresa agroindustrial con m\u00e1s de 10 a\u00f1os de experiencia en el rubro de alimentos funcionales. Todos nuestros productos pasan por un estricto proceso de producci\u00f3n y control de calidad, utilizando los m\u00e1s altos est\u00e1ndares de calidad con certificaci\u00f3n internacional.","potentialAction":[{"@type":"SearchAction","target":{"@type":"EntryPoint","urlTemplate":"https:\/\/ecovalle.pe\/?s={search_term_string}"},"query-input":{"@type":"PropertyValueSpecification","valueRequired":true,"valueName":"search_term_string"}}],"inLanguage":"en-US"}]}},"_links":{"self":[{"href":"https:\/\/ecovalle.pe\/en\/wp-json\/wp\/v2\/product\/9472","targetHints":{"allow":["GET"]}}],"collection":[{"href":"https:\/\/ecovalle.pe\/en\/wp-json\/wp\/v2\/product"}],"about":[{"href":"https:\/\/ecovalle.pe\/en\/wp-json\/wp\/v2\/types\/product"}],"replies":[{"embeddable":true,"href":"https:\/\/ecovalle.pe\/en\/wp-json\/wp\/v2\/comments?post=9472"}],"version-history":[{"count":4,"href":"https:\/\/ecovalle.pe\/en\/wp-json\/wp\/v2\/product\/9472\/revisions"}],"predecessor-version":[{"id":9791,"href":"https:\/\/ecovalle.pe\/en\/wp-json\/wp\/v2\/product\/9472\/revisions\/9791"}],"wp:featuredmedia":[{"embeddable":true,"href":"https:\/\/ecovalle.pe\/en\/wp-json\/wp\/v2\/media\/9795"}],"wp:attachment":[{"href":"https:\/\/ecovalle.pe\/en\/wp-json\/wp\/v2\/media?parent=9472"}],"wp:term":[{"taxonomy":"product_cat","embeddable":true,"href":"https:\/\/ecovalle.pe\/en\/wp-json\/wp\/v2\/product_cat?post=9472"},{"taxonomy":"product_tag","embeddable":true,"href":"https:\/\/ecovalle.pe\/en\/wp-json\/wp\/v2\/product_tag?post=9472"}],"curies":[{"name":"wp","href":"https:\/\/api.w.org\/{rel}","templated":true}]}}