{"id":9888,"date":"2022-08-31T17:09:55","date_gmt":"2022-08-31T22:09:55","guid":{"rendered":"https:\/\/ecovalle.pe\/?post_type=product&#038;p=9888"},"modified":"2025-05-29T00:00:05","modified_gmt":"2025-05-29T05:00:05","slug":"eco-ajos-en-polvo-frasco-x-80g","status":"publish","type":"product","link":"https:\/\/ecovalle.pe\/en\/product\/eco-ajos-en-polvo-frasco-x-80g\/","title":{"rendered":"Eco Ajos en polvo frasco x 80g"},"content":{"rendered":"<p>El ajo es utilizado desde la antig\u00fcedad por sus propiedades antibacterianas y antioxidantes, ayuda a aliviar los s\u00edntomas de la gripe y resfriado, tambi\u00e9n beneficia la circulaci\u00f3n sangu\u00ednea. Adem\u00e1s, est\u00e1 incluido en el repertorio culinario como excelente sazonador.<\/p>\n<p><strong><span style=\"color: #02793c;\">COMPOSICI\u00d3N<\/span><\/strong><\/p>\n<ul>\n<li><strong>Nombre com\u00fan:<\/strong> Ajo<\/li>\n<li><strong>Nombre cient\u00edfico:<\/strong> <strong><em>Allium sativum<\/em> L<\/strong>.<\/li>\n<li><strong>Parte utilizada:<\/strong> bulbos<\/li>\n<\/ul>\n<p><strong><span style=\"color: #02793c;\">BENEFICIOS<\/span><\/strong><\/p>\n<ul>\n<li>Alivia los s\u00edntomas de la gripe y el resfr\u00edo.<\/li>\n<li>Eficaz en casos de afecciones respiratorias.<\/li>\n<li>Disminuye el tiempo de duraci\u00f3n del resfriado.<\/li>\n<\/ul>\n<p><strong><span style=\"color: #02793c;\">\u00bfSAB\u00cdAS QU\u00c9?<\/span><\/strong><br \/>\nCien gramos de ajo en polvo ofrecen 149 Kcal de energ\u00eda.<\/p>","protected":false},"excerpt":{"rendered":"<ul>\n<li style=\"font-weight: 400;\" aria-level=\"1\"><span style=\"font-weight: 400;\">Con propiedades antibacterianas.<\/span><\/li>\n<li style=\"font-weight: 400;\" aria-level=\"1\"><span style=\"font-weight: 400;\">Cuenta con alicina y azufre.<\/span><\/li>\n<\/ul>","protected":false},"featured_media":9889,"comment_status":"open","ping_status":"closed","template":"","meta":{"inline_featured_image":false,"_joinchat":[]},"product_cat":[171],"product_tag":[221,222],"class_list":{"0":"post-9888","1":"product","2":"type-product","3":"status-publish","4":"has-post-thumbnail","6":"product_cat-sistema-respiratorio","7":"product_tag-antimicrobiano","8":"product_tag-antiviral","10":"first","11":"instock","12":"shipping-taxable","13":"purchasable","14":"product-type-simple"},"yoast_head":"<!-- This site is optimized with the Yoast SEO plugin v23.9 - https:\/\/yoast.com\/wordpress\/plugins\/seo\/ -->\n<title>Eco Ajos en polvo frasco x 80g - EcoValle<\/title>\n<meta name=\"robots\" content=\"index, follow, max-snippet:-1, max-image-preview:large, max-video-preview:-1\" \/>\n<link rel=\"canonical\" href=\"https:\/\/ecovalle.pe\/en\/product\/eco-ajos-en-polvo-frasco-x-80g\/\" \/>\n<meta property=\"og:locale\" content=\"en_US\" \/>\n<meta property=\"og:type\" content=\"article\" \/>\n<meta property=\"og:title\" content=\"Eco Ajos en polvo frasco x 80g - EcoValle\" \/>\n<meta property=\"og:description\" content=\"Con propiedades antibacterianas.  Cuenta con alicina y azufre.\" \/>\n<meta property=\"og:url\" content=\"https:\/\/ecovalle.pe\/en\/product\/eco-ajos-en-polvo-frasco-x-80g\/\" \/>\n<meta property=\"og:site_name\" content=\"EcoValle\" \/>\n<meta property=\"article:modified_time\" content=\"2025-05-29T05:00:05+00:00\" \/>\n<meta property=\"og:image\" content=\"https:\/\/ecovalle.pe\/wp-content\/uploads\/2022\/08\/AJOS-POLVO-X-80G.png\" \/>\n\t<meta property=\"og:image:width\" content=\"800\" \/>\n\t<meta property=\"og:image:height\" content=\"800\" \/>\n\t<meta property=\"og:image:type\" content=\"image\/png\" \/>\n<meta name=\"twitter:card\" content=\"summary_large_image\" \/>\n<meta name=\"twitter:label1\" content=\"Est. reading time\" \/>\n\t<meta name=\"twitter:data1\" content=\"1 minute\" \/>\n<script type=\"application\/ld+json\" class=\"yoast-schema-graph\">{\"@context\":\"https:\/\/schema.org\",\"@graph\":[{\"@type\":\"WebPage\",\"@id\":\"https:\/\/ecovalle.pe\/product\/eco-ajos-en-polvo-frasco-x-80g\/\",\"url\":\"https:\/\/ecovalle.pe\/product\/eco-ajos-en-polvo-frasco-x-80g\/\",\"name\":\"Eco Ajos en polvo frasco x 80g - EcoValle\",\"isPartOf\":{\"@id\":\"https:\/\/ecovalle.pe\/#website\"},\"primaryImageOfPage\":{\"@id\":\"https:\/\/ecovalle.pe\/product\/eco-ajos-en-polvo-frasco-x-80g\/#primaryimage\"},\"image\":{\"@id\":\"https:\/\/ecovalle.pe\/product\/eco-ajos-en-polvo-frasco-x-80g\/#primaryimage\"},\"thumbnailUrl\":\"https:\/\/ecovalle.pe\/wp-content\/uploads\/2022\/08\/AJOS-POLVO-X-80G.png\",\"datePublished\":\"2022-08-31T22:09:55+00:00\",\"dateModified\":\"2025-05-29T05:00:05+00:00\",\"breadcrumb\":{\"@id\":\"https:\/\/ecovalle.pe\/product\/eco-ajos-en-polvo-frasco-x-80g\/#breadcrumb\"},\"inLanguage\":\"en-US\",\"potentialAction\":[{\"@type\":\"ReadAction\",\"target\":[\"https:\/\/ecovalle.pe\/product\/eco-ajos-en-polvo-frasco-x-80g\/\"]}]},{\"@type\":\"ImageObject\",\"inLanguage\":\"en-US\",\"@id\":\"https:\/\/ecovalle.pe\/product\/eco-ajos-en-polvo-frasco-x-80g\/#primaryimage\",\"url\":\"https:\/\/ecovalle.pe\/wp-content\/uploads\/2022\/08\/AJOS-POLVO-X-80G.png\",\"contentUrl\":\"https:\/\/ecovalle.pe\/wp-content\/uploads\/2022\/08\/AJOS-POLVO-X-80G.png\",\"width\":800,\"height\":800},{\"@type\":\"BreadcrumbList\",\"@id\":\"https:\/\/ecovalle.pe\/product\/eco-ajos-en-polvo-frasco-x-80g\/#breadcrumb\",\"itemListElement\":[{\"@type\":\"ListItem\",\"position\":1,\"name\":\"Portada\",\"item\":\"https:\/\/ecovalle.pe\/\"},{\"@type\":\"ListItem\",\"position\":2,\"name\":\"Tienda\",\"item\":\"https:\/\/ecovalle.pe\/shop\/\"},{\"@type\":\"ListItem\",\"position\":3,\"name\":\"Eco Ajos en polvo frasco x 80g\"}]},{\"@type\":\"WebSite\",\"@id\":\"https:\/\/ecovalle.pe\/#website\",\"url\":\"https:\/\/ecovalle.pe\/\",\"name\":\"EcoValle\",\"description\":\"Somos una 1 empresa agroindustrial con m\u00e1s de 10 a\u00f1os de experiencia en el rubro de alimentos funcionales. Todos nuestros productos pasan por un estricto proceso de producci\u00f3n y control de calidad, utilizando los m\u00e1s altos est\u00e1ndares de calidad con certificaci\u00f3n internacional.\",\"potentialAction\":[{\"@type\":\"SearchAction\",\"target\":{\"@type\":\"EntryPoint\",\"urlTemplate\":\"https:\/\/ecovalle.pe\/?s={search_term_string}\"},\"query-input\":{\"@type\":\"PropertyValueSpecification\",\"valueRequired\":true,\"valueName\":\"search_term_string\"}}],\"inLanguage\":\"en-US\"}]}<\/script>\n<!-- \/ Yoast SEO plugin. -->","yoast_head_json":{"title":"Eco Ajos en polvo frasco x 80g - EcoValle","robots":{"index":"index","follow":"follow","max-snippet":"max-snippet:-1","max-image-preview":"max-image-preview:large","max-video-preview":"max-video-preview:-1"},"canonical":"https:\/\/ecovalle.pe\/en\/product\/eco-ajos-en-polvo-frasco-x-80g\/","og_locale":"en_US","og_type":"article","og_title":"Eco Ajos en polvo frasco x 80g - EcoValle","og_description":"Con propiedades antibacterianas.  Cuenta con alicina y azufre.","og_url":"https:\/\/ecovalle.pe\/en\/product\/eco-ajos-en-polvo-frasco-x-80g\/","og_site_name":"EcoValle","article_modified_time":"2025-05-29T05:00:05+00:00","og_image":[{"width":800,"height":800,"url":"https:\/\/ecovalle.pe\/wp-content\/uploads\/2022\/08\/AJOS-POLVO-X-80G.png","type":"image\/png"}],"twitter_card":"summary_large_image","twitter_misc":{"Est. reading time":"1 minute"},"schema":{"@context":"https:\/\/schema.org","@graph":[{"@type":"WebPage","@id":"https:\/\/ecovalle.pe\/product\/eco-ajos-en-polvo-frasco-x-80g\/","url":"https:\/\/ecovalle.pe\/product\/eco-ajos-en-polvo-frasco-x-80g\/","name":"Eco Ajos en polvo frasco x 80g - EcoValle","isPartOf":{"@id":"https:\/\/ecovalle.pe\/#website"},"primaryImageOfPage":{"@id":"https:\/\/ecovalle.pe\/product\/eco-ajos-en-polvo-frasco-x-80g\/#primaryimage"},"image":{"@id":"https:\/\/ecovalle.pe\/product\/eco-ajos-en-polvo-frasco-x-80g\/#primaryimage"},"thumbnailUrl":"https:\/\/ecovalle.pe\/wp-content\/uploads\/2022\/08\/AJOS-POLVO-X-80G.png","datePublished":"2022-08-31T22:09:55+00:00","dateModified":"2025-05-29T05:00:05+00:00","breadcrumb":{"@id":"https:\/\/ecovalle.pe\/product\/eco-ajos-en-polvo-frasco-x-80g\/#breadcrumb"},"inLanguage":"en-US","potentialAction":[{"@type":"ReadAction","target":["https:\/\/ecovalle.pe\/product\/eco-ajos-en-polvo-frasco-x-80g\/"]}]},{"@type":"ImageObject","inLanguage":"en-US","@id":"https:\/\/ecovalle.pe\/product\/eco-ajos-en-polvo-frasco-x-80g\/#primaryimage","url":"https:\/\/ecovalle.pe\/wp-content\/uploads\/2022\/08\/AJOS-POLVO-X-80G.png","contentUrl":"https:\/\/ecovalle.pe\/wp-content\/uploads\/2022\/08\/AJOS-POLVO-X-80G.png","width":800,"height":800},{"@type":"BreadcrumbList","@id":"https:\/\/ecovalle.pe\/product\/eco-ajos-en-polvo-frasco-x-80g\/#breadcrumb","itemListElement":[{"@type":"ListItem","position":1,"name":"Portada","item":"https:\/\/ecovalle.pe\/"},{"@type":"ListItem","position":2,"name":"Tienda","item":"https:\/\/ecovalle.pe\/shop\/"},{"@type":"ListItem","position":3,"name":"Eco Ajos en polvo frasco x 80g"}]},{"@type":"WebSite","@id":"https:\/\/ecovalle.pe\/#website","url":"https:\/\/ecovalle.pe\/","name":"EcoValle","description":"Somos una 1 empresa agroindustrial con m\u00e1s de 10 a\u00f1os de experiencia en el rubro de alimentos funcionales. Todos nuestros productos pasan por un estricto proceso de producci\u00f3n y control de calidad, utilizando los m\u00e1s altos est\u00e1ndares de calidad con certificaci\u00f3n internacional.","potentialAction":[{"@type":"SearchAction","target":{"@type":"EntryPoint","urlTemplate":"https:\/\/ecovalle.pe\/?s={search_term_string}"},"query-input":{"@type":"PropertyValueSpecification","valueRequired":true,"valueName":"search_term_string"}}],"inLanguage":"en-US"}]}},"_links":{"self":[{"href":"https:\/\/ecovalle.pe\/en\/wp-json\/wp\/v2\/product\/9888","targetHints":{"allow":["GET"]}}],"collection":[{"href":"https:\/\/ecovalle.pe\/en\/wp-json\/wp\/v2\/product"}],"about":[{"href":"https:\/\/ecovalle.pe\/en\/wp-json\/wp\/v2\/types\/product"}],"replies":[{"embeddable":true,"href":"https:\/\/ecovalle.pe\/en\/wp-json\/wp\/v2\/comments?post=9888"}],"version-history":[{"count":3,"href":"https:\/\/ecovalle.pe\/en\/wp-json\/wp\/v2\/product\/9888\/revisions"}],"predecessor-version":[{"id":14516,"href":"https:\/\/ecovalle.pe\/en\/wp-json\/wp\/v2\/product\/9888\/revisions\/14516"}],"wp:featuredmedia":[{"embeddable":true,"href":"https:\/\/ecovalle.pe\/en\/wp-json\/wp\/v2\/media\/9889"}],"wp:attachment":[{"href":"https:\/\/ecovalle.pe\/en\/wp-json\/wp\/v2\/media?parent=9888"}],"wp:term":[{"taxonomy":"product_cat","embeddable":true,"href":"https:\/\/ecovalle.pe\/en\/wp-json\/wp\/v2\/product_cat?post=9888"},{"taxonomy":"product_tag","embeddable":true,"href":"https:\/\/ecovalle.pe\/en\/wp-json\/wp\/v2\/product_tag?post=9888"}],"curies":[{"name":"wp","href":"https:\/\/api.w.org\/{rel}","templated":true}]}}