{"id":9904,"date":"2022-09-01T07:43:38","date_gmt":"2022-09-01T12:43:38","guid":{"rendered":"https:\/\/ecovalle.pe\/?post_type=product&#038;p=9904"},"modified":"2025-05-29T00:00:05","modified_gmt":"2025-05-29T05:00:05","slug":"aceite-de-argan-base-x-33-ml","status":"publish","type":"product","link":"https:\/\/ecovalle.pe\/en\/product\/aceite-de-argan-base-x-33-ml\/","title":{"rendered":"Aceite de Arg\u00e1n Base x 33 mL"},"content":{"rendered":"<p><span style=\"font-weight: 400;\">El aceite de Arg\u00e1n es el defensor natural anti-edad, se utiliza para mantener hidratada y suave la piel, adem\u00e1s, ayuda a neutralizar los radicales libres. Es un producto que se absorbe r\u00e1pidamente y no deja pegajosa la piel.<\/span><\/p>\n<p><span style=\"color: #02793c;\"><b><strong>COMPOSICI\u00d3N<\/strong><\/b><\/span><\/p>\n<ul>\n<li><strong>Nombre com\u00fan:<\/strong> Arg\u00e1n<\/li>\n<li><strong>Nombre cient\u00edfico:<\/strong> <b><i>Argania spinosa<\/i><\/b><b> (L.) Skeels<\/b><\/li>\n<li><strong>Parte utilizada:<\/strong> Aceite de las semillas<\/li>\n<\/ul>\n<p><span style=\"color: #02793c;\"><b><strong>BENEFICIOS<\/strong><\/b><\/span><\/p>\n<ul>\n<li style=\"font-weight: 400;\" aria-level=\"1\"><span style=\"font-weight: 400;\">Retrasa el envejecimiento cut\u00e1neo.<\/span><\/li>\n<li style=\"font-weight: 400;\" aria-level=\"1\"><span style=\"font-weight: 400;\">Hidrata y nutre la piel dej\u00e1ndola suave.<\/span><\/li>\n<li style=\"font-weight: 400;\" aria-level=\"1\"><span style=\"font-weight: 400;\">Reduce la aparici\u00f3n de manchas causadas por el sol.<\/span><\/li>\n<\/ul>\n<p><span style=\"color: #02793c;\"><b><strong>\u00bfSAB\u00cdAS QU\u00c9?<br \/>\n<\/strong><\/b><\/span><span style=\"font-weight: 400;\">El aceite de Arg\u00e1n se usaba en las rutinas de belleza de las m\u00e1s antiguas civilizaciones, tambi\u00e9n usada por<\/span><span style=\"font-weight: 400;\">\u00a0<\/span><span style=\"font-weight: 400;\">Cleopatra<\/span><span style=\"font-weight: 400;\">, destacada por su inmensa belleza y sensualidad.<\/span><\/p>","protected":false},"excerpt":{"rendered":"<ul>\n<li style=\"font-weight: 400;\" aria-level=\"1\"><span style=\"font-weight: 400;\">Acci\u00f3n antienvejecimiento.<\/span><\/li>\n<li style=\"font-weight: 400;\" aria-level=\"1\"><span style=\"font-weight: 400;\">Apto para todo tipo de pieles.<\/span><\/li>\n<li style=\"font-weight: 400;\" aria-level=\"1\"><span style=\"font-weight: 400;\">Protector contra rayos UV.<\/span><\/li>\n<\/ul>","protected":false},"featured_media":9905,"comment_status":"open","ping_status":"closed","template":"","meta":{"inline_featured_image":false,"_joinchat":[]},"product_cat":[165],"product_tag":[228,224,214],"class_list":{"0":"post-9904","1":"product","2":"type-product","3":"status-publish","4":"has-post-thumbnail","6":"product_cat-cometic-natural","7":"product_tag-anti-edad","8":"product_tag-antioxidante","9":"product_tag-nutritivo","11":"first","12":"instock","13":"shipping-taxable","14":"purchasable","15":"product-type-simple"},"yoast_head":"<!-- This site is optimized with the Yoast SEO plugin v23.9 - https:\/\/yoast.com\/wordpress\/plugins\/seo\/ -->\n<title>Aceite de Arg\u00e1n Base x 33 mL - EcoValle<\/title>\n<meta name=\"robots\" content=\"index, follow, max-snippet:-1, max-image-preview:large, max-video-preview:-1\" \/>\n<link rel=\"canonical\" href=\"https:\/\/ecovalle.pe\/en\/product\/aceite-de-argan-base-x-33-ml\/\" \/>\n<meta property=\"og:locale\" content=\"en_US\" \/>\n<meta property=\"og:type\" content=\"article\" \/>\n<meta property=\"og:title\" content=\"Aceite de Arg\u00e1n Base x 33 mL - EcoValle\" \/>\n<meta property=\"og:description\" content=\"Acci\u00f3n antienvejecimiento.  Apto para todo tipo de pieles.  Protector contra rayos UV.\" \/>\n<meta property=\"og:url\" content=\"https:\/\/ecovalle.pe\/en\/product\/aceite-de-argan-base-x-33-ml\/\" \/>\n<meta property=\"og:site_name\" content=\"EcoValle\" \/>\n<meta property=\"article:modified_time\" content=\"2025-05-29T05:00:05+00:00\" \/>\n<meta property=\"og:image\" content=\"https:\/\/ecovalle.pe\/wp-content\/uploads\/2022\/08\/ARGAN-30-ML.jpg\" \/>\n\t<meta property=\"og:image:width\" content=\"800\" \/>\n\t<meta property=\"og:image:height\" content=\"800\" \/>\n\t<meta property=\"og:image:type\" content=\"image\/jpeg\" \/>\n<meta name=\"twitter:card\" content=\"summary_large_image\" \/>\n<meta name=\"twitter:label1\" content=\"Est. reading time\" \/>\n\t<meta name=\"twitter:data1\" content=\"1 minute\" \/>\n<script type=\"application\/ld+json\" class=\"yoast-schema-graph\">{\"@context\":\"https:\/\/schema.org\",\"@graph\":[{\"@type\":\"WebPage\",\"@id\":\"https:\/\/ecovalle.pe\/product\/aceite-de-argan-base-x-33-ml\/\",\"url\":\"https:\/\/ecovalle.pe\/product\/aceite-de-argan-base-x-33-ml\/\",\"name\":\"Aceite de Arg\u00e1n Base x 33 mL - EcoValle\",\"isPartOf\":{\"@id\":\"https:\/\/ecovalle.pe\/#website\"},\"primaryImageOfPage\":{\"@id\":\"https:\/\/ecovalle.pe\/product\/aceite-de-argan-base-x-33-ml\/#primaryimage\"},\"image\":{\"@id\":\"https:\/\/ecovalle.pe\/product\/aceite-de-argan-base-x-33-ml\/#primaryimage\"},\"thumbnailUrl\":\"https:\/\/ecovalle.pe\/wp-content\/uploads\/2022\/08\/ARGAN-30-ML.jpg\",\"datePublished\":\"2022-09-01T12:43:38+00:00\",\"dateModified\":\"2025-05-29T05:00:05+00:00\",\"breadcrumb\":{\"@id\":\"https:\/\/ecovalle.pe\/product\/aceite-de-argan-base-x-33-ml\/#breadcrumb\"},\"inLanguage\":\"en-US\",\"potentialAction\":[{\"@type\":\"ReadAction\",\"target\":[\"https:\/\/ecovalle.pe\/product\/aceite-de-argan-base-x-33-ml\/\"]}]},{\"@type\":\"ImageObject\",\"inLanguage\":\"en-US\",\"@id\":\"https:\/\/ecovalle.pe\/product\/aceite-de-argan-base-x-33-ml\/#primaryimage\",\"url\":\"https:\/\/ecovalle.pe\/wp-content\/uploads\/2022\/08\/ARGAN-30-ML.jpg\",\"contentUrl\":\"https:\/\/ecovalle.pe\/wp-content\/uploads\/2022\/08\/ARGAN-30-ML.jpg\",\"width\":800,\"height\":800},{\"@type\":\"BreadcrumbList\",\"@id\":\"https:\/\/ecovalle.pe\/product\/aceite-de-argan-base-x-33-ml\/#breadcrumb\",\"itemListElement\":[{\"@type\":\"ListItem\",\"position\":1,\"name\":\"Portada\",\"item\":\"https:\/\/ecovalle.pe\/\"},{\"@type\":\"ListItem\",\"position\":2,\"name\":\"Tienda\",\"item\":\"https:\/\/ecovalle.pe\/shop\/\"},{\"@type\":\"ListItem\",\"position\":3,\"name\":\"Aceite de Arg\u00e1n Base x 33 mL\"}]},{\"@type\":\"WebSite\",\"@id\":\"https:\/\/ecovalle.pe\/#website\",\"url\":\"https:\/\/ecovalle.pe\/\",\"name\":\"EcoValle\",\"description\":\"Somos una 1 empresa agroindustrial con m\u00e1s de 10 a\u00f1os de experiencia en el rubro de alimentos funcionales. Todos nuestros productos pasan por un estricto proceso de producci\u00f3n y control de calidad, utilizando los m\u00e1s altos est\u00e1ndares de calidad con certificaci\u00f3n internacional.\",\"potentialAction\":[{\"@type\":\"SearchAction\",\"target\":{\"@type\":\"EntryPoint\",\"urlTemplate\":\"https:\/\/ecovalle.pe\/?s={search_term_string}\"},\"query-input\":{\"@type\":\"PropertyValueSpecification\",\"valueRequired\":true,\"valueName\":\"search_term_string\"}}],\"inLanguage\":\"en-US\"}]}<\/script>\n<!-- \/ Yoast SEO plugin. -->","yoast_head_json":{"title":"Aceite de Arg\u00e1n Base x 33 mL - EcoValle","robots":{"index":"index","follow":"follow","max-snippet":"max-snippet:-1","max-image-preview":"max-image-preview:large","max-video-preview":"max-video-preview:-1"},"canonical":"https:\/\/ecovalle.pe\/en\/product\/aceite-de-argan-base-x-33-ml\/","og_locale":"en_US","og_type":"article","og_title":"Aceite de Arg\u00e1n Base x 33 mL - EcoValle","og_description":"Acci\u00f3n antienvejecimiento.  Apto para todo tipo de pieles.  Protector contra rayos UV.","og_url":"https:\/\/ecovalle.pe\/en\/product\/aceite-de-argan-base-x-33-ml\/","og_site_name":"EcoValle","article_modified_time":"2025-05-29T05:00:05+00:00","og_image":[{"width":800,"height":800,"url":"https:\/\/ecovalle.pe\/wp-content\/uploads\/2022\/08\/ARGAN-30-ML.jpg","type":"image\/jpeg"}],"twitter_card":"summary_large_image","twitter_misc":{"Est. reading time":"1 minute"},"schema":{"@context":"https:\/\/schema.org","@graph":[{"@type":"WebPage","@id":"https:\/\/ecovalle.pe\/product\/aceite-de-argan-base-x-33-ml\/","url":"https:\/\/ecovalle.pe\/product\/aceite-de-argan-base-x-33-ml\/","name":"Aceite de Arg\u00e1n Base x 33 mL - EcoValle","isPartOf":{"@id":"https:\/\/ecovalle.pe\/#website"},"primaryImageOfPage":{"@id":"https:\/\/ecovalle.pe\/product\/aceite-de-argan-base-x-33-ml\/#primaryimage"},"image":{"@id":"https:\/\/ecovalle.pe\/product\/aceite-de-argan-base-x-33-ml\/#primaryimage"},"thumbnailUrl":"https:\/\/ecovalle.pe\/wp-content\/uploads\/2022\/08\/ARGAN-30-ML.jpg","datePublished":"2022-09-01T12:43:38+00:00","dateModified":"2025-05-29T05:00:05+00:00","breadcrumb":{"@id":"https:\/\/ecovalle.pe\/product\/aceite-de-argan-base-x-33-ml\/#breadcrumb"},"inLanguage":"en-US","potentialAction":[{"@type":"ReadAction","target":["https:\/\/ecovalle.pe\/product\/aceite-de-argan-base-x-33-ml\/"]}]},{"@type":"ImageObject","inLanguage":"en-US","@id":"https:\/\/ecovalle.pe\/product\/aceite-de-argan-base-x-33-ml\/#primaryimage","url":"https:\/\/ecovalle.pe\/wp-content\/uploads\/2022\/08\/ARGAN-30-ML.jpg","contentUrl":"https:\/\/ecovalle.pe\/wp-content\/uploads\/2022\/08\/ARGAN-30-ML.jpg","width":800,"height":800},{"@type":"BreadcrumbList","@id":"https:\/\/ecovalle.pe\/product\/aceite-de-argan-base-x-33-ml\/#breadcrumb","itemListElement":[{"@type":"ListItem","position":1,"name":"Portada","item":"https:\/\/ecovalle.pe\/"},{"@type":"ListItem","position":2,"name":"Tienda","item":"https:\/\/ecovalle.pe\/shop\/"},{"@type":"ListItem","position":3,"name":"Aceite de Arg\u00e1n Base x 33 mL"}]},{"@type":"WebSite","@id":"https:\/\/ecovalle.pe\/#website","url":"https:\/\/ecovalle.pe\/","name":"EcoValle","description":"Somos una 1 empresa agroindustrial con m\u00e1s de 10 a\u00f1os de experiencia en el rubro de alimentos funcionales. Todos nuestros productos pasan por un estricto proceso de producci\u00f3n y control de calidad, utilizando los m\u00e1s altos est\u00e1ndares de calidad con certificaci\u00f3n internacional.","potentialAction":[{"@type":"SearchAction","target":{"@type":"EntryPoint","urlTemplate":"https:\/\/ecovalle.pe\/?s={search_term_string}"},"query-input":{"@type":"PropertyValueSpecification","valueRequired":true,"valueName":"search_term_string"}}],"inLanguage":"en-US"}]}},"_links":{"self":[{"href":"https:\/\/ecovalle.pe\/en\/wp-json\/wp\/v2\/product\/9904","targetHints":{"allow":["GET"]}}],"collection":[{"href":"https:\/\/ecovalle.pe\/en\/wp-json\/wp\/v2\/product"}],"about":[{"href":"https:\/\/ecovalle.pe\/en\/wp-json\/wp\/v2\/types\/product"}],"replies":[{"embeddable":true,"href":"https:\/\/ecovalle.pe\/en\/wp-json\/wp\/v2\/comments?post=9904"}],"version-history":[{"count":2,"href":"https:\/\/ecovalle.pe\/en\/wp-json\/wp\/v2\/product\/9904\/revisions"}],"predecessor-version":[{"id":14519,"href":"https:\/\/ecovalle.pe\/en\/wp-json\/wp\/v2\/product\/9904\/revisions\/14519"}],"wp:featuredmedia":[{"embeddable":true,"href":"https:\/\/ecovalle.pe\/en\/wp-json\/wp\/v2\/media\/9905"}],"wp:attachment":[{"href":"https:\/\/ecovalle.pe\/en\/wp-json\/wp\/v2\/media?parent=9904"}],"wp:term":[{"taxonomy":"product_cat","embeddable":true,"href":"https:\/\/ecovalle.pe\/en\/wp-json\/wp\/v2\/product_cat?post=9904"},{"taxonomy":"product_tag","embeddable":true,"href":"https:\/\/ecovalle.pe\/en\/wp-json\/wp\/v2\/product_tag?post=9904"}],"curies":[{"name":"wp","href":"https:\/\/api.w.org\/{rel}","templated":true}]}}