{"id":9908,"date":"2022-09-01T08:08:11","date_gmt":"2022-09-01T13:08:11","guid":{"rendered":"https:\/\/ecovalle.pe\/?post_type=product&#038;p=9908"},"modified":"2025-05-29T00:00:10","modified_gmt":"2025-05-29T05:00:10","slug":"carbon-activado-frasco-x-45g","status":"publish","type":"product","link":"https:\/\/ecovalle.pe\/en\/product\/carbon-activado-frasco-x-45g\/","title":{"rendered":"Carb\u00f3n Activado Frasco x 45g"},"content":{"rendered":"<p><span style=\"font-weight: 400;\">El carb\u00f3n activado es un polvo obtenido de la c\u00e1scara del coco con una gran capacidad para unirse a las toxinas, ayudando a expulsar gases del sistema gastrointestinal.\u00a0<\/span><\/p>\n<p><span style=\"font-weight: 400;\">En la piel, ayuda a eliminar las toxinas y suciedad; adem\u00e1s disminuye el exceso de grasa, haciendo que el cutis luzca terso, suave y rejuvenecido.<\/span><\/p>\n<p><strong><span style=\"color: #02793c;\">COMPOSICI\u00d3N<\/span><\/strong><\/p>\n<ul>\n<li><strong>Nombre com\u00fan:<\/strong> <span style=\"font-weight: 400;\">Coco<\/span><\/li>\n<li><strong>Nombre cient\u00edfico:<\/strong> <b><i>Cocos nucifera <\/i><\/b><b>L<\/b><span style=\"font-weight: 400;\">.<\/span><\/li>\n<li><strong>Parte utilizada:<\/strong> <span style=\"font-weight: 400;\">c\u00e1scara<\/span><\/li>\n<\/ul>\n<p><strong><span style=\"color: #02793c;\">BENEFICIOS<\/span><\/strong><\/p>\n<ul>\n<li style=\"font-weight: 400;\" aria-level=\"1\"><span style=\"font-weight: 400;\">Reduce los problemas de mal aliento.<\/span><\/li>\n<li style=\"font-weight: 400;\" aria-level=\"1\"><span style=\"font-weight: 400;\">Act\u00faa como blanqueador dental.<\/span><\/li>\n<li style=\"font-weight: 400;\" aria-level=\"1\"><span style=\"font-weight: 400;\">Ayuda a reducir los gases intestinales.<\/span><\/li>\n<li style=\"font-weight: 400;\" aria-level=\"1\"><span style=\"font-weight: 400;\">Limpia y purifica la piel.<\/span><\/li>\n<li style=\"font-weight: 400;\" aria-level=\"1\"><span style=\"font-weight: 400;\">Disminuye el exceso de grasa de la piel.<\/span><\/li>\n<\/ul>\n<p><strong><span style=\"color: #02793c;\">\u00bfSAB\u00cdAS QU\u00c9?<\/span><\/strong><br \/>\n<span style=\"font-weight: 400;\">La estructura porosa del polvo de carb\u00f3n activado le confiere una elevada capacidad de adsorci\u00f3n.<\/span><\/p>","protected":false},"excerpt":{"rendered":"<ul>\n<li style=\"font-weight: 400;\" aria-level=\"1\"><span style=\"font-weight: 400;\">Ayuda a eliminar toxinas, metales pesados y otras sustancias de desecho.<\/span><\/li>\n<li style=\"font-weight: 400;\" aria-level=\"1\"><span style=\"font-weight: 400;\">Acci\u00f3n antiespasm\u00f3dica estomacal.<\/span><\/li>\n<li style=\"font-weight: 400;\" aria-level=\"1\"><span style=\"font-weight: 400;\">Desintoxicante natural de la piel.<\/span><\/li>\n<\/ul>","protected":false},"featured_media":14262,"comment_status":"open","ping_status":"closed","template":"","meta":{"inline_featured_image":false,"_joinchat":[]},"product_cat":[165,161],"product_tag":[229,230],"class_list":{"0":"post-9908","1":"product","2":"type-product","3":"status-publish","4":"has-post-thumbnail","6":"product_cat-cometic-natural","7":"product_cat-sistema-digestivo","8":"product_tag-desintoxicante","9":"product_tag-purificante","11":"first","12":"instock","13":"shipping-taxable","14":"purchasable","15":"product-type-simple"},"yoast_head":"<!-- This site is optimized with the Yoast SEO plugin v23.9 - https:\/\/yoast.com\/wordpress\/plugins\/seo\/ -->\n<title>Carb\u00f3n Activado Frasco x 45g - EcoValle<\/title>\n<meta name=\"robots\" content=\"index, follow, max-snippet:-1, max-image-preview:large, max-video-preview:-1\" \/>\n<link rel=\"canonical\" href=\"https:\/\/ecovalle.pe\/en\/product\/carbon-activado-frasco-x-45g\/\" \/>\n<meta property=\"og:locale\" content=\"en_US\" \/>\n<meta property=\"og:type\" content=\"article\" \/>\n<meta property=\"og:title\" content=\"Carb\u00f3n Activado Frasco x 45g - EcoValle\" \/>\n<meta property=\"og:description\" content=\"Ayuda a eliminar toxinas, metales pesados y otras sustancias de desecho.  Acci\u00f3n antiespasm\u00f3dica estomacal.  Desintoxicante natural de la piel.\" \/>\n<meta property=\"og:url\" content=\"https:\/\/ecovalle.pe\/en\/product\/carbon-activado-frasco-x-45g\/\" \/>\n<meta property=\"og:site_name\" content=\"EcoValle\" \/>\n<meta property=\"article:modified_time\" content=\"2025-05-29T05:00:10+00:00\" \/>\n<meta property=\"og:image\" content=\"https:\/\/ecovalle.pe\/wp-content\/uploads\/2022\/09\/CARBON-ACTIVADO-X-45G_01.jpg\" \/>\n\t<meta property=\"og:image:width\" content=\"800\" \/>\n\t<meta property=\"og:image:height\" content=\"800\" \/>\n\t<meta property=\"og:image:type\" content=\"image\/jpeg\" \/>\n<meta name=\"twitter:card\" content=\"summary_large_image\" \/>\n<meta name=\"twitter:label1\" content=\"Est. reading time\" \/>\n\t<meta name=\"twitter:data1\" content=\"1 minute\" \/>\n<script type=\"application\/ld+json\" class=\"yoast-schema-graph\">{\"@context\":\"https:\/\/schema.org\",\"@graph\":[{\"@type\":\"WebPage\",\"@id\":\"https:\/\/ecovalle.pe\/product\/carbon-activado-frasco-x-45g\/\",\"url\":\"https:\/\/ecovalle.pe\/product\/carbon-activado-frasco-x-45g\/\",\"name\":\"Carb\u00f3n Activado Frasco x 45g - EcoValle\",\"isPartOf\":{\"@id\":\"https:\/\/ecovalle.pe\/#website\"},\"primaryImageOfPage\":{\"@id\":\"https:\/\/ecovalle.pe\/product\/carbon-activado-frasco-x-45g\/#primaryimage\"},\"image\":{\"@id\":\"https:\/\/ecovalle.pe\/product\/carbon-activado-frasco-x-45g\/#primaryimage\"},\"thumbnailUrl\":\"https:\/\/ecovalle.pe\/wp-content\/uploads\/2022\/09\/CARBON-ACTIVADO-X-45G_01.jpg\",\"datePublished\":\"2022-09-01T13:08:11+00:00\",\"dateModified\":\"2025-05-29T05:00:10+00:00\",\"breadcrumb\":{\"@id\":\"https:\/\/ecovalle.pe\/product\/carbon-activado-frasco-x-45g\/#breadcrumb\"},\"inLanguage\":\"en-US\",\"potentialAction\":[{\"@type\":\"ReadAction\",\"target\":[\"https:\/\/ecovalle.pe\/product\/carbon-activado-frasco-x-45g\/\"]}]},{\"@type\":\"ImageObject\",\"inLanguage\":\"en-US\",\"@id\":\"https:\/\/ecovalle.pe\/product\/carbon-activado-frasco-x-45g\/#primaryimage\",\"url\":\"https:\/\/ecovalle.pe\/wp-content\/uploads\/2022\/09\/CARBON-ACTIVADO-X-45G_01.jpg\",\"contentUrl\":\"https:\/\/ecovalle.pe\/wp-content\/uploads\/2022\/09\/CARBON-ACTIVADO-X-45G_01.jpg\",\"width\":800,\"height\":800},{\"@type\":\"BreadcrumbList\",\"@id\":\"https:\/\/ecovalle.pe\/product\/carbon-activado-frasco-x-45g\/#breadcrumb\",\"itemListElement\":[{\"@type\":\"ListItem\",\"position\":1,\"name\":\"Portada\",\"item\":\"https:\/\/ecovalle.pe\/\"},{\"@type\":\"ListItem\",\"position\":2,\"name\":\"Tienda\",\"item\":\"https:\/\/ecovalle.pe\/shop\/\"},{\"@type\":\"ListItem\",\"position\":3,\"name\":\"Carb\u00f3n Activado Frasco x 45g\"}]},{\"@type\":\"WebSite\",\"@id\":\"https:\/\/ecovalle.pe\/#website\",\"url\":\"https:\/\/ecovalle.pe\/\",\"name\":\"EcoValle\",\"description\":\"Somos una 1 empresa agroindustrial con m\u00e1s de 10 a\u00f1os de experiencia en el rubro de alimentos funcionales. Todos nuestros productos pasan por un estricto proceso de producci\u00f3n y control de calidad, utilizando los m\u00e1s altos est\u00e1ndares de calidad con certificaci\u00f3n internacional.\",\"potentialAction\":[{\"@type\":\"SearchAction\",\"target\":{\"@type\":\"EntryPoint\",\"urlTemplate\":\"https:\/\/ecovalle.pe\/?s={search_term_string}\"},\"query-input\":{\"@type\":\"PropertyValueSpecification\",\"valueRequired\":true,\"valueName\":\"search_term_string\"}}],\"inLanguage\":\"en-US\"}]}<\/script>\n<!-- \/ Yoast SEO plugin. -->","yoast_head_json":{"title":"Carb\u00f3n Activado Frasco x 45g - EcoValle","robots":{"index":"index","follow":"follow","max-snippet":"max-snippet:-1","max-image-preview":"max-image-preview:large","max-video-preview":"max-video-preview:-1"},"canonical":"https:\/\/ecovalle.pe\/en\/product\/carbon-activado-frasco-x-45g\/","og_locale":"en_US","og_type":"article","og_title":"Carb\u00f3n Activado Frasco x 45g - EcoValle","og_description":"Ayuda a eliminar toxinas, metales pesados y otras sustancias de desecho.  Acci\u00f3n antiespasm\u00f3dica estomacal.  Desintoxicante natural de la piel.","og_url":"https:\/\/ecovalle.pe\/en\/product\/carbon-activado-frasco-x-45g\/","og_site_name":"EcoValle","article_modified_time":"2025-05-29T05:00:10+00:00","og_image":[{"width":800,"height":800,"url":"https:\/\/ecovalle.pe\/wp-content\/uploads\/2022\/09\/CARBON-ACTIVADO-X-45G_01.jpg","type":"image\/jpeg"}],"twitter_card":"summary_large_image","twitter_misc":{"Est. reading time":"1 minute"},"schema":{"@context":"https:\/\/schema.org","@graph":[{"@type":"WebPage","@id":"https:\/\/ecovalle.pe\/product\/carbon-activado-frasco-x-45g\/","url":"https:\/\/ecovalle.pe\/product\/carbon-activado-frasco-x-45g\/","name":"Carb\u00f3n Activado Frasco x 45g - EcoValle","isPartOf":{"@id":"https:\/\/ecovalle.pe\/#website"},"primaryImageOfPage":{"@id":"https:\/\/ecovalle.pe\/product\/carbon-activado-frasco-x-45g\/#primaryimage"},"image":{"@id":"https:\/\/ecovalle.pe\/product\/carbon-activado-frasco-x-45g\/#primaryimage"},"thumbnailUrl":"https:\/\/ecovalle.pe\/wp-content\/uploads\/2022\/09\/CARBON-ACTIVADO-X-45G_01.jpg","datePublished":"2022-09-01T13:08:11+00:00","dateModified":"2025-05-29T05:00:10+00:00","breadcrumb":{"@id":"https:\/\/ecovalle.pe\/product\/carbon-activado-frasco-x-45g\/#breadcrumb"},"inLanguage":"en-US","potentialAction":[{"@type":"ReadAction","target":["https:\/\/ecovalle.pe\/product\/carbon-activado-frasco-x-45g\/"]}]},{"@type":"ImageObject","inLanguage":"en-US","@id":"https:\/\/ecovalle.pe\/product\/carbon-activado-frasco-x-45g\/#primaryimage","url":"https:\/\/ecovalle.pe\/wp-content\/uploads\/2022\/09\/CARBON-ACTIVADO-X-45G_01.jpg","contentUrl":"https:\/\/ecovalle.pe\/wp-content\/uploads\/2022\/09\/CARBON-ACTIVADO-X-45G_01.jpg","width":800,"height":800},{"@type":"BreadcrumbList","@id":"https:\/\/ecovalle.pe\/product\/carbon-activado-frasco-x-45g\/#breadcrumb","itemListElement":[{"@type":"ListItem","position":1,"name":"Portada","item":"https:\/\/ecovalle.pe\/"},{"@type":"ListItem","position":2,"name":"Tienda","item":"https:\/\/ecovalle.pe\/shop\/"},{"@type":"ListItem","position":3,"name":"Carb\u00f3n Activado Frasco x 45g"}]},{"@type":"WebSite","@id":"https:\/\/ecovalle.pe\/#website","url":"https:\/\/ecovalle.pe\/","name":"EcoValle","description":"Somos una 1 empresa agroindustrial con m\u00e1s de 10 a\u00f1os de experiencia en el rubro de alimentos funcionales. Todos nuestros productos pasan por un estricto proceso de producci\u00f3n y control de calidad, utilizando los m\u00e1s altos est\u00e1ndares de calidad con certificaci\u00f3n internacional.","potentialAction":[{"@type":"SearchAction","target":{"@type":"EntryPoint","urlTemplate":"https:\/\/ecovalle.pe\/?s={search_term_string}"},"query-input":{"@type":"PropertyValueSpecification","valueRequired":true,"valueName":"search_term_string"}}],"inLanguage":"en-US"}]}},"_links":{"self":[{"href":"https:\/\/ecovalle.pe\/en\/wp-json\/wp\/v2\/product\/9908","targetHints":{"allow":["GET"]}}],"collection":[{"href":"https:\/\/ecovalle.pe\/en\/wp-json\/wp\/v2\/product"}],"about":[{"href":"https:\/\/ecovalle.pe\/en\/wp-json\/wp\/v2\/types\/product"}],"replies":[{"embeddable":true,"href":"https:\/\/ecovalle.pe\/en\/wp-json\/wp\/v2\/comments?post=9908"}],"version-history":[{"count":2,"href":"https:\/\/ecovalle.pe\/en\/wp-json\/wp\/v2\/product\/9908\/revisions"}],"predecessor-version":[{"id":14541,"href":"https:\/\/ecovalle.pe\/en\/wp-json\/wp\/v2\/product\/9908\/revisions\/14541"}],"wp:featuredmedia":[{"embeddable":true,"href":"https:\/\/ecovalle.pe\/en\/wp-json\/wp\/v2\/media\/14262"}],"wp:attachment":[{"href":"https:\/\/ecovalle.pe\/en\/wp-json\/wp\/v2\/media?parent=9908"}],"wp:term":[{"taxonomy":"product_cat","embeddable":true,"href":"https:\/\/ecovalle.pe\/en\/wp-json\/wp\/v2\/product_cat?post=9908"},{"taxonomy":"product_tag","embeddable":true,"href":"https:\/\/ecovalle.pe\/en\/wp-json\/wp\/v2\/product_tag?post=9908"}],"curies":[{"name":"wp","href":"https:\/\/api.w.org\/{rel}","templated":true}]}}