{"id":9929,"date":"2022-09-01T09:51:12","date_gmt":"2022-09-01T14:51:12","guid":{"rendered":"https:\/\/ecovalle.pe\/?post_type=product&#038;p=9929"},"modified":"2025-05-29T00:00:08","modified_gmt":"2025-05-29T05:00:08","slug":"te-verde-en-hojas-deshidratadas-bolsa-x-150g","status":"publish","type":"product","link":"https:\/\/ecovalle.pe\/en\/product\/te-verde-en-hojas-deshidratadas-bolsa-x-150g\/","title":{"rendered":"T\u00e9 Verde en hojas deshidratadas Bolsa x 150g"},"content":{"rendered":"<p><span style=\"font-weight: 400;\">El t\u00e9 verde es considerado la bebida m\u00e1s sana del planeta, ya que cuenta con una fuente predominante de catequinas que ayudan a reducir el tejido graso, adem\u00e1s facilita la p\u00e9rdida de l\u00edquidos retenidos.<\/span><\/p>\n<p><strong><span style=\"color: #02793c;\">COMPOSICI\u00d3N<\/span><\/strong><\/p>\n<ul>\n<li><strong>Nombre com\u00fan:<\/strong> T\u00e9 verde<\/li>\n<li><strong>Nombre cient\u00edfico:<\/strong> <b><i>Camellia sinensis<\/i><\/b><b> (L.) Kuntze<\/b><\/li>\n<li><strong>Parte utilizada:<\/strong> Hojas deshidratadas<\/li>\n<\/ul>\n<p><strong><span style=\"color: #02793c;\">BENEFICIOS<\/span><\/strong><\/p>\n<ul>\n<li style=\"font-weight: 400;\" aria-level=\"1\"><span style=\"font-weight: 400;\">Elimina l\u00edquidos retenidos en el organismo.<\/span><\/li>\n<li style=\"font-weight: 400;\" aria-level=\"1\"><span style=\"font-weight: 400;\">Ayuda a reducir el tejido adiposo.<\/span><\/li>\n<li style=\"font-weight: 400;\" aria-level=\"1\"><span style=\"font-weight: 400;\">Brinda sensaci\u00f3n de saciedad.<\/span><\/li>\n<li style=\"font-weight: 400;\" aria-level=\"1\"><span style=\"font-weight: 400;\">Contribuye a la depuraci\u00f3n total del organismo.<\/span><\/li>\n<\/ul>\n<p><strong><span style=\"color: #02793c;\">\u00bfSAB\u00cdAS QU\u00c9?<\/span><\/strong><\/p>\n<p><span style=\"font-weight: 400;\">El inicio de la industria del t\u00e9 verde en Per\u00fa se remonta a 1895 cuando el Dr. Benjam\u00edn De La Torre, nombrado senador por el Cusco, propuso plantaciones de t\u00e9 verde como una alternativa a la disminuci\u00f3n de los precios del caf\u00e9,\u00a0la chinchona, la coca)\u00a0y los cultivos de ca\u00f1a para aguardiente.\u00a0<\/span><\/p>","protected":false},"excerpt":{"rendered":"<ul>\n<li style=\"font-weight: 400;\" aria-level=\"1\"><span style=\"font-weight: 400;\">Depurador del organismo.<\/span><\/li>\n<li style=\"font-weight: 400;\" aria-level=\"1\"><span style=\"font-weight: 400;\">Regulador de carbohidratos.<\/span><\/li>\n<li style=\"font-weight: 400;\" aria-level=\"1\"><span style=\"font-weight: 400;\">Reductor de hinchaz\u00f3n por l\u00edquidos.<\/span><\/li>\n<\/ul>","protected":false},"featured_media":14355,"comment_status":"open","ping_status":"closed","template":"","meta":{"inline_featured_image":false,"_joinchat":[]},"product_cat":[164],"product_tag":[224,232,258,233],"class_list":{"0":"post-9929","1":"product","2":"type-product","3":"status-publish","4":"has-post-thumbnail","6":"product_cat-control-peso","7":"product_tag-antioxidante","8":"product_tag-diuretico","9":"product_tag-favorito-navideno","10":"product_tag-sano","12":"first","13":"instock","14":"shipping-taxable","15":"purchasable","16":"product-type-simple"},"yoast_head":"<!-- This site is optimized with the Yoast SEO plugin v23.9 - https:\/\/yoast.com\/wordpress\/plugins\/seo\/ -->\n<title>T\u00e9 Verde en hojas deshidratadas Bolsa x 150g - EcoValle<\/title>\n<meta name=\"robots\" content=\"index, follow, max-snippet:-1, max-image-preview:large, max-video-preview:-1\" \/>\n<link rel=\"canonical\" href=\"https:\/\/ecovalle.pe\/en\/product\/te-verde-en-hojas-deshidratadas-bolsa-x-150g\/\" \/>\n<meta property=\"og:locale\" content=\"en_US\" \/>\n<meta property=\"og:type\" content=\"article\" \/>\n<meta property=\"og:title\" content=\"T\u00e9 Verde en hojas deshidratadas Bolsa x 150g - EcoValle\" \/>\n<meta property=\"og:description\" content=\"Depurador del organismo.  Regulador de carbohidratos.  Reductor de hinchaz\u00f3n por l\u00edquidos.\" \/>\n<meta property=\"og:url\" content=\"https:\/\/ecovalle.pe\/en\/product\/te-verde-en-hojas-deshidratadas-bolsa-x-150g\/\" \/>\n<meta property=\"og:site_name\" content=\"EcoValle\" \/>\n<meta property=\"article:modified_time\" content=\"2025-05-29T05:00:08+00:00\" \/>\n<meta property=\"og:image\" content=\"https:\/\/ecovalle.pe\/wp-content\/uploads\/2022\/09\/TE-VERDE-X-150G.jpg\" \/>\n\t<meta property=\"og:image:width\" content=\"800\" \/>\n\t<meta property=\"og:image:height\" content=\"800\" \/>\n\t<meta property=\"og:image:type\" content=\"image\/jpeg\" \/>\n<meta name=\"twitter:card\" content=\"summary_large_image\" \/>\n<meta name=\"twitter:label1\" content=\"Est. reading time\" \/>\n\t<meta name=\"twitter:data1\" content=\"1 minute\" \/>\n<script type=\"application\/ld+json\" class=\"yoast-schema-graph\">{\"@context\":\"https:\/\/schema.org\",\"@graph\":[{\"@type\":\"WebPage\",\"@id\":\"https:\/\/ecovalle.pe\/product\/te-verde-en-hojas-deshidratadas-bolsa-x-150g\/\",\"url\":\"https:\/\/ecovalle.pe\/product\/te-verde-en-hojas-deshidratadas-bolsa-x-150g\/\",\"name\":\"T\u00e9 Verde en hojas deshidratadas Bolsa x 150g - EcoValle\",\"isPartOf\":{\"@id\":\"https:\/\/ecovalle.pe\/#website\"},\"primaryImageOfPage\":{\"@id\":\"https:\/\/ecovalle.pe\/product\/te-verde-en-hojas-deshidratadas-bolsa-x-150g\/#primaryimage\"},\"image\":{\"@id\":\"https:\/\/ecovalle.pe\/product\/te-verde-en-hojas-deshidratadas-bolsa-x-150g\/#primaryimage\"},\"thumbnailUrl\":\"https:\/\/ecovalle.pe\/wp-content\/uploads\/2022\/09\/TE-VERDE-X-150G.jpg\",\"datePublished\":\"2022-09-01T14:51:12+00:00\",\"dateModified\":\"2025-05-29T05:00:08+00:00\",\"breadcrumb\":{\"@id\":\"https:\/\/ecovalle.pe\/product\/te-verde-en-hojas-deshidratadas-bolsa-x-150g\/#breadcrumb\"},\"inLanguage\":\"en-US\",\"potentialAction\":[{\"@type\":\"ReadAction\",\"target\":[\"https:\/\/ecovalle.pe\/product\/te-verde-en-hojas-deshidratadas-bolsa-x-150g\/\"]}]},{\"@type\":\"ImageObject\",\"inLanguage\":\"en-US\",\"@id\":\"https:\/\/ecovalle.pe\/product\/te-verde-en-hojas-deshidratadas-bolsa-x-150g\/#primaryimage\",\"url\":\"https:\/\/ecovalle.pe\/wp-content\/uploads\/2022\/09\/TE-VERDE-X-150G.jpg\",\"contentUrl\":\"https:\/\/ecovalle.pe\/wp-content\/uploads\/2022\/09\/TE-VERDE-X-150G.jpg\",\"width\":800,\"height\":800},{\"@type\":\"BreadcrumbList\",\"@id\":\"https:\/\/ecovalle.pe\/product\/te-verde-en-hojas-deshidratadas-bolsa-x-150g\/#breadcrumb\",\"itemListElement\":[{\"@type\":\"ListItem\",\"position\":1,\"name\":\"Portada\",\"item\":\"https:\/\/ecovalle.pe\/\"},{\"@type\":\"ListItem\",\"position\":2,\"name\":\"Tienda\",\"item\":\"https:\/\/ecovalle.pe\/shop\/\"},{\"@type\":\"ListItem\",\"position\":3,\"name\":\"T\u00e9 Verde en hojas deshidratadas Bolsa x 150g\"}]},{\"@type\":\"WebSite\",\"@id\":\"https:\/\/ecovalle.pe\/#website\",\"url\":\"https:\/\/ecovalle.pe\/\",\"name\":\"EcoValle\",\"description\":\"Somos una 1 empresa agroindustrial con m\u00e1s de 10 a\u00f1os de experiencia en el rubro de alimentos funcionales. Todos nuestros productos pasan por un estricto proceso de producci\u00f3n y control de calidad, utilizando los m\u00e1s altos est\u00e1ndares de calidad con certificaci\u00f3n internacional.\",\"potentialAction\":[{\"@type\":\"SearchAction\",\"target\":{\"@type\":\"EntryPoint\",\"urlTemplate\":\"https:\/\/ecovalle.pe\/?s={search_term_string}\"},\"query-input\":{\"@type\":\"PropertyValueSpecification\",\"valueRequired\":true,\"valueName\":\"search_term_string\"}}],\"inLanguage\":\"en-US\"}]}<\/script>\n<!-- \/ Yoast SEO plugin. -->","yoast_head_json":{"title":"T\u00e9 Verde en hojas deshidratadas Bolsa x 150g - EcoValle","robots":{"index":"index","follow":"follow","max-snippet":"max-snippet:-1","max-image-preview":"max-image-preview:large","max-video-preview":"max-video-preview:-1"},"canonical":"https:\/\/ecovalle.pe\/en\/product\/te-verde-en-hojas-deshidratadas-bolsa-x-150g\/","og_locale":"en_US","og_type":"article","og_title":"T\u00e9 Verde en hojas deshidratadas Bolsa x 150g - EcoValle","og_description":"Depurador del organismo.  Regulador de carbohidratos.  Reductor de hinchaz\u00f3n por l\u00edquidos.","og_url":"https:\/\/ecovalle.pe\/en\/product\/te-verde-en-hojas-deshidratadas-bolsa-x-150g\/","og_site_name":"EcoValle","article_modified_time":"2025-05-29T05:00:08+00:00","og_image":[{"width":800,"height":800,"url":"https:\/\/ecovalle.pe\/wp-content\/uploads\/2022\/09\/TE-VERDE-X-150G.jpg","type":"image\/jpeg"}],"twitter_card":"summary_large_image","twitter_misc":{"Est. reading time":"1 minute"},"schema":{"@context":"https:\/\/schema.org","@graph":[{"@type":"WebPage","@id":"https:\/\/ecovalle.pe\/product\/te-verde-en-hojas-deshidratadas-bolsa-x-150g\/","url":"https:\/\/ecovalle.pe\/product\/te-verde-en-hojas-deshidratadas-bolsa-x-150g\/","name":"T\u00e9 Verde en hojas deshidratadas Bolsa x 150g - EcoValle","isPartOf":{"@id":"https:\/\/ecovalle.pe\/#website"},"primaryImageOfPage":{"@id":"https:\/\/ecovalle.pe\/product\/te-verde-en-hojas-deshidratadas-bolsa-x-150g\/#primaryimage"},"image":{"@id":"https:\/\/ecovalle.pe\/product\/te-verde-en-hojas-deshidratadas-bolsa-x-150g\/#primaryimage"},"thumbnailUrl":"https:\/\/ecovalle.pe\/wp-content\/uploads\/2022\/09\/TE-VERDE-X-150G.jpg","datePublished":"2022-09-01T14:51:12+00:00","dateModified":"2025-05-29T05:00:08+00:00","breadcrumb":{"@id":"https:\/\/ecovalle.pe\/product\/te-verde-en-hojas-deshidratadas-bolsa-x-150g\/#breadcrumb"},"inLanguage":"en-US","potentialAction":[{"@type":"ReadAction","target":["https:\/\/ecovalle.pe\/product\/te-verde-en-hojas-deshidratadas-bolsa-x-150g\/"]}]},{"@type":"ImageObject","inLanguage":"en-US","@id":"https:\/\/ecovalle.pe\/product\/te-verde-en-hojas-deshidratadas-bolsa-x-150g\/#primaryimage","url":"https:\/\/ecovalle.pe\/wp-content\/uploads\/2022\/09\/TE-VERDE-X-150G.jpg","contentUrl":"https:\/\/ecovalle.pe\/wp-content\/uploads\/2022\/09\/TE-VERDE-X-150G.jpg","width":800,"height":800},{"@type":"BreadcrumbList","@id":"https:\/\/ecovalle.pe\/product\/te-verde-en-hojas-deshidratadas-bolsa-x-150g\/#breadcrumb","itemListElement":[{"@type":"ListItem","position":1,"name":"Portada","item":"https:\/\/ecovalle.pe\/"},{"@type":"ListItem","position":2,"name":"Tienda","item":"https:\/\/ecovalle.pe\/shop\/"},{"@type":"ListItem","position":3,"name":"T\u00e9 Verde en hojas deshidratadas Bolsa x 150g"}]},{"@type":"WebSite","@id":"https:\/\/ecovalle.pe\/#website","url":"https:\/\/ecovalle.pe\/","name":"EcoValle","description":"Somos una 1 empresa agroindustrial con m\u00e1s de 10 a\u00f1os de experiencia en el rubro de alimentos funcionales. Todos nuestros productos pasan por un estricto proceso de producci\u00f3n y control de calidad, utilizando los m\u00e1s altos est\u00e1ndares de calidad con certificaci\u00f3n internacional.","potentialAction":[{"@type":"SearchAction","target":{"@type":"EntryPoint","urlTemplate":"https:\/\/ecovalle.pe\/?s={search_term_string}"},"query-input":{"@type":"PropertyValueSpecification","valueRequired":true,"valueName":"search_term_string"}}],"inLanguage":"en-US"}]}},"_links":{"self":[{"href":"https:\/\/ecovalle.pe\/en\/wp-json\/wp\/v2\/product\/9929","targetHints":{"allow":["GET"]}}],"collection":[{"href":"https:\/\/ecovalle.pe\/en\/wp-json\/wp\/v2\/product"}],"about":[{"href":"https:\/\/ecovalle.pe\/en\/wp-json\/wp\/v2\/types\/product"}],"replies":[{"embeddable":true,"href":"https:\/\/ecovalle.pe\/en\/wp-json\/wp\/v2\/comments?post=9929"}],"version-history":[{"count":1,"href":"https:\/\/ecovalle.pe\/en\/wp-json\/wp\/v2\/product\/9929\/revisions"}],"predecessor-version":[{"id":9932,"href":"https:\/\/ecovalle.pe\/en\/wp-json\/wp\/v2\/product\/9929\/revisions\/9932"}],"wp:featuredmedia":[{"embeddable":true,"href":"https:\/\/ecovalle.pe\/en\/wp-json\/wp\/v2\/media\/14355"}],"wp:attachment":[{"href":"https:\/\/ecovalle.pe\/en\/wp-json\/wp\/v2\/media?parent=9929"}],"wp:term":[{"taxonomy":"product_cat","embeddable":true,"href":"https:\/\/ecovalle.pe\/en\/wp-json\/wp\/v2\/product_cat?post=9929"},{"taxonomy":"product_tag","embeddable":true,"href":"https:\/\/ecovalle.pe\/en\/wp-json\/wp\/v2\/product_tag?post=9929"}],"curies":[{"name":"wp","href":"https:\/\/api.w.org\/{rel}","templated":true}]}}